{"id":24641,"date":"2022-03-17T11:10:36","date_gmt":"2022-03-17T11:10:36","guid":{"rendered":"https:\/\/wellbeingtourism.com\/?page_id=24641"},"modified":"2025-01-23T15:18:10","modified_gmt":"2025-01-23T15:18:10","slug":"for-wellbeing-hosts","status":"publish","type":"page","link":"https:\/\/wellbeingtourism.com\/sv\/for-wellbeing-hosts\/","title":{"rendered":"F\u00f6r f\u00f6retag"},"content":{"rendered":"<div class=\"slide-image-and-text\">\r\n<div class=\"slide-images\">\r\n            <div id=\"slider-topblock_c96c0a8cb1270f0d641e07039e612dab\" class=\"slider-top\">\r\n            <div class=\"header-image\">\r\n                <img src='https:\/\/wellbeingtourism.com\/app\/uploads\/2020\/12\/image-29-1-1.png' alt='Slide Image'>                <div class=\"container\">\r\n                    <div class=\"slider-text\">\r\n                        <div class=\"small-text\"><h1>#HomeofWellbeing<\/h1>\n<p>En wellbeingv\u00e4rd \u00e4r medveten, v\u00e4nlig, omt\u00e4nksam, \u00e4rlig och gl\u00e4djerik. Wellbeingturism \u00e4r en h\u00e5llbar turism som skapar harmoni och balans f\u00f6r sinne, kropp och sj\u00e4l.<\/p>\n<p>Om du delar v\u00e5ra v\u00e4rderingar f\u00f6r wellbeing kan du bli ett Home of Wellbeing. Om du \u00e4r en restaurang, ett hotell, ett spa, ett gym eller n\u00e5gon annan verksamhet och visar stor h\u00e4nsyn till milj\u00f6n, jobbar f\u00f6r ett blomstrande lokalsamh\u00e4lle och t\u00e4nker p\u00e5 hur du kan bidra till andras v\u00e4lbefinnande \u2013 s\u00e5 \u00e4r du en del av v\u00e5rt gemensamma varum\u00e4rke. D\u00e5 kan \u00e4ven DU bli till ett Home of Wellbeing. Tillsammans kan vi g\u00f6ra skillnad.<\/p>\n<p>&nbsp;<\/p>\n<\/div>\r\n                    <\/div>\r\n                <\/div>\r\n            <\/div> \r\n        <\/div>\r\n\r\n   <\/div>\r\n<img decoding=\"async\" class=\"lotus-bottom\" src=\"https:\/\/wellbeingtourism.com\/app\/themes\/wellbeing\/images\/Lotus.png\">\r\n<\/div>\n\n\n<div style=\"height:100px\" aria-hidden=\"true\" class=\"wp-block-spacer\"><\/div>\n\n\n<div class=\"wp-bootstrap-blocks-container container mb-2\">\n\t\n\n<div style=\"height:41px\" aria-hidden=\"true\" class=\"wp-block-spacer\"><\/div>\n\n\n\n<h4 class=\"wp-block-heading\" id=\"wellbeingvardar-och-foretag\">Wellbeingv\u00e4rdar och f\u00f6retag<\/h4>\n\n\n\n<h5 class=\"wp-block-heading\" id=\"wellbeingforetag-har-som-mal-att-bedriva-sina-aktiviteter-i-harmoni-med-omvarlden-de-ar-oppna-arliga-och-medvetna-om-hur-deras-aktiviteter-paverkar-samhallet-och-miljon-de-ar-engagerade-i-sitt-lokalsamhalle-och-har-kunskap-i-de-viktigaste-lokala-fragorna-ett-wellbeingforetag-varnar-om-lokalbefolkningens-sin-personals-och-sina-gasters-valbefinnande-och-tar-hansyn-till-traditioner-och-naturarv-ett-wellbeingforetag-spider-garna-sin-kunskap-till-fler-och-moter-andra-med-vanlighet-och-gladje\">Wellbeingf\u00f6retag har som m\u00e5l att bedriva sina\u202faktiviteter i harmoni med omv\u00e4rlden.\u202fDe \u00e4r \u00f6ppna, \u00e4rliga och medvetna om hur deras aktiviteter p\u00e5verkar samh\u00e4llet och milj\u00f6n. De \u00e4r engagerade i sitt lokalsamh\u00e4lle\u202foch\u202fhar kunskap i de viktigaste lokala fr\u00e5gorna. Ett wellbeingf\u00f6retag v\u00e4rnar om lokalbefolkningens, sin personals och sina g\u00e4sters v\u00e4lbefinnande och tar h\u00e4nsyn till traditioner och naturarv. Ett wellbeingf\u00f6retag spider g\u00e4rna sin kunskap till fler och m\u00f6ter\u202fandra\u202fmed v\u00e4nlighet och gl\u00e4dje.\u202f<\/h5>\n\n\n\n<div style=\"height:33px\" aria-hidden=\"true\" class=\"wp-block-spacer\"><\/div>\n\n\n\n<h4 class=\"wp-block-heading\" id=\"lar-dig-mer-borja-din-resa\">L\u00e4r dig mer \u2013 b\u00f6rja din resa<\/h4>\n\n\n\n<h5 class=\"wp-block-heading\" id=\"las-vara-handbocker-titta-pa-vara-filmer-och-ta-del-av-goda-tips-eller-finn-ny-inspiration-i-vara-kunskapskort-for-att-utveckla-ditt-foretag-och-dina-kunskaper-inom-hallbarhet-och-wellbeing-bygg-upp-nya-fardigheter-och-ta-fram-innovationer-gor-langsiktiga-forandringar-eller-bara-sma-justeringar-och-forbattringar\">L\u00e4s v\u00e5ra handb\u00f6cker, titta p\u00e5 v\u00e5ra filmer och ta del av goda tips eller finn ny inspiration i v\u00e5ra kunskapskort f\u00f6r att utveckla ditt f\u00f6retag och dina kunskaper inom h\u00e5llbarhet och wellbeing. Bygg upp nya f\u00e4rdigheter och ta fram innovationer, g\u00f6r l\u00e5ngsiktiga f\u00f6r\u00e4ndringar, eller bara sm\u00e5 justeringar och f\u00f6rb\u00e4ttringar!<\/h5>\n\n\n\n<div style=\"height:25px\" aria-hidden=\"true\" class=\"wp-block-spacer\"><\/div>\n\n\n\n<h4 class=\"wp-block-heading\" id=\"vikten-av-att-dela-kunskaper-kollektivt-larande-och-gemensam-kunskap\">Vikten av att dela kunskaper &#8211; kollektivt l\u00e4rande och gemensam kunskap<\/h4>\n\n\n\n<h5 class=\"wp-block-heading\" id=\"samverka-och-bygg-upp-gemensamma-kunskaper-en-blomstrande-och-hallbar-besoksnaring-handlar-om-att-vaxa-tillsammans-medan-du-delar-med-dig-och-lar-du-dig-av-andras-kunskaper-var-oppen-och-dela-dina-kunskaper-och-erfarenheter-i-sociala-medier-inom-ditt-lokala-natverk-mellan-dina-leverantorer-till-dina-gaster-och-dina-anstallda-eller-kollegor\">Samverka och bygg upp gemensamma kunskaper. En blomstrande och h\u00e5llbar bes\u00f6ksn\u00e4ring handlar om att v\u00e4xa tillsammans medan du delar med dig- och l\u00e4r du dig av andras kunskaper. Var \u00f6ppen och dela dina kunskaper och erfarenheter i sociala medier, inom ditt lokala n\u00e4tverk, mellan dina leverant\u00f6rer, till dina g\u00e4ster och dina anst\u00e4llda eller kollegor.<\/h5>\n\n\n\n<div style=\"height:23px\" aria-hidden=\"true\" class=\"wp-block-spacer\"><\/div>\n\n\n\n<h4 class=\"wp-block-heading\" id=\"vikten-av-att-dela-kunskaper-kollektivt-larande-och-gemensam-kunskap\">N\u00e4tverka med medvetna och omt\u00e4nksamma akt\u00f6rer<\/h4>\n\n\n\n<h5 class=\"wp-block-heading\" id=\"samverka-och-bygg-upp-gemensamma-kunskaper-en-blomstrande-och-hallbar-besoksnaring-handlar-om-att-vaxa-tillsammans-medan-du-delar-med-dig-och-lar-du-dig-av-andras-kunskaper-var-oppen-och-dela-dina-kunskaper-och-erfarenheter-i-sociala-medier-inom-ditt-lokala-natverk-mellan-dina-leverantorer-till-dina-gaster-och-dina-anstallda-eller-kollegor\">Wellbeingturism \u00e4r ett n\u00e4tverk f\u00f6r dig som har h\u00e5llbarhet, v\u00e4lbefinnande och naturen som aff\u00e4rsid\u00e9 eller som utvecklingsomr\u00e5de. I satsningen erbjuds b\u00e5de en nationell m\u00f6tesplats samt ett internationellt n\u00e4tverk, Wellbeing International (WI). Det \u00e4r ett kluster med akt\u00f6rer, b\u00e5de f\u00f6retag och destinationsutvecklare, runtom s\u00f6dra \u00d6stersj\u00f6n fr\u00e5n bland annat Tyskland, Danmark, Polen och Litauen. Det regionala n\u00e4tverket, som idag har sitt huvuds\u00e4te i Kalmar l\u00e4n samlas f\u00f6r n\u00e4rvarande digitalt i Facebook-gruppen M\u00f6tesplatsen f\u00f6r wellbeingf\u00f6retag. Du som \u00e4r intresserad av att veta mer, vill utvecklas i linje med wellbeing eller jobbat med konceptet lokal\/regionalt \u00e4r v\u00e4lkommen <a href=\"https:\/\/wellbeingtourism.com\/sv\/about-us\/\">ta kontakt.<\/a><\/h5>\n\n\n\n<div class=\"wp-block-buttons is-layout-flex wp-block-buttons-is-layout-flex\"><\/div>\n\n\n\n<div class=\"wp-block-buttons is-layout-flex wp-block-buttons-is-layout-flex\"><\/div>\n\n<\/div>\n","protected":false},"excerpt":{"rendered":"","protected":false},"author":1,"featured_media":0,"parent":0,"menu_order":253,"comment_status":"closed","ping_status":"closed","template":"template-wellbeing-company.php","meta":{"_acf_changed":false,"footnotes":""},"class_list":["post-24641","page","type-page","status-publish","hentry"],"acf":[],"yoast_head":"<!-- This site is optimized with the Yoast SEO plugin v27.1.1 - https:\/\/yoast.com\/product\/yoast-seo-wordpress\/ -->\n<title>F\u00f6r f\u00f6retag - Wellbeing<\/title>\n<meta name=\"robots\" content=\"index, follow, max-snippet:-1, max-image-preview:large, max-video-preview:-1\" \/>\n<link rel=\"canonical\" href=\"https:\/\/wellbeingtourism.com\/sv\/for-wellbeing-hosts\/\" \/>\n<meta property=\"og:locale\" content=\"sv_SE\" \/>\n<meta property=\"og:type\" content=\"article\" \/>\n<meta property=\"og:title\" content=\"F\u00f6r f\u00f6retag - Wellbeing\" \/>\n<meta property=\"og:url\" content=\"https:\/\/wellbeingtourism.com\/sv\/for-wellbeing-hosts\/\" \/>\n<meta property=\"og:site_name\" content=\"Wellbeing\" \/>\n<meta property=\"article:modified_time\" content=\"2025-01-23T15:18:10+00:00\" \/>\n<meta name=\"twitter:card\" content=\"summary_large_image\" \/>\n<meta name=\"twitter:label1\" content=\"Est. reading time\" \/>\n\t<meta name=\"twitter:data1\" content=\"2 minutes\" \/>\n<script type=\"application\/ld+json\" class=\"yoast-schema-graph\">{\"@context\":\"https:\/\/schema.org\",\"@graph\":[{\"@type\":\"WebPage\",\"@id\":\"https:\/\/wellbeingtourism.com\/sv\/for-wellbeing-hosts\/\",\"url\":\"https:\/\/wellbeingtourism.com\/sv\/for-wellbeing-hosts\/\",\"name\":\"F\u00f6r f\u00f6retag - Wellbeing\",\"isPartOf\":{\"@id\":\"https:\/\/wellbeingtourism.com\/#website\"},\"datePublished\":\"2022-03-17T11:10:36+00:00\",\"dateModified\":\"2025-01-23T15:18:10+00:00\",\"breadcrumb\":{\"@id\":\"https:\/\/wellbeingtourism.com\/sv\/for-wellbeing-hosts\/#breadcrumb\"},\"inLanguage\":\"sv-SE\",\"potentialAction\":[{\"@type\":\"ReadAction\",\"target\":[\"https:\/\/wellbeingtourism.com\/sv\/for-wellbeing-hosts\/\"]}]},{\"@type\":\"BreadcrumbList\",\"@id\":\"https:\/\/wellbeingtourism.com\/sv\/for-wellbeing-hosts\/#breadcrumb\",\"itemListElement\":[{\"@type\":\"ListItem\",\"position\":1,\"name\":\"Home\",\"item\":\"https:\/\/wellbeingtourism.com\/sv\/\"},{\"@type\":\"ListItem\",\"position\":2,\"name\":\"F\u00f6r f\u00f6retag\"}]},{\"@type\":\"WebSite\",\"@id\":\"https:\/\/wellbeingtourism.com\/#website\",\"url\":\"https:\/\/wellbeingtourism.com\/\",\"name\":\"Wellbeing\",\"description\":\"Discover our places &amp; hosts\",\"potentialAction\":[{\"@type\":\"SearchAction\",\"target\":{\"@type\":\"EntryPoint\",\"urlTemplate\":\"https:\/\/wellbeingtourism.com\/?s={search_term_string}\"},\"query-input\":{\"@type\":\"PropertyValueSpecification\",\"valueRequired\":true,\"valueName\":\"search_term_string\"}}],\"inLanguage\":\"sv-SE\"}]}<\/script>\n<!-- \/ Yoast SEO plugin. -->","yoast_head_json":{"title":"F\u00f6r f\u00f6retag - Wellbeing","robots":{"index":"index","follow":"follow","max-snippet":"max-snippet:-1","max-image-preview":"max-image-preview:large","max-video-preview":"max-video-preview:-1"},"canonical":"https:\/\/wellbeingtourism.com\/sv\/for-wellbeing-hosts\/","og_locale":"sv_SE","og_type":"article","og_title":"F\u00f6r f\u00f6retag - Wellbeing","og_url":"https:\/\/wellbeingtourism.com\/sv\/for-wellbeing-hosts\/","og_site_name":"Wellbeing","article_modified_time":"2025-01-23T15:18:10+00:00","twitter_card":"summary_large_image","twitter_misc":{"Est. reading time":"2 minutes"},"schema":{"@context":"https:\/\/schema.org","@graph":[{"@type":"WebPage","@id":"https:\/\/wellbeingtourism.com\/sv\/for-wellbeing-hosts\/","url":"https:\/\/wellbeingtourism.com\/sv\/for-wellbeing-hosts\/","name":"F\u00f6r f\u00f6retag - Wellbeing","isPartOf":{"@id":"https:\/\/wellbeingtourism.com\/#website"},"datePublished":"2022-03-17T11:10:36+00:00","dateModified":"2025-01-23T15:18:10+00:00","breadcrumb":{"@id":"https:\/\/wellbeingtourism.com\/sv\/for-wellbeing-hosts\/#breadcrumb"},"inLanguage":"sv-SE","potentialAction":[{"@type":"ReadAction","target":["https:\/\/wellbeingtourism.com\/sv\/for-wellbeing-hosts\/"]}]},{"@type":"BreadcrumbList","@id":"https:\/\/wellbeingtourism.com\/sv\/for-wellbeing-hosts\/#breadcrumb","itemListElement":[{"@type":"ListItem","position":1,"name":"Home","item":"https:\/\/wellbeingtourism.com\/sv\/"},{"@type":"ListItem","position":2,"name":"F\u00f6r f\u00f6retag"}]},{"@type":"WebSite","@id":"https:\/\/wellbeingtourism.com\/#website","url":"https:\/\/wellbeingtourism.com\/","name":"Wellbeing","description":"Discover our places &amp; hosts","potentialAction":[{"@type":"SearchAction","target":{"@type":"EntryPoint","urlTemplate":"https:\/\/wellbeingtourism.com\/?s={search_term_string}"},"query-input":{"@type":"PropertyValueSpecification","valueRequired":true,"valueName":"search_term_string"}}],"inLanguage":"sv-SE"}]}},"_links":{"self":[{"href":"https:\/\/wellbeingtourism.com\/sv\/wp-json\/wp\/v2\/pages\/24641","targetHints":{"allow":["GET"]}}],"collection":[{"href":"https:\/\/wellbeingtourism.com\/sv\/wp-json\/wp\/v2\/pages"}],"about":[{"href":"https:\/\/wellbeingtourism.com\/sv\/wp-json\/wp\/v2\/types\/page"}],"author":[{"embeddable":true,"href":"https:\/\/wellbeingtourism.com\/sv\/wp-json\/wp\/v2\/users\/1"}],"replies":[{"embeddable":true,"href":"https:\/\/wellbeingtourism.com\/sv\/wp-json\/wp\/v2\/comments?post=24641"}],"version-history":[{"count":69,"href":"https:\/\/wellbeingtourism.com\/sv\/wp-json\/wp\/v2\/pages\/24641\/revisions"}],"predecessor-version":[{"id":40998,"href":"https:\/\/wellbeingtourism.com\/sv\/wp-json\/wp\/v2\/pages\/24641\/revisions\/40998"}],"wp:attachment":[{"href":"https:\/\/wellbeingtourism.com\/sv\/wp-json\/wp\/v2\/media?parent=24641"}],"curies":[{"name":"wp","href":"https:\/\/api.w.org\/{rel}","templated":true}]}}