{"id":11618,"date":"2020-12-15T12:30:09","date_gmt":"2020-12-15T12:30:09","guid":{"rendered":"https:\/\/wellbeingtourism.com\/regions\/"},"modified":"2022-12-21T20:49:23","modified_gmt":"2022-12-21T20:49:23","slug":"regions","status":"publish","type":"page","link":"https:\/\/wellbeingtourism.com\/sv\/regions\/","title":{"rendered":"Destinationer"},"content":{"rendered":"<div class=\"slide-image-and-text\">\r\n<div class=\"slide-images\">\r\n            <div id=\"slider-topblock_5fdb513422b6b\" class=\"slider-top\">\r\n            <div class=\"header-image\">\r\n                <img src='https:\/\/wellbeingtourism.com\/app\/uploads\/2020\/12\/image-29-2.png' alt='Slide Image'>                <div class=\"container\">\r\n                    <div class=\"slider-text\">\r\n                        <div class=\"small-text\"><h1>#SouthBalticRegions<\/h1>\n<p>S\u00f6dra \u00d6stersj\u00f6regionen har en vacker och unik natur, rik p\u00e5 kulturhistoria som bara v\u00e4ntar p\u00e5 att bli uppt\u00e4ckt under din n\u00e4sta semester, helgutflykt eller hemester. Wellbeing inneb\u00e4r att g\u00f6ra gott f\u00f6r sinne, kropp och sj\u00e4l, f\u00f6r lokalsamh\u00e4llet och f\u00f6r milj\u00f6n \u2013 s\u00e5v\u00e4l f\u00f6r dig som f\u00f6r andra!<\/p>\n<\/div>\r\n                    <\/div>\r\n                <\/div>\r\n            <\/div> \r\n        <\/div>\r\n\r\n   <\/div>\r\n<img decoding=\"async\" class=\"lotus-bottom\" src=\"https:\/\/wellbeingtourism.com\/app\/themes\/wellbeing\/images\/Lotus.png\">\r\n<\/div>\n\n\n<div class=\"wp-block-group has-background\" style=\"background-color:#f3ece9\"><div class=\"wp-block-group__inner-container is-layout-flow wp-block-group-is-layout-flow\"><div class=\"wp-bootstrap-blocks-container container-fluid mb-0 p-0\">\n\t\n\n<div style=\"height:55px\" aria-hidden=\"true\" class=\"wp-block-spacer\"><\/div>\n\n\n\n<h2 class=\"has-text-align-center wp-block-heading\" id=\"upplev-vara-regioner\">Upplev Homes of Wellbeing<\/h2>\n\n\n<div class=\"wp-bootstrap-blocks-container container mb-2\">\n\t\n\n<p class=\"has-text-align-center col-md-8 mx-auto has-medium-font-size\">Har du n\u00e5gon g\u00e5ng bes\u00f6kt och utforskat de vackra kustomr\u00e5dena runt s\u00f6dra \u00d6stersj\u00f6n p\u00e5 riktigt? Upplev fascinerande str\u00e4nder, f\u00f6rtrollande skogar, tysta platser, klarlysande stj\u00e4rnhimlar och ett unikt kultur- och naturarv med en stor biologiska m\u00e5ngfald. V\u00e5ra wellbeingv\u00e4rdar \u00e4r \u00e4rliga, medvetna, omt\u00e4nksamma, v\u00e4nliga och gl\u00e4djerika och erbjuder dig en v\u00e4lkomnande vistelse. P\u00e5 ett wellbeingboende f\u00e5r du mer \u00e4n bara en god natts s\u00f6mn. Du kommer ocks\u00e5 att serveras genuin, n\u00e4ringsrik mat baserad p\u00e5 lokala, ekologiska r\u00e5varor och ingredienser samt hantverksm\u00e4ssigt f\u00f6r\u00e4dlade produkter och drycker. Njut av h\u00e5llbara och s\u00e4songsbetonade r\u00e4tter, smaka, lukta och upplev varje regions l\u00e4ckra k\u00f6k. Vi utlovar upplevelser f\u00f6r alla sinnen!<\/p>\n\n\n\n<div style=\"height:13px\" aria-hidden=\"true\" class=\"wp-block-spacer\"><\/div>\n\n\n\n<blockquote class=\"wp-block-quote has-text-align-center is-style-large is-layout-flow wp-block-quote-is-layout-flow\"><p><em><em>Att resa handlar om att uppleva, om \u00e5terh\u00e4mtning, njutning och k\u00e4nslan av att vara i balans och harmoni, k\u00e4nna lycka och sp\u00e4nning. Samtidigt som du m\u00e5r bra kan du \u00e4ven bidra med gott.<\/em><\/em><\/p><p><\/p><\/blockquote>\n\n\n\n<div style=\"height:2px\" aria-hidden=\"true\" class=\"wp-block-spacer\"><\/div>\n\n\n\n<hr class=\"wp-block-separator has-text-color has-background has-luminous-vivid-orange-background-color has-luminous-vivid-orange-color\"\/>\n\n<\/div>\n\n\n\n<div class=\"wp-block-group has-background\" style=\"background-color:#c1c7c4\"><div class=\"wp-block-group__inner-container is-layout-flow wp-block-group-is-layout-flow\"><div class=\"wp-bootstrap-blocks-row row g-0\">\n\t\n\n<div class=\"col-12 col-md-6 large-padding align-col-center\">\n\t\t\t<div class=\"p-3\">\n\t\t\t\n\n<h3 class=\"wp-block-heading\" id=\"sverige\">Sverige<\/h3>\n\n\n\n<p style=\"font-size:22px\">Kalmar l\u00e4n \u00e4r ett #HomeOfWellbeing. H\u00e4r hittar du ett Unesco v\u00e4rldsarv, fantastiska avkopplande str\u00e4nder, vacker natur, djurliv, tystnad, harmoni, solnedg\u00e5ngar, kulturhistoria, friluftsliv, konst \u2013 och tid f\u00f6r att #HittaDigSj\u00e4lv.<\/p>\n\n\n\n<div class=\"wp-block-buttons is-layout-flex wp-block-buttons-is-layout-flex\">\n<div class=\"wp-block-button\"><a class=\"wp-block-button__link has-white-color has-text-color has-background\" href=\"https:\/\/wellbeingtourism.com\/sv\/country\/sweden\/\" style=\"background-color:#dc6016\">Uppt\u00e4ck v\u00e4rdar &amp; platser<\/a><\/div>\n<\/div>\n\n\t\t<\/div>\n\t<\/div>\n\n\n\n<div class=\"col-12 col-md-6\">\n\t\t\t\n\n<figure class=\"wp-block-image size-full is-style-default\"><img loading=\"lazy\" decoding=\"async\" width=\"720\" height=\"462\" src=\"http:\/\/wellbeingtourism.com\/app\/uploads\/2021\/12\/Smaland-1.jpg\" alt=\"\" class=\"wp-image-6503\" srcset=\"https:\/\/wellbeingtourism.com\/app\/uploads\/2021\/12\/Smaland-1.jpg 720w, https:\/\/wellbeingtourism.com\/app\/uploads\/2021\/12\/Smaland-1-300x193.jpg 300w\" sizes=\"auto, (max-width: 720px) 100vw, 720px\" \/><\/figure>\n\n\t<\/div>\n\n<\/div>\n<\/div><\/div>\n\n\n\n<div style=\"height:10px\" aria-hidden=\"true\" class=\"wp-block-spacer\"><\/div>\n\n\n\n<div class=\"wp-block-group has-background\" style=\"background-color:#e2dad8\"><div class=\"wp-block-group__inner-container is-layout-flow wp-block-group-is-layout-flow\"><div class=\"wp-bootstrap-blocks-row row g-0\">\n\t\n\n<div class=\"col-12 col-md-6 large-padding align-col-center\">\n\t\t\t<div class=\"p-3\">\n\t\t\t\n\n<h3 class=\"wp-block-heading\" id=\"danmark\">Danmark<\/h3>\n\n\n\n<p style=\"font-size:22px\">Sj\u00e4lland best\u00e5r helt av \u00f6ar och har en 1 860 km l\u00e5ng kustlinje med en charmig landsbygd. H\u00e4r kan du uppleva ett \u00f6verfl\u00f6d av kvalitativa erbjudanden eller bara hitta en fridfull plats att koppla av p\u00e5, njuta av utsikten och andas in frisk luft. <\/p>\n\n\n\n<div class=\"wp-block-buttons is-layout-flex wp-block-buttons-is-layout-flex\">\n<div class=\"wp-block-button\"><a class=\"wp-block-button__link has-white-color has-text-color has-background\" href=\"https:\/\/wellbeingtourism.com\/sv\/country\/denmark\/\" style=\"background-color:#dc6016\">Uppt\u00e4ck v\u00e4rdar &amp; platser<\/a><\/div>\n<\/div>\n\n\t\t<\/div>\n\t<\/div>\n\n\n\n<div class=\"col-12 col-md-6\">\n\t\t\t\n\n<figure class=\"wp-block-image size-full\"><img loading=\"lazy\" decoding=\"async\" width=\"2508\" height=\"1672\" src=\"https:\/\/wellbeingtourism.com\/app\/uploads\/2021\/12\/DK_sunset-bikes-Panorama-Stege-3_4MP.jpg\" alt=\"\" class=\"wp-image-7801\" srcset=\"https:\/\/wellbeingtourism.com\/app\/uploads\/2021\/12\/DK_sunset-bikes-Panorama-Stege-3_4MP.jpg 2508w, https:\/\/wellbeingtourism.com\/app\/uploads\/2021\/12\/DK_sunset-bikes-Panorama-Stege-3_4MP-300x200.jpg 300w, https:\/\/wellbeingtourism.com\/app\/uploads\/2021\/12\/DK_sunset-bikes-Panorama-Stege-3_4MP-1024x683.jpg 1024w, https:\/\/wellbeingtourism.com\/app\/uploads\/2021\/12\/DK_sunset-bikes-Panorama-Stege-3_4MP-768x512.jpg 768w, https:\/\/wellbeingtourism.com\/app\/uploads\/2021\/12\/DK_sunset-bikes-Panorama-Stege-3_4MP-1536x1024.jpg 1536w, https:\/\/wellbeingtourism.com\/app\/uploads\/2021\/12\/DK_sunset-bikes-Panorama-Stege-3_4MP-2048x1365.jpg 2048w\" sizes=\"auto, (max-width: 2508px) 100vw, 2508px\" \/><\/figure>\n\n\t<\/div>\n\n<\/div>\n<\/div><\/div>\n\n\n\n<div style=\"height:10px\" aria-hidden=\"true\" class=\"wp-block-spacer\"><\/div>\n\n\n\n<div class=\"wp-block-group has-background\" style=\"background-color:#d5c4be\"><div class=\"wp-block-group__inner-container is-layout-flow wp-block-group-is-layout-flow\"><div class=\"wp-bootstrap-blocks-row row g-0\">\n\t\n\n<div class=\"col-12 col-md-6 large-padding align-col-center\">\n\t\t\t<div class=\"p-3\">\n\t\t\t\n\n<h3 class=\"wp-block-heading\" id=\"polen\">Polen<\/h3>\n\n\n\n<p style=\"font-size:22px\">Den vackra kusten bjuder in dig att uppleva polska #HomeOfWellbeing. H\u00e4r finns or\u00f6rd natur, vackra landskap, en unik och v\u00e4lsmakande matkultur, service av h\u00f6g kvalitet och of\u00f6rgl\u00f6mliga upplevelser &#8211; allt du beh\u00f6ver f\u00f6r att koppla av. Unna dig!<\/p>\n\n\n\n<div class=\"wp-block-buttons is-layout-flex wp-block-buttons-is-layout-flex\">\n<div class=\"wp-block-button\"><a class=\"wp-block-button__link has-white-color has-text-color has-background\" href=\"https:\/\/wellbeingtourism.com\/sv\/country\/poland\/\" style=\"background-color:#dc6016\">Uppt\u00e4ck v\u00e4rdar &amp; platser<\/a><\/div>\n<\/div>\n\n\t\t<\/div>\n\t<\/div>\n\n\n\n<div class=\"col-12 col-md-6\">\n\t\t\t\n\n<figure class=\"wp-block-image size-full\"><img loading=\"lazy\" decoding=\"async\" width=\"720\" height=\"462\" src=\"https:\/\/wellbeingtourism.com\/app\/uploads\/2021\/04\/Region-poland.jpg\" alt=\"Poland\" class=\"wp-image-2121\" srcset=\"https:\/\/wellbeingtourism.com\/app\/uploads\/2021\/04\/Region-poland.jpg 720w, https:\/\/wellbeingtourism.com\/app\/uploads\/2021\/04\/Region-poland-300x193.jpg 300w\" sizes=\"auto, (max-width: 720px) 100vw, 720px\" \/><\/figure>\n\n\n\n<p><\/p>\n\n\t<\/div>\n\n<\/div>\n<\/div><\/div>\n\n\n\n<div style=\"height:10px\" aria-hidden=\"true\" class=\"wp-block-spacer\"><\/div>\n\n\n\n<div class=\"wp-block-group has-background\" style=\"background-color:#f9e9cc\"><div class=\"wp-block-group__inner-container is-layout-flow wp-block-group-is-layout-flow\"><div class=\"wp-bootstrap-blocks-row row g-0\">\n\t\n\n<div class=\"col-12 col-md-6 large-padding align-col-center\">\n\t\t\t<div class=\"p-3\">\n\t\t\t\n\n<h3 class=\"wp-block-heading\" id=\"tyskland\">Tyskland<\/h3>\n\n\n\n<p style=\"font-size:22px\">Vogelparkregion Recknitztal bjuder in dig till en m\u00e4ngd olika friluftsaktiviteter i en rogivande och v\u00e4lm\u00e5ende naturmilj\u00f6. Koppla av medan du g\u00e5r p\u00e5 uppt\u00e4cktsf\u00e4rd f\u00f6r att uppleva gamla herrg\u00e5rdar, tr\u00e4dg\u00e5rdar och smakar p\u00e5 handgjorda lokala l\u00e4ckerheter p\u00e5 regionens #HomeOfWellbeing.<\/p>\n\n\n\n<div class=\"wp-block-buttons is-layout-flex wp-block-buttons-is-layout-flex\">\n<div class=\"wp-block-button\"><a class=\"wp-block-button__link has-white-color has-text-color has-background\" href=\"https:\/\/wellbeingtourism.com\/sv\/country\/germany\/\" style=\"background-color:#dc6016\">Uppt\u00e4ck v\u00e4rdar &amp; platser<\/a><\/div>\n<\/div>\n\n\t\t<\/div>\n\t<\/div>\n\n\n\n<div class=\"col-12 col-md-6\">\n\t\t\t\n\n<figure class=\"wp-block-image size-full\"><img loading=\"lazy\" decoding=\"async\" width=\"980\" height=\"653\" src=\"https:\/\/wellbeingtourism.com\/app\/uploads\/2021\/05\/vogelparkregion-recknitztal-title.jpg\" alt=\"\" class=\"wp-image-2851\" srcset=\"https:\/\/wellbeingtourism.com\/app\/uploads\/2021\/05\/vogelparkregion-recknitztal-title.jpg 980w, https:\/\/wellbeingtourism.com\/app\/uploads\/2021\/05\/vogelparkregion-recknitztal-title-300x200.jpg 300w, https:\/\/wellbeingtourism.com\/app\/uploads\/2021\/05\/vogelparkregion-recknitztal-title-768x512.jpg 768w\" sizes=\"auto, (max-width: 980px) 100vw, 980px\" \/><\/figure>\n\n\n\n<p><\/p>\n\n\t<\/div>\n\n<\/div>\n<\/div><\/div>\n\n\n\n<div style=\"height:10px\" aria-hidden=\"true\" class=\"wp-block-spacer\"><\/div>\n\n\n\n<div class=\"wp-block-group has-background\" style=\"background-color:#d6d2d3\"><div class=\"wp-block-group__inner-container is-layout-flow wp-block-group-is-layout-flow\"><div class=\"wp-bootstrap-blocks-row row g-0\">\n\t\n\n<div class=\"col-12 col-md-6 large-padding align-col-center\">\n\t\t\t<div class=\"p-3\">\n\t\t\t\n\n<h3 class=\"wp-block-heading\" id=\"litauen\">Litauen<\/h3>\n\n\n\n<p style=\"font-size:22px\">V\u00e4stra Litauens wellbeing, h\u00e4lso- och friskv\u00e5rdserbjudanden h\u00e4rstammar fr\u00e5n regionens spa- och wellnesskultur. H\u00e4r finns str\u00e4nder, \u00e5ar, sj\u00f6ar, skogar och parker. Upplev naturtillg\u00e5ngarna som format traditioner och kulturarv. M\u00f6t v\u00e4nliga m\u00e4nniskor och upplev harmoniska aktiviteter och platser.<\/p>\n\n\n\n<div class=\"wp-block-buttons is-layout-flex wp-block-buttons-is-layout-flex\">\n<div class=\"wp-block-button\"><a class=\"wp-block-button__link has-white-color has-text-color has-background\" href=\"https:\/\/wellbeingtourism.com\/sv\/country\/lithuania\/\" style=\"background-color:#dc6016\">Uppt\u00e4ck v\u00e4rdar &amp; platser<\/a><\/div>\n<\/div>\n\n\t\t<\/div>\n\t<\/div>\n\n\n\n<div class=\"col-12 col-md-6\">\n\t\t\t\n\n<figure class=\"wp-block-image size-full\"><img loading=\"lazy\" decoding=\"async\" width=\"720\" height=\"462\" src=\"http:\/\/wellbeingtourism.com\/app\/uploads\/2021\/12\/Lt.jpg\" alt=\"\" class=\"wp-image-6508\" srcset=\"https:\/\/wellbeingtourism.com\/app\/uploads\/2021\/12\/Lt.jpg 720w, https:\/\/wellbeingtourism.com\/app\/uploads\/2021\/12\/Lt-300x193.jpg 300w\" sizes=\"auto, (max-width: 720px) 100vw, 720px\" \/><\/figure>\n\n\t<\/div>\n\n<\/div>\n<\/div><\/div>\n\n\n\n<p><\/p>\n\n<\/div>\n<\/div><\/div>\n","protected":false},"excerpt":{"rendered":"","protected":false},"author":1,"featured_media":0,"parent":0,"menu_order":187,"comment_status":"closed","ping_status":"closed","template":"","meta":{"_acf_changed":false,"footnotes":""},"class_list":["post-11618","page","type-page","status-publish","hentry"],"acf":[],"yoast_head":"<!-- This site is optimized with the Yoast SEO plugin v27.1.1 - https:\/\/yoast.com\/product\/yoast-seo-wordpress\/ -->\n<title>Destinationer - Wellbeing<\/title>\n<meta name=\"robots\" content=\"index, follow, max-snippet:-1, max-image-preview:large, max-video-preview:-1\" \/>\n<link rel=\"canonical\" href=\"https:\/\/wellbeingtourism.com\/sv\/regions\/\" \/>\n<meta property=\"og:locale\" content=\"sv_SE\" \/>\n<meta property=\"og:type\" content=\"article\" \/>\n<meta property=\"og:title\" content=\"Destinationer - Wellbeing\" \/>\n<meta property=\"og:url\" content=\"https:\/\/wellbeingtourism.com\/sv\/regions\/\" \/>\n<meta property=\"og:site_name\" content=\"Wellbeing\" \/>\n<meta property=\"article:modified_time\" content=\"2022-12-21T20:49:23+00:00\" \/>\n<meta property=\"og:image\" content=\"http:\/\/wellbeingtourism.com\/app\/uploads\/2021\/12\/Smaland-1.jpg\" \/>\n<meta name=\"twitter:card\" content=\"summary_large_image\" \/>\n<meta name=\"twitter:label1\" content=\"Est. reading time\" \/>\n\t<meta name=\"twitter:data1\" content=\"3 minutes\" \/>\n<script type=\"application\/ld+json\" class=\"yoast-schema-graph\">{\"@context\":\"https:\/\/schema.org\",\"@graph\":[{\"@type\":\"WebPage\",\"@id\":\"https:\/\/wellbeingtourism.com\/sv\/regions\/\",\"url\":\"https:\/\/wellbeingtourism.com\/sv\/regions\/\",\"name\":\"Destinationer - Wellbeing\",\"isPartOf\":{\"@id\":\"https:\/\/wellbeingtourism.com\/#website\"},\"primaryImageOfPage\":{\"@id\":\"https:\/\/wellbeingtourism.com\/sv\/regions\/#primaryimage\"},\"image\":{\"@id\":\"https:\/\/wellbeingtourism.com\/sv\/regions\/#primaryimage\"},\"thumbnailUrl\":\"http:\/\/wellbeingtourism.com\/app\/uploads\/2021\/12\/Smaland-1.jpg\",\"datePublished\":\"2020-12-15T12:30:09+00:00\",\"dateModified\":\"2022-12-21T20:49:23+00:00\",\"breadcrumb\":{\"@id\":\"https:\/\/wellbeingtourism.com\/sv\/regions\/#breadcrumb\"},\"inLanguage\":\"sv-SE\",\"potentialAction\":[{\"@type\":\"ReadAction\",\"target\":[\"https:\/\/wellbeingtourism.com\/sv\/regions\/\"]}]},{\"@type\":\"ImageObject\",\"inLanguage\":\"sv-SE\",\"@id\":\"https:\/\/wellbeingtourism.com\/sv\/regions\/#primaryimage\",\"url\":\"http:\/\/wellbeingtourism.com\/app\/uploads\/2021\/12\/Smaland-1.jpg\",\"contentUrl\":\"http:\/\/wellbeingtourism.com\/app\/uploads\/2021\/12\/Smaland-1.jpg\"},{\"@type\":\"BreadcrumbList\",\"@id\":\"https:\/\/wellbeingtourism.com\/sv\/regions\/#breadcrumb\",\"itemListElement\":[{\"@type\":\"ListItem\",\"position\":1,\"name\":\"Home\",\"item\":\"https:\/\/wellbeingtourism.com\/sv\/\"},{\"@type\":\"ListItem\",\"position\":2,\"name\":\"Destinationer\"}]},{\"@type\":\"WebSite\",\"@id\":\"https:\/\/wellbeingtourism.com\/#website\",\"url\":\"https:\/\/wellbeingtourism.com\/\",\"name\":\"Wellbeing\",\"description\":\"Discover our places &amp; hosts\",\"potentialAction\":[{\"@type\":\"SearchAction\",\"target\":{\"@type\":\"EntryPoint\",\"urlTemplate\":\"https:\/\/wellbeingtourism.com\/?s={search_term_string}\"},\"query-input\":{\"@type\":\"PropertyValueSpecification\",\"valueRequired\":true,\"valueName\":\"search_term_string\"}}],\"inLanguage\":\"sv-SE\"}]}<\/script>\n<!-- \/ Yoast SEO plugin. -->","yoast_head_json":{"title":"Destinationer - Wellbeing","robots":{"index":"index","follow":"follow","max-snippet":"max-snippet:-1","max-image-preview":"max-image-preview:large","max-video-preview":"max-video-preview:-1"},"canonical":"https:\/\/wellbeingtourism.com\/sv\/regions\/","og_locale":"sv_SE","og_type":"article","og_title":"Destinationer - Wellbeing","og_url":"https:\/\/wellbeingtourism.com\/sv\/regions\/","og_site_name":"Wellbeing","article_modified_time":"2022-12-21T20:49:23+00:00","og_image":[{"url":"http:\/\/wellbeingtourism.com\/app\/uploads\/2021\/12\/Smaland-1.jpg","type":"","width":"","height":""}],"twitter_card":"summary_large_image","twitter_misc":{"Est. reading time":"3 minutes"},"schema":{"@context":"https:\/\/schema.org","@graph":[{"@type":"WebPage","@id":"https:\/\/wellbeingtourism.com\/sv\/regions\/","url":"https:\/\/wellbeingtourism.com\/sv\/regions\/","name":"Destinationer - Wellbeing","isPartOf":{"@id":"https:\/\/wellbeingtourism.com\/#website"},"primaryImageOfPage":{"@id":"https:\/\/wellbeingtourism.com\/sv\/regions\/#primaryimage"},"image":{"@id":"https:\/\/wellbeingtourism.com\/sv\/regions\/#primaryimage"},"thumbnailUrl":"http:\/\/wellbeingtourism.com\/app\/uploads\/2021\/12\/Smaland-1.jpg","datePublished":"2020-12-15T12:30:09+00:00","dateModified":"2022-12-21T20:49:23+00:00","breadcrumb":{"@id":"https:\/\/wellbeingtourism.com\/sv\/regions\/#breadcrumb"},"inLanguage":"sv-SE","potentialAction":[{"@type":"ReadAction","target":["https:\/\/wellbeingtourism.com\/sv\/regions\/"]}]},{"@type":"ImageObject","inLanguage":"sv-SE","@id":"https:\/\/wellbeingtourism.com\/sv\/regions\/#primaryimage","url":"http:\/\/wellbeingtourism.com\/app\/uploads\/2021\/12\/Smaland-1.jpg","contentUrl":"http:\/\/wellbeingtourism.com\/app\/uploads\/2021\/12\/Smaland-1.jpg"},{"@type":"BreadcrumbList","@id":"https:\/\/wellbeingtourism.com\/sv\/regions\/#breadcrumb","itemListElement":[{"@type":"ListItem","position":1,"name":"Home","item":"https:\/\/wellbeingtourism.com\/sv\/"},{"@type":"ListItem","position":2,"name":"Destinationer"}]},{"@type":"WebSite","@id":"https:\/\/wellbeingtourism.com\/#website","url":"https:\/\/wellbeingtourism.com\/","name":"Wellbeing","description":"Discover our places &amp; hosts","potentialAction":[{"@type":"SearchAction","target":{"@type":"EntryPoint","urlTemplate":"https:\/\/wellbeingtourism.com\/?s={search_term_string}"},"query-input":{"@type":"PropertyValueSpecification","valueRequired":true,"valueName":"search_term_string"}}],"inLanguage":"sv-SE"}]}},"_links":{"self":[{"href":"https:\/\/wellbeingtourism.com\/sv\/wp-json\/wp\/v2\/pages\/11618","targetHints":{"allow":["GET"]}}],"collection":[{"href":"https:\/\/wellbeingtourism.com\/sv\/wp-json\/wp\/v2\/pages"}],"about":[{"href":"https:\/\/wellbeingtourism.com\/sv\/wp-json\/wp\/v2\/types\/page"}],"author":[{"embeddable":true,"href":"https:\/\/wellbeingtourism.com\/sv\/wp-json\/wp\/v2\/users\/1"}],"replies":[{"embeddable":true,"href":"https:\/\/wellbeingtourism.com\/sv\/wp-json\/wp\/v2\/comments?post=11618"}],"version-history":[{"count":28,"href":"https:\/\/wellbeingtourism.com\/sv\/wp-json\/wp\/v2\/pages\/11618\/revisions"}],"predecessor-version":[{"id":37554,"href":"https:\/\/wellbeingtourism.com\/sv\/wp-json\/wp\/v2\/pages\/11618\/revisions\/37554"}],"wp:attachment":[{"href":"https:\/\/wellbeingtourism.com\/sv\/wp-json\/wp\/v2\/media?parent=11618"}],"curies":[{"name":"wp","href":"https:\/\/api.w.org\/{rel}","templated":true}]}}