{"id":11488,"date":"2021-03-02T12:18:03","date_gmt":"2021-03-02T12:18:03","guid":{"rendered":"https:\/\/wellbeingtourism.com\/about-the-webpage\/"},"modified":"2022-06-22T07:56:36","modified_gmt":"2022-06-22T07:56:36","slug":"about-the-webpage","status":"publish","type":"page","link":"https:\/\/wellbeingtourism.com\/sv\/about-the-webpage\/","title":{"rendered":"Integritetspolicy"},"content":{"rendered":"\n<div style=\"height:42px\" aria-hidden=\"true\" class=\"wp-block-spacer\"><\/div>\n\n\n<div class=\"wp-bootstrap-blocks-container container mb-2\">\n\t\n\n<h3 class=\"wp-block-heading\" id=\"integritetspolicy\">Integritetspolicy<\/h3>\n\n\n\n<div style=\"height:20px\" aria-hidden=\"true\" class=\"wp-block-spacer\"><\/div>\n\n\n\n<h5 class=\"wp-block-heading\">Hur vi behandlar dina personuppgifter dina <\/h5>\n\n\n\n<p><strong>1. Allm\u00e4nt<\/strong><\/p>\n\n\n\n<p>Denna webbsida <a href=\"http:\/\/www.wellbeingtourism.com\">www.wellbeingtourism.com<\/a> f\u00f6rvaltas av Linn\u00e9universitetet inom ramen f\u00f6r det EU-finansierade projektet SB WELL och organisationen Wellbeing International. Alla personuppgifter som hanteras i anslutning till denna sida \u00e4r Linn\u00e9universitetet personuppgiftsansvarig f\u00f6r och hanteras p\u00e5 det som framg\u00e5r av denna Integritetspolicy och dess h\u00e4nvisningar.<\/p>\n\n\n\n<p>Vi \u00e4r m\u00e5na om att du ska k\u00e4nna dig trygg i alla dina kontakter med oss. I den h\u00e4r integritetspolicyn kan du l\u00e4sa hur Linn\u00e9universitetet genom Wellbeing International hanterar dina personuppgifter och vilka r\u00e4ttigheter du har kopplat till detta. Informationen v\u00e4nder sig till dig som:<\/p>\n\n\n\n<p>\u2022 \u00c4r g\u00e4st\/kund hos oss<\/p>\n\n\n\n<p>\u2022 Anv\u00e4nder v\u00e5rt varum\u00e4rke HomeofWellbeing<\/p>\n\n\n\n<p>\u2022 \u00c4r projektmedlem\/medlem i Wellbeing International<\/p>\n\n\n\n<p>\u2022 Bes\u00f6ker v\u00e5r hemsida och\/eller v\u00e5ra plattformar i sociala medier<\/p>\n\n\n\n<p>\u2022 Anm\u00e4ler dig till n\u00e5got av v\u00e5ra nyhetsbrev<\/p>\n\n\n\n<p>\u2022 Deltar i v\u00e5ra t\u00e4vlingar, marknadsaktiviteter eller kundunders\u00f6kningar<\/p>\n\n\n\n<p>\u2022 Deltar p\u00e5 n\u00e5got av v\u00e5ra aktiviteter, kurser eller seminarier<\/p>\n\n\n\n<p>\u2022 P\u00e5 annat s\u00e4tt kommunicerar med oss, exempelvis genom kundservice&nbsp;<\/p>\n\n\n\n<p>\u2022 Anv\u00e4nder v\u00e5ra applikationer eller program<\/p>\n\n\n\n<p>Vi \u00e4r m\u00e5na om att de personuppgifter vi behandlar lagras och hanteras p\u00e5 ett tryggt och s\u00e4kert s\u00e4tt, och i enlighet med GDPR, dataskyddsf\u00f6rordningen.<\/p>\n\n\n\n<p>F\u00f6r att du ska k\u00e4nna till hur vi hanterar dina personuppgifter \u00e4r det viktigt att du l\u00e4ser denna text. Om du har n\u00e5gra fr\u00e5gor om hur dina personuppgifter hanteras \u00e4r du v\u00e4lkommen att kontakta oss. Kontaktuppgifter hittar du l\u00e4ngre ned.<\/p>\n\n\n\n<div style=\"height:15px\" aria-hidden=\"true\" class=\"wp-block-spacer\"><\/div>\n\n\n\n<p><strong>2. Vad \u00e4r personuppgifter<\/strong><br>All slags information som direkt eller indirekt kan kopplas till dig r\u00e4knas som personuppgifter. \u00c4ven bilder (foton) och ljudupptagningar p\u00e5 individer kan r\u00e4knas som personuppgifter, \u00e4ven om inga namn n\u00e4mns. Krypterade uppgifter och olika slags elektroniska identiteter, som exempelvis IP-nummer, r\u00e4knas som personuppgifter om de kan kopplas till fysiska personer.<\/p>\n\n\n\n<div style=\"height:15px\" aria-hidden=\"true\" class=\"wp-block-spacer\"><\/div>\n\n\n\n<p><strong>3. Hur hanterar vi personuppgifter?<\/strong><br>Vi behandlar dina personuppgifter enbart n\u00e4r vi har r\u00e4ttslig grund till det. I Linn\u00e9universitetets \u00f6vergripande policy f\u00f6r behandling av personuppgifter kan du l\u00e4sa mer om v\u00e5r bed\u00f6mning av r\u00e4ttslig grund. Fr\u00e4mst behandlar vi personuppgifter f\u00f6r att fullg\u00f6ra v\u00e5ra f\u00f6rpliktelser gentemot dig som medlem, g\u00e4st, franchisetagare och\/eller f\u00f6r att utf\u00f6ra andra \u00e5taganden f\u00f6r dig. V\u00e5r utg\u00e5ngspunkt \u00e4r att inte behandla fler personuppgifter \u00e4n vad som beh\u00f6vs f\u00f6r \u00e4ndam\u00e5let, och vi str\u00e4var alltid efter att anv\u00e4nda de minst integritetsk\u00e4nsliga uppgifterna.<\/p>\n\n\n\n<p>Om du l\u00e4mnar personuppgifter om andra personer \u00e4r du ansvarig f\u00f6r att Linn\u00e9universitetet f\u00e5r behandla \u00e4ven dessa personuppgifter i enlighet med denna integritetspolicy. Det kan exempelvis handla om att du vid registrering eller recension av ett f\u00f6retag l\u00e4mnar uppgifter om dig sj\u00e4lv och\/eller n\u00e5gon annan.<\/p>\n\n\n\n<p>Dina personuppgifter hanteras med modern informationsteknik och vi anv\u00e4nder dem ibland f\u00f6r exempelvis analys, segmentering, profilering, marknadsf\u00f6ring och direktmarknadsf\u00f6ring digitalt eller via post. Vissa personuppgifter kan komma att lagras utanf\u00f6r EU:s gr\u00e4nser.<\/p>\n\n\n\n<div style=\"height:15px\" aria-hidden=\"true\" class=\"wp-block-spacer\"><\/div>\n\n\n\n<p><strong>4. Hur l\u00e4nge sparas mina personuppgifter?<\/strong><br>Vi sparar bara dina personuppgifter s\u00e5 l\u00e4nge som vi bed\u00f6mer att det kr\u00e4vs f\u00f6r att uppfylla det som var syftet n\u00e4r vi samlade in dem, eller s\u00e5 l\u00e4nge som vi m\u00e5ste lagra dem enligt lag. Efter det raderas dina uppgifter, alternativt avidentifierar vi dina personuppgifter s\u00e5 att de inte l\u00e4ngre kan kopplas till dig. Vi har interna rutiner f\u00f6r att s\u00e4kerst\u00e4lla detta.<\/p>\n\n\n\n<div style=\"height:15px\" aria-hidden=\"true\" class=\"wp-block-spacer\"><\/div>\n\n\n\n<p><strong>5. L\u00e4mnar vi dina personuppgifter till n\u00e5gon annan?<\/strong><br>V\u00e5r utg\u00e5ngspunkt \u00e4r att dina personuppgifter inte ska l\u00e4mnas till tredje part om det inte \u00e4r n\u00f6dv\u00e4ndigt f\u00f6r att uppfylla v\u00e5ra f\u00f6rpliktelser enligt avtal eller lag. I de fall vi l\u00e4mnar ut personuppgifter till tredje part uppr\u00e4ttar vi sekretessavtal\/bitr\u00e4desavtal samt s\u00e4kerst\u00e4ller att personuppgifterna behandlas p\u00e5 ett betryggande s\u00e4tt.<\/p>\n\n\n\n<div style=\"height:15px\" aria-hidden=\"true\" class=\"wp-block-spacer\"><\/div>\n\n\n\n<p><strong>6. Hur skyddar vi dina personuppgifter?<\/strong><br>Din integritet \u00e4r viktig f\u00f6r oss och d\u00e4rf\u00f6r s\u00e4tter vi s\u00e4kerheten i fokus. Vi vidtar \u00e5tg\u00e4rder f\u00f6r att skydda dina personuppgifter och arbetar l\u00f6pande med informationss\u00e4kerhet. Hos Wellbeing International, genom Lnu, har vi riktlinjer f\u00f6r hur vi skickar dina uppgifter p\u00e5 ett s\u00e4kert s\u00e4tt, och rutiner f\u00f6r att s\u00e4kra att de som arbetar f\u00f6r oss bara har tillg\u00e5ng till de uppgifter de beh\u00f6ver f\u00f6r att utf\u00f6ra sitt arbete. Vi arbetar l\u00f6pande med att uppdatera v\u00e5ra system s\u00e5 att vi kan logga h\u00e4ndelser, och arkiverar data utan s\u00f6kbarhet n\u00e4r dina personuppgifter m\u00e5ste lagras en l\u00e4ngre period, till exempel enligt bokf\u00f6ringslagen.<\/p>\n\n\n\n<div style=\"height:15px\" aria-hidden=\"true\" class=\"wp-block-spacer\"><\/div>\n\n\n\n<p><strong>7. Mina r\u00e4ttigheter<\/strong><br>N\u00e4r dina personuppgifter har blivit registrerade i ett register f\u00e5r du automatiskt vissa r\u00e4ttigheter. De inneb\u00e4r i korthet att du som registrerad ska kunna f\u00e5 information om n\u00e4r och hur dina personuppgifter behandlas, och att du har r\u00e4tt till kontroll \u00f6ver dina uppgifter. D\u00e4rf\u00f6r har du bland annat r\u00e4tt att i vissa fall f\u00e5 dina uppgifter r\u00e4ttade, raderade och blockerade samt att f\u00e5 ut utdrag \u00f6ver dina registrerade personuppgifter. Dessa r\u00e4ttigheter g\u00e4ller enligt dataskydds lagstiftningen. Om du vill utnyttja n\u00e5gon av dina r\u00e4ttigheter kontaktar du oss via epost (se kontaktuppgifter nedan).<\/p>\n\n\n\n<p>\u2022 Tillg\u00e5ng till dina personuppgifter. Du har r\u00e4tt att f\u00e5 en bekr\u00e4ftelse p\u00e5 om vi behandlar dina personuppgifter och ett utdrag \u00f6ver vilka uppgifter vi behandlar. Du har r\u00e4tt att f\u00e5 utdrag en g\u00e5ng per tolvm\u00e5nadersperiod.<\/p>\n\n\n\n<p>\u2022 Beg\u00e4ra r\u00e4ttelse. Du har r\u00e4tt att f\u00e5 felaktiga uppgifter r\u00e4ttade.<\/p>\n\n\n\n<p>\u2022 Beg\u00e4ra att raderas. Du har r\u00e4tt att under vissa omst\u00e4ndigheter f\u00e5 dina uppgifter borttagna.<\/p>\n\n\n\n<p>\u2022 Inv\u00e4nda mot behandling som st\u00f6djer sig p\u00e5 v\u00e5rt ber\u00e4ttigade intresse och mot behandling f\u00f6r direktmarknadsf\u00f6ring. Du har r\u00e4tt att inv\u00e4nda mot hur vi hanterar dina personuppgifter eller att hanteringen begr\u00e4nsas.<\/p>\n\n\n\n<p>F\u00f6r att f\u00e5 veta mer om dataskyddslagstiftningen och dina r\u00e4ttigheter kan du l\u00e4sa mer h\u00e4r: <a href=\"https:\/\/www.imy.se\/\">https:\/\/www.imy.se\/<\/a>&nbsp;<\/p>\n\n\n\n<p>Om du skulle anse att v\u00e5r behandling av dina personuppgifter inte sker i enlighet med dataskyddslagstiftningen vill vi g\u00e4rna att du tar kontakt med oss. Du har \u00e4ven r\u00e4tt att klaga till Integritetsskyddsmyndigheten som \u00e4r tillsynsmyndighet.<\/p>\n\n\n\n<div style=\"height:15px\" aria-hidden=\"true\" class=\"wp-block-spacer\"><\/div>\n\n\n\n<p><strong>8. Hur tackar jag nej till direktmarknadsf\u00f6ring?<\/strong><br>Wellbeing International (och projektet SB WELL) kan anv\u00e4nda din e-postadress f\u00f6r direktmarknadsf\u00f6ring om du v\u00e4ljer att ange att du vill ta emot det. Om du inte vill att vi anv\u00e4nder din e-postadress f\u00f6r direktmarknadsf\u00f6ring sedan du accepterade det s\u00e5 kan du avsluta utskick till dig genom den l\u00e4nk du \u00e5terfinner i utskicket. Observera att \u00e4ven nyhetsbrev r\u00e4knas till direktmarknadsf\u00f6ring.<\/p>\n\n\n\n<div style=\"height:15px\" aria-hidden=\"true\" class=\"wp-block-spacer\"><\/div>\n\n\n\n<p><strong>9. Kontaktuppgifter<\/strong><br>Linn\u00e9universitetet 202100-6271 \u00e4r personuppgiftsansvariga f\u00f6r hanteringen av dina personuppgifter. Om du vill ha ytterligare information om hur dina personuppgifter hanteras eller om du vill ut\u00f6va dina r\u00e4ttigheter, kontakta oss p\u00e5:<\/p>\n\n\n\n<p>Linn\u00e9universitetet<br>351 95 V\u00e4xj\u00f6<br>E-post: dataskyddsombud@lnu.se<\/p>\n\n\n\n<p>Telefon: 0772-28 80 00<\/p>\n\n<\/div>\n\n\n\n<div style=\"height:42px\" aria-hidden=\"true\" class=\"wp-block-spacer\"><\/div>\n","protected":false},"excerpt":{"rendered":"","protected":false},"author":1,"featured_media":9181,"parent":0,"menu_order":145,"comment_status":"closed","ping_status":"closed","template":"about-us-template.php","meta":{"_acf_changed":false,"footnotes":""},"class_list":["post-11488","page","type-page","status-publish","has-post-thumbnail","hentry"],"acf":[],"yoast_head":"<!-- This site is optimized with the Yoast SEO plugin v27.1.1 - https:\/\/yoast.com\/product\/yoast-seo-wordpress\/ -->\n<title>Integritetspolicy - Wellbeing<\/title>\n<meta name=\"robots\" content=\"index, follow, max-snippet:-1, max-image-preview:large, max-video-preview:-1\" \/>\n<link rel=\"canonical\" href=\"https:\/\/wellbeingtourism.com\/sv\/about-the-webpage\/\" \/>\n<meta property=\"og:locale\" content=\"sv_SE\" \/>\n<meta property=\"og:type\" content=\"article\" \/>\n<meta property=\"og:title\" content=\"Integritetspolicy - Wellbeing\" \/>\n<meta property=\"og:url\" content=\"https:\/\/wellbeingtourism.com\/sv\/about-the-webpage\/\" \/>\n<meta property=\"og:site_name\" content=\"Wellbeing\" \/>\n<meta property=\"article:modified_time\" content=\"2022-06-22T07:56:36+00:00\" \/>\n<meta property=\"og:image\" content=\"https:\/\/wellbeingtourism.com\/app\/uploads\/2021\/06\/image-30.png\" \/>\n\t<meta property=\"og:image:width\" content=\"1440\" \/>\n\t<meta property=\"og:image:height\" content=\"308\" \/>\n\t<meta property=\"og:image:type\" content=\"image\/png\" \/>\n<meta name=\"twitter:card\" content=\"summary_large_image\" \/>\n<meta name=\"twitter:label1\" content=\"Est. reading time\" \/>\n\t<meta name=\"twitter:data1\" content=\"5 minutes\" \/>\n<script type=\"application\/ld+json\" class=\"yoast-schema-graph\">{\"@context\":\"https:\/\/schema.org\",\"@graph\":[{\"@type\":\"WebPage\",\"@id\":\"https:\/\/wellbeingtourism.com\/sv\/about-the-webpage\/\",\"url\":\"https:\/\/wellbeingtourism.com\/sv\/about-the-webpage\/\",\"name\":\"Integritetspolicy - Wellbeing\",\"isPartOf\":{\"@id\":\"https:\/\/wellbeingtourism.com\/#website\"},\"primaryImageOfPage\":{\"@id\":\"https:\/\/wellbeingtourism.com\/sv\/about-the-webpage\/#primaryimage\"},\"image\":{\"@id\":\"https:\/\/wellbeingtourism.com\/sv\/about-the-webpage\/#primaryimage\"},\"thumbnailUrl\":\"https:\/\/wellbeingtourism.com\/app\/uploads\/2021\/06\/image-30.png\",\"datePublished\":\"2021-03-02T12:18:03+00:00\",\"dateModified\":\"2022-06-22T07:56:36+00:00\",\"breadcrumb\":{\"@id\":\"https:\/\/wellbeingtourism.com\/sv\/about-the-webpage\/#breadcrumb\"},\"inLanguage\":\"sv-SE\",\"potentialAction\":[{\"@type\":\"ReadAction\",\"target\":[\"https:\/\/wellbeingtourism.com\/sv\/about-the-webpage\/\"]}]},{\"@type\":\"ImageObject\",\"inLanguage\":\"sv-SE\",\"@id\":\"https:\/\/wellbeingtourism.com\/sv\/about-the-webpage\/#primaryimage\",\"url\":\"https:\/\/wellbeingtourism.com\/app\/uploads\/2021\/06\/image-30.png\",\"contentUrl\":\"https:\/\/wellbeingtourism.com\/app\/uploads\/2021\/06\/image-30.png\",\"width\":1440,\"height\":308},{\"@type\":\"BreadcrumbList\",\"@id\":\"https:\/\/wellbeingtourism.com\/sv\/about-the-webpage\/#breadcrumb\",\"itemListElement\":[{\"@type\":\"ListItem\",\"position\":1,\"name\":\"Home\",\"item\":\"https:\/\/wellbeingtourism.com\/sv\/\"},{\"@type\":\"ListItem\",\"position\":2,\"name\":\"Integritetspolicy\"}]},{\"@type\":\"WebSite\",\"@id\":\"https:\/\/wellbeingtourism.com\/#website\",\"url\":\"https:\/\/wellbeingtourism.com\/\",\"name\":\"Wellbeing\",\"description\":\"Discover our places &amp; hosts\",\"potentialAction\":[{\"@type\":\"SearchAction\",\"target\":{\"@type\":\"EntryPoint\",\"urlTemplate\":\"https:\/\/wellbeingtourism.com\/?s={search_term_string}\"},\"query-input\":{\"@type\":\"PropertyValueSpecification\",\"valueRequired\":true,\"valueName\":\"search_term_string\"}}],\"inLanguage\":\"sv-SE\"}]}<\/script>\n<!-- \/ Yoast SEO plugin. -->","yoast_head_json":{"title":"Integritetspolicy - Wellbeing","robots":{"index":"index","follow":"follow","max-snippet":"max-snippet:-1","max-image-preview":"max-image-preview:large","max-video-preview":"max-video-preview:-1"},"canonical":"https:\/\/wellbeingtourism.com\/sv\/about-the-webpage\/","og_locale":"sv_SE","og_type":"article","og_title":"Integritetspolicy - Wellbeing","og_url":"https:\/\/wellbeingtourism.com\/sv\/about-the-webpage\/","og_site_name":"Wellbeing","article_modified_time":"2022-06-22T07:56:36+00:00","og_image":[{"width":1440,"height":308,"url":"https:\/\/wellbeingtourism.com\/app\/uploads\/2021\/06\/image-30.png","type":"image\/png"}],"twitter_card":"summary_large_image","twitter_misc":{"Est. reading time":"5 minutes"},"schema":{"@context":"https:\/\/schema.org","@graph":[{"@type":"WebPage","@id":"https:\/\/wellbeingtourism.com\/sv\/about-the-webpage\/","url":"https:\/\/wellbeingtourism.com\/sv\/about-the-webpage\/","name":"Integritetspolicy - Wellbeing","isPartOf":{"@id":"https:\/\/wellbeingtourism.com\/#website"},"primaryImageOfPage":{"@id":"https:\/\/wellbeingtourism.com\/sv\/about-the-webpage\/#primaryimage"},"image":{"@id":"https:\/\/wellbeingtourism.com\/sv\/about-the-webpage\/#primaryimage"},"thumbnailUrl":"https:\/\/wellbeingtourism.com\/app\/uploads\/2021\/06\/image-30.png","datePublished":"2021-03-02T12:18:03+00:00","dateModified":"2022-06-22T07:56:36+00:00","breadcrumb":{"@id":"https:\/\/wellbeingtourism.com\/sv\/about-the-webpage\/#breadcrumb"},"inLanguage":"sv-SE","potentialAction":[{"@type":"ReadAction","target":["https:\/\/wellbeingtourism.com\/sv\/about-the-webpage\/"]}]},{"@type":"ImageObject","inLanguage":"sv-SE","@id":"https:\/\/wellbeingtourism.com\/sv\/about-the-webpage\/#primaryimage","url":"https:\/\/wellbeingtourism.com\/app\/uploads\/2021\/06\/image-30.png","contentUrl":"https:\/\/wellbeingtourism.com\/app\/uploads\/2021\/06\/image-30.png","width":1440,"height":308},{"@type":"BreadcrumbList","@id":"https:\/\/wellbeingtourism.com\/sv\/about-the-webpage\/#breadcrumb","itemListElement":[{"@type":"ListItem","position":1,"name":"Home","item":"https:\/\/wellbeingtourism.com\/sv\/"},{"@type":"ListItem","position":2,"name":"Integritetspolicy"}]},{"@type":"WebSite","@id":"https:\/\/wellbeingtourism.com\/#website","url":"https:\/\/wellbeingtourism.com\/","name":"Wellbeing","description":"Discover our places &amp; hosts","potentialAction":[{"@type":"SearchAction","target":{"@type":"EntryPoint","urlTemplate":"https:\/\/wellbeingtourism.com\/?s={search_term_string}"},"query-input":{"@type":"PropertyValueSpecification","valueRequired":true,"valueName":"search_term_string"}}],"inLanguage":"sv-SE"}]}},"_links":{"self":[{"href":"https:\/\/wellbeingtourism.com\/sv\/wp-json\/wp\/v2\/pages\/11488","targetHints":{"allow":["GET"]}}],"collection":[{"href":"https:\/\/wellbeingtourism.com\/sv\/wp-json\/wp\/v2\/pages"}],"about":[{"href":"https:\/\/wellbeingtourism.com\/sv\/wp-json\/wp\/v2\/types\/page"}],"author":[{"embeddable":true,"href":"https:\/\/wellbeingtourism.com\/sv\/wp-json\/wp\/v2\/users\/1"}],"replies":[{"embeddable":true,"href":"https:\/\/wellbeingtourism.com\/sv\/wp-json\/wp\/v2\/comments?post=11488"}],"version-history":[{"count":4,"href":"https:\/\/wellbeingtourism.com\/sv\/wp-json\/wp\/v2\/pages\/11488\/revisions"}],"predecessor-version":[{"id":27984,"href":"https:\/\/wellbeingtourism.com\/sv\/wp-json\/wp\/v2\/pages\/11488\/revisions\/27984"}],"wp:featuredmedia":[{"embeddable":true,"href":"https:\/\/wellbeingtourism.com\/sv\/wp-json\/wp\/v2\/media\/9181"}],"wp:attachment":[{"href":"https:\/\/wellbeingtourism.com\/sv\/wp-json\/wp\/v2\/media?parent=11488"}],"curies":[{"name":"wp","href":"https:\/\/api.w.org\/{rel}","templated":true}]}}