{"id":11483,"date":"2021-03-02T12:18:20","date_gmt":"2021-03-02T12:18:20","guid":{"rendered":"https:\/\/wellbeingtourism.com\/contact-the-webmaster\/"},"modified":"2022-03-10T08:34:54","modified_gmt":"2022-03-10T08:34:54","slug":"contact-the-webmaster","status":"publish","type":"page","link":"https:\/\/wellbeingtourism.com\/sv\/contact-the-webmaster\/","title":{"rendered":"Kontakta webmaster"},"content":{"rendered":"<div class=\"wp-bootstrap-blocks-container container mb-2\">\n\t\n\n<div style=\"height:100px\" aria-hidden=\"true\" class=\"wp-block-spacer\"><\/div>\n\n\n<link rel='stylesheet' id='formidable-css' href='https:\/\/wellbeingtourism.com\/app\/plugins\/formidable\/css\/formidableforms.css?ver=3101057' type='text\/css' media='all' \/>\n<div class=\"frm_forms  with_frm_style frm_style_formidable-style\" id=\"frm_form_10_container\" >\n<form enctype=\"multipart\/form-data\" method=\"post\" class=\"frm-show-form \" id=\"form_contact-form60a2f9ff9c\" >\n<div class=\"frm_form_fields \">\n<fieldset>\n<legend class=\"frm_screen_reader\">Webmaster Contact<\/legend>\r\n\r\n<div class=\"frm_fields_container\">\n<input type=\"hidden\" name=\"frm_action\" value=\"create\" \/>\n<input type=\"hidden\" name=\"form_id\" value=\"10\" \/>\n<input type=\"hidden\" name=\"frm_hide_fields_10\" id=\"frm_hide_fields_10\" value=\"\" \/>\n<input type=\"hidden\" name=\"form_key\" value=\"contact-form60a2f9ff9c\" \/>\n<input type=\"hidden\" name=\"item_meta[0]\" value=\"\" \/>\n<input type=\"hidden\" id=\"frm_submit_entry_10\" name=\"frm_submit_entry_10\" value=\"cb1a49193a\" \/><input type=\"hidden\" name=\"_wp_http_referer\" value=\"\/sv\/wp-json\/wp\/v2\/pages\/11483\" \/><input type=\"hidden\" id=\"field_hhxs5\" name=\"item_meta[855]\" value=\"sv\"  data-frmval=\"sv\"  \/><div id=\"frm_field_838_container\" class=\"frm_form_field  frm12 frm_first frm_html_container form-field\">\n<h3> \u00c5terkoppling till webmaster<\/h3>\n<p> Ett varmt tack f\u00f6r att du tar dig tiden att \u00e5terkoppla- och rapportera in dina problem som du upplevt p\u00e5 sidan. Meddela g\u00e4rna v\u00e5r webmaster om du st\u00f6ter p\u00e5 n\u00e5gra tekniska utmaningar p\u00e5 en av v\u00e5ra webbsidor, har ett f\u00f6rslag eller en kommentar om sidan genom att fylla i formul\u00e4ret nedan. Din information hj\u00e4lper oss att forts\u00e4tta utveckla och f\u00f6rb\u00e4ttra wellbeingatlasen. V\u00e4nligen notera att detta formul\u00e4r endast \u00e4r till f\u00f6r att \u00e5terkoppla om webbsidan.<\/p><\/div>\n<div id=\"frm_field_847_container\" class=\"frm_form_field  frm12 frm_first frm_html_container form-field\">\n<h4>Vilken typ av information vill du dela med dig av?<\/h4>\n<p> <i> Kan vi f\u00f6rb\u00e4ttra n\u00e5gonting? \u00c4r inneh\u00e5llet inaktuellt? Har du m\u00f6tt n\u00e5gra utmaningar eller sv\u00e5righeter kopplat till anv\u00e4ndarv\u00e4nlighet eller tillg\u00e4nglighet? Har du tekniska problem med websidan som exempelvis brutna l\u00e4nkar eller felmeddelanden? V\u00e4nligen meddela oss!<\/i> <\/p>\n<p> Har du upplevt tekniska problem som brutna l\u00e4nkar eller felmeddelanden? V\u00e4nligen dela din upplevelse med oss.<\/p><\/div>\n<div id=\"frm_field_839_container\" class=\"frm_form_field form-field  frm_top_container vertical_radio\">\r\n    <div  id=\"field_dvnn3_label\" class=\"frm_primary_label\">\r\n        <span class=\"frm_required\" aria-hidden=\"true\"><\/span>\r\n    <\/div>\r\n    <div class=\"frm_opt_container\" aria-labelledby=\"field_dvnn3_label\" role=\"group\">\t\t<div class=\"frm_checkbox\" id=\"frm_checkbox_839-0\">\t\t\t<label  for=\"field_dvnn3-0\">\n\t\t\t<input type=\"checkbox\" name=\"item_meta[839][]\" id=\"field_dvnn3-0\" value=\"F\u00f6rslag f\u00f6rb\u00e4ttringar\"  data-invmsg=\"This field is invalid\"   \/> F\u00f6rslag f\u00f6rb\u00e4ttringar<\/label><\/div>\n\t\t<div class=\"frm_checkbox\" id=\"frm_checkbox_839-1\">\t\t\t<label  for=\"field_dvnn3-1\">\n\t\t\t<input type=\"checkbox\" name=\"item_meta[839][]\" id=\"field_dvnn3-1\" value=\"Tillg\u00e4nglighet\"  data-invmsg=\"This field is invalid\"   \/> Tillg\u00e4nglighet<\/label><\/div>\n\t\t<div class=\"frm_checkbox\" id=\"frm_checkbox_839-2\">\t\t\t<label  for=\"field_dvnn3-2\">\n\t\t\t<input type=\"checkbox\" name=\"item_meta[839][]\" id=\"field_dvnn3-2\" value=\"Problem med websidan\"  data-invmsg=\"This field is invalid\"   \/> Problem med websidan<\/label><\/div>\n\t\t<div class=\"frm_checkbox\" id=\"frm_checkbox_839-3\">\t\t\t<label  for=\"field_dvnn3-3\">\n\t\t\t<input type=\"checkbox\" name=\"item_meta[839][]\" id=\"field_dvnn3-3\" value=\"Problem med \u201cRegistrera dig\u201d \"  data-invmsg=\"This field is invalid\"   \/> Problem med \u201cRegistrera dig\u201d <\/label><\/div>\n\t\t<div class=\"frm_checkbox\" id=\"frm_checkbox_839-4\">\t\t\t<label  for=\"field_dvnn3-4\">\n\t\t\t<input type=\"checkbox\" name=\"item_meta[839][]\" id=\"field_dvnn3-4\" value=\"Problem med \u201dMitt konto\u201d\"  data-invmsg=\"This field is invalid\"   \/> Problem med \u201dMitt konto\u201d<\/label><\/div>\n<\/div>\r\n    \r\n    \r\n<\/div>\n<div id=\"frm_field_840_container\" class=\"frm_form_field  frm12 frm_first frm_html_container form-field\">\n<h4> URL d\u00e4r problemet uppst\u00e5r <span style=\"color:#dc6016;\">*<\/span><\/h4>\n<p> <i> Dela webbadressen (URL:en) p\u00e5 sidan eller p\u00e5 materialet du f\u00f6rs\u00f6kt komma \u00e5t, kopiera och klistra in, exempelvis: <\/i> <img decoding=\"async\" src=\"\/app\/uploads\/2021\/12\/field.png\"><\/div>\n<div id=\"frm_field_841_container\" class=\"frm_form_field form-field  frm_top_container frm12 frm_first\">\r\n    <label for=\"field_m3vjf\" id=\"field_m3vjf_label\" class=\"frm_primary_label\">Webbsida\/URL\r\n        <span class=\"frm_required\" aria-hidden=\"true\"><\/span>\r\n    <\/label>\r\n    <input type=\"url\" id=\"field_m3vjf\" name=\"item_meta[841]\" value=\"\"  data-invmsg=\"Website\/URL is invalid\" aria-invalid=\"false\"   aria-describedby=\"frm_desc_field_m3vjf\"\/>\r\n    <div class=\"frm_description\" id=\"frm_desc_field_m3vjf\">*V\u00e4nligen kopiera och klistra in URL:en p\u00e5 sidan d\u00e4r du upplever problem, om du har f\u00f6rslag eller tips p\u00e5 f\u00f6rb\u00e4ttringar i detta f\u00e4lt.<\/div>\r\n    \r\n<\/div>\n<div id=\"frm_field_842_container\" class=\"frm_form_field  frm12 frm_first frm_html_container form-field\">\n<h4> Beskriv din utmaning <\/h4>\n<p> V\u00e4nligen beskriv problemet du m\u00f6tt eller f\u00f6rslaget du vill dela med dig av <span style=\"color:#dc6016;\"> Maximalt 1000 tecken <\/span><\/div>\n<div id=\"frm_field_846_container\" class=\"frm_form_field form-field  frm_top_container\">\r\n    <label for=\"field_w8jn9\" id=\"field_w8jn9_label\" class=\"frm_primary_label\">\r\n        <span class=\"frm_required\" aria-hidden=\"true\"><\/span>\r\n    <\/label>\r\n    <textarea name=\"item_meta[846]\" id=\"field_w8jn9\" rows=\"5\"  data-invmsg=\"This field is invalid\" aria-invalid=\"false\"   aria-describedby=\"frm_desc_field_w8jn9\"><\/textarea>\r\n    <div class=\"frm_description\" id=\"frm_desc_field_w8jn9\"><i> V\u00e4nligen var s\u00e5 specifik som m\u00f6jlig<\/i><\/div>\r\n    \r\n<\/div>\n<div id=\"frm_field_848_container\" class=\"frm_form_field  frm12 frm_first frm_html_container form-field\">\n<h4> Disclaimer &#8211; ansvarsfriskrivning <\/h4>\n<p> Inga personuppgifter samlas in n\u00e4r du l\u00e4mnar information i formul\u00e4ret ovan. V\u00e4nligen utl\u00e4mna ditt namn, telefonnummer, mejladress eller n\u00e5gon annan personlig information n\u00e4r du l\u00e4gger in information i f\u00e4ltet \u201dBeskriv din utmaning\u201d. Du kommer inte att f\u00e5 \u00e5terkoppling p\u00e5 detta mejl, men vi kommer att granska och \u00e5tg\u00e4rda problem och utmaningar som inneb\u00e4r en f\u00f6rs\u00e4mrad upplevelse f\u00f6r dig som bes\u00f6kare p\u00e5 v\u00e5r webbsida.  Om du beh\u00f6v personlig hj\u00e4lp f\u00f6r att \u201dRegistrera dig\u201d eller m\u00f6ter utmaningar med \u201dMitt konto\u201d kan du kontakta wellbeingteamet i ditt omr\u00e5de.  Kontaktuppgifterna hittar du <a href=\"\/sv\/about-us\/\">h\u00e4r.<\/a><\/div>\n<div id=\"frm_field_1280_container\" class=\"frm_form_field form-field  frm_none_container\">\n    <label for=\"g-recaptcha-response\" id=\"field_um47y_label\" class=\"frm_primary_label\">Captcha\n        <span class=\"frm_required\" aria-hidden=\"true\"><\/span>\n    <\/label>\n    <div  id=\"field_um47y\" class=\"frm-g-recaptcha\" data-sitekey=\"6LfYsNAeAAAAAOyY9aSbK6GLxKIe5ukPWwgBvUvN\" data-size=\"normal\" data-theme=\"light\"><\/div>\n    \n    \n<\/div>\n<div id=\"frm_field_1292_container\" class=\"frm_form_field form-field \">\n\t<div class=\"frm_submit\">\r\n\r\n<button class=\"frm_button_submit\" type=\"submit\"  >Submit<\/button>\r\n\r\n<\/div>\n<\/div>\n\t<input type=\"hidden\" name=\"item_key\" value=\"\" \/>\n\t\t\t<div id=\"frm_field_1293_container\">\n\t\t\t<label for=\"field_4i68u\" >\n\t\t\t\tIf you are human, leave this field blank.\t\t\t<\/label>\n\t\t\t<input  id=\"field_4i68u\" type=\"text\" class=\"frm_form_field form-field frm_verify\" name=\"item_meta[1293]\" value=\"\"  \/>\n\t\t<\/div>\n\t\t<\/div>\n<\/fieldset>\n<\/div>\n\n<\/form>\n<\/div>\n\n<\/div>\n","protected":false},"excerpt":{"rendered":"","protected":false},"author":1,"featured_media":9181,"parent":0,"menu_order":133,"comment_status":"closed","ping_status":"closed","template":"about-us-template.php","meta":{"_acf_changed":false,"footnotes":""},"class_list":["post-11483","page","type-page","status-publish","has-post-thumbnail","hentry"],"acf":[],"yoast_head":"<!-- This site is optimized with the Yoast SEO plugin v27.1.1 - https:\/\/yoast.com\/product\/yoast-seo-wordpress\/ -->\n<title>Kontakta webmaster - Wellbeing<\/title>\n<meta name=\"robots\" content=\"index, follow, max-snippet:-1, max-image-preview:large, max-video-preview:-1\" \/>\n<link rel=\"canonical\" href=\"https:\/\/wellbeingtourism.com\/sv\/contact-the-webmaster\/\" \/>\n<meta property=\"og:locale\" content=\"sv_SE\" \/>\n<meta property=\"og:type\" content=\"article\" \/>\n<meta property=\"og:title\" content=\"Kontakta webmaster - Wellbeing\" \/>\n<meta property=\"og:url\" content=\"https:\/\/wellbeingtourism.com\/sv\/contact-the-webmaster\/\" \/>\n<meta property=\"og:site_name\" content=\"Wellbeing\" \/>\n<meta property=\"article:modified_time\" content=\"2022-03-10T08:34:54+00:00\" \/>\n<meta property=\"og:image\" content=\"https:\/\/wellbeingtourism.com\/app\/uploads\/2021\/06\/image-30.png\" \/>\n\t<meta property=\"og:image:width\" content=\"1440\" \/>\n\t<meta property=\"og:image:height\" content=\"308\" \/>\n\t<meta property=\"og:image:type\" content=\"image\/png\" \/>\n<meta name=\"twitter:card\" content=\"summary_large_image\" \/>\n<meta name=\"twitter:label1\" content=\"Est. reading time\" \/>\n\t<meta name=\"twitter:data1\" content=\"1 minute\" \/>\n<script type=\"application\/ld+json\" class=\"yoast-schema-graph\">{\"@context\":\"https:\/\/schema.org\",\"@graph\":[{\"@type\":\"WebPage\",\"@id\":\"https:\/\/wellbeingtourism.com\/sv\/contact-the-webmaster\/\",\"url\":\"https:\/\/wellbeingtourism.com\/sv\/contact-the-webmaster\/\",\"name\":\"Kontakta webmaster - Wellbeing\",\"isPartOf\":{\"@id\":\"https:\/\/wellbeingtourism.com\/#website\"},\"primaryImageOfPage\":{\"@id\":\"https:\/\/wellbeingtourism.com\/sv\/contact-the-webmaster\/#primaryimage\"},\"image\":{\"@id\":\"https:\/\/wellbeingtourism.com\/sv\/contact-the-webmaster\/#primaryimage\"},\"thumbnailUrl\":\"https:\/\/wellbeingtourism.com\/app\/uploads\/2021\/06\/image-30.png\",\"datePublished\":\"2021-03-02T12:18:20+00:00\",\"dateModified\":\"2022-03-10T08:34:54+00:00\",\"breadcrumb\":{\"@id\":\"https:\/\/wellbeingtourism.com\/sv\/contact-the-webmaster\/#breadcrumb\"},\"inLanguage\":\"sv-SE\",\"potentialAction\":[{\"@type\":\"ReadAction\",\"target\":[\"https:\/\/wellbeingtourism.com\/sv\/contact-the-webmaster\/\"]}]},{\"@type\":\"ImageObject\",\"inLanguage\":\"sv-SE\",\"@id\":\"https:\/\/wellbeingtourism.com\/sv\/contact-the-webmaster\/#primaryimage\",\"url\":\"https:\/\/wellbeingtourism.com\/app\/uploads\/2021\/06\/image-30.png\",\"contentUrl\":\"https:\/\/wellbeingtourism.com\/app\/uploads\/2021\/06\/image-30.png\",\"width\":1440,\"height\":308},{\"@type\":\"BreadcrumbList\",\"@id\":\"https:\/\/wellbeingtourism.com\/sv\/contact-the-webmaster\/#breadcrumb\",\"itemListElement\":[{\"@type\":\"ListItem\",\"position\":1,\"name\":\"Home\",\"item\":\"https:\/\/wellbeingtourism.com\/sv\/\"},{\"@type\":\"ListItem\",\"position\":2,\"name\":\"Kontakta webmaster\"}]},{\"@type\":\"WebSite\",\"@id\":\"https:\/\/wellbeingtourism.com\/#website\",\"url\":\"https:\/\/wellbeingtourism.com\/\",\"name\":\"Wellbeing\",\"description\":\"Discover our places &amp; hosts\",\"potentialAction\":[{\"@type\":\"SearchAction\",\"target\":{\"@type\":\"EntryPoint\",\"urlTemplate\":\"https:\/\/wellbeingtourism.com\/?s={search_term_string}\"},\"query-input\":{\"@type\":\"PropertyValueSpecification\",\"valueRequired\":true,\"valueName\":\"search_term_string\"}}],\"inLanguage\":\"sv-SE\"}]}<\/script>\n<!-- \/ Yoast SEO plugin. -->","yoast_head_json":{"title":"Kontakta webmaster - Wellbeing","robots":{"index":"index","follow":"follow","max-snippet":"max-snippet:-1","max-image-preview":"max-image-preview:large","max-video-preview":"max-video-preview:-1"},"canonical":"https:\/\/wellbeingtourism.com\/sv\/contact-the-webmaster\/","og_locale":"sv_SE","og_type":"article","og_title":"Kontakta webmaster - Wellbeing","og_url":"https:\/\/wellbeingtourism.com\/sv\/contact-the-webmaster\/","og_site_name":"Wellbeing","article_modified_time":"2022-03-10T08:34:54+00:00","og_image":[{"width":1440,"height":308,"url":"https:\/\/wellbeingtourism.com\/app\/uploads\/2021\/06\/image-30.png","type":"image\/png"}],"twitter_card":"summary_large_image","twitter_misc":{"Est. reading time":"1 minute"},"schema":{"@context":"https:\/\/schema.org","@graph":[{"@type":"WebPage","@id":"https:\/\/wellbeingtourism.com\/sv\/contact-the-webmaster\/","url":"https:\/\/wellbeingtourism.com\/sv\/contact-the-webmaster\/","name":"Kontakta webmaster - Wellbeing","isPartOf":{"@id":"https:\/\/wellbeingtourism.com\/#website"},"primaryImageOfPage":{"@id":"https:\/\/wellbeingtourism.com\/sv\/contact-the-webmaster\/#primaryimage"},"image":{"@id":"https:\/\/wellbeingtourism.com\/sv\/contact-the-webmaster\/#primaryimage"},"thumbnailUrl":"https:\/\/wellbeingtourism.com\/app\/uploads\/2021\/06\/image-30.png","datePublished":"2021-03-02T12:18:20+00:00","dateModified":"2022-03-10T08:34:54+00:00","breadcrumb":{"@id":"https:\/\/wellbeingtourism.com\/sv\/contact-the-webmaster\/#breadcrumb"},"inLanguage":"sv-SE","potentialAction":[{"@type":"ReadAction","target":["https:\/\/wellbeingtourism.com\/sv\/contact-the-webmaster\/"]}]},{"@type":"ImageObject","inLanguage":"sv-SE","@id":"https:\/\/wellbeingtourism.com\/sv\/contact-the-webmaster\/#primaryimage","url":"https:\/\/wellbeingtourism.com\/app\/uploads\/2021\/06\/image-30.png","contentUrl":"https:\/\/wellbeingtourism.com\/app\/uploads\/2021\/06\/image-30.png","width":1440,"height":308},{"@type":"BreadcrumbList","@id":"https:\/\/wellbeingtourism.com\/sv\/contact-the-webmaster\/#breadcrumb","itemListElement":[{"@type":"ListItem","position":1,"name":"Home","item":"https:\/\/wellbeingtourism.com\/sv\/"},{"@type":"ListItem","position":2,"name":"Kontakta webmaster"}]},{"@type":"WebSite","@id":"https:\/\/wellbeingtourism.com\/#website","url":"https:\/\/wellbeingtourism.com\/","name":"Wellbeing","description":"Discover our places &amp; hosts","potentialAction":[{"@type":"SearchAction","target":{"@type":"EntryPoint","urlTemplate":"https:\/\/wellbeingtourism.com\/?s={search_term_string}"},"query-input":{"@type":"PropertyValueSpecification","valueRequired":true,"valueName":"search_term_string"}}],"inLanguage":"sv-SE"}]}},"_links":{"self":[{"href":"https:\/\/wellbeingtourism.com\/sv\/wp-json\/wp\/v2\/pages\/11483","targetHints":{"allow":["GET"]}}],"collection":[{"href":"https:\/\/wellbeingtourism.com\/sv\/wp-json\/wp\/v2\/pages"}],"about":[{"href":"https:\/\/wellbeingtourism.com\/sv\/wp-json\/wp\/v2\/types\/page"}],"author":[{"embeddable":true,"href":"https:\/\/wellbeingtourism.com\/sv\/wp-json\/wp\/v2\/users\/1"}],"replies":[{"embeddable":true,"href":"https:\/\/wellbeingtourism.com\/sv\/wp-json\/wp\/v2\/comments?post=11483"}],"version-history":[{"count":1,"href":"https:\/\/wellbeingtourism.com\/sv\/wp-json\/wp\/v2\/pages\/11483\/revisions"}],"predecessor-version":[{"id":24316,"href":"https:\/\/wellbeingtourism.com\/sv\/wp-json\/wp\/v2\/pages\/11483\/revisions\/24316"}],"wp:featuredmedia":[{"embeddable":true,"href":"https:\/\/wellbeingtourism.com\/sv\/wp-json\/wp\/v2\/media\/9181"}],"wp:attachment":[{"href":"https:\/\/wellbeingtourism.com\/sv\/wp-json\/wp\/v2\/media?parent=11483"}],"curies":[{"name":"wp","href":"https:\/\/api.w.org\/{rel}","templated":true}]}}