{"id":11117,"date":"2021-05-15T08:16:45","date_gmt":"2021-05-15T08:16:45","guid":{"rendered":"https:\/\/wellbeingtourism.com\/account\/password-reset\/"},"modified":"2022-09-07T11:44:30","modified_gmt":"2022-09-07T11:44:30","slug":"password-reset","status":"publish","type":"page","link":"https:\/\/wellbeingtourism.com\/sv\/account\/password-reset\/","title":{"rendered":"\u00c5terst\u00e4ll ditt l\u00f6senord"},"content":{"rendered":"\n<div id=\"frm-reset-password-0\" class=\"frm_forms with_frm_style  frm_style_formidable-style\">\n\n\t<form id=\"lostpasswordform_0\" action=\"https:\/\/wellbeingtourism.com\/wp\/wp-login.php?action=lostpassword\" method=\"post\" class=\"frm-show-form\">\n\n\t\t\n\t\t<div class=\"frm_form_fields\">\n\t\t\t<fieldset>\n\n\t\t\t\t<div class=\"frm_description\">\n\t\t\t\t\t<p>V\u00e4nligen skriv in ditt anv\u00e4ndarnamn eller din mejladress. Du kommer att f\u00e5 en l\u00e4nk via din mejl,  via den kan du skapa ett nytt l\u00f6senord. <\/p>\n\t\t\t\t<\/div>\n\n\t\t\t\t<div class=\"frm_form_field form-field frm_top_container\">\n\t\t\t\t\t<label for=\"user_login_0\" class=\"frm_primary_label\">Anv\u00e4ndarnamn eller mejladress\t\t\t\t\t\t<span class=\"frm_required\">*<\/span>\n\t\t\t\t\t<\/label>\n\t\t\t\t\t<input type=\"text\" id=\"user_login_0\" name=\"user_login\">\n\t\t\t\t<\/div>\n\n\t\t\t\t\n\t\t\t\t<div class=\"frm_submit\">\n\t\t\t\t\t<input value=\"F\u00e5 ett nytt l\u00f6senord\" type=\"submit\">\n\t\t\t\t<\/div>\n\n\t\t\t<\/fieldset>\n\t\t<\/div>\n\t<\/form>\n<\/div>\n\n\n<p><\/p>\n","protected":false},"excerpt":{"rendered":"","protected":false},"author":1,"featured_media":11118,"parent":11108,"menu_order":103,"comment_status":"closed","ping_status":"closed","template":"member-page.php","meta":{"_acf_changed":false,"footnotes":""},"class_list":["post-11117","page","type-page","status-publish","has-post-thumbnail","hentry"],"acf":[],"yoast_head":"<!-- This site is optimized with the Yoast SEO plugin v27.1.1 - https:\/\/yoast.com\/product\/yoast-seo-wordpress\/ -->\n<title>\u00c5terst\u00e4ll ditt l\u00f6senord - Wellbeing<\/title>\n<meta name=\"robots\" content=\"index, follow, max-snippet:-1, max-image-preview:large, max-video-preview:-1\" \/>\n<link rel=\"canonical\" href=\"https:\/\/wellbeingtourism.com\/sv\/account\/password-reset\/\" \/>\n<meta property=\"og:locale\" content=\"sv_SE\" \/>\n<meta property=\"og:type\" content=\"article\" \/>\n<meta property=\"og:title\" content=\"\u00c5terst\u00e4ll ditt l\u00f6senord - Wellbeing\" \/>\n<meta property=\"og:url\" content=\"https:\/\/wellbeingtourism.com\/sv\/account\/password-reset\/\" \/>\n<meta property=\"og:site_name\" content=\"Wellbeing\" \/>\n<meta property=\"article:modified_time\" content=\"2022-09-07T11:44:30+00:00\" \/>\n<meta property=\"og:image\" content=\"https:\/\/wellbeingtourism.com\/app\/uploads\/2021\/07\/image-31-1.png\" \/>\n\t<meta property=\"og:image:width\" content=\"1440\" \/>\n\t<meta property=\"og:image:height\" content=\"308\" \/>\n\t<meta property=\"og:image:type\" content=\"image\/png\" \/>\n<meta name=\"twitter:card\" content=\"summary_large_image\" \/>\n<meta name=\"twitter:label1\" content=\"Est. reading time\" \/>\n\t<meta name=\"twitter:data1\" content=\"1 minute\" \/>\n<script type=\"application\/ld+json\" class=\"yoast-schema-graph\">{\"@context\":\"https:\/\/schema.org\",\"@graph\":[{\"@type\":\"WebPage\",\"@id\":\"https:\/\/wellbeingtourism.com\/sv\/account\/password-reset\/\",\"url\":\"https:\/\/wellbeingtourism.com\/sv\/account\/password-reset\/\",\"name\":\"\u00c5terst\u00e4ll ditt l\u00f6senord - Wellbeing\",\"isPartOf\":{\"@id\":\"https:\/\/wellbeingtourism.com\/#website\"},\"primaryImageOfPage\":{\"@id\":\"https:\/\/wellbeingtourism.com\/sv\/account\/password-reset\/#primaryimage\"},\"image\":{\"@id\":\"https:\/\/wellbeingtourism.com\/sv\/account\/password-reset\/#primaryimage\"},\"thumbnailUrl\":\"https:\/\/wellbeingtourism.com\/app\/uploads\/2021\/07\/image-31-1.png\",\"datePublished\":\"2021-05-15T08:16:45+00:00\",\"dateModified\":\"2022-09-07T11:44:30+00:00\",\"breadcrumb\":{\"@id\":\"https:\/\/wellbeingtourism.com\/sv\/account\/password-reset\/#breadcrumb\"},\"inLanguage\":\"sv-SE\",\"potentialAction\":[{\"@type\":\"ReadAction\",\"target\":[\"https:\/\/wellbeingtourism.com\/sv\/account\/password-reset\/\"]}]},{\"@type\":\"ImageObject\",\"inLanguage\":\"sv-SE\",\"@id\":\"https:\/\/wellbeingtourism.com\/sv\/account\/password-reset\/#primaryimage\",\"url\":\"https:\/\/wellbeingtourism.com\/app\/uploads\/2021\/07\/image-31-1.png\",\"contentUrl\":\"https:\/\/wellbeingtourism.com\/app\/uploads\/2021\/07\/image-31-1.png\",\"width\":1440,\"height\":308},{\"@type\":\"BreadcrumbList\",\"@id\":\"https:\/\/wellbeingtourism.com\/sv\/account\/password-reset\/#breadcrumb\",\"itemListElement\":[{\"@type\":\"ListItem\",\"position\":1,\"name\":\"Home\",\"item\":\"https:\/\/wellbeingtourism.com\/sv\/\"},{\"@type\":\"ListItem\",\"position\":2,\"name\":\"Mitt f\u00f6retagskonto\",\"item\":\"https:\/\/wellbeingtourism.com\/sv\/account\/\"},{\"@type\":\"ListItem\",\"position\":3,\"name\":\"\u00c5terst\u00e4ll ditt l\u00f6senord\"}]},{\"@type\":\"WebSite\",\"@id\":\"https:\/\/wellbeingtourism.com\/#website\",\"url\":\"https:\/\/wellbeingtourism.com\/\",\"name\":\"Wellbeing\",\"description\":\"Discover our places &amp; hosts\",\"potentialAction\":[{\"@type\":\"SearchAction\",\"target\":{\"@type\":\"EntryPoint\",\"urlTemplate\":\"https:\/\/wellbeingtourism.com\/?s={search_term_string}\"},\"query-input\":{\"@type\":\"PropertyValueSpecification\",\"valueRequired\":true,\"valueName\":\"search_term_string\"}}],\"inLanguage\":\"sv-SE\"}]}<\/script>\n<!-- \/ Yoast SEO plugin. -->","yoast_head_json":{"title":"\u00c5terst\u00e4ll ditt l\u00f6senord - Wellbeing","robots":{"index":"index","follow":"follow","max-snippet":"max-snippet:-1","max-image-preview":"max-image-preview:large","max-video-preview":"max-video-preview:-1"},"canonical":"https:\/\/wellbeingtourism.com\/sv\/account\/password-reset\/","og_locale":"sv_SE","og_type":"article","og_title":"\u00c5terst\u00e4ll ditt l\u00f6senord - Wellbeing","og_url":"https:\/\/wellbeingtourism.com\/sv\/account\/password-reset\/","og_site_name":"Wellbeing","article_modified_time":"2022-09-07T11:44:30+00:00","og_image":[{"width":1440,"height":308,"url":"https:\/\/wellbeingtourism.com\/app\/uploads\/2021\/07\/image-31-1.png","type":"image\/png"}],"twitter_card":"summary_large_image","twitter_misc":{"Est. reading time":"1 minute"},"schema":{"@context":"https:\/\/schema.org","@graph":[{"@type":"WebPage","@id":"https:\/\/wellbeingtourism.com\/sv\/account\/password-reset\/","url":"https:\/\/wellbeingtourism.com\/sv\/account\/password-reset\/","name":"\u00c5terst\u00e4ll ditt l\u00f6senord - Wellbeing","isPartOf":{"@id":"https:\/\/wellbeingtourism.com\/#website"},"primaryImageOfPage":{"@id":"https:\/\/wellbeingtourism.com\/sv\/account\/password-reset\/#primaryimage"},"image":{"@id":"https:\/\/wellbeingtourism.com\/sv\/account\/password-reset\/#primaryimage"},"thumbnailUrl":"https:\/\/wellbeingtourism.com\/app\/uploads\/2021\/07\/image-31-1.png","datePublished":"2021-05-15T08:16:45+00:00","dateModified":"2022-09-07T11:44:30+00:00","breadcrumb":{"@id":"https:\/\/wellbeingtourism.com\/sv\/account\/password-reset\/#breadcrumb"},"inLanguage":"sv-SE","potentialAction":[{"@type":"ReadAction","target":["https:\/\/wellbeingtourism.com\/sv\/account\/password-reset\/"]}]},{"@type":"ImageObject","inLanguage":"sv-SE","@id":"https:\/\/wellbeingtourism.com\/sv\/account\/password-reset\/#primaryimage","url":"https:\/\/wellbeingtourism.com\/app\/uploads\/2021\/07\/image-31-1.png","contentUrl":"https:\/\/wellbeingtourism.com\/app\/uploads\/2021\/07\/image-31-1.png","width":1440,"height":308},{"@type":"BreadcrumbList","@id":"https:\/\/wellbeingtourism.com\/sv\/account\/password-reset\/#breadcrumb","itemListElement":[{"@type":"ListItem","position":1,"name":"Home","item":"https:\/\/wellbeingtourism.com\/sv\/"},{"@type":"ListItem","position":2,"name":"Mitt f\u00f6retagskonto","item":"https:\/\/wellbeingtourism.com\/sv\/account\/"},{"@type":"ListItem","position":3,"name":"\u00c5terst\u00e4ll ditt l\u00f6senord"}]},{"@type":"WebSite","@id":"https:\/\/wellbeingtourism.com\/#website","url":"https:\/\/wellbeingtourism.com\/","name":"Wellbeing","description":"Discover our places &amp; hosts","potentialAction":[{"@type":"SearchAction","target":{"@type":"EntryPoint","urlTemplate":"https:\/\/wellbeingtourism.com\/?s={search_term_string}"},"query-input":{"@type":"PropertyValueSpecification","valueRequired":true,"valueName":"search_term_string"}}],"inLanguage":"sv-SE"}]}},"_links":{"self":[{"href":"https:\/\/wellbeingtourism.com\/sv\/wp-json\/wp\/v2\/pages\/11117","targetHints":{"allow":["GET"]}}],"collection":[{"href":"https:\/\/wellbeingtourism.com\/sv\/wp-json\/wp\/v2\/pages"}],"about":[{"href":"https:\/\/wellbeingtourism.com\/sv\/wp-json\/wp\/v2\/types\/page"}],"author":[{"embeddable":true,"href":"https:\/\/wellbeingtourism.com\/sv\/wp-json\/wp\/v2\/users\/1"}],"replies":[{"embeddable":true,"href":"https:\/\/wellbeingtourism.com\/sv\/wp-json\/wp\/v2\/comments?post=11117"}],"version-history":[{"count":2,"href":"https:\/\/wellbeingtourism.com\/sv\/wp-json\/wp\/v2\/pages\/11117\/revisions"}],"predecessor-version":[{"id":34886,"href":"https:\/\/wellbeingtourism.com\/sv\/wp-json\/wp\/v2\/pages\/11117\/revisions\/34886"}],"up":[{"embeddable":true,"href":"https:\/\/wellbeingtourism.com\/sv\/wp-json\/wp\/v2\/pages\/11108"}],"wp:featuredmedia":[{"embeddable":true,"href":"https:\/\/wellbeingtourism.com\/sv\/wp-json\/wp\/v2\/media\/11118"}],"wp:attachment":[{"href":"https:\/\/wellbeingtourism.com\/sv\/wp-json\/wp\/v2\/media?parent=11117"}],"curies":[{"name":"wp","href":"https:\/\/api.w.org\/{rel}","templated":true}]}}