{"id":24640,"date":"2022-03-17T11:10:36","date_gmt":"2022-03-17T11:10:36","guid":{"rendered":"https:\/\/wellbeingtourism.com\/?page_id=24640"},"modified":"2022-07-12T11:07:37","modified_gmt":"2022-07-12T11:07:37","slug":"for-wellbeing-hosts","status":"publish","type":"page","link":"https:\/\/wellbeingtourism.com\/pl\/for-wellbeing-hosts\/","title":{"rendered":"Dla Gospodarzy Wellbeing"},"content":{"rendered":"<div class=\"slide-image-and-text\">\r\n<div class=\"slide-images\">\r\n            <div id=\"slider-topblock_5fdb79bd9c528\" class=\"slider-top\">\r\n            <div class=\"header-image\">\r\n                <img src='https:\/\/wellbeingtourism.com\/app\/uploads\/2020\/12\/image-29-1-1.png' alt='Slide Image'>                <div class=\"container\">\r\n                    <div class=\"slider-text\">\r\n                        <div class=\"small-text\"><h1>#HomeOfWellbeing<\/h1>\n<p>Gospodarzem wellbeing nazywamy osob\u0119 \u015bwiadom\u0105, \u017cyczliw\u0105, troskliw\u0105, uczciw\u0105 i radosn\u0105, kt\u00f3ra dba o dobre samopoczucie swoje i innych.<\/p>\n<p>Turystyka wellbeing to zr\u00f3wnowa\u017cona turystyka, kt\u00f3ra wspiera harmoni\u0119 i r\u00f3wnowag\u0119 cia\u0142a, umys\u0142u<br \/>\ni duszy. Je\u015bli podzielasz te warto\u015bci, mo\u017cesz pos\u0142ugiwa\u0107 si\u0119 mark\u0105 &#8220;Home of Wellbeing&#8221;. Cz\u0119\u015bci\u0105 tej marki zostajesz wtedy, gdy prowadz\u0105c restauracj\u0119, hotel, spa, si\u0142owni\u0119 lub jak\u0105kolwiek inn\u0105 dzia\u0142alno\u015b\u0107 turystyczn\u0105, dbasz jednocze\u015bnie o \u015brodowisko, pracujesz na rzecz spo\u0142eczno\u015bci lokalnej<br \/>\ni my\u015blisz o tym, jak przyczyni\u0107 si\u0119 do zapewniania dobrego samopoczucia wszystkim wok\u00f3\u0142 Ciebie.\u00a0 Marka &#8220;Home of Wellbeing&#8221; to TY.<\/p>\n<p><em><strong>Razem mo\u017cemy zacz\u0105\u0107 wprowadza\u0107 zmiany.<\/strong><\/em><\/p>\n<p>&nbsp;<\/p>\n<\/div>\r\n                    <\/div>\r\n                <\/div>\r\n            <\/div> \r\n        <\/div>\r\n\r\n   <\/div>\r\n<img decoding=\"async\" class=\"lotus-bottom\" src=\"https:\/\/wellbeingtourism.com\/app\/themes\/wellbeing\/images\/Lotus.png\">\r\n<\/div>\n\n\n<div style=\"height:100px\" aria-hidden=\"true\" class=\"wp-block-spacer\"><\/div>\n\n\n<div class=\"wp-bootstrap-blocks-container container mb-2\">\n\t\n\n<h4 class=\"wp-block-heading\" id=\"wellbeing-companies-and-hosts\">Firmy i gospodarze wellbeing<\/h4>\n\n\n\n<h5 class=\"wp-block-heading\" id=\"wellbeing-tourism-companies-are-those-that-are-aiming-towards-carrying-out-their-activities-in-harmony-with-the-involved-actors-and-with-care-towards-the-natural-environment-wellbeing-companies-are-honest-in-their-business-aware-of-how-their-activities-are-impacting-the-community-and-natural-environment-as-well-as-of-the-main-concerns-of-the-society-in-which-they-act-caring-towards-both-guests-and-staff-while-upholding-a-kind-and-joyful-attitude\">Firmy turystyczne kieruj\u0105ce si\u0119 warto\u015bciami wellbeing d\u0105\u017c\u0105 do prowadzenia swojej dzia\u0142alno\u015bci w harmonii z zaanga\u017cowanymi podmiotami i z trosk\u0105 o \u015brodowisko naturalne. Firmy te s\u0105 \u015bwiadome wp\u0142ywu swoich decyzji na otoczenie i przyrod\u0119, charakteryzuj\u0105 si\u0119 uczciwo\u015bci\u0105 w dzia\u0142aniu oraz wra\u017cliwo\u015bci\u0105 na problemy spo\u0142eczne, a troszcz\u0105c si\u0119 o go\u015bci, jak i o personel, kieruj\u0105 si\u0119 \u017cyczliwo\u015bci\u0105 <br>i pozytywnym nastawieniem.<\/h5>\n\n\n\n<div style=\"height:33px\" aria-hidden=\"true\" class=\"wp-block-spacer\"><\/div>\n\n\n\n<h4 class=\"wp-block-heading\" id=\"learn-more-start-your-journey\">Dowiedz si\u0119 wi\u0119cej &#8211; rozpocznij swoj\u0105 podr\u00f3\u017c<\/h4>\n\n\n\n<h5 class=\"wp-block-heading\" id=\"read-our-booklets-see-our-films-and-find-tips-and-educational-cards-to-develop-your-business-and-knowledge-build-your-skills-and-carry-out-innovations-and-changes-or-just-make-adjustments-and-improvements\">Rozpoczynaj\u0105c podr\u00f3\u017c z turystyk\u0105 wellbeing przeczytaj nasze broszury, obejrzyj filmy, odkryj wskaz\u00f3wki i karty edukacyjne, kt\u00f3re dostarcz\u0105 Ci wiedzy i pomog\u0105 rozwin\u0105\u0107 Twoj\u0105 firm\u0119. Zadbaj o poszerzenie swoich umiej\u0119tno\u015bci, wprowadzaj\u0105c innowacje i zmiany lub po prostu zadbaj o ulepszenie tego, co ju\u017c osi\u0105gn\u0105\u0142e\u015b.<\/h5>\n\n\n\n<div style=\"height:25px\" aria-hidden=\"true\" class=\"wp-block-spacer\"><\/div>\n\n\n\n<h4 class=\"wp-block-heading\" id=\"the-importance-of-knowledge-sharing\">Znaczenie dzielenia si\u0119 wiedz\u0105<\/h4>\n\n\n\n<h5 class=\"wp-block-heading\" id=\"collaborate-and-build-collective-knowledge-grow-together-as-you-share-and-learn-from-others-so-share-on-social-media-in-your-local-networks-among-your-suppliers-and-to-your-guests-and-staff\">Dziel\u0105c si\u0119 wiedz\u0105 i ucz\u0105c si\u0119 od innych, wsp\u00f3lnie si\u0119 rozwijamy. Mo\u017cesz wykorzysta\u0107 portale spo\u0142eczno\u015bciowe, lokalne sieci sprzeda\u017cy lub dzieli\u0107 si\u0119 wiedz\u0105 ze swoimi dostawcami, go\u015b\u0107mi i pracownikami.<\/h5>\n\n<\/div>\n","protected":false},"excerpt":{"rendered":"","protected":false},"author":1,"featured_media":0,"parent":0,"menu_order":253,"comment_status":"closed","ping_status":"closed","template":"template-wellbeing-company.php","meta":{"_acf_changed":false,"footnotes":""},"class_list":["post-24640","page","type-page","status-publish","hentry"],"acf":[],"yoast_head":"<!-- This site is optimized with the Yoast SEO plugin v27.1.1 - https:\/\/yoast.com\/product\/yoast-seo-wordpress\/ -->\n<title>Dla Gospodarzy Wellbeing - Wellbeing<\/title>\n<meta name=\"robots\" content=\"index, follow, max-snippet:-1, max-image-preview:large, max-video-preview:-1\" \/>\n<link rel=\"canonical\" href=\"https:\/\/wellbeingtourism.com\/pl\/for-wellbeing-hosts\/\" \/>\n<meta property=\"og:locale\" content=\"pl_PL\" \/>\n<meta property=\"og:type\" content=\"article\" \/>\n<meta property=\"og:title\" content=\"Dla Gospodarzy Wellbeing - Wellbeing\" \/>\n<meta property=\"og:url\" content=\"https:\/\/wellbeingtourism.com\/pl\/for-wellbeing-hosts\/\" \/>\n<meta property=\"og:site_name\" content=\"Wellbeing\" \/>\n<meta property=\"article:modified_time\" content=\"2022-07-12T11:07:37+00:00\" \/>\n<meta name=\"twitter:card\" content=\"summary_large_image\" \/>\n<meta name=\"twitter:label1\" content=\"Est. reading time\" \/>\n\t<meta name=\"twitter:data1\" content=\"1 minute\" \/>\n<script type=\"application\/ld+json\" class=\"yoast-schema-graph\">{\"@context\":\"https:\/\/schema.org\",\"@graph\":[{\"@type\":\"WebPage\",\"@id\":\"https:\/\/wellbeingtourism.com\/pl\/for-wellbeing-hosts\/\",\"url\":\"https:\/\/wellbeingtourism.com\/pl\/for-wellbeing-hosts\/\",\"name\":\"Dla Gospodarzy Wellbeing - Wellbeing\",\"isPartOf\":{\"@id\":\"https:\/\/wellbeingtourism.com\/#website\"},\"datePublished\":\"2022-03-17T11:10:36+00:00\",\"dateModified\":\"2022-07-12T11:07:37+00:00\",\"breadcrumb\":{\"@id\":\"https:\/\/wellbeingtourism.com\/pl\/for-wellbeing-hosts\/#breadcrumb\"},\"inLanguage\":\"pl-PL\",\"potentialAction\":[{\"@type\":\"ReadAction\",\"target\":[\"https:\/\/wellbeingtourism.com\/pl\/for-wellbeing-hosts\/\"]}]},{\"@type\":\"BreadcrumbList\",\"@id\":\"https:\/\/wellbeingtourism.com\/pl\/for-wellbeing-hosts\/#breadcrumb\",\"itemListElement\":[{\"@type\":\"ListItem\",\"position\":1,\"name\":\"Home\",\"item\":\"https:\/\/wellbeingtourism.com\/pl\/\"},{\"@type\":\"ListItem\",\"position\":2,\"name\":\"Dla Gospodarzy Wellbeing\"}]},{\"@type\":\"WebSite\",\"@id\":\"https:\/\/wellbeingtourism.com\/#website\",\"url\":\"https:\/\/wellbeingtourism.com\/\",\"name\":\"Wellbeing\",\"description\":\"Discover our places &amp; hosts\",\"potentialAction\":[{\"@type\":\"SearchAction\",\"target\":{\"@type\":\"EntryPoint\",\"urlTemplate\":\"https:\/\/wellbeingtourism.com\/?s={search_term_string}\"},\"query-input\":{\"@type\":\"PropertyValueSpecification\",\"valueRequired\":true,\"valueName\":\"search_term_string\"}}],\"inLanguage\":\"pl-PL\"}]}<\/script>\n<!-- \/ Yoast SEO plugin. -->","yoast_head_json":{"title":"Dla Gospodarzy Wellbeing - Wellbeing","robots":{"index":"index","follow":"follow","max-snippet":"max-snippet:-1","max-image-preview":"max-image-preview:large","max-video-preview":"max-video-preview:-1"},"canonical":"https:\/\/wellbeingtourism.com\/pl\/for-wellbeing-hosts\/","og_locale":"pl_PL","og_type":"article","og_title":"Dla Gospodarzy Wellbeing - Wellbeing","og_url":"https:\/\/wellbeingtourism.com\/pl\/for-wellbeing-hosts\/","og_site_name":"Wellbeing","article_modified_time":"2022-07-12T11:07:37+00:00","twitter_card":"summary_large_image","twitter_misc":{"Est. reading time":"1 minute"},"schema":{"@context":"https:\/\/schema.org","@graph":[{"@type":"WebPage","@id":"https:\/\/wellbeingtourism.com\/pl\/for-wellbeing-hosts\/","url":"https:\/\/wellbeingtourism.com\/pl\/for-wellbeing-hosts\/","name":"Dla Gospodarzy Wellbeing - Wellbeing","isPartOf":{"@id":"https:\/\/wellbeingtourism.com\/#website"},"datePublished":"2022-03-17T11:10:36+00:00","dateModified":"2022-07-12T11:07:37+00:00","breadcrumb":{"@id":"https:\/\/wellbeingtourism.com\/pl\/for-wellbeing-hosts\/#breadcrumb"},"inLanguage":"pl-PL","potentialAction":[{"@type":"ReadAction","target":["https:\/\/wellbeingtourism.com\/pl\/for-wellbeing-hosts\/"]}]},{"@type":"BreadcrumbList","@id":"https:\/\/wellbeingtourism.com\/pl\/for-wellbeing-hosts\/#breadcrumb","itemListElement":[{"@type":"ListItem","position":1,"name":"Home","item":"https:\/\/wellbeingtourism.com\/pl\/"},{"@type":"ListItem","position":2,"name":"Dla Gospodarzy Wellbeing"}]},{"@type":"WebSite","@id":"https:\/\/wellbeingtourism.com\/#website","url":"https:\/\/wellbeingtourism.com\/","name":"Wellbeing","description":"Discover our places &amp; hosts","potentialAction":[{"@type":"SearchAction","target":{"@type":"EntryPoint","urlTemplate":"https:\/\/wellbeingtourism.com\/?s={search_term_string}"},"query-input":{"@type":"PropertyValueSpecification","valueRequired":true,"valueName":"search_term_string"}}],"inLanguage":"pl-PL"}]}},"_links":{"self":[{"href":"https:\/\/wellbeingtourism.com\/pl\/wp-json\/wp\/v2\/pages\/24640","targetHints":{"allow":["GET"]}}],"collection":[{"href":"https:\/\/wellbeingtourism.com\/pl\/wp-json\/wp\/v2\/pages"}],"about":[{"href":"https:\/\/wellbeingtourism.com\/pl\/wp-json\/wp\/v2\/types\/page"}],"author":[{"embeddable":true,"href":"https:\/\/wellbeingtourism.com\/pl\/wp-json\/wp\/v2\/users\/1"}],"replies":[{"embeddable":true,"href":"https:\/\/wellbeingtourism.com\/pl\/wp-json\/wp\/v2\/comments?post=24640"}],"version-history":[{"count":18,"href":"https:\/\/wellbeingtourism.com\/pl\/wp-json\/wp\/v2\/pages\/24640\/revisions"}],"predecessor-version":[{"id":28361,"href":"https:\/\/wellbeingtourism.com\/pl\/wp-json\/wp\/v2\/pages\/24640\/revisions\/28361"}],"wp:attachment":[{"href":"https:\/\/wellbeingtourism.com\/pl\/wp-json\/wp\/v2\/media?parent=24640"}],"curies":[{"name":"wp","href":"https:\/\/api.w.org\/{rel}","templated":true}]}}