{"id":11632,"date":"2020-12-15T12:29:30","date_gmt":"2020-12-15T12:29:30","guid":{"rendered":"https:\/\/wellbeingtourism.com\/routes\/"},"modified":"2022-12-21T10:37:37","modified_gmt":"2022-12-21T10:37:37","slug":"routes","status":"publish","type":"page","link":"https:\/\/wellbeingtourism.com\/pl\/routes\/","title":{"rendered":"\u015acie\u017cki wellbeing"},"content":{"rendered":"<div class=\"slide-image-and-text\">\r\n<div class=\"slide-images\">\r\n            <div id=\"slider-topblock_5fedae181ea23\" class=\"slider-top\">\r\n            <div class=\"header-image\">\r\n                <img src='https:\/\/wellbeingtourism.com\/app\/uploads\/2020\/12\/image-30-1.png' alt='Slide Image'>                <div class=\"container\">\r\n                    <div class=\"slider-text\">\r\n                        <div class=\"small-text\"><h1>#WakacjeWellbeing<\/h1>\n<p>Region Po\u0142udniowego Ba\u0142tyku ma wspania\u0142\u0105 przyrod\u0119 oraz wyj\u0105tkowe dziedzictwo kulturowe, kt\u00f3re tylko czeka na odkrycie podczas wakacji, weekendu lub innej podr\u00f3\u017cy. Wellbeing to stan korzystny dla cia\u0142a, umys\u0142u, duszy, \u015brodowiska, spo\u0142ecze\u0144stwa i gospodarki &#8211; dla Ciebie i dla wszystkich innych!<\/p>\n<\/div>\r\n                    <\/div>\r\n                <\/div>\r\n            <\/div> \r\n        <\/div>\r\n\r\n   <\/div>\r\n<img decoding=\"async\" class=\"lotus-bottom\" src=\"https:\/\/wellbeingtourism.com\/app\/themes\/wellbeing\/images\/Lotus.png\">\r\n<\/div>\n\n<div class=\"tours-order\">\r\n    <!-- <img decoding=\"async\" class=\"lotus-top\" src=\"app\/themes\/wellbeing\/images\/Lotus.png\"> -->\r\n            <div class=\"places-title\"><h2>Wyrusz z nami w podr\u00f3\u017c wellbeing<\/h2><\/div>\r\n                <div class=\"places-description\">Odkrywaj z nami Twoje miejsca wellbeing! Podr\u00f3\u017cowanie to do\u015bwiadczanie, regeneracja, przyjemno\u015bci, odczuwanie harmonii i szcz\u0119\u015bcia. Kiedy czujesz si\u0119 dobrze, masz wi\u0119cej energii, aby dzia\u0142a\u0107 na rzecz miejsca, kt\u00f3re odwiedzasz.<br \/>\r\n<br \/>\r\nW regionie Po\u0142udniowego Ba\u0142tyku znajdziesz wyznaczone trasy wellbeing, na kt\u00f3rych zadbasz o dobre samopoczucie oraz harmoni\u0119 cia\u0142a, umys\u0142u i duszy. Trasy te s\u0105 specjalnie zaprojektowane tak, aby sk\u0142ada\u0142y si\u0119  z interesuj\u0105cych, wartych odwiedzenia miejsc, kt\u00f3rych gospodarze troszcz\u0105 si\u0119 o otaczaj\u0105c\u0105 przyrod\u0119 i jej bior\u00f3\u017cnorodno\u015b\u0107, jak r\u00f3wnie\u017c o ludzi i spo\u0142eczno\u015bci znajduj\u0105ce si\u0119 w pobli\u017cu. <br \/>\r\n<br \/>\r\nTe starannie wybrane trasy maj\u0105 zainspirowa\u0107 Ci\u0119 do korzystania z wyj\u0105tkowych miejsc wellbeing, w  mo\u017cliwie zr\u00f3wnowa\u017cony spos\u00f3b. Zanurz si\u0119 w naszych trasach, znajd\u017a swoje ulubione i stw\u00f3rz w\u0142asne wycieczki, wchodz\u0105c w relacje z naszymi go\u015bcinnymi gospodarzami i poznaj\u0105c pi\u0119kne miejsca.<\/div>\r\n            <div class=\"container\">\r\n        \r\n            <div class=\"row\">\r\n                                                                                 \r\n                            <div class=\"col-md-6 p-2\">\r\n                                                        <div class=\"places-holder-post\">\r\n                                    <a class=\"show-hover-excerpt\" href=\"https:\/\/wellbeingtourism.com\/pl\/route\/sustainable-tour-in-gdansk\/\">\r\n                                        <img loading=\"lazy\" decoding=\"async\" width=\"700\" height=\"500\" src=\"https:\/\/wellbeingtourism.com\/app\/uploads\/2021\/11\/pexels-julia-volk-5273641-700x500.jpg\" class=\"attachment-home_page_thumb_route size-home_page_thumb_route wp-post-image\" alt=\"\" \/>                                        <div class=\"content-places-holder\">\r\n                                                                                            <h3>Zr\u00f3wnowa\u017cona wycieczka po Gda\u0144sku<\/h3>\r\n                                                                                                                                    <p class=\"display-hover\">\r\n                                                <span class=\"show-excerpt\">Rozpocznij zr\u00f3wnowa\u017con\u0105 wycieczk\u0119 po Gda\u0144sku &#8211; stolicy regionu<\/span>\r\n                                            <\/p>\r\n                                                                                        <span class=\"arrow-go-places lnr lnr-chevron-right\"><\/span>\r\n\r\n                                            \r\n                                        <\/div>\r\n                                    <\/a>\r\n                                <\/div>\r\n                            <\/div>\r\n                                                                                                     \r\n                            <div class=\"col-md-6 p-2\">\r\n                                                        <div class=\"places-holder-post\">\r\n                                    <a class=\"show-hover-excerpt\" href=\"https:\/\/wellbeingtourism.com\/pl\/route\/kashubian\/\">\r\n                                        <img loading=\"lazy\" decoding=\"async\" width=\"700\" height=\"500\" src=\"https:\/\/wellbeingtourism.com\/app\/uploads\/2021\/11\/DSC01156-700x500.jpg\" class=\"attachment-home_page_thumb_route size-home_page_thumb_route wp-post-image\" alt=\"\" \/>                                        <div class=\"content-places-holder\">\r\n                                                                                            <h3>Kaszubski spok\u00f3j<\/h3>\r\n                                                                                                                                    <p class=\"display-hover\">\r\n                                                <span class=\"show-excerpt\">\u015acie\u017cka Kaszubskiego Spokoju \u2013 daj si\u0119 zahipnotyzowa\u0107 charakterystycznym krajobrazem i wyj\u0105tkowym pi\u0119knem przyrody.<\/span>\r\n                                            <\/p>\r\n                                                                                        <span class=\"arrow-go-places lnr lnr-chevron-right\"><\/span>\r\n\r\n                                            \r\n                                        <\/div>\r\n                                    <\/a>\r\n                                <\/div>\r\n                            <\/div>\r\n                                                                                                     \r\n                            <div class=\"col-md-6 p-2\">\r\n                                                        <div class=\"places-holder-post\">\r\n                                    <a class=\"show-hover-excerpt\" href=\"https:\/\/wellbeingtourism.com\/pl\/route\/seaside-wellbeing-rendezvous-in-the-lithuanian-winter\/\">\r\n                                        <img loading=\"lazy\" decoding=\"async\" width=\"700\" height=\"500\" src=\"https:\/\/wellbeingtourism.com\/app\/uploads\/2021\/11\/maudynes-sniege-700x500.webp\" class=\"attachment-home_page_thumb_route size-home_page_thumb_route wp-post-image\" alt=\"\" \/>                                        <div class=\"content-places-holder\">\r\n                                                                                            <h3>Nadmorskie wellbeing rendez-vous podczas litewskiej zimy<\/h3>\r\n                                                                                                                                    <p class=\"display-hover\">\r\n                                                <span class=\"show-excerpt\">Sezon zimowy na litewskim wybrze\u017cu oferuje niespodziewane mo\u017cliwo\u015bci dla wielbicieli wellbeing<\/span>\r\n                                            <\/p>\r\n                                                                                        <span class=\"arrow-go-places lnr lnr-chevron-right\"><\/span>\r\n\r\n                                            \r\n                                        <\/div>\r\n                                    <\/a>\r\n                                <\/div>\r\n                            <\/div>\r\n                                                                                                     \r\n                            <div class=\"col-md-6 p-2\">\r\n                                                        <div class=\"places-holder-post\">\r\n                                    <a class=\"show-hover-excerpt\" href=\"https:\/\/wellbeingtourism.com\/pl\/route\/beauty-of-nature\/\">\r\n                                        <img loading=\"lazy\" decoding=\"async\" width=\"700\" height=\"500\" src=\"https:\/\/wellbeingtourism.com\/app\/uploads\/2021\/11\/Depositphotos_7705845_XL-700x500.jpg\" class=\"attachment-home_page_thumb_route size-home_page_thumb_route wp-post-image\" alt=\"\" \/>                                        <div class=\"content-places-holder\">\r\n                                                                                            <h3>Pi\u0119kno przyrody<\/h3>\r\n                                                                                                                                    <p class=\"display-hover\">\r\n                                                <span class=\"show-excerpt\">Pla\u017ce, przyroda i wielokulturowe skarby na Wyspie Sobieszewskiej i wok\u00f3\u0142 Zalewu Wi\u015blanego.<\/span>\r\n                                            <\/p>\r\n                                                                                        <span class=\"arrow-go-places lnr lnr-chevron-right\"><\/span>\r\n\r\n                                            \r\n                                        <\/div>\r\n                                    <\/a>\r\n                                <\/div>\r\n                            <\/div>\r\n                                                                                                     \r\n                            <div class=\"col-md-6 p-2\">\r\n                                                        <div class=\"places-holder-post\">\r\n                                    <a class=\"show-hover-excerpt\" href=\"https:\/\/wellbeingtourism.com\/pl\/route\/ett-wellbeing-aventyr-upptack-sodra-oland\/\">\r\n                                        <img loading=\"lazy\" decoding=\"async\" width=\"700\" height=\"500\" src=\"https:\/\/wellbeingtourism.com\/app\/uploads\/2021\/12\/Olandruttbild-700x500.jpg\" class=\"attachment-home_page_thumb_route size-home_page_thumb_route wp-post-image\" alt=\"\u00d6lands turismorganisation\" \/>                                        <div class=\"content-places-holder\">\r\n                                                                                            <h3>Przygoda z wellbeing &#8211; odkryj po\u0142udniow\u0105 Olandi\u0119<\/h3>\r\n                                                                                                                                    <p class=\"display-hover\">\r\n                                                <span class=\"show-excerpt\">Przygoda wellbeing\u2013 odkryj miejsca i krajobrazy po\u0142udniowej Olandii<\/span>\r\n                                            <\/p>\r\n                                                                                        <span class=\"arrow-go-places lnr lnr-chevron-right\"><\/span>\r\n\r\n                                            \r\n                                        <\/div>\r\n                                    <\/a>\r\n                                <\/div>\r\n                            <\/div>\r\n                                                                                                     \r\n                            <div class=\"col-md-6 p-2\">\r\n                                                        <div class=\"places-holder-post\">\r\n                                    <a class=\"show-hover-excerpt\" href=\"https:\/\/wellbeingtourism.com\/pl\/route\/wellbeing-experiences-of-the-lithuanian-indian-summer\/\">\r\n                                        <img loading=\"lazy\" decoding=\"async\" width=\"700\" height=\"500\" src=\"https:\/\/wellbeingtourism.com\/app\/uploads\/2021\/11\/Neringos-papludimiai-rudeni-2-700x500.jpg\" class=\"attachment-home_page_thumb_route size-home_page_thumb_route wp-post-image\" alt=\"\" \/>                                        <div class=\"content-places-holder\">\r\n                                                                                            <h3>Zr\u00f3wnowa\u017cone do\u015bwiadczenia wellbeing podczas z\u0142otej litewskiej jesieni<\/h3>\r\n                                                                                                                                    <p class=\"display-hover\">\r\n                                                <span class=\"show-excerpt\">Do\u015bwiadczenia wellbeing w wiosce india\u0144skiej na Litwie<\/span>\r\n                                            <\/p>\r\n                                                                                        <span class=\"arrow-go-places lnr lnr-chevron-right\"><\/span>\r\n\r\n                                            \r\n                                        <\/div>\r\n                                    <\/a>\r\n                                <\/div>\r\n                            <\/div>\r\n                                                                                                     \r\n                            <div class=\"col-md-6 p-2\">\r\n                                                        <div class=\"places-holder-post\">\r\n                                    <a class=\"show-hover-excerpt\" href=\"https:\/\/wellbeingtourism.com\/pl\/route\/baltic-coastal-wellbeing-route\/\">\r\n                                        <img loading=\"lazy\" decoding=\"async\" width=\"700\" height=\"500\" src=\"https:\/\/wellbeingtourism.com\/app\/uploads\/2021\/11\/Jonines-Nidoje-2021-11-1-700x500.jpg\" class=\"attachment-home_page_thumb_route size-home_page_thumb_route wp-post-image\" alt=\"\" \/>                                        <div class=\"content-places-holder\">\r\n                                                                                            <h3>Darniojo sveikatingumo turizmo mar\u0161rutas Baltijos paj\u016bryje ir Kur\u0161i\u0173 pamaryje<\/h3>\r\n                                                                                                                                    <p class=\"display-hover\">\r\n                                                <span class=\"show-excerpt\">Route: Find your peace of mind along the Baltic coastal wellbeing route.<\/span>\r\n                                            <\/p>\r\n                                                                                        <span class=\"arrow-go-places lnr lnr-chevron-right\"><\/span>\r\n\r\n                                            \r\n                                        <\/div>\r\n                                    <\/a>\r\n                                <\/div>\r\n                            <\/div>\r\n                                                                                                     \r\n                            <div class=\"col-md-6 p-2\">\r\n                                                        <div class=\"places-holder-post\">\r\n                                    <a class=\"show-hover-excerpt\" href=\"https:\/\/wellbeingtourism.com\/pl\/route\/wellbeing-i-naturen\/\">\r\n                                        <img loading=\"lazy\" decoding=\"async\" width=\"700\" height=\"500\" src=\"https:\/\/wellbeingtourism.com\/app\/uploads\/2020\/12\/ADayAtALake_Swe_PP7_JoannaKohnen2019-07-20-7-700x500.jpg\" class=\"attachment-home_page_thumb_route size-home_page_thumb_route wp-post-image\" alt=\"\" \/>                                        <div class=\"content-places-holder\">\r\n                                                                                            <h3>Wellbeing route for body, mind &#038; soul<\/h3>\r\n                                                                                                                                    <p class=\"display-hover\">\r\n                                                <span class=\"show-excerpt\">Route: Experience lush forests and mind-opening coastal landscapes on your own or together with our considerate wellbeing hosts. <\/span>\r\n                                            <\/p>\r\n                                                                                        <span class=\"arrow-go-places lnr lnr-chevron-right\"><\/span>\r\n\r\n                                            \r\n                                        <\/div>\r\n                                    <\/a>\r\n                                <\/div>\r\n                            <\/div>\r\n                                                                                                     \r\n                            <div class=\"col-md-6 p-2\">\r\n                                                        <div class=\"places-holder-post\">\r\n                                    <a class=\"show-hover-excerpt\" href=\"https:\/\/wellbeingtourism.com\/pl\/route\/mills-exploration-tour\/\">\r\n                                        <img loading=\"lazy\" decoding=\"async\" width=\"700\" height=\"500\" src=\"https:\/\/wellbeingtourism.com\/app\/uploads\/2021\/04\/IMG_8184-700x500.jpg\" class=\"attachment-home_page_thumb_route size-home_page_thumb_route wp-post-image\" alt=\"\" \/>                                        <div class=\"content-places-holder\">\r\n                                                                                            <h3>M\u00fchlen-Erkundungstour<\/h3>\r\n                                                                                                                                    <p class=\"display-hover\">\r\n                                                <span class=\"show-excerpt\">Zwiedzanie m\u0142yn\u00f3w- poznaj r\u00f3\u017cnorodno\u015b\u0107 m\u0142yn\u00f3w w Vogelparkregion Recknitztal<\/span>\r\n                                            <\/p>\r\n                                                                                        <span class=\"arrow-go-places lnr lnr-chevron-right\"><\/span>\r\n\r\n                                            \r\n                                        <\/div>\r\n                                    <\/a>\r\n                                <\/div>\r\n                            <\/div>\r\n                                                                                                     \r\n                            <div class=\"col-md-6 p-2\">\r\n                                                        <div class=\"places-holder-post\">\r\n                                    <a class=\"show-hover-excerpt\" href=\"https:\/\/wellbeingtourism.com\/pl\/route\/discovering-the-historic-salt-road\/\">\r\n                                        <img loading=\"lazy\" decoding=\"async\" width=\"700\" height=\"500\" src=\"https:\/\/wellbeingtourism.com\/app\/uploads\/2021\/11\/IMG_7826-700x500.jpg\" class=\"attachment-home_page_thumb_route size-home_page_thumb_route wp-post-image\" alt=\"\" \/>                                        <div class=\"content-places-holder\">\r\n                                                                                            <h3>Die historische Salzstra\u00dfe<\/h3>\r\n                                                                                                                                    <p class=\"display-hover\">\r\n                                                <span class=\"show-excerpt\">Route: Discovering the historic salt road in Vogelparkregion Recknitztal.<\/span>\r\n                                            <\/p>\r\n                                                                                        <span class=\"arrow-go-places lnr lnr-chevron-right\"><\/span>\r\n\r\n                                            \r\n                                        <\/div>\r\n                                    <\/a>\r\n                                <\/div>\r\n                            <\/div>\r\n                                                <\/div>\r\n                            <a class=\"classic-url-forest-blue\" href=\"\/pl\/discover-places?_sft_routes=peace-of-mind-pl,sustainable-idealist-pl,curious-explores-pl\" target=\"_self\">Odkrywaj miejsca<\/a>\r\n                \r\n    <\/div>\r\n<\/div>\r\n","protected":false},"excerpt":{"rendered":"","protected":false},"author":1,"featured_media":0,"parent":0,"menu_order":192,"comment_status":"closed","ping_status":"closed","template":"","meta":{"_acf_changed":false,"footnotes":""},"class_list":["post-11632","page","type-page","status-publish","hentry"],"acf":[],"yoast_head":"<!-- This site is optimized with the Yoast SEO plugin v27.1.1 - https:\/\/yoast.com\/product\/yoast-seo-wordpress\/ -->\n<title>\u015acie\u017cki wellbeing - Wellbeing<\/title>\n<meta name=\"robots\" content=\"index, follow, max-snippet:-1, max-image-preview:large, max-video-preview:-1\" \/>\n<link rel=\"canonical\" href=\"https:\/\/wellbeingtourism.com\/pl\/routes\/\" \/>\n<meta property=\"og:locale\" content=\"pl_PL\" \/>\n<meta property=\"og:type\" content=\"article\" \/>\n<meta property=\"og:title\" content=\"\u015acie\u017cki wellbeing - Wellbeing\" \/>\n<meta property=\"og:url\" content=\"https:\/\/wellbeingtourism.com\/pl\/routes\/\" \/>\n<meta property=\"og:site_name\" content=\"Wellbeing\" \/>\n<meta property=\"article:modified_time\" content=\"2022-12-21T10:37:37+00:00\" \/>\n<meta name=\"twitter:card\" content=\"summary_large_image\" \/>\n<script type=\"application\/ld+json\" class=\"yoast-schema-graph\">{\"@context\":\"https:\/\/schema.org\",\"@graph\":[{\"@type\":\"WebPage\",\"@id\":\"https:\/\/wellbeingtourism.com\/pl\/routes\/\",\"url\":\"https:\/\/wellbeingtourism.com\/pl\/routes\/\",\"name\":\"\u015acie\u017cki wellbeing - Wellbeing\",\"isPartOf\":{\"@id\":\"https:\/\/wellbeingtourism.com\/#website\"},\"datePublished\":\"2020-12-15T12:29:30+00:00\",\"dateModified\":\"2022-12-21T10:37:37+00:00\",\"breadcrumb\":{\"@id\":\"https:\/\/wellbeingtourism.com\/pl\/routes\/#breadcrumb\"},\"inLanguage\":\"pl-PL\",\"potentialAction\":[{\"@type\":\"ReadAction\",\"target\":[\"https:\/\/wellbeingtourism.com\/pl\/routes\/\"]}]},{\"@type\":\"BreadcrumbList\",\"@id\":\"https:\/\/wellbeingtourism.com\/pl\/routes\/#breadcrumb\",\"itemListElement\":[{\"@type\":\"ListItem\",\"position\":1,\"name\":\"Home\",\"item\":\"https:\/\/wellbeingtourism.com\/pl\/\"},{\"@type\":\"ListItem\",\"position\":2,\"name\":\"\u015acie\u017cki wellbeing\"}]},{\"@type\":\"WebSite\",\"@id\":\"https:\/\/wellbeingtourism.com\/#website\",\"url\":\"https:\/\/wellbeingtourism.com\/\",\"name\":\"Wellbeing\",\"description\":\"Discover our places &amp; hosts\",\"potentialAction\":[{\"@type\":\"SearchAction\",\"target\":{\"@type\":\"EntryPoint\",\"urlTemplate\":\"https:\/\/wellbeingtourism.com\/?s={search_term_string}\"},\"query-input\":{\"@type\":\"PropertyValueSpecification\",\"valueRequired\":true,\"valueName\":\"search_term_string\"}}],\"inLanguage\":\"pl-PL\"}]}<\/script>\n<!-- \/ Yoast SEO plugin. -->","yoast_head_json":{"title":"\u015acie\u017cki wellbeing - Wellbeing","robots":{"index":"index","follow":"follow","max-snippet":"max-snippet:-1","max-image-preview":"max-image-preview:large","max-video-preview":"max-video-preview:-1"},"canonical":"https:\/\/wellbeingtourism.com\/pl\/routes\/","og_locale":"pl_PL","og_type":"article","og_title":"\u015acie\u017cki wellbeing - Wellbeing","og_url":"https:\/\/wellbeingtourism.com\/pl\/routes\/","og_site_name":"Wellbeing","article_modified_time":"2022-12-21T10:37:37+00:00","twitter_card":"summary_large_image","schema":{"@context":"https:\/\/schema.org","@graph":[{"@type":"WebPage","@id":"https:\/\/wellbeingtourism.com\/pl\/routes\/","url":"https:\/\/wellbeingtourism.com\/pl\/routes\/","name":"\u015acie\u017cki wellbeing - Wellbeing","isPartOf":{"@id":"https:\/\/wellbeingtourism.com\/#website"},"datePublished":"2020-12-15T12:29:30+00:00","dateModified":"2022-12-21T10:37:37+00:00","breadcrumb":{"@id":"https:\/\/wellbeingtourism.com\/pl\/routes\/#breadcrumb"},"inLanguage":"pl-PL","potentialAction":[{"@type":"ReadAction","target":["https:\/\/wellbeingtourism.com\/pl\/routes\/"]}]},{"@type":"BreadcrumbList","@id":"https:\/\/wellbeingtourism.com\/pl\/routes\/#breadcrumb","itemListElement":[{"@type":"ListItem","position":1,"name":"Home","item":"https:\/\/wellbeingtourism.com\/pl\/"},{"@type":"ListItem","position":2,"name":"\u015acie\u017cki wellbeing"}]},{"@type":"WebSite","@id":"https:\/\/wellbeingtourism.com\/#website","url":"https:\/\/wellbeingtourism.com\/","name":"Wellbeing","description":"Discover our places &amp; hosts","potentialAction":[{"@type":"SearchAction","target":{"@type":"EntryPoint","urlTemplate":"https:\/\/wellbeingtourism.com\/?s={search_term_string}"},"query-input":{"@type":"PropertyValueSpecification","valueRequired":true,"valueName":"search_term_string"}}],"inLanguage":"pl-PL"}]}},"_links":{"self":[{"href":"https:\/\/wellbeingtourism.com\/pl\/wp-json\/wp\/v2\/pages\/11632","targetHints":{"allow":["GET"]}}],"collection":[{"href":"https:\/\/wellbeingtourism.com\/pl\/wp-json\/wp\/v2\/pages"}],"about":[{"href":"https:\/\/wellbeingtourism.com\/pl\/wp-json\/wp\/v2\/types\/page"}],"author":[{"embeddable":true,"href":"https:\/\/wellbeingtourism.com\/pl\/wp-json\/wp\/v2\/users\/1"}],"replies":[{"embeddable":true,"href":"https:\/\/wellbeingtourism.com\/pl\/wp-json\/wp\/v2\/comments?post=11632"}],"version-history":[{"count":12,"href":"https:\/\/wellbeingtourism.com\/pl\/wp-json\/wp\/v2\/pages\/11632\/revisions"}],"predecessor-version":[{"id":37437,"href":"https:\/\/wellbeingtourism.com\/pl\/wp-json\/wp\/v2\/pages\/11632\/revisions\/37437"}],"wp:attachment":[{"href":"https:\/\/wellbeingtourism.com\/pl\/wp-json\/wp\/v2\/media?parent=11632"}],"curies":[{"name":"wp","href":"https:\/\/api.w.org\/{rel}","templated":true}]}}