{"id":11617,"date":"2020-12-15T12:30:09","date_gmt":"2020-12-15T12:30:09","guid":{"rendered":"https:\/\/wellbeingtourism.com\/regions\/"},"modified":"2022-07-12T11:37:50","modified_gmt":"2022-07-12T11:37:50","slug":"regions","status":"publish","type":"page","link":"https:\/\/wellbeingtourism.com\/pl\/regions\/","title":{"rendered":"Nasze regiony"},"content":{"rendered":"<div class=\"slide-image-and-text\">\r\n<div class=\"slide-images\">\r\n            <div id=\"slider-topblock_5fdb513422b6b\" class=\"slider-top\">\r\n            <div class=\"header-image\">\r\n                <img src='https:\/\/wellbeingtourism.com\/app\/uploads\/2020\/12\/image-29-2.png' alt='Slide Image'>                <div class=\"container\">\r\n                    <div class=\"slider-text\">\r\n                        <div class=\"small-text\"><h1>#SouthBalticRegions<\/h1>\n<p>Region Po\u0142udniowego Ba\u0142tyku ma wspania\u0142\u0105 przyrod\u0119 oraz wyj\u0105tkowe dziedzictwo kulturowe, kt\u00f3re tylko czeka na odkrycie podczas wakacji, weekendu lub innej podr\u00f3\u017cy. Wellbeing to stan korzystny dla cia\u0142a, umys\u0142u, duszy, \u015brodowiska, spo\u0142ecze\u0144stwa i gospodarki &#8211; dla Ciebie i na wszystkich innych!<\/p>\n<\/div>\r\n                    <\/div>\r\n                <\/div>\r\n            <\/div> \r\n        <\/div>\r\n\r\n   <\/div>\r\n<img decoding=\"async\" class=\"lotus-bottom\" src=\"https:\/\/wellbeingtourism.com\/app\/themes\/wellbeing\/images\/Lotus.png\">\r\n<\/div>\n\n\n<div class=\"wp-block-group has-background\" style=\"background-color:#f3ece9\"><div class=\"wp-block-group__inner-container is-layout-flow wp-block-group-is-layout-flow\"><div class=\"wp-bootstrap-blocks-container container-fluid mb-0 p-0\">\n\t\n\n<div style=\"height:55px\" aria-hidden=\"true\" class=\"wp-block-spacer\"><\/div>\n\n\n\n<h2 class=\"has-text-align-center wp-block-heading\">Odkrywaj nasze regiony<\/h2>\n\n\n<div class=\"wp-bootstrap-blocks-container container mb-2\">\n\t\n\n<p class=\"has-text-align-center col-md-8 mx-auto has-medium-font-size\">Czy kiedykolwiek odkrywa\u0142e\u015b pi\u0119kne regiony wok\u00f3\u0142 Po\u0142udniowego Ba\u0142tyku?<br>Eksploruj niesamowite pla\u017ce, czaruj\u0105ce lasy, ciche miejsca, ciemne niebo pe\u0142ne gwiazd &#8211; natura i jej bior\u00f3\u017cnorodno\u015b\u0107 jest dos\u0142ownie magiczna. Nasi gospodarze wellbeing s\u0105 uczciwi, \u015bwiadomi, troskliwi, \u017cyczliwi, a tak\u017ce rado\u015bni i oferuj\u0105 co\u015b wi\u0119cej ni\u017c tylko przyjemny pobyt czy spokojny sen. Skosztuj pysznego, zdrowego jedzenia przygotowanego z lokalnych i ekologicznych sk\u0142adnik\u00f3w. Ciesz si\u0119 sezonowo\u015bci\u0105 produkt\u00f3w, posmakuj i pow\u0105chaj wyj\u0105tkow\u0105 kuchni\u0119 ka\u017cdego regionu.<\/p>\n\n\n\n<div style=\"height:13px\" aria-hidden=\"true\" class=\"wp-block-spacer\"><\/div>\n\n\n\n<blockquote class=\"wp-block-quote has-text-align-center is-style-large is-layout-flow wp-block-quote-is-layout-flow\"><p><em><em>Podr\u00f3\u017cowanie to do\u015bwiadczanie, regeneracja, przyjemno\u015bci, odczuwanie harmonii i szcz\u0119\u015bcia. Kiedy czujesz si\u0119 dobrze, masz wi\u0119cej energii, aby dzia\u0142a\u0107 na rzecz miejsca, kt\u00f3re odwiedzasz.<\/em><\/em><\/p><p><\/p><\/blockquote>\n\n\n\n<div style=\"height:2px\" aria-hidden=\"true\" class=\"wp-block-spacer\"><\/div>\n\n\n\n<hr class=\"wp-block-separator has-text-color has-background has-luminous-vivid-orange-background-color has-luminous-vivid-orange-color\"\/>\n\n\n\n<p><\/p>\n\n\n\n<div style=\"height:35px\" aria-hidden=\"true\" class=\"wp-block-spacer\"><\/div>\n\n\n\n<h3 class=\"has-text-align-center wp-block-heading\"><strong>Czy wiesz, \u017ce&#8230;?<\/strong><\/h3>\n\n\n\n<p class=\"has-text-align-center\">Region Morza Ba\u0142tyckiego sk\u0142ada si\u0119 ze Szwecji, Danii, Finlandii, Litwy, \u0141otwy,<br>Estonii, Polski oraz przybrze\u017cnych cz\u0119\u015bci Niemiec i Rosji.<br>Region Po\u0142udniowego Ba\u0142tyku to wybrane przybrze\u017cne cz\u0119\u015bci Szwecji, Danii, Litwy, Niemiec i Polski.<\/p>\n\n\n\n<div style=\"height:26px\" aria-hidden=\"true\" class=\"wp-block-spacer\"><\/div>\n\n\n\n<p><\/p>\n\n<\/div>\n\n\n\n<div style=\"height:12px\" aria-hidden=\"true\" class=\"wp-block-spacer\"><\/div>\n\n\n\n<div class=\"wp-block-group has-background\" style=\"background-color:#c1c7c4\"><div class=\"wp-block-group__inner-container is-layout-flow wp-block-group-is-layout-flow\"><div class=\"wp-bootstrap-blocks-row row g-0\">\n\t\n\n<div class=\"col-12 col-md-6 large-padding align-col-center\">\n\t\t\t<div class=\"p-3\">\n\t\t\t\n\n<h3 class=\"wp-block-heading\">Szwecja<\/h3>\n\n\n\n<p style=\"font-size:22px\">Kalmar to #homeofwellbeing. Tutaj znajdziesz miejsca z listy \u015bwiatowego dziedzictwa UNESCO, niesamowite pla\u017ce, pi\u0119kne krajobrazy, dzik\u0105 przyrod\u0119, cisz\u0119, harmoni\u0119, malownicze zachody s\u0142o\u0144ca, zaj\u0119cia na \u015bwie\u017cym powietrzu, sztuk\u0119 &#8211; i przede wszystkim odnajdziesz siebie! #odnajd\u017asiebie<\/p>\n\n\n\n<div class=\"wp-block-buttons is-layout-flex wp-block-buttons-is-layout-flex\">\n<div class=\"wp-block-button\"><a class=\"wp-block-button__link has-white-color has-text-color has-background\" href=\"https:\/\/wellbeingtourism.com\/pl\/country\/sweden\/\" style=\"background-color:#dc6016\">Odkrywaj miejsca<\/a><\/div>\n<\/div>\n\n\t\t<\/div>\n\t<\/div>\n\n\n\n<div class=\"col-12 col-md-6\">\n\t\t\t\n\n<figure class=\"wp-block-image size-full is-style-default\"><img loading=\"lazy\" decoding=\"async\" width=\"720\" height=\"462\" src=\"http:\/\/wellbeingtourism.com\/app\/uploads\/2021\/12\/Smaland-1.jpg\" alt=\"\" class=\"wp-image-6503\" srcset=\"https:\/\/wellbeingtourism.com\/app\/uploads\/2021\/12\/Smaland-1.jpg 720w, https:\/\/wellbeingtourism.com\/app\/uploads\/2021\/12\/Smaland-1-300x193.jpg 300w\" sizes=\"auto, (max-width: 720px) 100vw, 720px\" \/><\/figure>\n\n\t<\/div>\n\n<\/div>\n<\/div><\/div>\n\n\n\n<div style=\"height:10px\" aria-hidden=\"true\" class=\"wp-block-spacer\"><\/div>\n\n\n\n<div class=\"wp-block-group has-background\" style=\"background-color:#e2dad8\"><div class=\"wp-block-group__inner-container is-layout-flow wp-block-group-is-layout-flow\"><div class=\"wp-bootstrap-blocks-row row g-0\">\n\t\n\n<div class=\"col-12 col-md-6 large-padding align-col-center\">\n\t\t\t<div class=\"p-3\">\n\t\t\t\n\n<h3 class=\"wp-block-heading\">Dania<\/h3>\n\n\n\n<p style=\"font-size:22px\">Region Zelandia sk\u0142ada si\u0119 wy\u0142\u0105cznie z wysp i posiada 1860 km dziewiczego wybrze\u017ca oraz urokliwe krajobrazy. Mo\u017cesz tu skorzysta\u0107 z bogatej oferty turystycznej lub po prostu znale\u017a\u0107 spokojne miejsce, aby odpocz\u0105\u0107, podziwia\u0107 widoki i pooddycha\u0107 \u015bwie\u017cym powietrzem. <\/p>\n\n\n\n<div class=\"wp-block-buttons is-layout-flex wp-block-buttons-is-layout-flex\">\n<div class=\"wp-block-button\"><a class=\"wp-block-button__link has-white-color has-text-color has-background\" href=\"https:\/\/wellbeingtourism.com\/pl\/country\/denmark\/\" style=\"background-color:#dc6016\">Odkrywaj miejsca<\/a><\/div>\n<\/div>\n\n\t\t<\/div>\n\t<\/div>\n\n\n\n<div class=\"col-12 col-md-6\">\n\t\t\t\n\n<figure class=\"wp-block-image\"><img loading=\"lazy\" decoding=\"async\" width=\"2508\" height=\"1672\" src=\"http:\/\/wellbeingtourism.com\/app\/uploads\/2021\/12\/DK_sunset-bikes-Panorama-Stege-3_4MP.jpg\" alt=\"\" class=\"wp-image-7801\" srcset=\"https:\/\/wellbeingtourism.com\/app\/uploads\/2021\/12\/DK_sunset-bikes-Panorama-Stege-3_4MP.jpg 2508w, https:\/\/wellbeingtourism.com\/app\/uploads\/2021\/12\/DK_sunset-bikes-Panorama-Stege-3_4MP-300x200.jpg 300w, https:\/\/wellbeingtourism.com\/app\/uploads\/2021\/12\/DK_sunset-bikes-Panorama-Stege-3_4MP-1024x683.jpg 1024w, https:\/\/wellbeingtourism.com\/app\/uploads\/2021\/12\/DK_sunset-bikes-Panorama-Stege-3_4MP-768x512.jpg 768w, https:\/\/wellbeingtourism.com\/app\/uploads\/2021\/12\/DK_sunset-bikes-Panorama-Stege-3_4MP-1536x1024.jpg 1536w, https:\/\/wellbeingtourism.com\/app\/uploads\/2021\/12\/DK_sunset-bikes-Panorama-Stege-3_4MP-2048x1365.jpg 2048w\" sizes=\"auto, (max-width: 2508px) 100vw, 2508px\" \/><\/figure>\n\n\t<\/div>\n\n<\/div>\n<\/div><\/div>\n\n\n\n<div style=\"height:10px\" aria-hidden=\"true\" class=\"wp-block-spacer\"><\/div>\n\n\n\n<div class=\"wp-block-group has-background\" style=\"background-color:#d5c4be\"><div class=\"wp-block-group__inner-container is-layout-flow wp-block-group-is-layout-flow\"><div class=\"wp-bootstrap-blocks-row row g-0\">\n\t\n\n<div class=\"col-12 col-md-6 large-padding align-col-center\">\n\t\t\t<div class=\"p-3\">\n\t\t\t\n\n<h3 class=\"wp-block-heading\">Polska<\/h3>\n\n\n\n<p style=\"font-size:22px\">Polskie wybrze\u017ce zaprasza do zapoznania si\u0119 z mark\u0105  &#8220;Home of wellbeing&#8221;. Dziewicza przyroda, pi\u0119kne krajobrazy, wyj\u0105tkowa kuchnia, wysoka jako\u015b\u0107 us\u0142ug i niezapomniane wra\u017cenia &#8211; to wszystko czego potrzebujesz, aby odpocz\u0105\u0107. B\u0105d\u017a dla siebie dobry!<\/p>\n\n\n\n<div class=\"wp-block-buttons is-layout-flex wp-block-buttons-is-layout-flex\">\n<div class=\"wp-block-button\"><a class=\"wp-block-button__link has-white-color has-text-color has-background\" href=\"https:\/\/wellbeingtourism.com\/pl\/country\/poland\/\" style=\"background-color:#dc6016\">Odkrywaj miejsca<\/a><\/div>\n<\/div>\n\n\t\t<\/div>\n\t<\/div>\n\n\n\n<div class=\"col-12 col-md-6\">\n\t\t\t\n\n<figure class=\"wp-block-image size-full\"><img loading=\"lazy\" decoding=\"async\" width=\"720\" height=\"462\" src=\"https:\/\/wellbeingtourism.com\/app\/uploads\/2021\/04\/Region-poland.jpg\" alt=\"Poland\" class=\"wp-image-2121\" srcset=\"https:\/\/wellbeingtourism.com\/app\/uploads\/2021\/04\/Region-poland.jpg 720w, https:\/\/wellbeingtourism.com\/app\/uploads\/2021\/04\/Region-poland-300x193.jpg 300w\" sizes=\"auto, (max-width: 720px) 100vw, 720px\" \/><\/figure>\n\n\n\n<p><\/p>\n\n\t<\/div>\n\n<\/div>\n<\/div><\/div>\n\n\n\n<div style=\"height:10px\" aria-hidden=\"true\" class=\"wp-block-spacer\"><\/div>\n\n\n\n<div class=\"wp-block-group has-background\" style=\"background-color:#f9e9cc\"><div class=\"wp-block-group__inner-container is-layout-flow wp-block-group-is-layout-flow\"><div class=\"wp-bootstrap-blocks-row row g-0\">\n\t\n\n<div class=\"col-12 col-md-6 large-padding align-col-center\">\n\t\t\t<div class=\"p-3\">\n\t\t\t\n\n<h3 class=\"wp-block-heading\">Niemcy<\/h3>\n\n\n\n<p style=\"font-size:22px\">Region Recknitztal zaprasza na szereg relaksuj\u0105cych zaj\u0119\u0107 na \u015bwie\u017cym powietrzu, w otoczeniu spokojnej i dziewiczej natury. Zrelaksuj si\u0119 podczas zwiedzania starych dwor\u00f3w i ogrod\u00f3w oraz skosztuj regionalnych, r\u0119cznie robionych specja\u0142\u00f3w kulinarnych w miejscach wellbeing.<\/p>\n\n\n\n<div class=\"wp-block-buttons is-layout-flex wp-block-buttons-is-layout-flex\">\n<div class=\"wp-block-button\"><a class=\"wp-block-button__link has-white-color has-text-color has-background\" href=\"https:\/\/wellbeingtourism.com\/pl\/country\/germany\/\" style=\"background-color:#dc6016\">Odkrywaj miejsca<\/a><\/div>\n<\/div>\n\n\t\t<\/div>\n\t<\/div>\n\n\n\n<div class=\"col-12 col-md-6\">\n\t\t\t\n\n<figure class=\"wp-block-image size-full\"><img loading=\"lazy\" decoding=\"async\" width=\"980\" height=\"653\" src=\"https:\/\/wellbeingtourism.com\/app\/uploads\/2021\/05\/vogelparkregion-recknitztal-title.jpg\" alt=\"\" class=\"wp-image-2851\" srcset=\"https:\/\/wellbeingtourism.com\/app\/uploads\/2021\/05\/vogelparkregion-recknitztal-title.jpg 980w, https:\/\/wellbeingtourism.com\/app\/uploads\/2021\/05\/vogelparkregion-recknitztal-title-300x200.jpg 300w, https:\/\/wellbeingtourism.com\/app\/uploads\/2021\/05\/vogelparkregion-recknitztal-title-768x512.jpg 768w\" sizes=\"auto, (max-width: 980px) 100vw, 980px\" \/><figcaption>Manuela<\/figcaption><\/figure>\n\n\n\n<p><\/p>\n\n\t<\/div>\n\n<\/div>\n<\/div><\/div>\n\n\n\n<div style=\"height:10px\" aria-hidden=\"true\" class=\"wp-block-spacer\"><\/div>\n\n\n\n<div class=\"wp-block-group has-background\" style=\"background-color:#d6d2d3\"><div class=\"wp-block-group__inner-container is-layout-flow wp-block-group-is-layout-flow\"><div class=\"wp-bootstrap-blocks-row row g-0\">\n\t\n\n<div class=\"col-12 col-md-6 large-padding align-col-center\">\n\t\t\t<div class=\"p-3\">\n\t\t\t\n\n<h3 class=\"wp-block-heading\">Litwa<\/h3>\n\n\n\n<p style=\"font-size:22px\">Si\u0142a wellbeing zachodniej Litwy wynika z r\u00f3\u017cnorodno\u015bci pla\u017c, rzek, jezior, las\u00f3w, park\u00f3w, ale i dziedzictwa kulturowego, przyjaznych ludzi oraz szerokiej oferty wsp\u00f3\u0142graj\u0105cych ze sob\u0105 aktywno\u015bci, us\u0142ug i miejsc.<\/p>\n\n\n\n<div class=\"wp-block-buttons is-layout-flex wp-block-buttons-is-layout-flex\">\n<div class=\"wp-block-button\"><a class=\"wp-block-button__link has-white-color has-text-color has-background\" href=\"https:\/\/wellbeingtourism.com\/pl\/country\/lithuania\/\" style=\"background-color:#dc6016\">Odkrywaj miejsca<\/a><\/div>\n<\/div>\n\n\t\t<\/div>\n\t<\/div>\n\n\n\n<div class=\"col-12 col-md-6\">\n\t\t\t\n\n<figure class=\"wp-block-image size-full\"><img loading=\"lazy\" decoding=\"async\" width=\"720\" height=\"462\" src=\"http:\/\/wellbeingtourism.com\/app\/uploads\/2021\/12\/Lt.jpg\" alt=\"\" class=\"wp-image-6508\" srcset=\"https:\/\/wellbeingtourism.com\/app\/uploads\/2021\/12\/Lt.jpg 720w, https:\/\/wellbeingtourism.com\/app\/uploads\/2021\/12\/Lt-300x193.jpg 300w\" sizes=\"auto, (max-width: 720px) 100vw, 720px\" \/><\/figure>\n\n\t<\/div>\n\n<\/div>\n<\/div><\/div>\n\n\n\n<p><\/p>\n\n<\/div>\n<\/div><\/div>\n\n\n\n<p><\/p>\n","protected":false},"excerpt":{"rendered":"","protected":false},"author":1,"featured_media":0,"parent":0,"menu_order":186,"comment_status":"closed","ping_status":"closed","template":"","meta":{"_acf_changed":false,"footnotes":""},"class_list":["post-11617","page","type-page","status-publish","hentry"],"acf":[],"yoast_head":"<!-- This site is optimized with the Yoast SEO plugin v27.1.1 - https:\/\/yoast.com\/product\/yoast-seo-wordpress\/ -->\n<title>Nasze regiony - Wellbeing<\/title>\n<meta name=\"robots\" content=\"index, follow, max-snippet:-1, max-image-preview:large, max-video-preview:-1\" \/>\n<link rel=\"canonical\" href=\"https:\/\/wellbeingtourism.com\/pl\/regions\/\" \/>\n<meta property=\"og:locale\" content=\"pl_PL\" \/>\n<meta property=\"og:type\" content=\"article\" \/>\n<meta property=\"og:title\" content=\"Nasze regiony - Wellbeing\" \/>\n<meta property=\"og:url\" content=\"https:\/\/wellbeingtourism.com\/pl\/regions\/\" \/>\n<meta property=\"og:site_name\" content=\"Wellbeing\" \/>\n<meta property=\"article:modified_time\" content=\"2022-07-12T11:37:50+00:00\" \/>\n<meta property=\"og:image\" content=\"http:\/\/wellbeingtourism.com\/app\/uploads\/2021\/12\/Smaland-1.jpg\" \/>\n<meta name=\"twitter:card\" content=\"summary_large_image\" \/>\n<meta name=\"twitter:label1\" content=\"Est. reading time\" \/>\n\t<meta name=\"twitter:data1\" content=\"3 minutes\" \/>\n<script type=\"application\/ld+json\" class=\"yoast-schema-graph\">{\"@context\":\"https:\/\/schema.org\",\"@graph\":[{\"@type\":\"WebPage\",\"@id\":\"https:\/\/wellbeingtourism.com\/pl\/regions\/\",\"url\":\"https:\/\/wellbeingtourism.com\/pl\/regions\/\",\"name\":\"Nasze regiony - Wellbeing\",\"isPartOf\":{\"@id\":\"https:\/\/wellbeingtourism.com\/#website\"},\"primaryImageOfPage\":{\"@id\":\"https:\/\/wellbeingtourism.com\/pl\/regions\/#primaryimage\"},\"image\":{\"@id\":\"https:\/\/wellbeingtourism.com\/pl\/regions\/#primaryimage\"},\"thumbnailUrl\":\"http:\/\/wellbeingtourism.com\/app\/uploads\/2021\/12\/Smaland-1.jpg\",\"datePublished\":\"2020-12-15T12:30:09+00:00\",\"dateModified\":\"2022-07-12T11:37:50+00:00\",\"breadcrumb\":{\"@id\":\"https:\/\/wellbeingtourism.com\/pl\/regions\/#breadcrumb\"},\"inLanguage\":\"pl-PL\",\"potentialAction\":[{\"@type\":\"ReadAction\",\"target\":[\"https:\/\/wellbeingtourism.com\/pl\/regions\/\"]}]},{\"@type\":\"ImageObject\",\"inLanguage\":\"pl-PL\",\"@id\":\"https:\/\/wellbeingtourism.com\/pl\/regions\/#primaryimage\",\"url\":\"http:\/\/wellbeingtourism.com\/app\/uploads\/2021\/12\/Smaland-1.jpg\",\"contentUrl\":\"http:\/\/wellbeingtourism.com\/app\/uploads\/2021\/12\/Smaland-1.jpg\"},{\"@type\":\"BreadcrumbList\",\"@id\":\"https:\/\/wellbeingtourism.com\/pl\/regions\/#breadcrumb\",\"itemListElement\":[{\"@type\":\"ListItem\",\"position\":1,\"name\":\"Home\",\"item\":\"https:\/\/wellbeingtourism.com\/pl\/\"},{\"@type\":\"ListItem\",\"position\":2,\"name\":\"Nasze regiony\"}]},{\"@type\":\"WebSite\",\"@id\":\"https:\/\/wellbeingtourism.com\/#website\",\"url\":\"https:\/\/wellbeingtourism.com\/\",\"name\":\"Wellbeing\",\"description\":\"Discover our places &amp; hosts\",\"potentialAction\":[{\"@type\":\"SearchAction\",\"target\":{\"@type\":\"EntryPoint\",\"urlTemplate\":\"https:\/\/wellbeingtourism.com\/?s={search_term_string}\"},\"query-input\":{\"@type\":\"PropertyValueSpecification\",\"valueRequired\":true,\"valueName\":\"search_term_string\"}}],\"inLanguage\":\"pl-PL\"}]}<\/script>\n<!-- \/ Yoast SEO plugin. -->","yoast_head_json":{"title":"Nasze regiony - Wellbeing","robots":{"index":"index","follow":"follow","max-snippet":"max-snippet:-1","max-image-preview":"max-image-preview:large","max-video-preview":"max-video-preview:-1"},"canonical":"https:\/\/wellbeingtourism.com\/pl\/regions\/","og_locale":"pl_PL","og_type":"article","og_title":"Nasze regiony - Wellbeing","og_url":"https:\/\/wellbeingtourism.com\/pl\/regions\/","og_site_name":"Wellbeing","article_modified_time":"2022-07-12T11:37:50+00:00","og_image":[{"url":"http:\/\/wellbeingtourism.com\/app\/uploads\/2021\/12\/Smaland-1.jpg","type":"","width":"","height":""}],"twitter_card":"summary_large_image","twitter_misc":{"Est. reading time":"3 minutes"},"schema":{"@context":"https:\/\/schema.org","@graph":[{"@type":"WebPage","@id":"https:\/\/wellbeingtourism.com\/pl\/regions\/","url":"https:\/\/wellbeingtourism.com\/pl\/regions\/","name":"Nasze regiony - Wellbeing","isPartOf":{"@id":"https:\/\/wellbeingtourism.com\/#website"},"primaryImageOfPage":{"@id":"https:\/\/wellbeingtourism.com\/pl\/regions\/#primaryimage"},"image":{"@id":"https:\/\/wellbeingtourism.com\/pl\/regions\/#primaryimage"},"thumbnailUrl":"http:\/\/wellbeingtourism.com\/app\/uploads\/2021\/12\/Smaland-1.jpg","datePublished":"2020-12-15T12:30:09+00:00","dateModified":"2022-07-12T11:37:50+00:00","breadcrumb":{"@id":"https:\/\/wellbeingtourism.com\/pl\/regions\/#breadcrumb"},"inLanguage":"pl-PL","potentialAction":[{"@type":"ReadAction","target":["https:\/\/wellbeingtourism.com\/pl\/regions\/"]}]},{"@type":"ImageObject","inLanguage":"pl-PL","@id":"https:\/\/wellbeingtourism.com\/pl\/regions\/#primaryimage","url":"http:\/\/wellbeingtourism.com\/app\/uploads\/2021\/12\/Smaland-1.jpg","contentUrl":"http:\/\/wellbeingtourism.com\/app\/uploads\/2021\/12\/Smaland-1.jpg"},{"@type":"BreadcrumbList","@id":"https:\/\/wellbeingtourism.com\/pl\/regions\/#breadcrumb","itemListElement":[{"@type":"ListItem","position":1,"name":"Home","item":"https:\/\/wellbeingtourism.com\/pl\/"},{"@type":"ListItem","position":2,"name":"Nasze regiony"}]},{"@type":"WebSite","@id":"https:\/\/wellbeingtourism.com\/#website","url":"https:\/\/wellbeingtourism.com\/","name":"Wellbeing","description":"Discover our places &amp; hosts","potentialAction":[{"@type":"SearchAction","target":{"@type":"EntryPoint","urlTemplate":"https:\/\/wellbeingtourism.com\/?s={search_term_string}"},"query-input":{"@type":"PropertyValueSpecification","valueRequired":true,"valueName":"search_term_string"}}],"inLanguage":"pl-PL"}]}},"_links":{"self":[{"href":"https:\/\/wellbeingtourism.com\/pl\/wp-json\/wp\/v2\/pages\/11617","targetHints":{"allow":["GET"]}}],"collection":[{"href":"https:\/\/wellbeingtourism.com\/pl\/wp-json\/wp\/v2\/pages"}],"about":[{"href":"https:\/\/wellbeingtourism.com\/pl\/wp-json\/wp\/v2\/types\/page"}],"author":[{"embeddable":true,"href":"https:\/\/wellbeingtourism.com\/pl\/wp-json\/wp\/v2\/users\/1"}],"replies":[{"embeddable":true,"href":"https:\/\/wellbeingtourism.com\/pl\/wp-json\/wp\/v2\/comments?post=11617"}],"version-history":[{"count":15,"href":"https:\/\/wellbeingtourism.com\/pl\/wp-json\/wp\/v2\/pages\/11617\/revisions"}],"predecessor-version":[{"id":28381,"href":"https:\/\/wellbeingtourism.com\/pl\/wp-json\/wp\/v2\/pages\/11617\/revisions\/28381"}],"wp:attachment":[{"href":"https:\/\/wellbeingtourism.com\/pl\/wp-json\/wp\/v2\/media?parent=11617"}],"curies":[{"name":"wp","href":"https:\/\/api.w.org\/{rel}","templated":true}]}}