{"id":11482,"date":"2021-03-02T12:18:20","date_gmt":"2021-03-02T12:18:20","guid":{"rendered":"https:\/\/wellbeingtourism.com\/contact-the-webmaster\/"},"modified":"2022-07-18T08:32:43","modified_gmt":"2022-07-18T08:32:43","slug":"contact-the-webmaster","status":"publish","type":"page","link":"https:\/\/wellbeingtourism.com\/pl\/contact-the-webmaster\/","title":{"rendered":"Kontakt do Administratora"},"content":{"rendered":"<div class=\"wp-bootstrap-blocks-container container mb-2\">\n\t\n\n<div style=\"height:100px\" aria-hidden=\"true\" class=\"wp-block-spacer\"><\/div>\n\n\n<link rel='stylesheet' id='formidable-css' href='https:\/\/wellbeingtourism.com\/app\/plugins\/formidable\/css\/formidableforms.css?ver=3101057' type='text\/css' media='all' \/>\n<div class=\"frm_forms  with_frm_style frm_style_formidable-style\" id=\"frm_form_10_container\" >\n<form enctype=\"multipart\/form-data\" method=\"post\" class=\"frm-show-form \" id=\"form_contact-form60a2f9ff9c\" >\n<div class=\"frm_form_fields \">\n<fieldset>\n<legend class=\"frm_screen_reader\">Webmaster Contact<\/legend>\r\n\r\n<div class=\"frm_fields_container\">\n<input type=\"hidden\" name=\"frm_action\" value=\"create\" \/>\n<input type=\"hidden\" name=\"form_id\" value=\"10\" \/>\n<input type=\"hidden\" name=\"frm_hide_fields_10\" id=\"frm_hide_fields_10\" value=\"\" \/>\n<input type=\"hidden\" name=\"form_key\" value=\"contact-form60a2f9ff9c\" \/>\n<input type=\"hidden\" name=\"item_meta[0]\" value=\"\" \/>\n<input type=\"hidden\" id=\"frm_submit_entry_10\" name=\"frm_submit_entry_10\" value=\"95f78df43d\" \/><input type=\"hidden\" name=\"_wp_http_referer\" value=\"\/pl\/wp-json\/wp\/v2\/pages\/11482\" \/><input type=\"hidden\" id=\"field_hhxs5\" name=\"item_meta[855]\" value=\"pl\"  data-frmval=\"pl\"  \/><div id=\"frm_field_838_container\" class=\"frm_form_field  frm12 frm_first frm_html_container form-field\">\n<h3> Opinia administratora<\/h3>\n<p>Dzi\u0119kujemy za po\u015bwi\u0119cenie czasu na przes\u0142anie nam opinii lub zg\u0142oszenie wszelkich problem\u00f3w, z kt\u00f3rymi zetkn\u0119li si\u0119 Pa\u0144stwo na naszej stronie internetowej. Czy napotkali Pa\u0144stwo problem techniczny na jednej ze stron? A mo\u017ce maj\u0105 Pa\u0144stwo uwagi\/sugestie dotycz\u0105ce tej strony? Prosimy o kontakt z administratorem, wype\u0142niaj\u0105c poni\u017cszy formularz. Informacje od Pa\u0144stwa pomog\u0105 nam w ulepszaniu us\u0142ugi. Formularz s\u0142u\u017cy wy\u0142\u0105cznie wyra\u017ceniu opinii na temat strony.<\/p><\/div>\n<div id=\"frm_field_847_container\" class=\"frm_form_field  frm12 frm_first frm_html_container form-field\">\n<h4> Typ informacji <\/h4>\n<p> <i>Czy mo\u017cemy cokolwiek poprawi\u0107? Czy nasze tre\u015bci s\u0105 nieaktualne? Czy maj\u0105 Pa\u0144stwo trudno\u015bci z dost\u0119pem do informacji na naszej stronie internetowej z powodu niepe\u0142nosprawno\u015bci? <\/i> <\/p>\n<p> Czy  maj\u0105 Pa\u0144stwo problemy techniczne, jak uszkodzone linki lub komunikaty o b\u0142\u0119dach? Prosimy o kontakt z nami w tej sprawie. Prosimy o podzielenie si\u0119 Pa\u0144stwa do\u015bwiadczeniami.<\/p><\/div>\n<div id=\"frm_field_839_container\" class=\"frm_form_field form-field  frm_top_container vertical_radio\">\r\n    <div  id=\"field_dvnn3_label\" class=\"frm_primary_label\">\r\n        <span class=\"frm_required\" aria-hidden=\"true\"><\/span>\r\n    <\/div>\r\n    <div class=\"frm_opt_container\" aria-labelledby=\"field_dvnn3_label\" role=\"group\">\t\t<div class=\"frm_checkbox\" id=\"frm_checkbox_839-0\">\t\t\t<label  for=\"field_dvnn3-0\">\n\t\t\t<input type=\"checkbox\" name=\"item_meta[839][]\" id=\"field_dvnn3-0\" value=\"Propozycje zmian\"  data-invmsg=\"This field is invalid\"   \/> Propozycje zmian<\/label><\/div>\n\t\t<div class=\"frm_checkbox\" id=\"frm_checkbox_839-1\">\t\t\t<label  for=\"field_dvnn3-1\">\n\t\t\t<input type=\"checkbox\" name=\"item_meta[839][]\" id=\"field_dvnn3-1\" value=\"Dost\u0119pno\u015b\u0107\"  data-invmsg=\"This field is invalid\"   \/> Dost\u0119pno\u015b\u0107<\/label><\/div>\n\t\t<div class=\"frm_checkbox\" id=\"frm_checkbox_839-2\">\t\t\t<label  for=\"field_dvnn3-2\">\n\t\t\t<input type=\"checkbox\" name=\"item_meta[839][]\" id=\"field_dvnn3-2\" value=\"Problemy ze stron\u0105\"  data-invmsg=\"This field is invalid\"   \/> Problemy ze stron\u0105<\/label><\/div>\n\t\t<div class=\"frm_checkbox\" id=\"frm_checkbox_839-3\">\t\t\t<label  for=\"field_dvnn3-3\">\n\t\t\t<input type=\"checkbox\" name=\"item_meta[839][]\" id=\"field_dvnn3-3\" value=\"Problemy z zak\u0142adk\u0105 \u201eZarejestruj si\u0119\u201d\"  data-invmsg=\"This field is invalid\"   \/> Problemy z zak\u0142adk\u0105 \u201eZarejestruj si\u0119\u201d<\/label><\/div>\n\t\t<div class=\"frm_checkbox\" id=\"frm_checkbox_839-4\">\t\t\t<label  for=\"field_dvnn3-4\">\n\t\t\t<input type=\"checkbox\" name=\"item_meta[839][]\" id=\"field_dvnn3-4\" value=\"Problemy z zak\u0142adk\u0105 \u201eMoje konto\u201d\"  data-invmsg=\"This field is invalid\"   \/> Problemy z zak\u0142adk\u0105 \u201eMoje konto\u201d<\/label><\/div>\n<\/div>\r\n    \r\n    \r\n<\/div>\n<div id=\"frm_field_840_container\" class=\"frm_form_field  frm12 frm_first frm_html_container form-field\">\n<h4> Adres URL, w kt\u00f3rym wyst\u0105pi\u0142 problem <span style=\"color:#dc6016;\">*<\/span><\/h4>\n<p> <i> Prosimy o skopiowanie i wklejenie adresu URL strony, na kt\u00f3rej wyst\u0105pi\u0142 problem, lub zg\u0142oszenie sugestii dotycz\u0105ce ulepsze\u0144 w tym zakresie. <\/i> <img decoding=\"async\" src=\"\/app\/uploads\/2021\/12\/field.png\"><\/div>\n<div id=\"frm_field_841_container\" class=\"frm_form_field form-field  frm_top_container frm12 frm_first\">\r\n    <label for=\"field_m3vjf\" id=\"field_m3vjf_label\" class=\"frm_primary_label\">Strona\/URL\r\n        <span class=\"frm_required\" aria-hidden=\"true\"><\/span>\r\n    <\/label>\r\n    <input type=\"url\" id=\"field_m3vjf\" name=\"item_meta[841]\" value=\"\"  data-invmsg=\"Website\/URL is invalid\" aria-invalid=\"false\"   aria-describedby=\"frm_desc_field_m3vjf\"\/>\r\n    <div class=\"frm_description\" id=\"frm_desc_field_m3vjf\">*Skopiuj\/wklej adres URL strony, na kt\u00f3rej wyst\u0105pi\u0142 problem, lub masz sugestie dotycz\u0105ce ulepsze\u0144 w tym zakresie.<\/div>\r\n    \r\n<\/div>\n<div id=\"frm_field_842_container\" class=\"frm_form_field  frm12 frm_first frm_html_container form-field\">\n<h4> Opisz problem <\/h4>\n<p> Prosz\u0119 opisz napotkany problem albo przeka\u017c swoj\u0105 sugesti\u0119 <span style=\"color:#dc6016;\"> Maksymalnie 1000 znak\u00f3w <\/span><\/div>\n<div id=\"frm_field_846_container\" class=\"frm_form_field form-field  frm_top_container\">\r\n    <label for=\"field_w8jn9\" id=\"field_w8jn9_label\" class=\"frm_primary_label\">\r\n        <span class=\"frm_required\" aria-hidden=\"true\"><\/span>\r\n    <\/label>\r\n    <textarea name=\"item_meta[846]\" id=\"field_w8jn9\" rows=\"5\"  data-invmsg=\"This field is invalid\" aria-invalid=\"false\"   aria-describedby=\"frm_desc_field_w8jn9\"><\/textarea>\r\n    <div class=\"frm_description\" id=\"frm_desc_field_w8jn9\"><i> Prosimy o szczeg\u00f3\u0142owy opis<\/i><\/div>\r\n    \r\n<\/div>\n<div id=\"frm_field_848_container\" class=\"frm_form_field  frm12 frm_first frm_html_container form-field\">\n<h4> Informacja <\/h4>\n<p> \u017badne dane osobowe nie s\u0105 gromadzone ani przechowywane, gdy u\u017cytkownik przekazuje informacje w powy\u017cszym formularzu. Prosimy, by nie podawa\u0107 swojego imienia i nazwiska, numeru telefonu, adresu e-mail ani \u017cadnych innych danych osobowych podczas wpisywania informacji w cz\u0119\u015bci \u201eOpisz problem\u201d. J Nie otrzymaj\u0105 Pa\u0144stwo informacji zwrotnej, ale przeanalizujemy i naprawimy problemy i wyzwania, kt\u00f3re powoduj\u0105 pogorszenie jako\u015bci korzystania z naszej strony.  Je\u015bli potrzebuj\u0105 Pa\u0144stwo wsparcia w korzystaniu z zak\u0142adek \u201eZarejestruj si\u0119\u201d lub \u201eMoje konto\u201d, prosimy o kontakt z zespo\u0142em wellbeing w Pa\u0144stwa regionie. Informacje kontaktowe mo\u017cna znale\u017a\u0107  <a href=\"\/pl\/about-us\/\"> tutaj.<\/a><\/div>\n<div id=\"frm_field_1280_container\" class=\"frm_form_field form-field  frm_none_container\">\n    <label for=\"g-recaptcha-response\" id=\"field_um47y_label\" class=\"frm_primary_label\">Captcha\n        <span class=\"frm_required\" aria-hidden=\"true\"><\/span>\n    <\/label>\n    <div  id=\"field_um47y\" class=\"frm-g-recaptcha\" data-sitekey=\"6LfYsNAeAAAAAOyY9aSbK6GLxKIe5ukPWwgBvUvN\" data-size=\"normal\" data-theme=\"light\"><\/div>\n    \n    \n<\/div>\n<div id=\"frm_field_1292_container\" class=\"frm_form_field form-field \">\n\t<div class=\"frm_submit\">\r\n\r\n<button class=\"frm_button_submit\" type=\"submit\"  >Submit<\/button>\r\n\r\n<\/div>\n<\/div>\n\t<input type=\"hidden\" name=\"item_key\" value=\"\" \/>\n\t\t\t<div id=\"frm_field_1293_container\">\n\t\t\t<label for=\"field_amkvo\" >\n\t\t\t\tIf you are human, leave this field blank.\t\t\t<\/label>\n\t\t\t<input  id=\"field_amkvo\" type=\"text\" class=\"frm_form_field form-field frm_verify\" name=\"item_meta[1293]\" value=\"\"  \/>\n\t\t<\/div>\n\t\t<\/div>\n<\/fieldset>\n<\/div>\n\n<\/form>\n<\/div>\n\n<\/div>\n","protected":false},"excerpt":{"rendered":"","protected":false},"author":1,"featured_media":9179,"parent":0,"menu_order":132,"comment_status":"closed","ping_status":"closed","template":"about-us-template.php","meta":{"_acf_changed":false,"footnotes":""},"class_list":["post-11482","page","type-page","status-publish","has-post-thumbnail","hentry"],"acf":[],"yoast_head":"<!-- This site is optimized with the Yoast SEO plugin v27.1.1 - https:\/\/yoast.com\/product\/yoast-seo-wordpress\/ -->\n<title>Kontakt do Administratora - Wellbeing<\/title>\n<meta name=\"robots\" content=\"index, follow, max-snippet:-1, max-image-preview:large, max-video-preview:-1\" \/>\n<link rel=\"canonical\" href=\"https:\/\/wellbeingtourism.com\/pl\/contact-the-webmaster\/\" \/>\n<meta property=\"og:locale\" content=\"pl_PL\" \/>\n<meta property=\"og:type\" content=\"article\" \/>\n<meta property=\"og:title\" content=\"Kontakt do Administratora - Wellbeing\" \/>\n<meta property=\"og:url\" content=\"https:\/\/wellbeingtourism.com\/pl\/contact-the-webmaster\/\" \/>\n<meta property=\"og:site_name\" content=\"Wellbeing\" \/>\n<meta property=\"article:modified_time\" content=\"2022-07-18T08:32:43+00:00\" \/>\n<meta property=\"og:image\" content=\"https:\/\/wellbeingtourism.com\/app\/uploads\/2021\/06\/image-30.png\" \/>\n\t<meta property=\"og:image:width\" content=\"1440\" \/>\n\t<meta property=\"og:image:height\" content=\"308\" \/>\n\t<meta property=\"og:image:type\" content=\"image\/png\" \/>\n<meta name=\"twitter:card\" content=\"summary_large_image\" \/>\n<meta name=\"twitter:label1\" content=\"Est. reading time\" \/>\n\t<meta name=\"twitter:data1\" content=\"1 minute\" \/>\n<script type=\"application\/ld+json\" class=\"yoast-schema-graph\">{\"@context\":\"https:\/\/schema.org\",\"@graph\":[{\"@type\":\"WebPage\",\"@id\":\"https:\/\/wellbeingtourism.com\/pl\/contact-the-webmaster\/\",\"url\":\"https:\/\/wellbeingtourism.com\/pl\/contact-the-webmaster\/\",\"name\":\"Kontakt do Administratora - Wellbeing\",\"isPartOf\":{\"@id\":\"https:\/\/wellbeingtourism.com\/#website\"},\"primaryImageOfPage\":{\"@id\":\"https:\/\/wellbeingtourism.com\/pl\/contact-the-webmaster\/#primaryimage\"},\"image\":{\"@id\":\"https:\/\/wellbeingtourism.com\/pl\/contact-the-webmaster\/#primaryimage\"},\"thumbnailUrl\":\"https:\/\/wellbeingtourism.com\/app\/uploads\/2021\/06\/image-30.png\",\"datePublished\":\"2021-03-02T12:18:20+00:00\",\"dateModified\":\"2022-07-18T08:32:43+00:00\",\"breadcrumb\":{\"@id\":\"https:\/\/wellbeingtourism.com\/pl\/contact-the-webmaster\/#breadcrumb\"},\"inLanguage\":\"pl-PL\",\"potentialAction\":[{\"@type\":\"ReadAction\",\"target\":[\"https:\/\/wellbeingtourism.com\/pl\/contact-the-webmaster\/\"]}]},{\"@type\":\"ImageObject\",\"inLanguage\":\"pl-PL\",\"@id\":\"https:\/\/wellbeingtourism.com\/pl\/contact-the-webmaster\/#primaryimage\",\"url\":\"https:\/\/wellbeingtourism.com\/app\/uploads\/2021\/06\/image-30.png\",\"contentUrl\":\"https:\/\/wellbeingtourism.com\/app\/uploads\/2021\/06\/image-30.png\",\"width\":1440,\"height\":308},{\"@type\":\"BreadcrumbList\",\"@id\":\"https:\/\/wellbeingtourism.com\/pl\/contact-the-webmaster\/#breadcrumb\",\"itemListElement\":[{\"@type\":\"ListItem\",\"position\":1,\"name\":\"Home\",\"item\":\"https:\/\/wellbeingtourism.com\/pl\/\"},{\"@type\":\"ListItem\",\"position\":2,\"name\":\"Kontakt do Administratora\"}]},{\"@type\":\"WebSite\",\"@id\":\"https:\/\/wellbeingtourism.com\/#website\",\"url\":\"https:\/\/wellbeingtourism.com\/\",\"name\":\"Wellbeing\",\"description\":\"Discover our places &amp; hosts\",\"potentialAction\":[{\"@type\":\"SearchAction\",\"target\":{\"@type\":\"EntryPoint\",\"urlTemplate\":\"https:\/\/wellbeingtourism.com\/?s={search_term_string}\"},\"query-input\":{\"@type\":\"PropertyValueSpecification\",\"valueRequired\":true,\"valueName\":\"search_term_string\"}}],\"inLanguage\":\"pl-PL\"}]}<\/script>\n<!-- \/ Yoast SEO plugin. -->","yoast_head_json":{"title":"Kontakt do Administratora - Wellbeing","robots":{"index":"index","follow":"follow","max-snippet":"max-snippet:-1","max-image-preview":"max-image-preview:large","max-video-preview":"max-video-preview:-1"},"canonical":"https:\/\/wellbeingtourism.com\/pl\/contact-the-webmaster\/","og_locale":"pl_PL","og_type":"article","og_title":"Kontakt do Administratora - Wellbeing","og_url":"https:\/\/wellbeingtourism.com\/pl\/contact-the-webmaster\/","og_site_name":"Wellbeing","article_modified_time":"2022-07-18T08:32:43+00:00","og_image":[{"width":1440,"height":308,"url":"https:\/\/wellbeingtourism.com\/app\/uploads\/2021\/06\/image-30.png","type":"image\/png"}],"twitter_card":"summary_large_image","twitter_misc":{"Est. reading time":"1 minute"},"schema":{"@context":"https:\/\/schema.org","@graph":[{"@type":"WebPage","@id":"https:\/\/wellbeingtourism.com\/pl\/contact-the-webmaster\/","url":"https:\/\/wellbeingtourism.com\/pl\/contact-the-webmaster\/","name":"Kontakt do Administratora - Wellbeing","isPartOf":{"@id":"https:\/\/wellbeingtourism.com\/#website"},"primaryImageOfPage":{"@id":"https:\/\/wellbeingtourism.com\/pl\/contact-the-webmaster\/#primaryimage"},"image":{"@id":"https:\/\/wellbeingtourism.com\/pl\/contact-the-webmaster\/#primaryimage"},"thumbnailUrl":"https:\/\/wellbeingtourism.com\/app\/uploads\/2021\/06\/image-30.png","datePublished":"2021-03-02T12:18:20+00:00","dateModified":"2022-07-18T08:32:43+00:00","breadcrumb":{"@id":"https:\/\/wellbeingtourism.com\/pl\/contact-the-webmaster\/#breadcrumb"},"inLanguage":"pl-PL","potentialAction":[{"@type":"ReadAction","target":["https:\/\/wellbeingtourism.com\/pl\/contact-the-webmaster\/"]}]},{"@type":"ImageObject","inLanguage":"pl-PL","@id":"https:\/\/wellbeingtourism.com\/pl\/contact-the-webmaster\/#primaryimage","url":"https:\/\/wellbeingtourism.com\/app\/uploads\/2021\/06\/image-30.png","contentUrl":"https:\/\/wellbeingtourism.com\/app\/uploads\/2021\/06\/image-30.png","width":1440,"height":308},{"@type":"BreadcrumbList","@id":"https:\/\/wellbeingtourism.com\/pl\/contact-the-webmaster\/#breadcrumb","itemListElement":[{"@type":"ListItem","position":1,"name":"Home","item":"https:\/\/wellbeingtourism.com\/pl\/"},{"@type":"ListItem","position":2,"name":"Kontakt do Administratora"}]},{"@type":"WebSite","@id":"https:\/\/wellbeingtourism.com\/#website","url":"https:\/\/wellbeingtourism.com\/","name":"Wellbeing","description":"Discover our places &amp; hosts","potentialAction":[{"@type":"SearchAction","target":{"@type":"EntryPoint","urlTemplate":"https:\/\/wellbeingtourism.com\/?s={search_term_string}"},"query-input":{"@type":"PropertyValueSpecification","valueRequired":true,"valueName":"search_term_string"}}],"inLanguage":"pl-PL"}]}},"_links":{"self":[{"href":"https:\/\/wellbeingtourism.com\/pl\/wp-json\/wp\/v2\/pages\/11482","targetHints":{"allow":["GET"]}}],"collection":[{"href":"https:\/\/wellbeingtourism.com\/pl\/wp-json\/wp\/v2\/pages"}],"about":[{"href":"https:\/\/wellbeingtourism.com\/pl\/wp-json\/wp\/v2\/types\/page"}],"author":[{"embeddable":true,"href":"https:\/\/wellbeingtourism.com\/pl\/wp-json\/wp\/v2\/users\/1"}],"replies":[{"embeddable":true,"href":"https:\/\/wellbeingtourism.com\/pl\/wp-json\/wp\/v2\/comments?post=11482"}],"version-history":[{"count":1,"href":"https:\/\/wellbeingtourism.com\/pl\/wp-json\/wp\/v2\/pages\/11482\/revisions"}],"predecessor-version":[{"id":28414,"href":"https:\/\/wellbeingtourism.com\/pl\/wp-json\/wp\/v2\/pages\/11482\/revisions\/28414"}],"wp:featuredmedia":[{"embeddable":true,"href":"https:\/\/wellbeingtourism.com\/pl\/wp-json\/wp\/v2\/media\/9179"}],"wp:attachment":[{"href":"https:\/\/wellbeingtourism.com\/pl\/wp-json\/wp\/v2\/media?parent=11482"}],"curies":[{"name":"wp","href":"https:\/\/api.w.org\/{rel}","templated":true}]}}