{"id":11089,"date":"2021-05-15T08:16:45","date_gmt":"2021-05-15T08:16:45","guid":{"rendered":"https:\/\/wellbeingtourism.com\/login\/"},"modified":"2022-07-05T08:05:18","modified_gmt":"2022-07-05T08:05:18","slug":"login","status":"publish","type":"page","link":"https:\/\/wellbeingtourism.com\/pl\/login\/","title":{"rendered":"Login"},"content":{"rendered":"\n<div id=\"loginform-0\" class=\"frm_forms with_frm_style  frm_style_formidable-style frm_login_form\">\n\n\t\t<form method=\"post\" action=\"https:\/\/wellbeingtourism.com\/wp\/wp-login.php\" >\n\n\t\t\n\t\t\t\t<div class=\"frm_form_fields\">\n\t\t\t<fieldset>\n\n\t\t\t\t<div class=\"frm_form_field form-field login-username frm_top_container\">\n\t\t\t\t\t<label for=\"user_login0\" class=\"frm_primary_label\">Nazwa u\u017cytkownika\t\t\t\t\t<\/label>\n\t\t\t\t\t<input id=\"user_login0\" name=\"log\" value=\"\" placeholder=\"\" type=\"text\">\n\t\t\t\t<\/div>\n\n\t\t\t\t<div class=\"frm_form_field form-field login-password frm_top_container\">\n\t\t\t\t\t<label for=\"user_pass0\" class=\"frm_primary_label\">Has\u0142o\t\t\t\t\t<\/label>\n\t\t\t\t\t<input id=\"user_pass0\" name=\"pwd\" value=\"\" type=\"password\" placeholder=\"\" >\n\t\t\t\t<\/div>\n\n\t\t\t\t<input type=\"hidden\" name=\"redirect_to\" value=\"https:\/\/wellbeingtourism.com\/pl\/account\/\" \/>\n\n\t\t\t\t\n\t\t\t\t<div class=\"frm_submit\">\n\t\t\t\t\t<input type=\"submit\" name=\"wp-submit\" id=\"wp-submit0\" value=\"Zaloguj sie\" \/>\n\t\t\t\t<\/div>\n\t\t\t\t<div style=\"clear:both;\"><\/div>\n\n\t\t\t\t\n\t\t\t\t\t\t\t\t<div class=\"frm_form_field form-field frm_none_container login-remember\">\n\t\t\t\t\t<div class=\"frm_opt_container\">\n\t\t\t\t\t\t<div class=\"frm_checkbox\">\n\t\t\t\t\t\t\t<label for=\"rememberme0\">\n\t\t\t\t\t\t\t\t<input name=\"rememberme\" id=\"rememberme0\" value=\"forever\" type=\"checkbox\" \/>zapami\u0119taj mnie\t\t\t\t\t\t\t<\/label>\n\t\t\t\t\t\t<\/div>\n\t\t\t\t\t<\/div>\n\t\t\t\t<\/div>\n\t\t\t\t\n\t\t\t\t\t\t\t\t<div class=\"frm_form_field frm_html_container form-field login_lost_pw\">\n\t\t\t\t\t<a class=\"forgot-password\" href=\"https:\/\/wellbeingtourism.com\/account\/password-reset\/\">\n\t\t\t\t\t\tZapomnia\u0142e\u015b has\u0142a?\n\t\t\t\t\t<\/a>\n\t\t\t\t<\/div>\n\t\t\t\t\n\t\t\t\t<div style=\"clear:both;\"><\/div>\n\n\t\t\t<\/fieldset>\n\t\t<\/div>\n\t<\/form>\n<\/div>\n\n","protected":false},"excerpt":{"rendered":"","protected":false},"author":1,"featured_media":11091,"parent":0,"menu_order":120,"comment_status":"closed","ping_status":"closed","template":"member-page.php","meta":{"_acf_changed":false,"footnotes":""},"class_list":["post-11089","page","type-page","status-publish","has-post-thumbnail","hentry"],"acf":[],"yoast_head":"<!-- This site is optimized with the Yoast SEO plugin v27.1.1 - https:\/\/yoast.com\/product\/yoast-seo-wordpress\/ -->\n<title>Login - Wellbeing<\/title>\n<meta name=\"robots\" content=\"index, follow, max-snippet:-1, max-image-preview:large, max-video-preview:-1\" \/>\n<link rel=\"canonical\" href=\"https:\/\/wellbeingtourism.com\/pl\/login\/\" \/>\n<meta property=\"og:locale\" content=\"pl_PL\" \/>\n<meta property=\"og:type\" content=\"article\" \/>\n<meta property=\"og:title\" content=\"Login - Wellbeing\" \/>\n<meta property=\"og:url\" content=\"https:\/\/wellbeingtourism.com\/pl\/login\/\" \/>\n<meta property=\"og:site_name\" content=\"Wellbeing\" \/>\n<meta property=\"article:modified_time\" content=\"2022-07-05T08:05:18+00:00\" \/>\n<meta property=\"og:image\" content=\"https:\/\/wellbeingtourism.com\/app\/uploads\/2021\/12\/Enjoy-Your-Stay2-1.jpg\" \/>\n\t<meta property=\"og:image:width\" content=\"1254\" \/>\n\t<meta property=\"og:image:height\" content=\"308\" \/>\n\t<meta property=\"og:image:type\" content=\"image\/jpeg\" \/>\n<meta name=\"twitter:card\" content=\"summary_large_image\" \/>\n<script type=\"application\/ld+json\" class=\"yoast-schema-graph\">{\"@context\":\"https:\/\/schema.org\",\"@graph\":[{\"@type\":\"WebPage\",\"@id\":\"https:\/\/wellbeingtourism.com\/pl\/login\/\",\"url\":\"https:\/\/wellbeingtourism.com\/pl\/login\/\",\"name\":\"Login - Wellbeing\",\"isPartOf\":{\"@id\":\"https:\/\/wellbeingtourism.com\/#website\"},\"primaryImageOfPage\":{\"@id\":\"https:\/\/wellbeingtourism.com\/pl\/login\/#primaryimage\"},\"image\":{\"@id\":\"https:\/\/wellbeingtourism.com\/pl\/login\/#primaryimage\"},\"thumbnailUrl\":\"https:\/\/wellbeingtourism.com\/app\/uploads\/2021\/12\/Enjoy-Your-Stay2-1.jpg\",\"datePublished\":\"2021-05-15T08:16:45+00:00\",\"dateModified\":\"2022-07-05T08:05:18+00:00\",\"breadcrumb\":{\"@id\":\"https:\/\/wellbeingtourism.com\/pl\/login\/#breadcrumb\"},\"inLanguage\":\"pl-PL\",\"potentialAction\":[{\"@type\":\"ReadAction\",\"target\":[\"https:\/\/wellbeingtourism.com\/pl\/login\/\"]}]},{\"@type\":\"ImageObject\",\"inLanguage\":\"pl-PL\",\"@id\":\"https:\/\/wellbeingtourism.com\/pl\/login\/#primaryimage\",\"url\":\"https:\/\/wellbeingtourism.com\/app\/uploads\/2021\/12\/Enjoy-Your-Stay2-1.jpg\",\"contentUrl\":\"https:\/\/wellbeingtourism.com\/app\/uploads\/2021\/12\/Enjoy-Your-Stay2-1.jpg\",\"width\":1254,\"height\":308},{\"@type\":\"BreadcrumbList\",\"@id\":\"https:\/\/wellbeingtourism.com\/pl\/login\/#breadcrumb\",\"itemListElement\":[{\"@type\":\"ListItem\",\"position\":1,\"name\":\"Home\",\"item\":\"https:\/\/wellbeingtourism.com\/pl\/\"},{\"@type\":\"ListItem\",\"position\":2,\"name\":\"Login\"}]},{\"@type\":\"WebSite\",\"@id\":\"https:\/\/wellbeingtourism.com\/#website\",\"url\":\"https:\/\/wellbeingtourism.com\/\",\"name\":\"Wellbeing\",\"description\":\"Discover our places &amp; hosts\",\"potentialAction\":[{\"@type\":\"SearchAction\",\"target\":{\"@type\":\"EntryPoint\",\"urlTemplate\":\"https:\/\/wellbeingtourism.com\/?s={search_term_string}\"},\"query-input\":{\"@type\":\"PropertyValueSpecification\",\"valueRequired\":true,\"valueName\":\"search_term_string\"}}],\"inLanguage\":\"pl-PL\"}]}<\/script>\n<!-- \/ Yoast SEO plugin. -->","yoast_head_json":{"title":"Login - Wellbeing","robots":{"index":"index","follow":"follow","max-snippet":"max-snippet:-1","max-image-preview":"max-image-preview:large","max-video-preview":"max-video-preview:-1"},"canonical":"https:\/\/wellbeingtourism.com\/pl\/login\/","og_locale":"pl_PL","og_type":"article","og_title":"Login - Wellbeing","og_url":"https:\/\/wellbeingtourism.com\/pl\/login\/","og_site_name":"Wellbeing","article_modified_time":"2022-07-05T08:05:18+00:00","og_image":[{"width":1254,"height":308,"url":"https:\/\/wellbeingtourism.com\/app\/uploads\/2021\/12\/Enjoy-Your-Stay2-1.jpg","type":"image\/jpeg"}],"twitter_card":"summary_large_image","schema":{"@context":"https:\/\/schema.org","@graph":[{"@type":"WebPage","@id":"https:\/\/wellbeingtourism.com\/pl\/login\/","url":"https:\/\/wellbeingtourism.com\/pl\/login\/","name":"Login - Wellbeing","isPartOf":{"@id":"https:\/\/wellbeingtourism.com\/#website"},"primaryImageOfPage":{"@id":"https:\/\/wellbeingtourism.com\/pl\/login\/#primaryimage"},"image":{"@id":"https:\/\/wellbeingtourism.com\/pl\/login\/#primaryimage"},"thumbnailUrl":"https:\/\/wellbeingtourism.com\/app\/uploads\/2021\/12\/Enjoy-Your-Stay2-1.jpg","datePublished":"2021-05-15T08:16:45+00:00","dateModified":"2022-07-05T08:05:18+00:00","breadcrumb":{"@id":"https:\/\/wellbeingtourism.com\/pl\/login\/#breadcrumb"},"inLanguage":"pl-PL","potentialAction":[{"@type":"ReadAction","target":["https:\/\/wellbeingtourism.com\/pl\/login\/"]}]},{"@type":"ImageObject","inLanguage":"pl-PL","@id":"https:\/\/wellbeingtourism.com\/pl\/login\/#primaryimage","url":"https:\/\/wellbeingtourism.com\/app\/uploads\/2021\/12\/Enjoy-Your-Stay2-1.jpg","contentUrl":"https:\/\/wellbeingtourism.com\/app\/uploads\/2021\/12\/Enjoy-Your-Stay2-1.jpg","width":1254,"height":308},{"@type":"BreadcrumbList","@id":"https:\/\/wellbeingtourism.com\/pl\/login\/#breadcrumb","itemListElement":[{"@type":"ListItem","position":1,"name":"Home","item":"https:\/\/wellbeingtourism.com\/pl\/"},{"@type":"ListItem","position":2,"name":"Login"}]},{"@type":"WebSite","@id":"https:\/\/wellbeingtourism.com\/#website","url":"https:\/\/wellbeingtourism.com\/","name":"Wellbeing","description":"Discover our places &amp; hosts","potentialAction":[{"@type":"SearchAction","target":{"@type":"EntryPoint","urlTemplate":"https:\/\/wellbeingtourism.com\/?s={search_term_string}"},"query-input":{"@type":"PropertyValueSpecification","valueRequired":true,"valueName":"search_term_string"}}],"inLanguage":"pl-PL"}]}},"_links":{"self":[{"href":"https:\/\/wellbeingtourism.com\/pl\/wp-json\/wp\/v2\/pages\/11089","targetHints":{"allow":["GET"]}}],"collection":[{"href":"https:\/\/wellbeingtourism.com\/pl\/wp-json\/wp\/v2\/pages"}],"about":[{"href":"https:\/\/wellbeingtourism.com\/pl\/wp-json\/wp\/v2\/types\/page"}],"author":[{"embeddable":true,"href":"https:\/\/wellbeingtourism.com\/pl\/wp-json\/wp\/v2\/users\/1"}],"replies":[{"embeddable":true,"href":"https:\/\/wellbeingtourism.com\/pl\/wp-json\/wp\/v2\/comments?post=11089"}],"version-history":[{"count":4,"href":"https:\/\/wellbeingtourism.com\/pl\/wp-json\/wp\/v2\/pages\/11089\/revisions"}],"predecessor-version":[{"id":28226,"href":"https:\/\/wellbeingtourism.com\/pl\/wp-json\/wp\/v2\/pages\/11089\/revisions\/28226"}],"wp:featuredmedia":[{"embeddable":true,"href":"https:\/\/wellbeingtourism.com\/pl\/wp-json\/wp\/v2\/media\/11091"}],"wp:attachment":[{"href":"https:\/\/wellbeingtourism.com\/pl\/wp-json\/wp\/v2\/media?parent=11089"}],"curies":[{"name":"wp","href":"https:\/\/api.w.org\/{rel}","templated":true}]}}