{"id":24639,"date":"2022-03-17T11:10:36","date_gmt":"2022-03-17T11:10:36","guid":{"rendered":"https:\/\/wellbeingtourism.com\/?page_id=24639"},"modified":"2022-05-11T07:01:51","modified_gmt":"2022-05-11T07:01:51","slug":"for-wellbeing-hosts","status":"publish","type":"page","link":"https:\/\/wellbeingtourism.com\/lt\/for-wellbeing-hosts\/","title":{"rendered":"Darniojo sveikatingumo \u0161eimimininkams"},"content":{"rendered":"<div class=\"slide-image-and-text\">\r\n<div class=\"slide-images\">\r\n            <div id=\"slider-topblock_5fdb79bd9c528\" class=\"slider-top\">\r\n            <div class=\"header-image\">\r\n                <img src='https:\/\/wellbeingtourism.com\/app\/uploads\/2020\/12\/image-29-1-1.png' alt='Slide Image'>                <div class=\"container\">\r\n                    <div class=\"slider-text\">\r\n                        <div class=\"small-text\"><h1>#Homeofwellbeing<\/h1>\n<p>Darniojo sveikatingumo \u0161eimininkas yra s\u0105moningas, malonus, r\u016bpestingas, s\u0105\u017einingas ir d\u017eiaugsmingas.<\/p>\n<p>Darniojo sveikatingumo turizmas yra tvarus turizmas, kuris palaiko k\u016bno, proto ir sielos harmonij\u0105. Jei pritariate m\u016bs\u0173 vertyb\u0117ms, galite b\u016bti darniojo sveikatingumo nam\u0173 dalimi. Jei dirbate restorane, vie\u0161butyje, SPA centre, sporto sal\u0117je ar kitur; Jei jums r\u016bpi aplinka; Jei veikiate klestin\u010dios vietos bendruomen\u0117s labui ir galvojate, kaip prisid\u0117ti prie kit\u0173 gerov\u0117s \u2013 tuomet esate prek\u0117s \u017eenklo dalis. J\u016bs taip pat esate &#8211; Darniojo sveikatingumo namai.<\/p>\n<p><em><strong>Kartu mes galime pakeisti pasaul\u012f.<\/strong><\/em><\/p>\n<p>&nbsp;<\/p>\n<\/div>\r\n                    <\/div>\r\n                <\/div>\r\n            <\/div> \r\n        <\/div>\r\n\r\n   <\/div>\r\n<img decoding=\"async\" class=\"lotus-bottom\" src=\"https:\/\/wellbeingtourism.com\/app\/themes\/wellbeing\/images\/Lotus.png\">\r\n<\/div>\n\n\n<div style=\"height:100px\" aria-hidden=\"true\" class=\"wp-block-spacer\"><\/div>\n\n\n<div class=\"wp-bootstrap-blocks-container container mb-2\">\n\t\n\n<h4 class=\"wp-block-heading\" id=\"wellbeing-companies-and-hosts\">Darniojo sveikatingumo \u012fmon\u0117s ir \u0161eimininkai<\/h4>\n\n\n\n<h5 class=\"wp-block-heading\" id=\"wellbeing-tourism-companies-are-those-that-are-aiming-towards-carrying-out-their-activities-in-harmony-with-the-involved-actors-and-with-care-towards-the-natural-environment-wellbeing-companies-are-honest-in-their-business-aware-of-how-their-activities-are-impacting-the-community-and-natural-environment-as-well-as-of-the-main-concerns-of-the-society-in-which-they-act-caring-towards-both-guests-and-staff-while-upholding-a-kind-and-joyful-attitude\">Darniojo sveikatingumo turizmo \u012fmon\u0117s yra tos, kurios siekia savo veikl\u0105 vykdyti darniai, r\u016bpinasi gamta ir \u017emon\u0117mis. Darniojo sveikatingumo \u012fmon\u0117s yra s\u0105\u017einingos savo versle, \u017eino, kaip j\u0173 veikla daro \u012ftak\u0105 bendruomenei ir gamtinei aplinkai, taip pat pagrindinius visuomen\u0117s, kurioje jos veikia, i\u0161\u0161\u016bkius, r\u016bpinasi tiek savo sve\u010diais, tiek darbuotojais, i\u0161laiko malon\u0173 ir d\u017eiaugsming\u0105 po\u017ei\u016br\u012f.\u202f&nbsp;<\/h5>\n\n\n\n<div style=\"height:33px\" aria-hidden=\"true\" class=\"wp-block-spacer\"><\/div>\n\n\n\n<h4 class=\"wp-block-heading\" id=\"learn-more-start-your-journey\">Su\u017einok daugiau &#8211; prad\u0117k savo kelion\u0119<\/h4>\n\n\n\n<h5 class=\"wp-block-heading\" id=\"read-our-booklets-see-our-films-and-find-tips-and-educational-cards-to-develop-your-business-and-knowledge-build-your-skills-and-carry-out-innovations-and-changes-or-just-make-adjustments-and-improvements\">Skaityk m\u016bs\u0173 bukletus, \u017ei\u016br\u0117k m\u016bs\u0173 filmus ir rask patarim\u0173 bei mokom\u0173j\u0173 korteli\u0173, kaip pl\u0117toti savo versl\u0105 ir \u017einias. Ugdyk savo \u012fg\u016bd\u017eius ir \u012fgyvendink naujoves arba tiesiog pakeisk ar patobulink savo versl\u0105.<\/h5>\n\n\n\n<div style=\"height:25px\" aria-hidden=\"true\" class=\"wp-block-spacer\"><\/div>\n\n\n\n<h4 class=\"wp-block-heading\" id=\"the-importance-of-knowledge-sharing\">Dalijimosi \u017einiomis svarba<\/h4>\n\n\n\n<h5 class=\"wp-block-heading\" id=\"collaborate-and-build-collective-knowledge-grow-together-as-you-share-and-learn-from-others-so-share-on-social-media-in-your-local-networks-among-your-suppliers-and-to-your-guests-and-staff\">Bendradarbiauk ir kaupk kolektyvines \u017einias. Auk kartu dalindamasis ir mokydamasis i\u0161 kit\u0173. Taigi dalinkis socialin\u0117je erdv\u0117je, \u017einiasklaidoje, vietiniuose tinkluose, tarp tiek\u0117j\u0173, savo sve\u010di\u0173 bei darbuotoj\u0173.<\/h5>\n\n<\/div>\n","protected":false},"excerpt":{"rendered":"","protected":false},"author":1,"featured_media":0,"parent":0,"menu_order":253,"comment_status":"closed","ping_status":"closed","template":"template-wellbeing-company.php","meta":{"_acf_changed":false,"footnotes":""},"class_list":["post-24639","page","type-page","status-publish","hentry"],"acf":[],"yoast_head":"<!-- This site is optimized with the Yoast SEO plugin v27.1.1 - https:\/\/yoast.com\/product\/yoast-seo-wordpress\/ -->\n<title>Darniojo sveikatingumo \u0161eimimininkams - Wellbeing<\/title>\n<meta name=\"robots\" content=\"index, follow, max-snippet:-1, max-image-preview:large, max-video-preview:-1\" \/>\n<link rel=\"canonical\" href=\"https:\/\/wellbeingtourism.com\/lt\/for-wellbeing-hosts\/\" \/>\n<meta property=\"og:locale\" content=\"lt_LT\" \/>\n<meta property=\"og:type\" content=\"article\" \/>\n<meta property=\"og:title\" content=\"Darniojo sveikatingumo \u0161eimimininkams - Wellbeing\" \/>\n<meta property=\"og:url\" content=\"https:\/\/wellbeingtourism.com\/lt\/for-wellbeing-hosts\/\" \/>\n<meta property=\"og:site_name\" content=\"Wellbeing\" \/>\n<meta property=\"article:modified_time\" content=\"2022-05-11T07:01:51+00:00\" \/>\n<meta name=\"twitter:card\" content=\"summary_large_image\" \/>\n<meta name=\"twitter:label1\" content=\"Est. reading time\" \/>\n\t<meta name=\"twitter:data1\" content=\"1 minute\" \/>\n<script type=\"application\/ld+json\" class=\"yoast-schema-graph\">{\"@context\":\"https:\/\/schema.org\",\"@graph\":[{\"@type\":\"WebPage\",\"@id\":\"https:\/\/wellbeingtourism.com\/lt\/for-wellbeing-hosts\/\",\"url\":\"https:\/\/wellbeingtourism.com\/lt\/for-wellbeing-hosts\/\",\"name\":\"Darniojo sveikatingumo \u0161eimimininkams - Wellbeing\",\"isPartOf\":{\"@id\":\"https:\/\/wellbeingtourism.com\/#website\"},\"datePublished\":\"2022-03-17T11:10:36+00:00\",\"dateModified\":\"2022-05-11T07:01:51+00:00\",\"breadcrumb\":{\"@id\":\"https:\/\/wellbeingtourism.com\/lt\/for-wellbeing-hosts\/#breadcrumb\"},\"inLanguage\":\"lt-LT\",\"potentialAction\":[{\"@type\":\"ReadAction\",\"target\":[\"https:\/\/wellbeingtourism.com\/lt\/for-wellbeing-hosts\/\"]}]},{\"@type\":\"BreadcrumbList\",\"@id\":\"https:\/\/wellbeingtourism.com\/lt\/for-wellbeing-hosts\/#breadcrumb\",\"itemListElement\":[{\"@type\":\"ListItem\",\"position\":1,\"name\":\"Home\",\"item\":\"https:\/\/wellbeingtourism.com\/lt\/\"},{\"@type\":\"ListItem\",\"position\":2,\"name\":\"Darniojo sveikatingumo \u0161eimimininkams\"}]},{\"@type\":\"WebSite\",\"@id\":\"https:\/\/wellbeingtourism.com\/#website\",\"url\":\"https:\/\/wellbeingtourism.com\/\",\"name\":\"Wellbeing\",\"description\":\"Discover our places &amp; hosts\",\"potentialAction\":[{\"@type\":\"SearchAction\",\"target\":{\"@type\":\"EntryPoint\",\"urlTemplate\":\"https:\/\/wellbeingtourism.com\/?s={search_term_string}\"},\"query-input\":{\"@type\":\"PropertyValueSpecification\",\"valueRequired\":true,\"valueName\":\"search_term_string\"}}],\"inLanguage\":\"lt-LT\"}]}<\/script>\n<!-- \/ Yoast SEO plugin. -->","yoast_head_json":{"title":"Darniojo sveikatingumo \u0161eimimininkams - Wellbeing","robots":{"index":"index","follow":"follow","max-snippet":"max-snippet:-1","max-image-preview":"max-image-preview:large","max-video-preview":"max-video-preview:-1"},"canonical":"https:\/\/wellbeingtourism.com\/lt\/for-wellbeing-hosts\/","og_locale":"lt_LT","og_type":"article","og_title":"Darniojo sveikatingumo \u0161eimimininkams - Wellbeing","og_url":"https:\/\/wellbeingtourism.com\/lt\/for-wellbeing-hosts\/","og_site_name":"Wellbeing","article_modified_time":"2022-05-11T07:01:51+00:00","twitter_card":"summary_large_image","twitter_misc":{"Est. reading time":"1 minute"},"schema":{"@context":"https:\/\/schema.org","@graph":[{"@type":"WebPage","@id":"https:\/\/wellbeingtourism.com\/lt\/for-wellbeing-hosts\/","url":"https:\/\/wellbeingtourism.com\/lt\/for-wellbeing-hosts\/","name":"Darniojo sveikatingumo \u0161eimimininkams - Wellbeing","isPartOf":{"@id":"https:\/\/wellbeingtourism.com\/#website"},"datePublished":"2022-03-17T11:10:36+00:00","dateModified":"2022-05-11T07:01:51+00:00","breadcrumb":{"@id":"https:\/\/wellbeingtourism.com\/lt\/for-wellbeing-hosts\/#breadcrumb"},"inLanguage":"lt-LT","potentialAction":[{"@type":"ReadAction","target":["https:\/\/wellbeingtourism.com\/lt\/for-wellbeing-hosts\/"]}]},{"@type":"BreadcrumbList","@id":"https:\/\/wellbeingtourism.com\/lt\/for-wellbeing-hosts\/#breadcrumb","itemListElement":[{"@type":"ListItem","position":1,"name":"Home","item":"https:\/\/wellbeingtourism.com\/lt\/"},{"@type":"ListItem","position":2,"name":"Darniojo sveikatingumo \u0161eimimininkams"}]},{"@type":"WebSite","@id":"https:\/\/wellbeingtourism.com\/#website","url":"https:\/\/wellbeingtourism.com\/","name":"Wellbeing","description":"Discover our places &amp; hosts","potentialAction":[{"@type":"SearchAction","target":{"@type":"EntryPoint","urlTemplate":"https:\/\/wellbeingtourism.com\/?s={search_term_string}"},"query-input":{"@type":"PropertyValueSpecification","valueRequired":true,"valueName":"search_term_string"}}],"inLanguage":"lt-LT"}]}},"_links":{"self":[{"href":"https:\/\/wellbeingtourism.com\/lt\/wp-json\/wp\/v2\/pages\/24639","targetHints":{"allow":["GET"]}}],"collection":[{"href":"https:\/\/wellbeingtourism.com\/lt\/wp-json\/wp\/v2\/pages"}],"about":[{"href":"https:\/\/wellbeingtourism.com\/lt\/wp-json\/wp\/v2\/types\/page"}],"author":[{"embeddable":true,"href":"https:\/\/wellbeingtourism.com\/lt\/wp-json\/wp\/v2\/users\/1"}],"replies":[{"embeddable":true,"href":"https:\/\/wellbeingtourism.com\/lt\/wp-json\/wp\/v2\/comments?post=24639"}],"version-history":[{"count":19,"href":"https:\/\/wellbeingtourism.com\/lt\/wp-json\/wp\/v2\/pages\/24639\/revisions"}],"predecessor-version":[{"id":27235,"href":"https:\/\/wellbeingtourism.com\/lt\/wp-json\/wp\/v2\/pages\/24639\/revisions\/27235"}],"wp:attachment":[{"href":"https:\/\/wellbeingtourism.com\/lt\/wp-json\/wp\/v2\/media?parent=24639"}],"curies":[{"name":"wp","href":"https:\/\/api.w.org\/{rel}","templated":true}]}}