{"id":11631,"date":"2020-12-15T12:29:30","date_gmt":"2020-12-15T12:29:30","guid":{"rendered":"https:\/\/wellbeingtourism.com\/routes\/"},"modified":"2023-06-26T19:30:38","modified_gmt":"2023-06-26T19:30:38","slug":"routes","status":"publish","type":"page","link":"https:\/\/wellbeingtourism.com\/lt\/routes\/","title":{"rendered":"Mar\u0161rutai"},"content":{"rendered":"<div class=\"slide-image-and-text\">\r\n<div class=\"slide-images\">\r\n            <div id=\"slider-topblock_1c177c770c246d79ed5e816379bd703f\" class=\"slider-top\">\r\n            <div class=\"header-image\">\r\n                <img src='https:\/\/wellbeingtourism.com\/app\/uploads\/2020\/12\/image-30-1.png' alt='Slide Image'>                <div class=\"container\">\r\n                    <div class=\"slider-text\">\r\n                        <div class=\"small-text\"><h1>#Darniojosveikatingumoatostogos<\/h1>\n<p>Piet\u0173 Baltijos regionas turi nuostabi\u0105 ir ypating\u0105 gamt\u0105 bei turting\u0105 kult\u016bros paveld\u0105, kuris tik ir laukia, kol j\u012f ap\u017ei\u016br\u0117site per kitas atostogas, savaitgal\u012f ar kelion\u0119. Darnusis sveikatingumas naudingas k\u016bnui, protui, sielai, aplinkai, visuomenei ir ekonomikai \u2013 ir Tau, ir visiems kitiems!<\/p>\n<\/div>\r\n                    <\/div>\r\n                <\/div>\r\n            <\/div> \r\n        <\/div>\r\n\r\n   <\/div>\r\n<img decoding=\"async\" class=\"lotus-bottom\" src=\"https:\/\/wellbeingtourism.com\/app\/themes\/wellbeing\/images\/Lotus.png\">\r\n<\/div>\n\n<div class=\"tours-order\">\r\n    <!-- <img decoding=\"async\" class=\"lotus-top\" src=\"app\/themes\/wellbeing\/images\/Lotus.png\"> -->\r\n            <div class=\"places-title\"><h2>Leiskit\u0117s \u012f darniojo sveikatingumo kelion\u0119<\/h2><\/div>\r\n                <div class=\"places-description\">Atrask savo darniojo sveikatingumo vietov\u0119! Kelion\u0117s \u2013 tai i\u0161gyvenimai, atgaiva, malonumas, harmonijos, laim\u0117s, susijaudinimo jausmas, ta\u010diau gerai jaustis gali ir darydamas gera.<br \/>\r\n<br \/>\r\n<br \/>\r\nPiet\u0173 Baltijos regione rasi kelet\u0105 mar\u0161rut\u0173, kurie atne\u0161  gerov\u0119 Tavo k\u016bnui, protui ir sielai. \u0160ie mar\u0161rutai yra specialiai suprojektuoti ir sudaryti i\u0161 lankytin\u0173 viet\u0173, \u012fmoni\u0173 ir kit\u0173 tinkam\u0173 darniojo sveikatingumo viet\u0173, paslaug\u0173 teik\u0117j\u0173, kurie r\u016bpinasi supan\u010dia gamta, jos biologine \u012fvairove, taip pat \u0161alia esan\u010diais \u017emon\u0117mis ir bendruomen\u0117mis.<br \/>\r\n<br \/>\r\n\u0160ie kruop\u0161\u010diai atrinkti mar\u0161rutai yra skirti \u012fkv\u0117pti jus Tave patirti nuo\u0161ird\u017eius darniojo sveikatingumo pasi\u016blymus kaip \u012fmanoma tvariau. M\u0117gaukis m\u016bs\u0173 mar\u0161rutais, surask savo m\u0117gstamiausius ir kurk savo keliones su m\u016bs\u0173 svetingais \u0161eimininkais ir gra\u017eiomis vietomis.<\/div>\r\n            <div class=\"container\">\r\n        \r\n            <div class=\"row\">\r\n                                                                                 \r\n                            <div class=\"col-md-6 p-2\">\r\n                                                        <div class=\"places-holder-post\">\r\n                                    <a class=\"show-hover-excerpt\" href=\"https:\/\/wellbeingtourism.com\/lt\/route\/seaside-wellbeing-rendezvous-in-the-lithuanian-winter\/\">\r\n                                        <img loading=\"lazy\" decoding=\"async\" width=\"700\" height=\"500\" src=\"https:\/\/wellbeingtourism.com\/app\/uploads\/2021\/11\/maudynes-sniege-700x500.webp\" class=\"attachment-home_page_thumb_route size-home_page_thumb_route wp-post-image\" alt=\"\" \/>                                        <div class=\"content-places-holder\">\r\n                                                                                            <h3>Darniojo sveikatingumo pasimatymai paj\u016bryje lietuvi\u0161k\u0105j\u0105 \u017eiem\u0105<\/h3>\r\n                                                                                                                                    <p class=\"display-hover\">\r\n                                                <span class=\"show-excerpt\">M\u0116GAUKIT\u0116S DARNIOJO SVEIKATINGUMO GALIMYB\u0116MIS \u017dIEM\u0104<\/span>\r\n                                            <\/p>\r\n                                                                                        <span class=\"arrow-go-places lnr lnr-chevron-right\"><\/span>\r\n\r\n                                            \r\n                                        <\/div>\r\n                                    <\/a>\r\n                                <\/div>\r\n                            <\/div>\r\n                                                                                                     \r\n                            <div class=\"col-md-6 p-2\">\r\n                                                        <div class=\"places-holder-post\">\r\n                                    <a class=\"show-hover-excerpt\" href=\"https:\/\/wellbeingtourism.com\/lt\/route\/baltic-coastal-wellbeing-route\/\">\r\n                                        <img loading=\"lazy\" decoding=\"async\" width=\"700\" height=\"500\" src=\"https:\/\/wellbeingtourism.com\/app\/uploads\/2021\/11\/Jonines-Nidoje-2021-11-1-700x500.jpg\" class=\"attachment-home_page_thumb_route size-home_page_thumb_route wp-post-image\" alt=\"\" \/>                                        <div class=\"content-places-holder\">\r\n                                                                                            <h3>Darniojo sveikatingumo turizmo mar\u0161rutas Baltijos paj\u016bryje ir Kur\u0161i\u0173 pamaryje<\/h3>\r\n                                                                                                                                    <p class=\"display-hover\">\r\n                                                <span class=\"show-excerpt\">M\u0116GAUKIT\u0116S DARNIOJO SVEIKATINGUMO GALIMYB\u0116MIS VASAR\u0104<\/span>\r\n                                            <\/p>\r\n                                                                                        <span class=\"arrow-go-places lnr lnr-chevron-right\"><\/span>\r\n\r\n                                            \r\n                                        <\/div>\r\n                                    <\/a>\r\n                                <\/div>\r\n                            <\/div>\r\n                                                                                                     \r\n                            <div class=\"col-md-6 p-2\">\r\n                                                        <div class=\"places-holder-post\">\r\n                                    <a class=\"show-hover-excerpt\" href=\"https:\/\/wellbeingtourism.com\/lt\/route\/wellbeing-experiences-of-the-lithuanian-indian-summer\/\">\r\n                                        <img loading=\"lazy\" decoding=\"async\" width=\"700\" height=\"500\" src=\"https:\/\/wellbeingtourism.com\/app\/uploads\/2021\/11\/Neringos-papludimiai-rudeni-2-700x500.jpg\" class=\"attachment-home_page_thumb_route size-home_page_thumb_route wp-post-image\" alt=\"\" \/>                                        <div class=\"content-places-holder\">\r\n                                                                                            <h3>Darniojo sveikatingumo potyriai lietuvi\u0161k\u0105j\u012f auksin\u012f paj\u016brio ruden\u012f<\/h3>\r\n                                                                                                                                    <p class=\"display-hover\">\r\n                                                <span class=\"show-excerpt\">M\u0116GAUKIT\u0116S DARNIOJO SVEIKATINGUMO GALIMYB\u0116MIS RUDEN\u012e\t<\/span>\r\n                                            <\/p>\r\n                                                                                        <span class=\"arrow-go-places lnr lnr-chevron-right\"><\/span>\r\n\r\n                                            \r\n                                        <\/div>\r\n                                    <\/a>\r\n                                <\/div>\r\n                            <\/div>\r\n                                                                                                     \r\n                            <div class=\"col-md-6 p-2\">\r\n                                                        <div class=\"places-holder-post\">\r\n                                    <a class=\"show-hover-excerpt\" href=\"https:\/\/wellbeingtourism.com\/lt\/route\/sustainable-tour-in-gdansk\/\">\r\n                                        <img loading=\"lazy\" decoding=\"async\" width=\"700\" height=\"500\" src=\"https:\/\/wellbeingtourism.com\/app\/uploads\/2021\/11\/pexels-julia-volk-5273641-700x500.jpg\" class=\"attachment-home_page_thumb_route size-home_page_thumb_route wp-post-image\" alt=\"\" \/>                                        <div class=\"content-places-holder\">\r\n                                                                                            <h3>Tvari kelion\u0117 po Gdansk\u0105<\/h3>\r\n                                                                                                                                    <p class=\"display-hover\">\r\n                                                <span class=\"show-excerpt\">Mar\u0161rutas: leiskit\u0117s \u012f tvari\u0105 kelion\u0119 po Gdansk\u0105 \u2013 vaivadijos sostin\u0119.<\/span>\r\n                                            <\/p>\r\n                                                                                        <span class=\"arrow-go-places lnr lnr-chevron-right\"><\/span>\r\n\r\n                                            \r\n                                        <\/div>\r\n                                    <\/a>\r\n                                <\/div>\r\n                            <\/div>\r\n                                                                                                     \r\n                            <div class=\"col-md-6 p-2\">\r\n                                                        <div class=\"places-holder-post\">\r\n                                    <a class=\"show-hover-excerpt\" href=\"https:\/\/wellbeingtourism.com\/lt\/route\/kashubian\/\">\r\n                                        <img loading=\"lazy\" decoding=\"async\" width=\"700\" height=\"500\" src=\"https:\/\/wellbeingtourism.com\/app\/uploads\/2021\/11\/DSC01156-700x500.jpg\" class=\"attachment-home_page_thumb_route size-home_page_thumb_route wp-post-image\" alt=\"\" \/>                                        <div class=\"content-places-holder\">\r\n                                                                                            <h3>Ka\u0161ubijos ramyb\u0117<\/h3>\r\n                                                                                                                                    <p class=\"display-hover\">\r\n                                                <span class=\"show-excerpt\">Mar\u0161rutas: Ka\u0161ubijos ramyb\u0117s mar\u0161rutas \u2013 Jus u\u017eburs Ka\u0161ubijos kra\u0161tovaizdis ir i\u0161skirtinis gro\u017eis.<\/span>\r\n                                            <\/p>\r\n                                                                                        <span class=\"arrow-go-places lnr lnr-chevron-right\"><\/span>\r\n\r\n                                            \r\n                                        <\/div>\r\n                                    <\/a>\r\n                                <\/div>\r\n                            <\/div>\r\n                                                                                                     \r\n                            <div class=\"col-md-6 p-2\">\r\n                                                        <div class=\"places-holder-post\">\r\n                                    <a class=\"show-hover-excerpt\" href=\"https:\/\/wellbeingtourism.com\/lt\/route\/beauty-of-nature\/\">\r\n                                        <img loading=\"lazy\" decoding=\"async\" width=\"700\" height=\"500\" src=\"https:\/\/wellbeingtourism.com\/app\/uploads\/2021\/11\/Depositphotos_7705845_XL-700x500.jpg\" class=\"attachment-home_page_thumb_route size-home_page_thumb_route wp-post-image\" alt=\"\" \/>                                        <div class=\"content-places-holder\">\r\n                                                                                            <h3>Gamtos gro\u017eis<\/h3>\r\n                                                                                                                                    <p class=\"display-hover\">\r\n                                                <span class=\"show-excerpt\">Mar\u0161rutas: papl\u016bdimiai, gamta ir daugiakult\u016br\u0117s vertyb\u0117s Sobieszewo saloje ir aplink Vyslos lag\u016bn\u0105.<\/span>\r\n                                            <\/p>\r\n                                                                                        <span class=\"arrow-go-places lnr lnr-chevron-right\"><\/span>\r\n\r\n                                            \r\n                                        <\/div>\r\n                                    <\/a>\r\n                                <\/div>\r\n                            <\/div>\r\n                                                                                                     \r\n                            <div class=\"col-md-6 p-2\">\r\n                                                        <div class=\"places-holder-post\">\r\n                                    <a class=\"show-hover-excerpt\" href=\"https:\/\/wellbeingtourism.com\/lt\/route\/discovering-the-historic-salt-road\/\">\r\n                                        <img loading=\"lazy\" decoding=\"async\" width=\"700\" height=\"500\" src=\"https:\/\/wellbeingtourism.com\/app\/uploads\/2021\/11\/IMG_7826-700x500.jpg\" class=\"attachment-home_page_thumb_route size-home_page_thumb_route wp-post-image\" alt=\"\" \/>                                        <div class=\"content-places-holder\">\r\n                                                                                            <h3>Istorinis Druskos kelias<\/h3>\r\n                                                                                                                                    <p class=\"display-hover\">\r\n                                                <span class=\"show-excerpt\">Mar\u0161rutas: Atraskite istorin\u012f druskos keli\u0105 Vogelparkregion Recnitztal.<\/span>\r\n                                            <\/p>\r\n                                                                                        <span class=\"arrow-go-places lnr lnr-chevron-right\"><\/span>\r\n\r\n                                            \r\n                                        <\/div>\r\n                                    <\/a>\r\n                                <\/div>\r\n                            <\/div>\r\n                                                                                                     \r\n                            <div class=\"col-md-6 p-2\">\r\n                                                        <div class=\"places-holder-post\">\r\n                                    <a class=\"show-hover-excerpt\" href=\"https:\/\/wellbeingtourism.com\/lt\/route\/mills-exploration-tour\/\">\r\n                                        <img loading=\"lazy\" decoding=\"async\" width=\"700\" height=\"500\" src=\"https:\/\/wellbeingtourism.com\/app\/uploads\/2021\/04\/IMG_8184-700x500.jpg\" class=\"attachment-home_page_thumb_route size-home_page_thumb_route wp-post-image\" alt=\"\" \/>                                        <div class=\"content-places-holder\">\r\n                                                                                            <h3>&#8220;Mal\u016bn\u0173&#8221; pa\u017eintin\u0117 kelion\u0117<\/h3>\r\n                                                                                                                                    <p class=\"display-hover\">\r\n                                                <span class=\"show-excerpt\">Mar\u0161rutas: &#8220;Mal\u016bn\u0173&#8221; tyrin\u0117jimo mar\u0161rutas \u2013 tyrin\u0117kite \u012fvairius Vogelparkregion Recknitztal mal\u016bnus.<\/span>\r\n                                            <\/p>\r\n                                                                                        <span class=\"arrow-go-places lnr lnr-chevron-right\"><\/span>\r\n\r\n                                            \r\n                                        <\/div>\r\n                                    <\/a>\r\n                                <\/div>\r\n                            <\/div>\r\n                                                                                                     \r\n                            <div class=\"col-md-6 p-2\">\r\n                                                        <div class=\"places-holder-post\">\r\n                                    <a class=\"show-hover-excerpt\" href=\"https:\/\/wellbeingtourism.com\/lt\/route\/ett-wellbeing-aventyr-upptack-sodra-oland\/\">\r\n                                        <img loading=\"lazy\" decoding=\"async\" width=\"700\" height=\"500\" src=\"https:\/\/wellbeingtourism.com\/app\/uploads\/2021\/12\/Olandruttbild-700x500.jpg\" class=\"attachment-home_page_thumb_route size-home_page_thumb_route wp-post-image\" alt=\"\u00d6lands turismorganisation\" \/>                                        <div class=\"content-places-holder\">\r\n                                                                                            <h3>Ett wellbeing \u00e4ventyr &#8211; uppt\u00e4ck S\u00f6dra \u00d6land<\/h3>\r\n                                                                                                                                    <p class=\"display-hover\">\r\n                                                <span class=\"show-excerpt\">Darniojo sveikatingumo nuotykis \u2013 atraskite Piet\u0173 \u00d6lando vietas ir kra\u0161tovaizd\u012f<\/span>\r\n                                            <\/p>\r\n                                                                                        <span class=\"arrow-go-places lnr lnr-chevron-right\"><\/span>\r\n\r\n                                            \r\n                                        <\/div>\r\n                                    <\/a>\r\n                                <\/div>\r\n                            <\/div>\r\n                                                                                                     \r\n                            <div class=\"col-md-6 p-2\">\r\n                                                        <div class=\"places-holder-post\">\r\n                                    <a class=\"show-hover-excerpt\" href=\"https:\/\/wellbeingtourism.com\/lt\/route\/wellbeingrutt-for-sinne-kropp-och-sjal-2\/\">\r\n                                        <img loading=\"lazy\" decoding=\"async\" width=\"700\" height=\"500\" src=\"https:\/\/wellbeingtourism.com\/app\/uploads\/2023\/01\/Shooting-star-over-Mons-Klint_DK_PP9_Dansk-Turisme-Innovation_KarinMH-700x500.jpg\" class=\"attachment-home_page_thumb_route size-home_page_thumb_route wp-post-image\" alt=\"\" \/>                                        <div class=\"content-places-holder\">\r\n                                                                                            <h3>Wellbeingrutt f\u00f6r sinne, kropp och sj\u00e4l.<\/h3>\r\n                                                                                                                                    <p class=\"display-hover\">\r\n                                                <span class=\"show-excerpt\">Mar\u0161rutas: Pasid\u017eiaukite ve\u0161liais mi\u0161kais ir mintis atverian\u010diais pakrant\u0117s kra\u0161tovaizd\u017eiais vieni arba kartu su m\u016bs\u0173 d\u0117mesingais darn\u0173j\u012f sveikatingum\u0105 puosel\u0117jan\u010diais \u0161eimininkais.<\/span>\r\n                                            <\/p>\r\n                                                                                        <span class=\"arrow-go-places lnr lnr-chevron-right\"><\/span>\r\n\r\n                                            \r\n                                        <\/div>\r\n                                    <\/a>\r\n                                <\/div>\r\n                            <\/div>\r\n                                                                                                        <\/div>\r\n                            <a class=\"classic-url-forest-blue\" href=\"\/lt\/discover-places?_sft_country=lietuva&#038;_sft_routes=peace-of-mind-lt,sustainable-idealist-lt,curious-explores-lt\" target=\"_self\">Atraskite lankytinas vietas<\/a>\r\n                \r\n    <\/div>\r\n<\/div>\r\n","protected":false},"excerpt":{"rendered":"","protected":false},"author":1,"featured_media":0,"parent":0,"menu_order":191,"comment_status":"closed","ping_status":"closed","template":"","meta":{"_acf_changed":false,"footnotes":""},"class_list":["post-11631","page","type-page","status-publish","hentry"],"acf":[],"yoast_head":"<!-- This site is optimized with the Yoast SEO plugin v27.1.1 - https:\/\/yoast.com\/product\/yoast-seo-wordpress\/ -->\n<title>Mar\u0161rutai - Wellbeing<\/title>\n<meta name=\"robots\" content=\"index, follow, max-snippet:-1, max-image-preview:large, max-video-preview:-1\" \/>\n<link rel=\"canonical\" href=\"https:\/\/wellbeingtourism.com\/lt\/routes\/\" \/>\n<meta property=\"og:locale\" content=\"lt_LT\" \/>\n<meta property=\"og:type\" content=\"article\" \/>\n<meta property=\"og:title\" content=\"Mar\u0161rutai - Wellbeing\" \/>\n<meta property=\"og:url\" content=\"https:\/\/wellbeingtourism.com\/lt\/routes\/\" \/>\n<meta property=\"og:site_name\" content=\"Wellbeing\" \/>\n<meta property=\"article:modified_time\" content=\"2023-06-26T19:30:38+00:00\" \/>\n<meta name=\"twitter:card\" content=\"summary_large_image\" \/>\n<script type=\"application\/ld+json\" class=\"yoast-schema-graph\">{\"@context\":\"https:\/\/schema.org\",\"@graph\":[{\"@type\":\"WebPage\",\"@id\":\"https:\/\/wellbeingtourism.com\/lt\/routes\/\",\"url\":\"https:\/\/wellbeingtourism.com\/lt\/routes\/\",\"name\":\"Mar\u0161rutai - Wellbeing\",\"isPartOf\":{\"@id\":\"https:\/\/wellbeingtourism.com\/#website\"},\"datePublished\":\"2020-12-15T12:29:30+00:00\",\"dateModified\":\"2023-06-26T19:30:38+00:00\",\"breadcrumb\":{\"@id\":\"https:\/\/wellbeingtourism.com\/lt\/routes\/#breadcrumb\"},\"inLanguage\":\"lt-LT\",\"potentialAction\":[{\"@type\":\"ReadAction\",\"target\":[\"https:\/\/wellbeingtourism.com\/lt\/routes\/\"]}]},{\"@type\":\"BreadcrumbList\",\"@id\":\"https:\/\/wellbeingtourism.com\/lt\/routes\/#breadcrumb\",\"itemListElement\":[{\"@type\":\"ListItem\",\"position\":1,\"name\":\"Home\",\"item\":\"https:\/\/wellbeingtourism.com\/lt\/\"},{\"@type\":\"ListItem\",\"position\":2,\"name\":\"Mar\u0161rutai\"}]},{\"@type\":\"WebSite\",\"@id\":\"https:\/\/wellbeingtourism.com\/#website\",\"url\":\"https:\/\/wellbeingtourism.com\/\",\"name\":\"Wellbeing\",\"description\":\"Discover our places &amp; hosts\",\"potentialAction\":[{\"@type\":\"SearchAction\",\"target\":{\"@type\":\"EntryPoint\",\"urlTemplate\":\"https:\/\/wellbeingtourism.com\/?s={search_term_string}\"},\"query-input\":{\"@type\":\"PropertyValueSpecification\",\"valueRequired\":true,\"valueName\":\"search_term_string\"}}],\"inLanguage\":\"lt-LT\"}]}<\/script>\n<!-- \/ Yoast SEO plugin. -->","yoast_head_json":{"title":"Mar\u0161rutai - Wellbeing","robots":{"index":"index","follow":"follow","max-snippet":"max-snippet:-1","max-image-preview":"max-image-preview:large","max-video-preview":"max-video-preview:-1"},"canonical":"https:\/\/wellbeingtourism.com\/lt\/routes\/","og_locale":"lt_LT","og_type":"article","og_title":"Mar\u0161rutai - Wellbeing","og_url":"https:\/\/wellbeingtourism.com\/lt\/routes\/","og_site_name":"Wellbeing","article_modified_time":"2023-06-26T19:30:38+00:00","twitter_card":"summary_large_image","schema":{"@context":"https:\/\/schema.org","@graph":[{"@type":"WebPage","@id":"https:\/\/wellbeingtourism.com\/lt\/routes\/","url":"https:\/\/wellbeingtourism.com\/lt\/routes\/","name":"Mar\u0161rutai - Wellbeing","isPartOf":{"@id":"https:\/\/wellbeingtourism.com\/#website"},"datePublished":"2020-12-15T12:29:30+00:00","dateModified":"2023-06-26T19:30:38+00:00","breadcrumb":{"@id":"https:\/\/wellbeingtourism.com\/lt\/routes\/#breadcrumb"},"inLanguage":"lt-LT","potentialAction":[{"@type":"ReadAction","target":["https:\/\/wellbeingtourism.com\/lt\/routes\/"]}]},{"@type":"BreadcrumbList","@id":"https:\/\/wellbeingtourism.com\/lt\/routes\/#breadcrumb","itemListElement":[{"@type":"ListItem","position":1,"name":"Home","item":"https:\/\/wellbeingtourism.com\/lt\/"},{"@type":"ListItem","position":2,"name":"Mar\u0161rutai"}]},{"@type":"WebSite","@id":"https:\/\/wellbeingtourism.com\/#website","url":"https:\/\/wellbeingtourism.com\/","name":"Wellbeing","description":"Discover our places &amp; hosts","potentialAction":[{"@type":"SearchAction","target":{"@type":"EntryPoint","urlTemplate":"https:\/\/wellbeingtourism.com\/?s={search_term_string}"},"query-input":{"@type":"PropertyValueSpecification","valueRequired":true,"valueName":"search_term_string"}}],"inLanguage":"lt-LT"}]}},"_links":{"self":[{"href":"https:\/\/wellbeingtourism.com\/lt\/wp-json\/wp\/v2\/pages\/11631","targetHints":{"allow":["GET"]}}],"collection":[{"href":"https:\/\/wellbeingtourism.com\/lt\/wp-json\/wp\/v2\/pages"}],"about":[{"href":"https:\/\/wellbeingtourism.com\/lt\/wp-json\/wp\/v2\/types\/page"}],"author":[{"embeddable":true,"href":"https:\/\/wellbeingtourism.com\/lt\/wp-json\/wp\/v2\/users\/1"}],"replies":[{"embeddable":true,"href":"https:\/\/wellbeingtourism.com\/lt\/wp-json\/wp\/v2\/comments?post=11631"}],"version-history":[{"count":20,"href":"https:\/\/wellbeingtourism.com\/lt\/wp-json\/wp\/v2\/pages\/11631\/revisions"}],"predecessor-version":[{"id":39625,"href":"https:\/\/wellbeingtourism.com\/lt\/wp-json\/wp\/v2\/pages\/11631\/revisions\/39625"}],"wp:attachment":[{"href":"https:\/\/wellbeingtourism.com\/lt\/wp-json\/wp\/v2\/media?parent=11631"}],"curies":[{"name":"wp","href":"https:\/\/api.w.org\/{rel}","templated":true}]}}