{"id":11616,"date":"2020-12-15T12:30:09","date_gmt":"2020-12-15T12:30:09","guid":{"rendered":"https:\/\/wellbeingtourism.com\/regions\/"},"modified":"2022-05-05T14:56:10","modified_gmt":"2022-05-05T14:56:10","slug":"regions","status":"publish","type":"page","link":"https:\/\/wellbeingtourism.com\/lt\/regions\/","title":{"rendered":"M\u016bs\u0173 regionai"},"content":{"rendered":"<div class=\"slide-image-and-text\">\r\n<div class=\"slide-images\">\r\n            <div id=\"slider-topblock_5fdb513422b6b\" class=\"slider-top\">\r\n            <div class=\"header-image\">\r\n                <img src='https:\/\/wellbeingtourism.com\/app\/uploads\/2020\/12\/image-29-2.png' alt='Slide Image'>                <div class=\"container\">\r\n                    <div class=\"slider-text\">\r\n                        <div class=\"small-text\"><h1>#Piet\u0173 Baltijos regionai<\/h1>\n<p>Piet\u0173 Baltijos regionas pasi\u017eymi nuostabia ir didinga gamta bei turtingu kult\u016briniu paveldu, kuris tik ir laukia, kol bus i\u0161tirtas per kitas atostogas, savaitgal\u012f ar kelion\u0119. Darnusis sveikatingumas naudingas k\u016bnui, protui, sielai, aplinkai, visuomenei ir ekonomikai \u2013 ir jums, ir visiems kitiems!<\/p>\n<\/div>\r\n                    <\/div>\r\n                <\/div>\r\n            <\/div> \r\n        <\/div>\r\n\r\n   <\/div>\r\n<img decoding=\"async\" class=\"lotus-bottom\" src=\"https:\/\/wellbeingtourism.com\/app\/themes\/wellbeing\/images\/Lotus.png\">\r\n<\/div>\n\n\n<div class=\"wp-block-group has-background\" style=\"background-color:#f3ece9\"><div class=\"wp-block-group__inner-container is-layout-flow wp-block-group-is-layout-flow\"><div class=\"wp-bootstrap-blocks-container container-fluid mb-0 p-0\">\n\t\n\n<div style=\"height:55px\" aria-hidden=\"true\" class=\"wp-block-spacer\"><\/div>\n\n\n\n<h2 class=\"has-text-align-center wp-block-heading\" id=\"megaukis-musu-regionais\">M\u0117gaukis m\u016bs\u0173 regionais<\/h2>\n\n\n<div class=\"wp-bootstrap-blocks-container container mb-2\">\n\t\n\n<p class=\"has-text-align-center col-md-8 mx-auto has-medium-font-size\">Ar kada nors tyrin\u0117jote nuostabius Piet\u0173 Baltijos regionus?<\/p>\n\n\n\n<p class=\"has-text-align-center col-md-8 mx-auto has-medium-font-size\">Patirkite kerin\u010dius papl\u016bdimius, g\u016bd\u017eius mi\u0161kus, tylias vietas, tams\u0173 dang\u0173 su ry\u0161kiomis \u017evaig\u017ed\u0117mis \u2013 gamta ir jos biologin\u0117 \u012fvairov\u0117 yra stebuklinga. M\u016bs\u0173 \u0161eimininkai yra s\u0105\u017einingi, s\u0105moningi, r\u016bpestingi, malon\u016bs ir si\u016blo jums sveting\u0105 vie\u0161nag\u0119, ir net dar  daugiau nei tik sald\u0173 mieg\u0105. Jums taip pat bus patiekiamas skanus maistas ir g\u0117rimai, pagaminti i\u0161 vietini\u0173 ekologi\u0161k\u0173 produkt\u0173. M\u0117gaukit\u0117s sezoniniu derliumi, jo aromatais, ragaukite nuostabius kiekvieno regiono virtuv\u0117s skonius. <\/p>\n\n\n\n<div style=\"height:13px\" aria-hidden=\"true\" class=\"wp-block-spacer\"><\/div>\n\n\n\n<blockquote class=\"wp-block-quote has-text-align-center is-style-large is-layout-flow wp-block-quote-is-layout-flow\"><p><em><em>Kelion\u0117s \u2013 tai i\u0161gyvenimai, atsigavimas, malonumas, pusiausvyros ir harmonijos jausmas,<\/em><\/em><\/p><p><em><em> laim\u0117, jaudulys, o kai pats jautiesi gerai, gali daryti gera ir kitiems.<\/em><\/em><\/p><p><\/p><\/blockquote>\n\n\n\n<div style=\"height:2px\" aria-hidden=\"true\" class=\"wp-block-spacer\"><\/div>\n\n\n\n<hr class=\"wp-block-separator has-text-color has-background has-luminous-vivid-orange-background-color has-luminous-vivid-orange-color\"\/>\n\n\n\n<p><\/p>\n\n\n\n<div style=\"height:35px\" aria-hidden=\"true\" class=\"wp-block-spacer\"><\/div>\n\n\n\n<h4 class=\"has-text-align-center wp-block-heading\" id=\"ar-zinote-kad\">Ar \u017einote, kad?<\/h4>\n\n\n\n<h5 class=\"has-text-align-center wp-block-heading\" id=\"i-baltijos-juros-regiona-ieina-svedija-danija-suomija-lietuva-latvija-ir-estija-bei-rusijos-vokietijos-ir-lenkijos-pakrantes-dalys-pietu-baltijos-regiona-sudaro-pasirinktos-svedijos-danijos-lietuvos-vokietijos-ir-lenkijos-pakrantes-dalys\" style=\"font-style:normal;font-weight:700\">\u012e Baltijos j\u016bros region\u0105 \u012feina \u0160vedija, Danija, Suomija, Lietuva, Latvija ir Estija bei Rusijos, Vokietijos ir Lenkijos pakrant\u0117s dalys.<br><strong>Piet\u0173 Baltijos<\/strong> region\u0105 sudaro pasirinktos \u0160vedijos, Danijos, Lietuvos, Vokietijos ir Lenkijos pakrant\u0117s dalys.<\/h5>\n\n\n\n<div style=\"height:26px\" aria-hidden=\"true\" class=\"wp-block-spacer\"><\/div>\n\n\n\n<p><\/p>\n\n<\/div>\n\n\n\n<div style=\"height:12px\" aria-hidden=\"true\" class=\"wp-block-spacer\"><\/div>\n\n\n\n<div class=\"wp-block-group has-background\" style=\"background-color:#c1c7c4\"><div class=\"wp-block-group__inner-container is-layout-flow wp-block-group-is-layout-flow\"><div class=\"wp-bootstrap-blocks-row row g-0\">\n\t\n\n<div class=\"col-12 col-md-6 large-padding align-col-center\">\n\t\t\t<div class=\"p-3\">\n\t\t\t\n\n<h3 class=\"wp-block-heading\" id=\"svedija\">\u0160vedija<\/h3>\n\n\n\n<p style=\"font-size:22px\">Kalmaro apskritis #darniojo sveikatingumo namai. \u010cia rasite UNESCO pasaulio paveldo objekt\u0105, nuostabius papl\u016bdimius, kra\u0161tovaizd\u017eius, laukin\u0119 gamt\u0105, tyl\u0105, harmonij\u0105, saul\u0117lyd\u017eius, lauko veiklas, men\u0105 \u2013 ir J\u016bs #atrasite save!<\/p>\n\n\n\n<div class=\"wp-block-buttons is-layout-flex wp-block-buttons-is-layout-flex\">\n<div class=\"wp-block-button\"><a class=\"wp-block-button__link has-white-color has-text-color has-background\" href=\"https:\/\/wellbeingtourism.com\/lt\/country\/sweden\/\" style=\"background-color:#dc6016\">Lankytinos vietos<\/a><\/div>\n<\/div>\n\n\t\t<\/div>\n\t<\/div>\n\n\n\n<div class=\"col-12 col-md-6\">\n\t\t\t\n\n<figure class=\"wp-block-image size-full is-style-default\"><img loading=\"lazy\" decoding=\"async\" width=\"720\" height=\"462\" src=\"http:\/\/wellbeingtourism.com\/app\/uploads\/2021\/12\/Smaland-1.jpg\" alt=\"\" class=\"wp-image-6503\" srcset=\"https:\/\/wellbeingtourism.com\/app\/uploads\/2021\/12\/Smaland-1.jpg 720w, https:\/\/wellbeingtourism.com\/app\/uploads\/2021\/12\/Smaland-1-300x193.jpg 300w\" sizes=\"auto, (max-width: 720px) 100vw, 720px\" \/><\/figure>\n\n\t<\/div>\n\n<\/div>\n<\/div><\/div>\n\n\n\n<div style=\"height:10px\" aria-hidden=\"true\" class=\"wp-block-spacer\"><\/div>\n\n\n\n<div class=\"wp-block-group has-background\" style=\"background-color:#e2dad8\"><div class=\"wp-block-group__inner-container is-layout-flow wp-block-group-is-layout-flow\"><div class=\"wp-bootstrap-blocks-row row g-0\">\n\t\n\n<div class=\"col-12 col-md-6 large-padding align-col-center\">\n\t\t\t<div class=\"p-3\">\n\t\t\t\n\n<h3 class=\"wp-block-heading\" id=\"danija\">Danija<\/h3>\n\n\n\n<p style=\"font-size:22px\">Zelandijos regionas susideda tik i\u0161 sal\u0173 ir turi 1860 km nepaliestos pakrant\u0117s ir \u017eavingo kra\u0161tovaizd\u017eio. \u010cia galite m\u0117gautis kokybi\u0161k\u0173 pasi\u016blym\u0173 gausa arba tiesiog rasti rami\u0105 viet\u0105 atsipalaiduoti, m\u0117gautis vaizdu ir \u012fkv\u0117pti gryno oro.<\/p>\n\n\n\n<div class=\"wp-block-buttons is-layout-flex wp-block-buttons-is-layout-flex\">\n<div class=\"wp-block-button\"><a class=\"wp-block-button__link has-white-color has-text-color has-background\" href=\"https:\/\/wellbeingtourism.com\/lt\/country\/denmark\/\" style=\"background-color:#dc6016\">Lankytinos vietos<\/a><\/div>\n<\/div>\n\n\t\t<\/div>\n\t<\/div>\n\n\n\n<div class=\"col-12 col-md-6\">\n\t\t\t\n\n<figure class=\"wp-block-image\"><img loading=\"lazy\" decoding=\"async\" width=\"2508\" height=\"1672\" src=\"http:\/\/wellbeingtourism.com\/app\/uploads\/2021\/12\/DK_sunset-bikes-Panorama-Stege-3_4MP.jpg\" alt=\"\" class=\"wp-image-7801\" srcset=\"https:\/\/wellbeingtourism.com\/app\/uploads\/2021\/12\/DK_sunset-bikes-Panorama-Stege-3_4MP.jpg 2508w, https:\/\/wellbeingtourism.com\/app\/uploads\/2021\/12\/DK_sunset-bikes-Panorama-Stege-3_4MP-300x200.jpg 300w, https:\/\/wellbeingtourism.com\/app\/uploads\/2021\/12\/DK_sunset-bikes-Panorama-Stege-3_4MP-1024x683.jpg 1024w, https:\/\/wellbeingtourism.com\/app\/uploads\/2021\/12\/DK_sunset-bikes-Panorama-Stege-3_4MP-768x512.jpg 768w, https:\/\/wellbeingtourism.com\/app\/uploads\/2021\/12\/DK_sunset-bikes-Panorama-Stege-3_4MP-1536x1024.jpg 1536w, https:\/\/wellbeingtourism.com\/app\/uploads\/2021\/12\/DK_sunset-bikes-Panorama-Stege-3_4MP-2048x1365.jpg 2048w\" sizes=\"auto, (max-width: 2508px) 100vw, 2508px\" \/><\/figure>\n\n\t<\/div>\n\n<\/div>\n<\/div><\/div>\n\n\n\n<div style=\"height:10px\" aria-hidden=\"true\" class=\"wp-block-spacer\"><\/div>\n\n\n\n<div class=\"wp-block-group has-background\" style=\"background-color:#d5c4be\"><div class=\"wp-block-group__inner-container is-layout-flow wp-block-group-is-layout-flow\"><div class=\"wp-bootstrap-blocks-row row g-0\">\n\t\n\n<div class=\"col-12 col-md-6 large-padding align-col-center\">\n\t\t\t<div class=\"p-3\">\n\t\t\t\n\n<h3 class=\"wp-block-heading\" id=\"lenkija\">Lenkija<\/h3>\n\n\n\n<p style=\"font-size:22px\">Lenkijos pakrant\u0117 kvie\u010dia \u012f Baltijos #darniojo sveikatingumo namus. Nepaliesta gamta, nuostab\u016bs kra\u0161tovaizd\u017eiai, unikali virtuv\u0117, kokybi\u0161kos paslaugos ir nepamir\u0161tami \u012fsp\u016bd\u017eiai \u2013 viskas, ko jums reikia norint atsipalaiduoti. Palepinkite save!<\/p>\n\n\n\n<div class=\"wp-block-buttons is-layout-flex wp-block-buttons-is-layout-flex\">\n<div class=\"wp-block-button\"><a class=\"wp-block-button__link has-white-color has-text-color has-background\" href=\"https:\/\/wellbeingtourism.com\/lt\/country\/poland\/\" style=\"background-color:#dc6016\">Lankytinos vietos<\/a><\/div>\n<\/div>\n\n\t\t<\/div>\n\t<\/div>\n\n\n\n<div class=\"col-12 col-md-6\">\n\t\t\t\n\n<figure class=\"wp-block-image size-full\"><img loading=\"lazy\" decoding=\"async\" width=\"720\" height=\"462\" src=\"https:\/\/wellbeingtourism.com\/app\/uploads\/2021\/04\/Region-poland.jpg\" alt=\"Poland\" class=\"wp-image-2121\" srcset=\"https:\/\/wellbeingtourism.com\/app\/uploads\/2021\/04\/Region-poland.jpg 720w, https:\/\/wellbeingtourism.com\/app\/uploads\/2021\/04\/Region-poland-300x193.jpg 300w\" sizes=\"auto, (max-width: 720px) 100vw, 720px\" \/><\/figure>\n\n\n\n<p><\/p>\n\n\t<\/div>\n\n<\/div>\n<\/div><\/div>\n\n\n\n<div style=\"height:10px\" aria-hidden=\"true\" class=\"wp-block-spacer\"><\/div>\n\n\n\n<div class=\"wp-block-group has-background\" style=\"background-color:#f9e9cc\"><div class=\"wp-block-group__inner-container is-layout-flow wp-block-group-is-layout-flow\"><div class=\"wp-bootstrap-blocks-row row g-0\">\n\t\n\n<div class=\"col-12 col-md-6 large-padding align-col-center\">\n\t\t\t<div class=\"p-3\">\n\t\t\t\n\n<h3 class=\"wp-block-heading\" id=\"vokietija\">Vokietija<\/h3>\n\n\n\n<p style=\"font-size:22px\">Vogelparkregion Recknitztal kvie\u010dia u\u017esiimti \u012fvairia ramia lauko veikla gra\u017eioje ir nepaliestoje gamtoje. Atsipalaiduokite tyrin\u0117dami senus dvarus ir sodus bei paragaukite regionini\u0173 rank\u0173 darbo patiekal\u0173.<\/p>\n\n\n\n<div class=\"wp-block-buttons is-layout-flex wp-block-buttons-is-layout-flex\">\n<div class=\"wp-block-button\"><a class=\"wp-block-button__link has-white-color has-text-color has-background\" href=\"https:\/\/wellbeingtourism.com\/lt\/country\/germany\/\" style=\"background-color:#dc6016\">Lankytinos vietos<\/a><\/div>\n<\/div>\n\n\t\t<\/div>\n\t<\/div>\n\n\n\n<div class=\"col-12 col-md-6\">\n\t\t\t\n\n<figure class=\"wp-block-image size-full\"><img loading=\"lazy\" decoding=\"async\" width=\"980\" height=\"653\" src=\"https:\/\/wellbeingtourism.com\/app\/uploads\/2021\/05\/vogelparkregion-recknitztal-title.jpg\" alt=\"\" class=\"wp-image-2851\" srcset=\"https:\/\/wellbeingtourism.com\/app\/uploads\/2021\/05\/vogelparkregion-recknitztal-title.jpg 980w, https:\/\/wellbeingtourism.com\/app\/uploads\/2021\/05\/vogelparkregion-recknitztal-title-300x200.jpg 300w, https:\/\/wellbeingtourism.com\/app\/uploads\/2021\/05\/vogelparkregion-recknitztal-title-768x512.jpg 768w\" sizes=\"auto, (max-width: 980px) 100vw, 980px\" \/><figcaption>Manuela<\/figcaption><\/figure>\n\n\n\n<p><\/p>\n\n\t<\/div>\n\n<\/div>\n<\/div><\/div>\n\n\n\n<div style=\"height:10px\" aria-hidden=\"true\" class=\"wp-block-spacer\"><\/div>\n\n\n\n<div class=\"wp-block-group has-background\" style=\"background-color:#d6d2d3\"><div class=\"wp-block-group__inner-container is-layout-flow wp-block-group-is-layout-flow\"><div class=\"wp-bootstrap-blocks-row row g-0\">\n\t\n\n<div class=\"col-12 col-md-6 large-padding align-col-center\">\n\t\t\t<div class=\"p-3\">\n\t\t\t\n\n<h3 class=\"wp-block-heading\" id=\"lietuva\">Lietuva<\/h3>\n\n\n\n<p style=\"font-size:22px\">Vakar\u0173 Lietuvos darniojo sveikatingumo galia kyla i\u0161 nat\u016brali\u0173 papl\u016bdimi\u0173, upi\u0173, e\u017eer\u0173, mi\u0161k\u0173, park\u0173, stiprinama kult\u016bros paveldo, draugi\u0161k\u0173 \u017emoni\u0173, derinan\u010di\u0173 savo veiklas ir paslaugas prie aplinkos \u012fvairov\u0117s.<\/p>\n\n\n\n<div class=\"wp-block-buttons is-layout-flex wp-block-buttons-is-layout-flex\">\n<div class=\"wp-block-button\"><a class=\"wp-block-button__link has-white-color has-text-color has-background\" href=\"https:\/\/wellbeingtourism.com\/lt\/country\/lithuania\/\" style=\"background-color:#dc6016\">Lankytinos vietos<\/a><\/div>\n<\/div>\n\n\t\t<\/div>\n\t<\/div>\n\n\n\n<div class=\"col-12 col-md-6\">\n\t\t\t\n\n<figure class=\"wp-block-image size-full\"><img loading=\"lazy\" decoding=\"async\" width=\"720\" height=\"462\" src=\"http:\/\/wellbeingtourism.com\/app\/uploads\/2021\/12\/Lt.jpg\" alt=\"\" class=\"wp-image-6508\" srcset=\"https:\/\/wellbeingtourism.com\/app\/uploads\/2021\/12\/Lt.jpg 720w, https:\/\/wellbeingtourism.com\/app\/uploads\/2021\/12\/Lt-300x193.jpg 300w\" sizes=\"auto, (max-width: 720px) 100vw, 720px\" \/><\/figure>\n\n\t<\/div>\n\n<\/div>\n<\/div><\/div>\n\n\n\n<p><\/p>\n\n<\/div>\n<\/div><\/div>\n","protected":false},"excerpt":{"rendered":"","protected":false},"author":1,"featured_media":0,"parent":0,"menu_order":185,"comment_status":"closed","ping_status":"closed","template":"","meta":{"_acf_changed":false,"footnotes":""},"class_list":["post-11616","page","type-page","status-publish","hentry"],"acf":[],"yoast_head":"<!-- This site is optimized with the Yoast SEO plugin v27.1.1 - https:\/\/yoast.com\/product\/yoast-seo-wordpress\/ -->\n<title>M\u016bs\u0173 regionai - Wellbeing<\/title>\n<meta name=\"robots\" content=\"index, follow, max-snippet:-1, max-image-preview:large, max-video-preview:-1\" \/>\n<link rel=\"canonical\" href=\"https:\/\/wellbeingtourism.com\/lt\/regions\/\" \/>\n<meta property=\"og:locale\" content=\"lt_LT\" \/>\n<meta property=\"og:type\" content=\"article\" \/>\n<meta property=\"og:title\" content=\"M\u016bs\u0173 regionai - Wellbeing\" \/>\n<meta property=\"og:url\" content=\"https:\/\/wellbeingtourism.com\/lt\/regions\/\" \/>\n<meta property=\"og:site_name\" content=\"Wellbeing\" \/>\n<meta property=\"article:modified_time\" content=\"2022-05-05T14:56:10+00:00\" \/>\n<meta property=\"og:image\" content=\"http:\/\/wellbeingtourism.com\/app\/uploads\/2021\/12\/Smaland-1.jpg\" \/>\n<meta name=\"twitter:card\" content=\"summary_large_image\" \/>\n<meta name=\"twitter:label1\" content=\"Est. reading time\" \/>\n\t<meta name=\"twitter:data1\" content=\"3 minutes\" \/>\n<script type=\"application\/ld+json\" class=\"yoast-schema-graph\">{\"@context\":\"https:\/\/schema.org\",\"@graph\":[{\"@type\":\"WebPage\",\"@id\":\"https:\/\/wellbeingtourism.com\/lt\/regions\/\",\"url\":\"https:\/\/wellbeingtourism.com\/lt\/regions\/\",\"name\":\"M\u016bs\u0173 regionai - Wellbeing\",\"isPartOf\":{\"@id\":\"https:\/\/wellbeingtourism.com\/#website\"},\"primaryImageOfPage\":{\"@id\":\"https:\/\/wellbeingtourism.com\/lt\/regions\/#primaryimage\"},\"image\":{\"@id\":\"https:\/\/wellbeingtourism.com\/lt\/regions\/#primaryimage\"},\"thumbnailUrl\":\"http:\/\/wellbeingtourism.com\/app\/uploads\/2021\/12\/Smaland-1.jpg\",\"datePublished\":\"2020-12-15T12:30:09+00:00\",\"dateModified\":\"2022-05-05T14:56:10+00:00\",\"breadcrumb\":{\"@id\":\"https:\/\/wellbeingtourism.com\/lt\/regions\/#breadcrumb\"},\"inLanguage\":\"lt-LT\",\"potentialAction\":[{\"@type\":\"ReadAction\",\"target\":[\"https:\/\/wellbeingtourism.com\/lt\/regions\/\"]}]},{\"@type\":\"ImageObject\",\"inLanguage\":\"lt-LT\",\"@id\":\"https:\/\/wellbeingtourism.com\/lt\/regions\/#primaryimage\",\"url\":\"http:\/\/wellbeingtourism.com\/app\/uploads\/2021\/12\/Smaland-1.jpg\",\"contentUrl\":\"http:\/\/wellbeingtourism.com\/app\/uploads\/2021\/12\/Smaland-1.jpg\"},{\"@type\":\"BreadcrumbList\",\"@id\":\"https:\/\/wellbeingtourism.com\/lt\/regions\/#breadcrumb\",\"itemListElement\":[{\"@type\":\"ListItem\",\"position\":1,\"name\":\"Home\",\"item\":\"https:\/\/wellbeingtourism.com\/lt\/\"},{\"@type\":\"ListItem\",\"position\":2,\"name\":\"M\u016bs\u0173 regionai\"}]},{\"@type\":\"WebSite\",\"@id\":\"https:\/\/wellbeingtourism.com\/#website\",\"url\":\"https:\/\/wellbeingtourism.com\/\",\"name\":\"Wellbeing\",\"description\":\"Discover our places &amp; hosts\",\"potentialAction\":[{\"@type\":\"SearchAction\",\"target\":{\"@type\":\"EntryPoint\",\"urlTemplate\":\"https:\/\/wellbeingtourism.com\/?s={search_term_string}\"},\"query-input\":{\"@type\":\"PropertyValueSpecification\",\"valueRequired\":true,\"valueName\":\"search_term_string\"}}],\"inLanguage\":\"lt-LT\"}]}<\/script>\n<!-- \/ Yoast SEO plugin. -->","yoast_head_json":{"title":"M\u016bs\u0173 regionai - Wellbeing","robots":{"index":"index","follow":"follow","max-snippet":"max-snippet:-1","max-image-preview":"max-image-preview:large","max-video-preview":"max-video-preview:-1"},"canonical":"https:\/\/wellbeingtourism.com\/lt\/regions\/","og_locale":"lt_LT","og_type":"article","og_title":"M\u016bs\u0173 regionai - Wellbeing","og_url":"https:\/\/wellbeingtourism.com\/lt\/regions\/","og_site_name":"Wellbeing","article_modified_time":"2022-05-05T14:56:10+00:00","og_image":[{"url":"http:\/\/wellbeingtourism.com\/app\/uploads\/2021\/12\/Smaland-1.jpg","type":"","width":"","height":""}],"twitter_card":"summary_large_image","twitter_misc":{"Est. reading time":"3 minutes"},"schema":{"@context":"https:\/\/schema.org","@graph":[{"@type":"WebPage","@id":"https:\/\/wellbeingtourism.com\/lt\/regions\/","url":"https:\/\/wellbeingtourism.com\/lt\/regions\/","name":"M\u016bs\u0173 regionai - Wellbeing","isPartOf":{"@id":"https:\/\/wellbeingtourism.com\/#website"},"primaryImageOfPage":{"@id":"https:\/\/wellbeingtourism.com\/lt\/regions\/#primaryimage"},"image":{"@id":"https:\/\/wellbeingtourism.com\/lt\/regions\/#primaryimage"},"thumbnailUrl":"http:\/\/wellbeingtourism.com\/app\/uploads\/2021\/12\/Smaland-1.jpg","datePublished":"2020-12-15T12:30:09+00:00","dateModified":"2022-05-05T14:56:10+00:00","breadcrumb":{"@id":"https:\/\/wellbeingtourism.com\/lt\/regions\/#breadcrumb"},"inLanguage":"lt-LT","potentialAction":[{"@type":"ReadAction","target":["https:\/\/wellbeingtourism.com\/lt\/regions\/"]}]},{"@type":"ImageObject","inLanguage":"lt-LT","@id":"https:\/\/wellbeingtourism.com\/lt\/regions\/#primaryimage","url":"http:\/\/wellbeingtourism.com\/app\/uploads\/2021\/12\/Smaland-1.jpg","contentUrl":"http:\/\/wellbeingtourism.com\/app\/uploads\/2021\/12\/Smaland-1.jpg"},{"@type":"BreadcrumbList","@id":"https:\/\/wellbeingtourism.com\/lt\/regions\/#breadcrumb","itemListElement":[{"@type":"ListItem","position":1,"name":"Home","item":"https:\/\/wellbeingtourism.com\/lt\/"},{"@type":"ListItem","position":2,"name":"M\u016bs\u0173 regionai"}]},{"@type":"WebSite","@id":"https:\/\/wellbeingtourism.com\/#website","url":"https:\/\/wellbeingtourism.com\/","name":"Wellbeing","description":"Discover our places &amp; hosts","potentialAction":[{"@type":"SearchAction","target":{"@type":"EntryPoint","urlTemplate":"https:\/\/wellbeingtourism.com\/?s={search_term_string}"},"query-input":{"@type":"PropertyValueSpecification","valueRequired":true,"valueName":"search_term_string"}}],"inLanguage":"lt-LT"}]}},"_links":{"self":[{"href":"https:\/\/wellbeingtourism.com\/lt\/wp-json\/wp\/v2\/pages\/11616","targetHints":{"allow":["GET"]}}],"collection":[{"href":"https:\/\/wellbeingtourism.com\/lt\/wp-json\/wp\/v2\/pages"}],"about":[{"href":"https:\/\/wellbeingtourism.com\/lt\/wp-json\/wp\/v2\/types\/page"}],"author":[{"embeddable":true,"href":"https:\/\/wellbeingtourism.com\/lt\/wp-json\/wp\/v2\/users\/1"}],"replies":[{"embeddable":true,"href":"https:\/\/wellbeingtourism.com\/lt\/wp-json\/wp\/v2\/comments?post=11616"}],"version-history":[{"count":18,"href":"https:\/\/wellbeingtourism.com\/lt\/wp-json\/wp\/v2\/pages\/11616\/revisions"}],"predecessor-version":[{"id":26980,"href":"https:\/\/wellbeingtourism.com\/lt\/wp-json\/wp\/v2\/pages\/11616\/revisions\/26980"}],"wp:attachment":[{"href":"https:\/\/wellbeingtourism.com\/lt\/wp-json\/wp\/v2\/media?parent=11616"}],"curies":[{"name":"wp","href":"https:\/\/api.w.org\/{rel}","templated":true}]}}