{"id":11481,"date":"2021-03-02T12:18:20","date_gmt":"2021-03-02T12:18:20","guid":{"rendered":"https:\/\/wellbeingtourism.com\/contact-the-webmaster\/"},"modified":"2022-02-23T12:51:31","modified_gmt":"2022-02-23T12:51:31","slug":"contact-the-webmaster","status":"publish","type":"page","link":"https:\/\/wellbeingtourism.com\/lt\/contact-the-webmaster\/","title":{"rendered":"Susisiekite su tinklapio administratoriumi"},"content":{"rendered":"<div class=\"wp-bootstrap-blocks-container container mb-2\">\n\t\n\n<div style=\"height:100px\" aria-hidden=\"true\" class=\"wp-block-spacer\"><\/div>\n\n\n<link rel='stylesheet' id='formidable-css' href='https:\/\/wellbeingtourism.com\/app\/plugins\/formidable\/css\/formidableforms.css?ver=3101057' type='text\/css' media='all' \/>\n<div class=\"frm_forms  with_frm_style frm_style_formidable-style\" id=\"frm_form_10_container\" >\n<form enctype=\"multipart\/form-data\" method=\"post\" class=\"frm-show-form \" id=\"form_contact-form60a2f9ff9c\" >\n<div class=\"frm_form_fields \">\n<fieldset>\n<legend class=\"frm_screen_reader\">Webmaster Contact<\/legend>\r\n\r\n<div class=\"frm_fields_container\">\n<input type=\"hidden\" name=\"frm_action\" value=\"create\" \/>\n<input type=\"hidden\" name=\"form_id\" value=\"10\" \/>\n<input type=\"hidden\" name=\"frm_hide_fields_10\" id=\"frm_hide_fields_10\" value=\"\" \/>\n<input type=\"hidden\" name=\"form_key\" value=\"contact-form60a2f9ff9c\" \/>\n<input type=\"hidden\" name=\"item_meta[0]\" value=\"\" \/>\n<input type=\"hidden\" id=\"frm_submit_entry_10\" name=\"frm_submit_entry_10\" value=\"fffdeb8389\" \/><input type=\"hidden\" name=\"_wp_http_referer\" value=\"\/lt\/wp-json\/wp\/v2\/pages\/11481\" \/><input type=\"hidden\" id=\"field_hhxs5\" name=\"item_meta[855]\" value=\"lt\"  data-frmval=\"lt\"  \/><div id=\"frm_field_838_container\" class=\"frm_form_field  frm12 frm_first frm_html_container form-field\">\n<h3>Atsiliepimai tinklapio valdytojui<\/h3>\n<p> D\u0117kojame, kad skyr\u0117te laiko para\u0161yti mums atsiliepim\u0105 arba prane\u0161ti apie problemas, su kuriomis susid\u016br\u0117te m\u016bs\u0173 tinklapyje. Ar jums kilo technini\u0173 kli\u016b\u010di\u0173 naudojantis m\u016bs\u0173 tinklapiu? O gal turite pastab\u0173\/pasi\u016blym\u0173 \u0161iam tinklapiui? Prane\u0161kite apie tai tinklalapio valdytojui, u\u017epildydami \u017eemiau esan\u010di\u0105 form\u0105. \u0160i informacija pad\u0117s mums toliau tobulinti tinklap\u012f. \u0160i forma yra skirta tik atsiliepimams apie tinklapio funkcionalum\u0105. <\/p><\/div>\n<div id=\"frm_field_847_container\" class=\"frm_form_field  frm12 frm_first frm_html_container form-field\">\n<h4>Informacijos tipas<\/h4>\n<p> <i>Ar mes gal\u0117tume k\u0105 nors pagerinti? Ar m\u016bs\u0173 turinys aktualus? Ar m\u016bs\u0173 tinklapyje pateikta informacija sunkiai pasiekiama asmenims su negalia? Ar jums kyla technini\u0173 sunkum\u0173, toki\u0173 kaip, neveikian\u010dios nuorodos ar prane\u0161imai apie klaid\u0105? Prane\u0161kite mums.<\/i> <\/p>\n<p> Ar jums kyla technini\u0173 sunkum\u0173, toki\u0173 kaip, neveikian\u010dios nuorodos ar prane\u0161imai apie klaid\u0105? Pasidalinkite savo patirtimi ir prane\u0161kite mums.<\/p><\/div>\n<div id=\"frm_field_839_container\" class=\"frm_form_field form-field  frm_top_container vertical_radio\">\r\n    <div  id=\"field_dvnn3_label\" class=\"frm_primary_label\">\r\n        <span class=\"frm_required\" aria-hidden=\"true\"><\/span>\r\n    <\/div>\r\n    <div class=\"frm_opt_container\" aria-labelledby=\"field_dvnn3_label\" role=\"group\">\t\t<div class=\"frm_checkbox\" id=\"frm_checkbox_839-0\">\t\t\t<label  for=\"field_dvnn3-0\">\n\t\t\t<input type=\"checkbox\" name=\"item_meta[839][]\" id=\"field_dvnn3-0\" value=\"Gerinimo pasi\u016blymai\"  data-invmsg=\"This field is invalid\"   \/> Gerinimo pasi\u016blymai<\/label><\/div>\n\t\t<div class=\"frm_checkbox\" id=\"frm_checkbox_839-1\">\t\t\t<label  for=\"field_dvnn3-1\">\n\t\t\t<input type=\"checkbox\" name=\"item_meta[839][]\" id=\"field_dvnn3-1\" value=\"Informacijos prieinamumas\"  data-invmsg=\"This field is invalid\"   \/> Informacijos prieinamumas<\/label><\/div>\n\t\t<div class=\"frm_checkbox\" id=\"frm_checkbox_839-2\">\t\t\t<label  for=\"field_dvnn3-2\">\n\t\t\t<input type=\"checkbox\" name=\"item_meta[839][]\" id=\"field_dvnn3-2\" value=\"Problemos su tinklapiu\"  data-invmsg=\"This field is invalid\"   \/> Problemos su tinklapiu<\/label><\/div>\n\t\t<div class=\"frm_checkbox\" id=\"frm_checkbox_839-3\">\t\t\t<label  for=\"field_dvnn3-3\">\n\t\t\t<input type=\"checkbox\" name=\"item_meta[839][]\" id=\"field_dvnn3-3\" value=\"Problemos su registracijos puslapiu\"  data-invmsg=\"This field is invalid\"   \/> Problemos su registracijos puslapiu<\/label><\/div>\n\t\t<div class=\"frm_checkbox\" id=\"frm_checkbox_839-4\">\t\t\t<label  for=\"field_dvnn3-4\">\n\t\t\t<input type=\"checkbox\" name=\"item_meta[839][]\" id=\"field_dvnn3-4\" value=\"Problemos su &quot;Mano paskyra&quot; puslapiu\"  data-invmsg=\"This field is invalid\"   \/> Problemos su &#8220;Mano paskyra&#8221; puslapiu<\/label><\/div>\n<\/div>\r\n    \r\n    \r\n<\/div>\n<div id=\"frm_field_840_container\" class=\"frm_form_field  frm12 frm_first frm_html_container form-field\">\n<h4> URL kur atsiranda problema <span style=\"color:#dc6016;\">*<\/span><\/h4>\n<p> <i> \u012ekelkite URL &#8211; nukopijuokite puslapio nuorod\u0105, kur\u012f band\u0117te pasiekti, pavyzd\u017eiui: <\/i> <img decoding=\"async\" src=\"\/app\/uploads\/2021\/12\/field.png\"><\/div>\n<div id=\"frm_field_841_container\" class=\"frm_form_field form-field  frm_top_container frm12 frm_first\">\r\n    <label for=\"field_m3vjf\" id=\"field_m3vjf_label\" class=\"frm_primary_label\">Tinklapis\/URL\r\n        <span class=\"frm_required\" aria-hidden=\"true\"><\/span>\r\n    <\/label>\r\n    <input type=\"url\" id=\"field_m3vjf\" name=\"item_meta[841]\" value=\"\"  data-invmsg=\"Website\/URL is invalid\" aria-invalid=\"false\"   aria-describedby=\"frm_desc_field_m3vjf\"\/>\r\n    <div class=\"frm_description\" id=\"frm_desc_field_m3vjf\">* Pra\u0161ome \u012fkelti URL nuorod\u0105 tinklapio, kur atsirand\u0105 problema, arba kuriai daliai turite gerinimo pasi\u016blym\u0173.<\/div>\r\n    \r\n<\/div>\n<div id=\"frm_field_842_container\" class=\"frm_form_field  frm12 frm_first frm_html_container form-field\">\n<h4> Apra\u0161ykite problem\u0105 <\/h4>\n<p> Apra\u0161ykite problem\u0105, su kuria susiduriate, arba turimus pasi\u016blymus <span style=\"color:#dc6016;\"> Max 1000 \u017eenkl\u0173 <\/span><\/div>\n<div id=\"frm_field_846_container\" class=\"frm_form_field form-field  frm_top_container\">\r\n    <label for=\"field_w8jn9\" id=\"field_w8jn9_label\" class=\"frm_primary_label\">\r\n        <span class=\"frm_required\" aria-hidden=\"true\"><\/span>\r\n    <\/label>\r\n    <textarea name=\"item_meta[846]\" id=\"field_w8jn9\" rows=\"5\"  data-invmsg=\"This field is invalid\" aria-invalid=\"false\"   aria-describedby=\"frm_desc_field_w8jn9\"><\/textarea>\r\n    <div class=\"frm_description\" id=\"frm_desc_field_w8jn9\"><i> Apra\u0161ykite kiek \u012fmanoma konkre\u010diau<\/i><\/div>\r\n    \r\n<\/div>\n<div id=\"frm_field_848_container\" class=\"frm_form_field  frm12 frm_first frm_html_container form-field\">\n<h4> Atsisakymas <\/h4>\n<p> Jokie asmeninai duomenys n\u0117ra renkami ar kaupiami, kai u\u017epildote auk\u0161\u010diau esan\u010di\u0105 form\u0105. Tod\u0117l pra\u0161ome nepateikti joki\u0173 asmenini\u0173 duomen\u0173 &#8211; vardo, telefono numerio, el. pa\u0161to adreso &#8211; ar kit\u0173 asmenini\u0173 duomen\u0173, kai \u012fvedate duomenis \u012f laukel\u012f &#8220;apra\u0161ykite problem\u0105&#8221;. Jums nebus atsakyta \u012f \u0161\u012f el. lai\u0161k\u0105, ta\u010diau mes per\u017ei\u016br\u0117sime ir i\u0161spr\u0119sime problemas ir i\u0161\u0161\u016bkius, kurie apsunkina naudojim\u0105si tinklapiu jo lankytojams.  Jei jums reikalinga asmenin\u0117 pagalba norint u\u017esiregistruoti ar su j\u016bs\u0173 paskyra, susisiekite su darniojo sveikatingumo komanda j\u016bs\u0173 regione. Kontaktin\u0119 informacij\u0105 galite rasti <a href=\"\/lt\/about-us\/\"> \u010dia.<\/a><\/div>\n<div id=\"frm_field_1280_container\" class=\"frm_form_field form-field  frm_none_container\">\n    <label for=\"g-recaptcha-response\" id=\"field_um47y_label\" class=\"frm_primary_label\">Captcha\n        <span class=\"frm_required\" aria-hidden=\"true\"><\/span>\n    <\/label>\n    <div  id=\"field_um47y\" class=\"frm-g-recaptcha\" data-sitekey=\"6LfYsNAeAAAAAOyY9aSbK6GLxKIe5ukPWwgBvUvN\" data-size=\"normal\" data-theme=\"light\"><\/div>\n    \n    \n<\/div>\n<div id=\"frm_field_1292_container\" class=\"frm_form_field form-field \">\n\t<div class=\"frm_submit\">\r\n\r\n<button class=\"frm_button_submit\" type=\"submit\"  >Submit<\/button>\r\n\r\n<\/div>\n<\/div>\n\t<input type=\"hidden\" name=\"item_key\" value=\"\" \/>\n\t\t\t<div id=\"frm_field_1293_container\">\n\t\t\t<label for=\"field_kc44g\" >\n\t\t\t\tIf you are human, leave this field blank.\t\t\t<\/label>\n\t\t\t<input  id=\"field_kc44g\" type=\"text\" class=\"frm_form_field form-field frm_verify\" name=\"item_meta[1293]\" value=\"\"  \/>\n\t\t<\/div>\n\t\t<\/div>\n<\/fieldset>\n<\/div>\n\n<\/form>\n<\/div>\n\n<\/div>\n","protected":false},"excerpt":{"rendered":"","protected":false},"author":1,"featured_media":9177,"parent":0,"menu_order":131,"comment_status":"closed","ping_status":"closed","template":"about-us-template.php","meta":{"_acf_changed":false,"footnotes":""},"class_list":["post-11481","page","type-page","status-publish","has-post-thumbnail","hentry"],"acf":[],"yoast_head":"<!-- This site is optimized with the Yoast SEO plugin v27.1.1 - https:\/\/yoast.com\/product\/yoast-seo-wordpress\/ -->\n<title>Susisiekite su tinklapio administratoriumi - Wellbeing<\/title>\n<meta name=\"robots\" content=\"index, follow, max-snippet:-1, max-image-preview:large, max-video-preview:-1\" \/>\n<link rel=\"canonical\" href=\"https:\/\/wellbeingtourism.com\/lt\/contact-the-webmaster\/\" \/>\n<meta property=\"og:locale\" content=\"lt_LT\" \/>\n<meta property=\"og:type\" content=\"article\" \/>\n<meta property=\"og:title\" content=\"Susisiekite su tinklapio administratoriumi - Wellbeing\" \/>\n<meta property=\"og:url\" content=\"https:\/\/wellbeingtourism.com\/lt\/contact-the-webmaster\/\" \/>\n<meta property=\"og:site_name\" content=\"Wellbeing\" \/>\n<meta property=\"article:modified_time\" content=\"2022-02-23T12:51:31+00:00\" \/>\n<meta property=\"og:image\" content=\"https:\/\/wellbeingtourism.com\/app\/uploads\/2021\/06\/image-30.png\" \/>\n\t<meta property=\"og:image:width\" content=\"1440\" \/>\n\t<meta property=\"og:image:height\" content=\"308\" \/>\n\t<meta property=\"og:image:type\" content=\"image\/png\" \/>\n<meta name=\"twitter:card\" content=\"summary_large_image\" \/>\n<meta name=\"twitter:label1\" content=\"Est. reading time\" \/>\n\t<meta name=\"twitter:data1\" content=\"1 minute\" \/>\n<script type=\"application\/ld+json\" class=\"yoast-schema-graph\">{\"@context\":\"https:\/\/schema.org\",\"@graph\":[{\"@type\":\"WebPage\",\"@id\":\"https:\/\/wellbeingtourism.com\/lt\/contact-the-webmaster\/\",\"url\":\"https:\/\/wellbeingtourism.com\/lt\/contact-the-webmaster\/\",\"name\":\"Susisiekite su tinklapio administratoriumi - Wellbeing\",\"isPartOf\":{\"@id\":\"https:\/\/wellbeingtourism.com\/#website\"},\"primaryImageOfPage\":{\"@id\":\"https:\/\/wellbeingtourism.com\/lt\/contact-the-webmaster\/#primaryimage\"},\"image\":{\"@id\":\"https:\/\/wellbeingtourism.com\/lt\/contact-the-webmaster\/#primaryimage\"},\"thumbnailUrl\":\"https:\/\/wellbeingtourism.com\/app\/uploads\/2021\/06\/image-30.png\",\"datePublished\":\"2021-03-02T12:18:20+00:00\",\"dateModified\":\"2022-02-23T12:51:31+00:00\",\"breadcrumb\":{\"@id\":\"https:\/\/wellbeingtourism.com\/lt\/contact-the-webmaster\/#breadcrumb\"},\"inLanguage\":\"lt-LT\",\"potentialAction\":[{\"@type\":\"ReadAction\",\"target\":[\"https:\/\/wellbeingtourism.com\/lt\/contact-the-webmaster\/\"]}]},{\"@type\":\"ImageObject\",\"inLanguage\":\"lt-LT\",\"@id\":\"https:\/\/wellbeingtourism.com\/lt\/contact-the-webmaster\/#primaryimage\",\"url\":\"https:\/\/wellbeingtourism.com\/app\/uploads\/2021\/06\/image-30.png\",\"contentUrl\":\"https:\/\/wellbeingtourism.com\/app\/uploads\/2021\/06\/image-30.png\",\"width\":1440,\"height\":308},{\"@type\":\"BreadcrumbList\",\"@id\":\"https:\/\/wellbeingtourism.com\/lt\/contact-the-webmaster\/#breadcrumb\",\"itemListElement\":[{\"@type\":\"ListItem\",\"position\":1,\"name\":\"Home\",\"item\":\"https:\/\/wellbeingtourism.com\/lt\/\"},{\"@type\":\"ListItem\",\"position\":2,\"name\":\"Susisiekite su tinklapio administratoriumi\"}]},{\"@type\":\"WebSite\",\"@id\":\"https:\/\/wellbeingtourism.com\/#website\",\"url\":\"https:\/\/wellbeingtourism.com\/\",\"name\":\"Wellbeing\",\"description\":\"Discover our places &amp; hosts\",\"potentialAction\":[{\"@type\":\"SearchAction\",\"target\":{\"@type\":\"EntryPoint\",\"urlTemplate\":\"https:\/\/wellbeingtourism.com\/?s={search_term_string}\"},\"query-input\":{\"@type\":\"PropertyValueSpecification\",\"valueRequired\":true,\"valueName\":\"search_term_string\"}}],\"inLanguage\":\"lt-LT\"}]}<\/script>\n<!-- \/ Yoast SEO plugin. -->","yoast_head_json":{"title":"Susisiekite su tinklapio administratoriumi - Wellbeing","robots":{"index":"index","follow":"follow","max-snippet":"max-snippet:-1","max-image-preview":"max-image-preview:large","max-video-preview":"max-video-preview:-1"},"canonical":"https:\/\/wellbeingtourism.com\/lt\/contact-the-webmaster\/","og_locale":"lt_LT","og_type":"article","og_title":"Susisiekite su tinklapio administratoriumi - Wellbeing","og_url":"https:\/\/wellbeingtourism.com\/lt\/contact-the-webmaster\/","og_site_name":"Wellbeing","article_modified_time":"2022-02-23T12:51:31+00:00","og_image":[{"width":1440,"height":308,"url":"https:\/\/wellbeingtourism.com\/app\/uploads\/2021\/06\/image-30.png","type":"image\/png"}],"twitter_card":"summary_large_image","twitter_misc":{"Est. reading time":"1 minute"},"schema":{"@context":"https:\/\/schema.org","@graph":[{"@type":"WebPage","@id":"https:\/\/wellbeingtourism.com\/lt\/contact-the-webmaster\/","url":"https:\/\/wellbeingtourism.com\/lt\/contact-the-webmaster\/","name":"Susisiekite su tinklapio administratoriumi - Wellbeing","isPartOf":{"@id":"https:\/\/wellbeingtourism.com\/#website"},"primaryImageOfPage":{"@id":"https:\/\/wellbeingtourism.com\/lt\/contact-the-webmaster\/#primaryimage"},"image":{"@id":"https:\/\/wellbeingtourism.com\/lt\/contact-the-webmaster\/#primaryimage"},"thumbnailUrl":"https:\/\/wellbeingtourism.com\/app\/uploads\/2021\/06\/image-30.png","datePublished":"2021-03-02T12:18:20+00:00","dateModified":"2022-02-23T12:51:31+00:00","breadcrumb":{"@id":"https:\/\/wellbeingtourism.com\/lt\/contact-the-webmaster\/#breadcrumb"},"inLanguage":"lt-LT","potentialAction":[{"@type":"ReadAction","target":["https:\/\/wellbeingtourism.com\/lt\/contact-the-webmaster\/"]}]},{"@type":"ImageObject","inLanguage":"lt-LT","@id":"https:\/\/wellbeingtourism.com\/lt\/contact-the-webmaster\/#primaryimage","url":"https:\/\/wellbeingtourism.com\/app\/uploads\/2021\/06\/image-30.png","contentUrl":"https:\/\/wellbeingtourism.com\/app\/uploads\/2021\/06\/image-30.png","width":1440,"height":308},{"@type":"BreadcrumbList","@id":"https:\/\/wellbeingtourism.com\/lt\/contact-the-webmaster\/#breadcrumb","itemListElement":[{"@type":"ListItem","position":1,"name":"Home","item":"https:\/\/wellbeingtourism.com\/lt\/"},{"@type":"ListItem","position":2,"name":"Susisiekite su tinklapio administratoriumi"}]},{"@type":"WebSite","@id":"https:\/\/wellbeingtourism.com\/#website","url":"https:\/\/wellbeingtourism.com\/","name":"Wellbeing","description":"Discover our places &amp; hosts","potentialAction":[{"@type":"SearchAction","target":{"@type":"EntryPoint","urlTemplate":"https:\/\/wellbeingtourism.com\/?s={search_term_string}"},"query-input":{"@type":"PropertyValueSpecification","valueRequired":true,"valueName":"search_term_string"}}],"inLanguage":"lt-LT"}]}},"_links":{"self":[{"href":"https:\/\/wellbeingtourism.com\/lt\/wp-json\/wp\/v2\/pages\/11481","targetHints":{"allow":["GET"]}}],"collection":[{"href":"https:\/\/wellbeingtourism.com\/lt\/wp-json\/wp\/v2\/pages"}],"about":[{"href":"https:\/\/wellbeingtourism.com\/lt\/wp-json\/wp\/v2\/types\/page"}],"author":[{"embeddable":true,"href":"https:\/\/wellbeingtourism.com\/lt\/wp-json\/wp\/v2\/users\/1"}],"replies":[{"embeddable":true,"href":"https:\/\/wellbeingtourism.com\/lt\/wp-json\/wp\/v2\/comments?post=11481"}],"version-history":[{"count":2,"href":"https:\/\/wellbeingtourism.com\/lt\/wp-json\/wp\/v2\/pages\/11481\/revisions"}],"predecessor-version":[{"id":25050,"href":"https:\/\/wellbeingtourism.com\/lt\/wp-json\/wp\/v2\/pages\/11481\/revisions\/25050"}],"wp:featuredmedia":[{"embeddable":true,"href":"https:\/\/wellbeingtourism.com\/lt\/wp-json\/wp\/v2\/media\/9177"}],"wp:attachment":[{"href":"https:\/\/wellbeingtourism.com\/lt\/wp-json\/wp\/v2\/media?parent=11481"}],"curies":[{"name":"wp","href":"https:\/\/api.w.org\/{rel}","templated":true}]}}