{"id":10427,"date":"2021-07-12T17:24:18","date_gmt":"2021-07-12T17:24:18","guid":{"rendered":"https:\/\/wellbeingtourism.com\/edit-account\/"},"modified":"2021-12-21T16:23:30","modified_gmt":"2021-12-21T16:23:30","slug":"edit-account","status":"publish","type":"page","link":"https:\/\/wellbeingtourism.com\/lt\/edit-account\/","title":{"rendered":"Edit Account"},"content":{"rendered":"<link rel='stylesheet' id='formidable-css' href='https:\/\/wellbeingtourism.com\/app\/plugins\/formidable\/css\/formidableforms.css?ver=3101057' type='text\/css' media='all' \/>\n<div class=\"frm_forms  with_frm_style frm_style_formidable-style\" id=\"frm_form_4_container\" >\n<form enctype=\"multipart\/form-data\" method=\"post\" class=\"frm-show-form \" id=\"form_registrationform\" >\n<div class=\"frm_form_fields \">\n<fieldset>\n<legend class=\"frm_screen_reader\">Registration Form<\/legend>\r\n\r\n<div class=\"frm_fields_container\">\n<input type=\"hidden\" name=\"frm_action\" value=\"create\" \/>\n<input type=\"hidden\" name=\"form_id\" value=\"4\" \/>\n<input type=\"hidden\" name=\"frm_hide_fields_4\" id=\"frm_hide_fields_4\" value=\"\" \/>\n<input type=\"hidden\" name=\"form_key\" value=\"registrationform\" \/>\n<input type=\"hidden\" name=\"item_meta[0]\" value=\"\" \/>\n<input type=\"hidden\" id=\"frm_submit_entry_4\" name=\"frm_submit_entry_4\" value=\"a0b5aec801\" \/><input type=\"hidden\" name=\"_wp_http_referer\" value=\"\/lt\/wp-json\/wp\/v2\/pages\/10427\" \/><input type=\"hidden\" id=\"field_oyq4a\" name=\"item_meta[857]\" value=\"lt\"  data-frmval=\"lt\"  \/><div id=\"frm_field_862_container\" class=\"frm_form_field form-field  frm_top_container\">\r\n    <label for=\"field_7jxj0\" id=\"field_7jxj0_label\" class=\"frm_primary_label\">Status\r\n        <span class=\"frm_required\" aria-hidden=\"true\"><\/span>\r\n    <\/label>\r\n    \t\t<select name=\"item_meta[862]\" id=\"field_7jxj0\"  data-frmval=\"draft\" data-invmsg=\"Status is invalid\" aria-invalid=\"false\"  >\n\t\t<option  value=\"draft\" selected='selected'>Draft<\/option><option  value=\"pending\">Pending Review<\/option><option  value=\"private\">Private<\/option><option  value=\"publish\">Published<\/option><option  value=\"future\">Scheduled<\/option>\t<\/select>\n\t\r\n    <div class=\"frm_description\" id=\"frm_desc_field_7jxj0\">Only visible to admin and used for the company business status.<\/div>\r\n    \r\n<\/div>\n<div id=\"frm_field_51_container\" class=\"frm_form_field form-field  frm_required_field frm_top_container\">\r\n    <label for=\"field_hi7ah\" id=\"field_hi7ah_label\" class=\"frm_primary_label\"><b>Paskyros vardas<\/b> (j\u016bs\u0173 verslo pavadinimas)\r\n        <span class=\"frm_required\" aria-hidden=\"true\">*<\/span>\r\n    <\/label>\r\n    <input type=\"text\" id=\"field_hi7ah\" name=\"item_meta[51]\" value=\"\"  data-reqmsg=\"B\u016btinas paskyros pavadinimas\" aria-required=\"true\" data-invmsg=\"Text is invalid\" aria-invalid=\"false\"  \/>\r\n    \r\n    \r\n<\/div>\n<div id=\"frm_field_53_container\" class=\"frm_form_field form-field  frm_required_field frm_top_container\">\r\n    <label for=\"field_atx8t\" id=\"field_atx8t_label\" class=\"frm_primary_label\"><b>Slapta\u017eodis<\/b> (min. 8 \u017eenklai)\r\n        <span class=\"frm_required\" aria-hidden=\"true\">*<\/span>\r\n    <\/label>\r\n   <label class=\"frm_primary_label confirm-pass\"><b>Confirm password<\/b><\/label>\r\n    <input type=\"text\" id=\"field_atx8t\" name=\"item_meta[53]\" value=\"\"  data-reqmsg=\"Reikalingas slaptazodis\" aria-required=\"true\" data-invmsg=\"Password is invalid\" aria-invalid=\"false\"  \/>\r\n    \r\n<\/div>\n<div id=\"frm_field_54_container\" class=\"frm_form_field form-field  frm_required_field frm_top_container\">\r\n    <label for=\"field_yzlxc\" id=\"field_yzlxc_label\" class=\"frm_primary_label\"><b>Kontaktinis asmuo<\/b> (vardas)\r\n        <span class=\"frm_required\" aria-hidden=\"true\">*<\/span>\r\n    <\/label>\r\n    <input type=\"text\" id=\"field_yzlxc\" name=\"item_meta[54]\" value=\"\"  data-reqmsg=\"Reikalingas kontaktinis asmuo\" aria-required=\"true\" data-invmsg=\"Text is invalid\" aria-invalid=\"false\"  \/>\r\n    \r\n    \r\n<\/div>\n<div id=\"frm_field_56_container\" class=\"frm_form_field form-field  frm_required_field frm_top_container\">\r\n    <label for=\"field_o78om\" id=\"field_o78om_label\" class=\"frm_primary_label\"><b> Vidinis el. pa\u0161to adresas<\/b>\r\n        <span class=\"frm_required\" aria-hidden=\"true\">*<\/span>\r\n    <\/label>\r\n    <input type=\"email\" id=\"field_o78om\" name=\"item_meta[56]\" value=\"\"  data-reqmsg=\"\u0160is el. pa\u0161to adresas b\u016btinas\" aria-required=\"true\" data-invmsg=\"Email is invalid\" aria-invalid=\"false\"   aria-describedby=\"frm_desc_field_o78om\"\/>\r\n    <div class=\"frm_description\" id=\"frm_desc_field_o78om\">Naujienlai\u0161kiams ir informacijai apie tinklap\u012f.<\/div>\r\n    \r\n<\/div>\n<div id=\"frm_field_58_container\" class=\"frm_form_field form-field  frm_required_field frm_top_container\">\r\n    <label for=\"field_e3go3\" id=\"field_e3go3_label\" class=\"frm_primary_label\"><b>Apib\u016bdinkite savo versl\u0105<\/b>\r\n        <span class=\"frm_required\" aria-hidden=\"true\">*<\/span>\r\n    <\/label>\r\n    <textarea name=\"item_meta[58]\" id=\"field_e3go3\" rows=\"5\"  data-reqmsg=\"\u0160\u012f lauk\u0105 b\u016btina u\u017epildyti.\" aria-required=\"true\" data-invmsg=\"&lt;b&gt;Apib\u016bdinkite savo versl\u0105&lt;\/b&gt; is invalid\" maxlength=\"400\" aria-invalid=\"false\"   aria-describedby=\"frm_desc_field_e3go3\"><\/textarea>\r\n    <div class=\"frm_description\" id=\"frm_desc_field_e3go3\">Max 400 \u017eenkl\u0173<\/div>\r\n    \r\n<\/div>\n<div id=\"frm_field_60_container\" class=\"frm_form_field form-field  frm_top_container take-a-chance vertical_radio\">\r\n    <div  id=\"field_ro5zj_label\" class=\"frm_primary_label\"><h4> Ar norite atlikti savo verslo vertinimo test\u0105?<\/h4>\r\n        <span class=\"frm_required\" aria-hidden=\"true\"><\/span>\r\n    <\/div>\r\n    <div class=\"frm_opt_container\" aria-labelledby=\"field_ro5zj_label\" role=\"radiogroup\">\t\t<div class=\"frm_radio\" id=\"frm_radio_60-0\">\t\t\t<label  for=\"field_ro5zj-0\">\n\t\t\t\t\t<input type=\"radio\" name=\"item_meta[60]\" id=\"field_ro5zj-0\" value=\"Taip\"\n\t\t data-invmsg=\"&lt;h4&gt; Ar norite atlikti savo verslo vertinimo test\u0105?&lt;\/h4&gt; is invalid\"   \/> Taip<\/label><\/div>\n\t\t<div class=\"frm_radio\" id=\"frm_radio_60-1\">\t\t\t<label  for=\"field_ro5zj-1\">\n\t\t\t\t\t<input type=\"radio\" name=\"item_meta[60]\" id=\"field_ro5zj-1\" value=\"Ne\"\n\t\t data-invmsg=\"&lt;h4&gt; Ar norite atlikti savo verslo vertinimo test\u0105?&lt;\/h4&gt; is invalid\"   \/> Ne<\/label><\/div>\n<\/div>\r\n    <div class=\"frm_description\" id=\"frm_desc_field_ro5zj\">Nurodydami savo adres\u0105 ir kit\u0105 informacij\u0105, j\u016bs gal\u0117site atlikti savo kompanijos vertinimo test\u0105, b\u016bsite rodomi darniojo sveikatingumo atlase ir pritrauksite daugiau lankytoj\u0173.<\/div>\r\n    \r\n<\/div>\n<div id=\"frm_field_61_container\" class=\"frm_form_field  more-info-reg frm_html_container form-field\">\n<h3>Daugiau informacijos<\/h3>\n<p> \u0160i informacija bus naudojama, vie\u0161inant j\u016bs\u0173 versl\u0105 Darniojo sveikatingumo Atlase.<\/p><\/div>\n<div class=\"address-destination-holder\">\r\n<div id=\"frm_field_73_container\" class=\"frm_form_field form-field  frm_top_container frm12\">\r\n    <label for=\"field_autocomplete\" id=\"field_autocomplete_label\" class=\"frm_primary_label\">Adresas (fizin\u0117 vieta)\r\n        <span class=\"frm_required\" aria-hidden=\"true\"><\/span>\r\n    <\/label>\r\n    <input type=\"text\" id=\"field_autocomplete\" name=\"item_meta[73]\" value=\"\"  style=\"width:100%\" placeholder=\"Gatv\u0117\" data-invmsg=\"Text is invalid\" class=\"auto_width\" aria-invalid=\"false\"  \/>\r\n    \r\n    \r\n<\/div>\n<div id=\"frm_field_75_container\" class=\"frm_form_field form-field  frm_top_container frm12\">\r\n    <label for=\"field_street_number\" id=\"field_street_number_label\" class=\"frm_primary_label\">\r\n        <span class=\"frm_required\" aria-hidden=\"true\"><\/span>\r\n    <\/label>\r\n    <input type=\"text\" id=\"field_street_number\" name=\"item_meta[75]\" value=\"\"  style=\"width:100%\" placeholder=\"Papildoma informacija\" data-invmsg=\"Text is invalid\" class=\"auto_width\" aria-invalid=\"false\"  \/>\r\n    \r\n    \r\n<\/div>\n<input type=\"hidden\" id=\"field_route\" name=\"item_meta[82]\" value=\"\"    \/><div id=\"frm_field_80_container\" class=\"frm_form_field form-field  frm_top_container frm_two_thirds\">\r\n    <label for=\"field_locality\" id=\"field_locality_label\" class=\"frm_primary_label\">\r\n        <span class=\"frm_required\" aria-hidden=\"true\"><\/span>\r\n    <\/label>\r\n    <input type=\"text\" id=\"field_locality\" name=\"item_meta[80]\" value=\"\"  placeholder=\"Miestas\" data-invmsg=\"Text is invalid\" aria-invalid=\"false\"  \/>\r\n    \r\n    \r\n<\/div>\n<div id=\"frm_field_78_container\" class=\"frm_form_field form-field  frm_top_container frm_third\">\r\n    <label for=\"field_postal_code\" id=\"field_postal_code_label\" class=\"frm_primary_label\">\r\n        <span class=\"frm_required\" aria-hidden=\"true\"><\/span>\r\n    <\/label>\r\n    <input type=\"text\" id=\"field_postal_code\" name=\"item_meta[78]\" value=\"\"  placeholder=\"Pa\u0161to kodas\" data-invmsg=\"Text is invalid\" aria-invalid=\"false\"  \/>\r\n    \r\n    \r\n<\/div>\n<input type=\"hidden\" id=\"field_administrative_area_level_1\" name=\"item_meta[79]\" value=\"\"    \/><div id=\"frm_field_76_container\" class=\"frm_form_field form-field  frm_top_container frm12\">\r\n    <label for=\"field_country\" id=\"field_country_label\" class=\"frm_primary_label\">\r\n        <span class=\"frm_required\" aria-hidden=\"true\"><\/span>\r\n    <\/label>\r\n    <input type=\"text\" id=\"field_country\" name=\"item_meta[76]\" value=\"\"  placeholder=\"\u0160alis\" data-invmsg=\"Text is invalid\" aria-invalid=\"false\"  \/>\r\n    \r\n    \r\n<\/div>\r\n<\/div>\n<div id=\"frm_field_63_container\" class=\"frm_form_field  with-orange-bg frm_html_container form-field\">\u0160iuo metu atlase rodomi tik keli regionai. Gali b\u016bti, kad kol kas negal\u0117sime rodyti j\u016bs\u0173 verslo \u017eem\u0117lapyje. Ta\u010diau j\u016bs vis tiek galite pateikti savo duomenis, o mes pasistengsime, kad j\u016bs\u0173 regionas atsirast\u0173 atlase. <\/div>\n<div id=\"frm_field_64_container\" class=\"frm_form_field form-field  frm_top_container\">\r\n    <label for=\"field_lvjhd\" id=\"field_lvjhd_label\" class=\"frm_primary_label\">Vie\u0161as el. pa\u0161tas\r\n        <span class=\"frm_required\" aria-hidden=\"true\"><\/span>\r\n    <\/label>\r\n    <input type=\"email\" id=\"field_lvjhd\" name=\"item_meta[64]\" value=\"\"  data-invmsg=\"Email is invalid\" aria-invalid=\"false\"   aria-describedby=\"frm_desc_field_lvjhd\"\/>\r\n    <div class=\"frm_description\" id=\"frm_desc_field_lvjhd\">El. pa\u0161tas naudojamas tinklapyje rezervacijoms ir pan.<\/div>\r\n    \r\n<\/div>\n<div id=\"frm_field_65_container\" class=\"frm_form_field form-field  frm_top_container\">\r\n    <label for=\"field_sxkbo\" id=\"field_sxkbo_label\" class=\"frm_primary_label\">Telefono Nr\r\n        <span class=\"frm_required\" aria-hidden=\"true\"><\/span>\r\n    <\/label>\r\n    <input type=\"tel\" id=\"field_sxkbo\" name=\"item_meta[65]\" value=\"\"  data-invmsg=\"Phone is invalid\" aria-invalid=\"false\" pattern=\"((\\+\\d{1,3}(-|.| )?\\(?\\d\\)?(-| |.)?\\d{1,5})|(\\(?\\d{2,6}\\)?))(-|.| )?(\\d{3,4})(-|.| )?(\\d{4})(( x| ext)\\d{1,5}){0,1}$\"   aria-describedby=\"frm_desc_field_sxkbo\"\/>\r\n    <div class=\"frm_description\" id=\"frm_desc_field_sxkbo\">Telefono numeris, naudojamas svetain\u0117je u\u017esakymams ir pan.<\/div>\r\n    \r\n<\/div>\n<div id=\"frm_field_66_container\" class=\"frm_form_field form-field  frm_top_container\">\r\n    <label for=\"field_mdkcl\" id=\"field_mdkcl_label\" class=\"frm_primary_label\">Telefono Nr\r\n        <span class=\"frm_required\" aria-hidden=\"true\"><\/span>\r\n    <\/label>\r\n    <input type=\"tel\" id=\"field_mdkcl\" name=\"item_meta[66]\" value=\"\"  data-invmsg=\"Phone is invalid\" aria-invalid=\"false\" pattern=\"((\\+\\d{1,3}(-|.| )?\\(?\\d\\)?(-| |.)?\\d{1,5})|(\\(?\\d{2,6}\\)?))(-|.| )?(\\d{3,4})(-|.| )?(\\d{4})(( x| ext)\\d{1,5}){0,1}$\"   aria-describedby=\"frm_desc_field_mdkcl\"\/>\r\n    <div class=\"frm_description\" id=\"frm_desc_field_mdkcl\">Telefono Nr. 2<\/div>\r\n    \r\n<\/div>\n<div id=\"frm_field_67_container\" class=\"frm_form_field form-field  frm_top_container\">\r\n    <label for=\"field_popun\" id=\"field_popun_label\" class=\"frm_primary_label\">Svetain\u0117\r\n        <span class=\"frm_required\" aria-hidden=\"true\"><\/span>\r\n    <\/label>\r\n    <input type=\"url\" id=\"field_popun\" name=\"item_meta[67]\" value=\"\"  placeholder=\"https:\/\/\" data-invmsg=\"Website\/URL is invalid\" aria-invalid=\"false\"  \/>\r\n    \r\n    \r\n<\/div>\n<div id=\"frm_field_69_container\" class=\"frm_form_field form-field  frm_required_field frm_top_container transparent-bg-without-padding vertical_radio\">\r\n    <div  id=\"field_wdxrd_label\" class=\"frm_primary_label\">\r\n        <span class=\"frm_required\" aria-hidden=\"true\">*<\/span>\r\n    <\/div>\r\n    <div class=\"frm_opt_container\" aria-labelledby=\"field_wdxrd_label\" role=\"group\">\t\t<div class=\"frm_checkbox\" id=\"frm_checkbox_69-0\">\t\t\t<label  for=\"field_wdxrd-0\">\n\t\t\t<input type=\"checkbox\" name=\"item_meta[69][]\" id=\"field_wdxrd-0\" value=\"Sutinku su &lt;a href=&quot;\/lt\/terms-conditions\/&quot;&gt;s\u0105lygomis ir taisykl\u0117mis&lt;\/a&gt;\"  data-reqmsg=\"\u0160\u012f lauk\u0105 b\u016btina u\u017epildyti.\" data-invmsg=\"This field is invalid\"   aria-required=\"true\"  \/> Sutinku su <a href=\"\/lt\/terms-conditions\/\">s\u0105lygomis ir taisykl\u0117mis<\/a><\/label><\/div>\n\t\t<div class=\"frm_checkbox\" id=\"frm_checkbox_69-1\">\t\t\t<label  for=\"field_wdxrd-1\">\n\t\t\t<input type=\"checkbox\" name=\"item_meta[69][]\" id=\"field_wdxrd-1\" value=\"Noriu gauti naujienlai\u0161k\u012f\"  data-reqmsg=\"\u0160\u012f lauk\u0105 b\u016btina u\u017epildyti.\" data-invmsg=\"This field is invalid\"   \/> Noriu gauti naujienlai\u0161k\u012f<\/label><\/div>\n<\/div>\r\n    \r\n    \r\n<\/div>\n<input type=\"hidden\" name=\"item_meta[71]\" id=\"field_r1omc\" value=\"\" data-frmval=\"\"\/>\n\t<input type=\"hidden\" name=\"item_key\" value=\"\" \/>\n\t\t\t<div id=\"frm_field_1293_container\">\n\t\t\t<label for=\"field_trmwe\" >\n\t\t\t\tIf you are human, leave this field blank.\t\t\t<\/label>\n\t\t\t<input  id=\"field_trmwe\" type=\"text\" class=\"frm_form_field form-field frm_verify\" name=\"item_meta[1293]\" value=\"\"  \/>\n\t\t<\/div>\n\t\t<input type=\"hidden\" name=\"frm_register[email]\" value=\"56\"\/><input type=\"hidden\" name=\"frm_register[username]\" value=\"51\"\/><input type=\"hidden\" name=\"frm_register[password]\" value=\"53\"\/><input type=\"hidden\" name=\"frm_register[subsite_title]\" value=\"username\"\/><input type=\"hidden\" name=\"frm_register[subsite_domain]\" value=\"blog_title\"\/><script>\r\n      \/\/ This example displays an address form, using the autocomplete feature\r\n      \/\/ of the Google Places API to help users fill in the information.\r\n \r\n      \/\/ This example requires the Places library. Include the libraries=places\r\n      \/\/ parameter when you first load the API. For example:\r\n      \/\/ <script src=\"https:\/\/maps.googleapis.com\/maps\/api\/js?key=YOUR_API_KEY&libraries=places\">\r\n \r\n      var placeSearch, autocomplete;\r\n      var componentForm = {\r\n        street_number: 'short_name',\r\n        route: 'long_name',\r\n        locality: 'long_name',\r\n        administrative_area_level_1: 'short_name',\r\n        country: 'long_name',\r\n        postal_code: 'short_name'\r\n      };\r\n \r\n      function initAutocomplete() {\r\n        \/\/ Create the autocomplete object, restricting the search to geographical\r\n        \/\/ location types.\r\n        autocomplete = new google.maps.places.Autocomplete(\r\n            \/** @type {!HTMLInputElement} *\/(document.getElementById('field_autocomplete'))\r\n            );\r\n \r\n        \/\/ When the user selects an address from the dropdown, populate the address\r\n        \/\/ fields in the form.\r\n        autocomplete.addListener('place_changed', fillInAddress);\r\n      }\r\n \r\n      function fillInAddress() {\r\n        \/\/ Get the place details from the autocomplete object.\r\n        var place = autocomplete.getPlace();\r\n \r\n        \/\/ Get each component of the address from the place details\r\n        \/\/ and fill the corresponding field on the form.\r\n        for (var i = 0; i < place.address_components.length; i++) {\r\n          var addressType = place.address_components[i].types[0];\r\n          if (componentForm[addressType]) {\r\n            var val = place.address_components[i][componentForm[addressType]];\r\n            document.getElementById('field_' + addressType).value = val;\r\n          }\r\n        }\r\n      }\r\n \r\n      \/\/ Bias the autocomplete object to the user's geographical location,\r\n      \/\/ as supplied by the browser's 'navigator.geolocation' object.\r\n      function geolocate() {\r\n        if (navigator.geolocation) {\r\n          navigator.geolocation.getCurrentPosition(function(position) {\r\n            var geolocation = {\r\n              lat: position.coords.latitude,\r\n              lng: position.coords.longitude\r\n            };\r\n            var circle = new google.maps.Circle({\r\n              center: geolocation,\r\n              radius: position.coords.accuracy\r\n            });\r\n            autocomplete.setBounds(circle.getBounds());\r\n          });\r\n        }\r\n      }\r\n    <\/script>\r\n    <script src=\"https:\/\/maps.googleapis.com\/maps\/api\/js?key=AIzaSyBBtK1X-MkBkth3WoNEK9iIsLIBq9g7awI&libraries=places&callback=initAutocomplete\" async defer><\/script><div class=\"frm_submit\">\r\n\r\n<button class=\"frm_button_submit\" type=\"submit\"  >Patvirtinti ir t\u0119sti<\/button>\r\n\r\n<\/div><\/div>\n<\/fieldset>\n<\/div>\n\n<\/form>\n<\/div>\n\n","protected":false},"excerpt":{"rendered":"","protected":false},"author":1,"featured_media":0,"parent":0,"menu_order":41,"comment_status":"closed","ping_status":"closed","template":"member-page.php","meta":{"_acf_changed":false,"footnotes":""},"class_list":["post-10427","page","type-page","status-publish","hentry"],"acf":[],"yoast_head":"<!-- This site is optimized with the Yoast SEO plugin v27.1.1 - https:\/\/yoast.com\/product\/yoast-seo-wordpress\/ -->\n<title>Edit Account - Wellbeing<\/title>\n<meta name=\"robots\" content=\"index, follow, max-snippet:-1, max-image-preview:large, max-video-preview:-1\" \/>\n<link rel=\"canonical\" href=\"https:\/\/wellbeingtourism.com\/lt\/edit-account\/\" \/>\n<meta property=\"og:locale\" content=\"lt_LT\" \/>\n<meta property=\"og:type\" content=\"article\" \/>\n<meta property=\"og:title\" content=\"Edit Account - Wellbeing\" \/>\n<meta property=\"og:url\" content=\"https:\/\/wellbeingtourism.com\/lt\/edit-account\/\" \/>\n<meta property=\"og:site_name\" content=\"Wellbeing\" \/>\n<meta property=\"article:modified_time\" content=\"2021-12-21T16:23:30+00:00\" \/>\n<meta name=\"twitter:card\" content=\"summary_large_image\" \/>\n<script type=\"application\/ld+json\" class=\"yoast-schema-graph\">{\"@context\":\"https:\/\/schema.org\",\"@graph\":[{\"@type\":\"WebPage\",\"@id\":\"https:\/\/wellbeingtourism.com\/lt\/edit-account\/\",\"url\":\"https:\/\/wellbeingtourism.com\/lt\/edit-account\/\",\"name\":\"Edit Account - Wellbeing\",\"isPartOf\":{\"@id\":\"https:\/\/wellbeingtourism.com\/#website\"},\"datePublished\":\"2021-07-12T17:24:18+00:00\",\"dateModified\":\"2021-12-21T16:23:30+00:00\",\"breadcrumb\":{\"@id\":\"https:\/\/wellbeingtourism.com\/lt\/edit-account\/#breadcrumb\"},\"inLanguage\":\"lt-LT\",\"potentialAction\":[{\"@type\":\"ReadAction\",\"target\":[\"https:\/\/wellbeingtourism.com\/lt\/edit-account\/\"]}]},{\"@type\":\"BreadcrumbList\",\"@id\":\"https:\/\/wellbeingtourism.com\/lt\/edit-account\/#breadcrumb\",\"itemListElement\":[{\"@type\":\"ListItem\",\"position\":1,\"name\":\"Home\",\"item\":\"https:\/\/wellbeingtourism.com\/lt\/\"},{\"@type\":\"ListItem\",\"position\":2,\"name\":\"Edit Account\"}]},{\"@type\":\"WebSite\",\"@id\":\"https:\/\/wellbeingtourism.com\/#website\",\"url\":\"https:\/\/wellbeingtourism.com\/\",\"name\":\"Wellbeing\",\"description\":\"Discover our places &amp; hosts\",\"potentialAction\":[{\"@type\":\"SearchAction\",\"target\":{\"@type\":\"EntryPoint\",\"urlTemplate\":\"https:\/\/wellbeingtourism.com\/?s={search_term_string}\"},\"query-input\":{\"@type\":\"PropertyValueSpecification\",\"valueRequired\":true,\"valueName\":\"search_term_string\"}}],\"inLanguage\":\"lt-LT\"}]}<\/script>\n<!-- \/ Yoast SEO plugin. -->","yoast_head_json":{"title":"Edit Account - Wellbeing","robots":{"index":"index","follow":"follow","max-snippet":"max-snippet:-1","max-image-preview":"max-image-preview:large","max-video-preview":"max-video-preview:-1"},"canonical":"https:\/\/wellbeingtourism.com\/lt\/edit-account\/","og_locale":"lt_LT","og_type":"article","og_title":"Edit Account - Wellbeing","og_url":"https:\/\/wellbeingtourism.com\/lt\/edit-account\/","og_site_name":"Wellbeing","article_modified_time":"2021-12-21T16:23:30+00:00","twitter_card":"summary_large_image","schema":{"@context":"https:\/\/schema.org","@graph":[{"@type":"WebPage","@id":"https:\/\/wellbeingtourism.com\/lt\/edit-account\/","url":"https:\/\/wellbeingtourism.com\/lt\/edit-account\/","name":"Edit Account - Wellbeing","isPartOf":{"@id":"https:\/\/wellbeingtourism.com\/#website"},"datePublished":"2021-07-12T17:24:18+00:00","dateModified":"2021-12-21T16:23:30+00:00","breadcrumb":{"@id":"https:\/\/wellbeingtourism.com\/lt\/edit-account\/#breadcrumb"},"inLanguage":"lt-LT","potentialAction":[{"@type":"ReadAction","target":["https:\/\/wellbeingtourism.com\/lt\/edit-account\/"]}]},{"@type":"BreadcrumbList","@id":"https:\/\/wellbeingtourism.com\/lt\/edit-account\/#breadcrumb","itemListElement":[{"@type":"ListItem","position":1,"name":"Home","item":"https:\/\/wellbeingtourism.com\/lt\/"},{"@type":"ListItem","position":2,"name":"Edit Account"}]},{"@type":"WebSite","@id":"https:\/\/wellbeingtourism.com\/#website","url":"https:\/\/wellbeingtourism.com\/","name":"Wellbeing","description":"Discover our places &amp; hosts","potentialAction":[{"@type":"SearchAction","target":{"@type":"EntryPoint","urlTemplate":"https:\/\/wellbeingtourism.com\/?s={search_term_string}"},"query-input":{"@type":"PropertyValueSpecification","valueRequired":true,"valueName":"search_term_string"}}],"inLanguage":"lt-LT"}]}},"_links":{"self":[{"href":"https:\/\/wellbeingtourism.com\/lt\/wp-json\/wp\/v2\/pages\/10427","targetHints":{"allow":["GET"]}}],"collection":[{"href":"https:\/\/wellbeingtourism.com\/lt\/wp-json\/wp\/v2\/pages"}],"about":[{"href":"https:\/\/wellbeingtourism.com\/lt\/wp-json\/wp\/v2\/types\/page"}],"author":[{"embeddable":true,"href":"https:\/\/wellbeingtourism.com\/lt\/wp-json\/wp\/v2\/users\/1"}],"replies":[{"embeddable":true,"href":"https:\/\/wellbeingtourism.com\/lt\/wp-json\/wp\/v2\/comments?post=10427"}],"version-history":[{"count":0,"href":"https:\/\/wellbeingtourism.com\/lt\/wp-json\/wp\/v2\/pages\/10427\/revisions"}],"wp:attachment":[{"href":"https:\/\/wellbeingtourism.com\/lt\/wp-json\/wp\/v2\/media?parent=10427"}],"curies":[{"name":"wp","href":"https:\/\/api.w.org\/{rel}","templated":true}]}}