{"id":9399,"date":"2021-12-03T09:56:29","date_gmt":"2021-12-03T09:56:29","guid":{"rendered":"https:\/\/wellbeingtourism.com\/about-wellbeing-tourism\/"},"modified":"2022-02-07T13:27:56","modified_gmt":"2022-02-07T13:27:56","slug":"about-wellbeing-tourism","status":"publish","type":"page","link":"https:\/\/wellbeingtourism.com\/de\/about-wellbeing-tourism\/","title":{"rendered":"\u00dcber Wohlf\u00fchltourismus"},"content":{"rendered":"<div class=\"slide-image-and-text\">\r\n<div class=\"slide-images\">\r\n            <div id=\"slider-topblock_61a9eba0e892a\" class=\"slider-top\">\r\n            <div class=\"header-image\">\r\n                <img src='https:\/\/wellbeingtourism.com\/app\/uploads\/2021\/12\/Getty-image-scaled.jpg' alt='Slide Image'>                <div class=\"container\">\r\n                    <div class=\"slider-text\">\r\n                        <div class=\"small-text\"><h1>#Some title<\/h1>\n<p>Wellbeing-Tourismusunternehmen sind diejenigen, die darauf abzielen, ihre Aktivit\u00e4ten im Einklang mit weiteren beteiligten Akteuren und mit R\u00fccksicht auf die nat\u00fcrliche Umwelt durchzuf\u00fchren. Wellbeing-Unternehmen sind ehrlich in ihrem Gesch\u00e4ft, sind sich bewusst, wie sich ihre Aktivit\u00e4ten auf die Gemeinschaft, die nat\u00fcrliche Umwelt sowie auf die Hauptanliegen der Gesellschaft, in der sie t\u00e4tig sind, auswirken. Sie k\u00fcmmern sich sowohl um G\u00e4ste als auch um Mitarbeiter, w\u00e4hrend sie eine freundliche und fr\u00f6hliche Einstellung bewahren.<\/p>\n<\/div>\r\n                    <\/div>\r\n                <\/div>\r\n            <\/div> \r\n        <\/div>\r\n\r\n   <\/div>\r\n<img decoding=\"async\" class=\"lotus-bottom\" src=\"https:\/\/wellbeingtourism.com\/app\/themes\/wellbeing\/images\/Lotus.png\">\r\n<\/div>\n\n\n<p><\/p>\n\n\n\n<p><\/p>\n\n\n<div class=\"wp-bootstrap-blocks-container container mb-2\">\n\t\n\n<div style=\"height:30px\" aria-hidden=\"true\" class=\"wp-block-spacer\"><\/div>\n\n\n\n<h2 class=\"wp-block-heading\" id=\"wellbeing-unternehmen-und-gastgeber\">Wellbeing-Unternehmen und -Gastgeber<\/h2>\n\n\n\n<h5 class=\"wp-block-heading\" id=\"wellbeing-tourismusunternehmen-sind-diejenigen-die-darauf-abzielen-ihre-aktivitaten-im-einklang-mit-weiteren-beteiligten-akteuren-und-mit-rucksicht-auf-die-naturliche-umwelt-durchzufuhren-wellbeing-unternehmen-sind-ehrlich-in-ihrem-geschaft-sind-sich-bewusst-wie-sich-ihre-aktivitaten-auf-die-gemeinschaft-die-naturliche-umwelt-sowie-auf-die-hauptanliegen-der-gesellschaft-in-der-sie-tatig-sind-auswirken-sie-kummern-sich-sowohl-um-gaste-als-auch-um-mitarbeiter-wahrend-sie-eine-freundliche-und-frohliche-einstellung-bewahren\">Wellbeing-Tourismusunternehmen sind diejenigen, die darauf abzielen, ihre Aktivit\u00e4ten im Einklang mit weiteren beteiligten Akteuren und mit R\u00fccksicht auf die nat\u00fcrliche Umwelt durchzuf\u00fchren. Wellbeing-Unternehmen sind ehrlich in ihrem Gesch\u00e4ft, sind sich bewusst, wie sich ihre Aktivit\u00e4ten auf die Gemeinschaft, die nat\u00fcrliche Umwelt sowie auf die Hauptanliegen der Gesellschaft, in der sie t\u00e4tig sind, auswirken. Sie k\u00fcmmern sich sowohl um G\u00e4ste als auch um Mitarbeiter, w\u00e4hrend sie eine freundliche und fr\u00f6hliche Einstellung bewahren.<\/h5>\n\n\n\n<div style=\"height:33px\" aria-hidden=\"true\" class=\"wp-block-spacer\"><\/div>\n\n\n\n<h3 class=\"wp-block-heading\" id=\"mehr-lernen-ihre-reise-antreten\">Mehr lernen \u2013\u00a0Ihre Reise antreten <\/h3>\n\n\n\n<h5 class=\"wp-block-heading\" id=\"lesen-sie-unsere-broschuren-sehen-sie-sich-unsere-filme-an-und-finden-sie-tipps-und-lernkarten-um-ihr-geschaft-und-ihr-wissen-auszubauen-bauen-sie-ihre-fahigkeiten-aus-und-fuhren-sie-innovationen-und-anderungen-durch-oder-nehmen-sie-einfach-anpassungen-und-verbesserungen-vor\">Lesen Sie unsere Brosch\u00fcren, sehen Sie sich unsere Filme an und finden Sie Tipps und Lernkarten, um Ihr Gesch\u00e4ft und Ihr Wissen auszubauen. Bauen Sie Ihre F\u00e4higkeiten aus und f\u00fchren Sie Innovationen und \u00c4nderungen durch oder nehmen Sie einfach Anpassungen und Verbesserungen vor.<\/h5>\n\n\n\n<div style=\"height:25px\" aria-hidden=\"true\" class=\"wp-block-spacer\"><\/div>\n\n\n\n<h3 class=\"wp-block-heading\" id=\"die-wichtigkeit-wissen-zu-teilen\">Die Wichtigkeit, Wissen zu teilen<\/h3>\n\n\n\n<h5 class=\"wp-block-heading\" id=\"block-d5a565d0-acd1-44e2-8469-5fc324afdfe8\">Arbeiten Sie zusammen und bauen Sie kollektives Wissen auf. Wachsen Sie zusammen, indem Sie Ihr Wissen teilen und von anderen lernen. Teilen Sie es also in sozialen Medien, in Ihren lokalen Netzwerken, unter Ihren Lieferanten und an Ihre G\u00e4ste und Mitarbeiter.<\/h5>\n\n<\/div>\n","protected":false},"excerpt":{"rendered":"","protected":false},"author":1,"featured_media":9400,"parent":0,"menu_order":22,"comment_status":"closed","ping_status":"closed","template":"template-about-wellbeing-tour.php","meta":{"_acf_changed":false,"footnotes":""},"class_list":["post-9399","page","type-page","status-publish","has-post-thumbnail","hentry"],"acf":[],"yoast_head":"<!-- This site is optimized with the Yoast SEO plugin v27.1.1 - https:\/\/yoast.com\/product\/yoast-seo-wordpress\/ -->\n<title>\u00dcber Wohlf\u00fchltourismus - Wellbeing<\/title>\n<meta name=\"robots\" content=\"index, follow, max-snippet:-1, max-image-preview:large, max-video-preview:-1\" \/>\n<link rel=\"canonical\" href=\"https:\/\/wellbeingtourism.com\/de\/about-wellbeing-tourism\/\" \/>\n<meta property=\"og:locale\" content=\"de_DE\" \/>\n<meta property=\"og:type\" content=\"article\" \/>\n<meta property=\"og:title\" content=\"\u00dcber Wohlf\u00fchltourismus - Wellbeing\" \/>\n<meta property=\"og:url\" content=\"https:\/\/wellbeingtourism.com\/de\/about-wellbeing-tourism\/\" \/>\n<meta property=\"og:site_name\" content=\"Wellbeing\" \/>\n<meta property=\"article:modified_time\" content=\"2022-02-07T13:27:56+00:00\" \/>\n<meta property=\"og:image\" content=\"https:\/\/wellbeingtourism.com\/app\/uploads\/2021\/12\/2xys.jpg\" \/>\n\t<meta property=\"og:image:width\" content=\"2048\" \/>\n\t<meta property=\"og:image:height\" content=\"1366\" \/>\n\t<meta property=\"og:image:type\" content=\"image\/jpeg\" \/>\n<meta name=\"twitter:card\" content=\"summary_large_image\" \/>\n<meta name=\"twitter:label1\" content=\"Est. reading time\" \/>\n\t<meta name=\"twitter:data1\" content=\"1 minute\" \/>\n<script type=\"application\/ld+json\" class=\"yoast-schema-graph\">{\"@context\":\"https:\/\/schema.org\",\"@graph\":[{\"@type\":\"WebPage\",\"@id\":\"https:\/\/wellbeingtourism.com\/de\/about-wellbeing-tourism\/\",\"url\":\"https:\/\/wellbeingtourism.com\/de\/about-wellbeing-tourism\/\",\"name\":\"\u00dcber Wohlf\u00fchltourismus - Wellbeing\",\"isPartOf\":{\"@id\":\"https:\/\/wellbeingtourism.com\/#website\"},\"primaryImageOfPage\":{\"@id\":\"https:\/\/wellbeingtourism.com\/de\/about-wellbeing-tourism\/#primaryimage\"},\"image\":{\"@id\":\"https:\/\/wellbeingtourism.com\/de\/about-wellbeing-tourism\/#primaryimage\"},\"thumbnailUrl\":\"https:\/\/wellbeingtourism.com\/app\/uploads\/2021\/12\/2xys.jpg\",\"datePublished\":\"2021-12-03T09:56:29+00:00\",\"dateModified\":\"2022-02-07T13:27:56+00:00\",\"breadcrumb\":{\"@id\":\"https:\/\/wellbeingtourism.com\/de\/about-wellbeing-tourism\/#breadcrumb\"},\"inLanguage\":\"de-DE\",\"potentialAction\":[{\"@type\":\"ReadAction\",\"target\":[\"https:\/\/wellbeingtourism.com\/de\/about-wellbeing-tourism\/\"]}]},{\"@type\":\"ImageObject\",\"inLanguage\":\"de-DE\",\"@id\":\"https:\/\/wellbeingtourism.com\/de\/about-wellbeing-tourism\/#primaryimage\",\"url\":\"https:\/\/wellbeingtourism.com\/app\/uploads\/2021\/12\/2xys.jpg\",\"contentUrl\":\"https:\/\/wellbeingtourism.com\/app\/uploads\/2021\/12\/2xys.jpg\",\"width\":2048,\"height\":1366},{\"@type\":\"BreadcrumbList\",\"@id\":\"https:\/\/wellbeingtourism.com\/de\/about-wellbeing-tourism\/#breadcrumb\",\"itemListElement\":[{\"@type\":\"ListItem\",\"position\":1,\"name\":\"Home\",\"item\":\"https:\/\/wellbeingtourism.com\/de\/\"},{\"@type\":\"ListItem\",\"position\":2,\"name\":\"\u00dcber Wohlf\u00fchltourismus\"}]},{\"@type\":\"WebSite\",\"@id\":\"https:\/\/wellbeingtourism.com\/#website\",\"url\":\"https:\/\/wellbeingtourism.com\/\",\"name\":\"Wellbeing\",\"description\":\"Discover our places &amp; hosts\",\"potentialAction\":[{\"@type\":\"SearchAction\",\"target\":{\"@type\":\"EntryPoint\",\"urlTemplate\":\"https:\/\/wellbeingtourism.com\/?s={search_term_string}\"},\"query-input\":{\"@type\":\"PropertyValueSpecification\",\"valueRequired\":true,\"valueName\":\"search_term_string\"}}],\"inLanguage\":\"de-DE\"}]}<\/script>\n<!-- \/ Yoast SEO plugin. -->","yoast_head_json":{"title":"\u00dcber Wohlf\u00fchltourismus - Wellbeing","robots":{"index":"index","follow":"follow","max-snippet":"max-snippet:-1","max-image-preview":"max-image-preview:large","max-video-preview":"max-video-preview:-1"},"canonical":"https:\/\/wellbeingtourism.com\/de\/about-wellbeing-tourism\/","og_locale":"de_DE","og_type":"article","og_title":"\u00dcber Wohlf\u00fchltourismus - Wellbeing","og_url":"https:\/\/wellbeingtourism.com\/de\/about-wellbeing-tourism\/","og_site_name":"Wellbeing","article_modified_time":"2022-02-07T13:27:56+00:00","og_image":[{"width":2048,"height":1366,"url":"https:\/\/wellbeingtourism.com\/app\/uploads\/2021\/12\/2xys.jpg","type":"image\/jpeg"}],"twitter_card":"summary_large_image","twitter_misc":{"Est. reading time":"1 minute"},"schema":{"@context":"https:\/\/schema.org","@graph":[{"@type":"WebPage","@id":"https:\/\/wellbeingtourism.com\/de\/about-wellbeing-tourism\/","url":"https:\/\/wellbeingtourism.com\/de\/about-wellbeing-tourism\/","name":"\u00dcber Wohlf\u00fchltourismus - Wellbeing","isPartOf":{"@id":"https:\/\/wellbeingtourism.com\/#website"},"primaryImageOfPage":{"@id":"https:\/\/wellbeingtourism.com\/de\/about-wellbeing-tourism\/#primaryimage"},"image":{"@id":"https:\/\/wellbeingtourism.com\/de\/about-wellbeing-tourism\/#primaryimage"},"thumbnailUrl":"https:\/\/wellbeingtourism.com\/app\/uploads\/2021\/12\/2xys.jpg","datePublished":"2021-12-03T09:56:29+00:00","dateModified":"2022-02-07T13:27:56+00:00","breadcrumb":{"@id":"https:\/\/wellbeingtourism.com\/de\/about-wellbeing-tourism\/#breadcrumb"},"inLanguage":"de-DE","potentialAction":[{"@type":"ReadAction","target":["https:\/\/wellbeingtourism.com\/de\/about-wellbeing-tourism\/"]}]},{"@type":"ImageObject","inLanguage":"de-DE","@id":"https:\/\/wellbeingtourism.com\/de\/about-wellbeing-tourism\/#primaryimage","url":"https:\/\/wellbeingtourism.com\/app\/uploads\/2021\/12\/2xys.jpg","contentUrl":"https:\/\/wellbeingtourism.com\/app\/uploads\/2021\/12\/2xys.jpg","width":2048,"height":1366},{"@type":"BreadcrumbList","@id":"https:\/\/wellbeingtourism.com\/de\/about-wellbeing-tourism\/#breadcrumb","itemListElement":[{"@type":"ListItem","position":1,"name":"Home","item":"https:\/\/wellbeingtourism.com\/de\/"},{"@type":"ListItem","position":2,"name":"\u00dcber Wohlf\u00fchltourismus"}]},{"@type":"WebSite","@id":"https:\/\/wellbeingtourism.com\/#website","url":"https:\/\/wellbeingtourism.com\/","name":"Wellbeing","description":"Discover our places &amp; hosts","potentialAction":[{"@type":"SearchAction","target":{"@type":"EntryPoint","urlTemplate":"https:\/\/wellbeingtourism.com\/?s={search_term_string}"},"query-input":{"@type":"PropertyValueSpecification","valueRequired":true,"valueName":"search_term_string"}}],"inLanguage":"de-DE"}]}},"_links":{"self":[{"href":"https:\/\/wellbeingtourism.com\/de\/wp-json\/wp\/v2\/pages\/9399","targetHints":{"allow":["GET"]}}],"collection":[{"href":"https:\/\/wellbeingtourism.com\/de\/wp-json\/wp\/v2\/pages"}],"about":[{"href":"https:\/\/wellbeingtourism.com\/de\/wp-json\/wp\/v2\/types\/page"}],"author":[{"embeddable":true,"href":"https:\/\/wellbeingtourism.com\/de\/wp-json\/wp\/v2\/users\/1"}],"replies":[{"embeddable":true,"href":"https:\/\/wellbeingtourism.com\/de\/wp-json\/wp\/v2\/comments?post=9399"}],"version-history":[{"count":2,"href":"https:\/\/wellbeingtourism.com\/de\/wp-json\/wp\/v2\/pages\/9399\/revisions"}],"predecessor-version":[{"id":22912,"href":"https:\/\/wellbeingtourism.com\/de\/wp-json\/wp\/v2\/pages\/9399\/revisions\/22912"}],"wp:featuredmedia":[{"embeddable":true,"href":"https:\/\/wellbeingtourism.com\/de\/wp-json\/wp\/v2\/media\/9400"}],"wp:attachment":[{"href":"https:\/\/wellbeingtourism.com\/de\/wp-json\/wp\/v2\/media?parent=9399"}],"curies":[{"name":"wp","href":"https:\/\/api.w.org\/{rel}","templated":true}]}}