{"id":38289,"date":"2023-01-23T10:17:25","date_gmt":"2023-01-23T10:17:25","guid":{"rendered":"https:\/\/wellbeingtourism.com\/promo-code-companies-in-germany\/"},"modified":"2023-01-26T15:23:21","modified_gmt":"2023-01-26T15:23:21","slug":"promo-code-companies-in-germany","status":"publish","type":"page","link":"https:\/\/wellbeingtourism.com\/de\/promo-code-companies-in-germany\/","title":{"rendered":"Promo-Code Unternehmen in Deutschland"},"content":{"rendered":"<div class=\"slide-image-and-text\">\r\n<div class=\"slide-images\">\r\n            <div id=\"slider-topblock_9de64feeddca11f8e5d49caabf82c5a6\" class=\"slider-top\">\r\n            <div class=\"header-image\">\r\n                <img src='https:\/\/wellbeingtourism.com\/app\/uploads\/2021\/11\/20210117_114635-scaled.jpg' alt='Slide Image'>                <div class=\"container\">\r\n                    <div class=\"slider-text\">\r\n                        <div class=\"small-text\"><h1>Promo-Code in Deutschland<\/h1>\n<p><strong>Hier finden Sie die Wellnessunternehmen in Deutschland, die Ihnen herzlich und kostenlose kleine Aufmerksamkeiten als Geschenk f\u00fcr Ihre Wellnessreise anbieten.<\/strong><\/p>\n<\/div>\r\n                    <\/div>\r\n                <\/div>\r\n            <\/div> \r\n        <\/div>\r\n\r\n   <\/div>\r\n<img decoding=\"async\" class=\"lotus-bottom\" src=\"https:\/\/wellbeingtourism.com\/app\/themes\/wellbeing\/images\/Lotus.png\">\r\n<\/div>\n\n<div class=\"wp-bootstrap-blocks-container container mb-0\">\n\t\n\n<div style=\"height:0px\" aria-hidden=\"true\" class=\"wp-block-spacer\"><\/div>\n\n\n\n<div style=\"height:64px\" aria-hidden=\"true\" class=\"wp-block-spacer\"><\/div>\n\n\n\n<h2 class=\"wp-block-heading\">Wellbeing Promo-Code in Deutschland<\/h2>\n\n\n\n<p style=\"font-size:22px\">Die Vogelparkregion Recknitztal l\u00e4dt Sie zu einer Vielzahl von erholsamen Outdoor-Aktivit\u00e4ten in einer ruhigen und unber\u00fchrten Natur ein. Entspannen Sie sich bei der Erkundung der alten Gutsh\u00e4user und G\u00e4rten und probieren Sie die regionalen handwerklichen Spezialit\u00e4ten im #homeofwellbeing.<\/p>\n\n\n\n<div style=\"height:14px\" aria-hidden=\"true\" class=\"wp-block-spacer\"><\/div>\n\n\n\n<figure class=\"wp-block-image size-full\"><img loading=\"lazy\" decoding=\"async\" width=\"980\" height=\"653\" src=\"https:\/\/wellbeingtourism.com\/app\/uploads\/2021\/05\/vogelparkregion-recknitztal-title-1.jpg\" alt=\"\" class=\"wp-image-2852\" srcset=\"https:\/\/wellbeingtourism.com\/app\/uploads\/2021\/05\/vogelparkregion-recknitztal-title-1.jpg 980w, https:\/\/wellbeingtourism.com\/app\/uploads\/2021\/05\/vogelparkregion-recknitztal-title-1-300x200.jpg 300w, https:\/\/wellbeingtourism.com\/app\/uploads\/2021\/05\/vogelparkregion-recknitztal-title-1-768x512.jpg 768w\" sizes=\"auto, (max-width: 980px) 100vw, 980px\" \/><\/figure>\n\n\n\n<div style=\"height:38px\" aria-hidden=\"true\" class=\"wp-block-spacer\"><\/div>\n\n\n\n<h4 class=\"has-text-align-left wp-block-heading\">Wir laden Sie auch ein, unsere Prom-Code Unternehmen in der Vogelparkregion Recknitztal zu besuchen. Sie bieten Ihnen bei Ihrem Besuch eine kleine Auswahl an Aufmerksamkeiten an!<\/h4>\n\n\n\n<div style=\"height:18px\" aria-hidden=\"true\" class=\"wp-block-spacer\"><\/div>\n\n\n\n<div class=\"wp-block-columns is-layout-flex wp-container-core-columns-is-layout-9d6595d7 wp-block-columns-is-layout-flex\">\n<div class=\"wp-block-column is-layout-flow wp-block-column-is-layout-flow\">                                                <div class=\"col-12 ln-more-pink\">\r\n                    <div class=\"row\">\r\n                                                    <div class=\"image-aditional-holder\"><img decoding=\"async\" src=\"https:\/\/wellbeingtourism.com\/app\/uploads\/2023\/01\/20220523_183539-scaled.jpg\" alt=\"\" \/><\/div>\r\n                                                <div class=\"sm-padding\">\r\n                                                            <h3 class=\"smaller-h3\">Ostseem\u00fchle Langenhanshagen<\/h3>\r\n                                                                                    <div class=\"buttons-inline\">\r\n                                                                                                    <a class=\"classic-url-orange\" href=\"https:\/\/wellbeingtourism.com\/company\/ostseemuhle-langenhanshagen\/\" target=\"_blank\">Unternehmen besuchen<\/a>\r\n                                                                                            <\/div>\r\n\r\n                        <\/div>\r\n                    <\/div>\r\n                <\/div>\r\n               \r\n    <\/div>\n\n\n\n<div class=\"wp-block-column is-layout-flow wp-block-column-is-layout-flow\">                                                <div class=\"col-12 ln-more-pink\">\r\n                    <div class=\"row\">\r\n                                                    <div class=\"image-aditional-holder\"><img decoding=\"async\" src=\"https:\/\/wellbeingtourism.com\/app\/uploads\/2021\/04\/SME_Senfmuehle3_Ger_PP5_\u00a9ostsee-kuestenbilder.de_210222-2-scaled.jpg\" alt=\"\" \/><\/div>\r\n                                                <div class=\"sm-padding\">\r\n                                                            <h3 class=\"smaller-h3\">Senfm\u00fchle Schlemmin <\/h3>\r\n                                                                                    <div class=\"buttons-inline\">\r\n                                                                                                    <a class=\"classic-url-orange\" href=\"https:\/\/wellbeingtourism.com\/company\/senfmuhle-schlemmin\/%20\" target=\"_blank\">Unternehmen besuchen<\/a>\r\n                                                                                            <\/div>\r\n\r\n                        <\/div>\r\n                    <\/div>\r\n                <\/div>\r\n               \r\n    <\/div>\n<\/div>\n\n\n\n<div class=\"wp-block-columns is-layout-flex wp-container-core-columns-is-layout-9d6595d7 wp-block-columns-is-layout-flex\">\n<div class=\"wp-block-column is-layout-flow wp-block-column-is-layout-flow\">                                                <div class=\"col-12 ln-more-pink\">\r\n                    <div class=\"row\">\r\n                                                    <div class=\"image-aditional-holder\"><img decoding=\"async\" src=\"https:\/\/wellbeingtourism.com\/app\/uploads\/2021\/04\/vogelparkregion-recknitztal-landdelikat-shop.jpg\" alt=\"\" \/><\/div>\r\n                                                <div class=\"sm-padding\">\r\n                                                            <h3 class=\"smaller-h3\">Bio-R\u00f6sterei LandDelikat <\/h3>\r\n                                                                                    <div class=\"buttons-inline\">\r\n                                                                                                    <a class=\"classic-url-orange\" href=\"https:\/\/wellbeingtourism.com\/company\/bio-rosterei-landdelikat\/\" target=\"_blank\">Unternehmen besuchen<\/a>\r\n                                                                                            <\/div>\r\n\r\n                        <\/div>\r\n                    <\/div>\r\n                <\/div>\r\n               \r\n    <\/div>\n\n\n\n<div class=\"wp-block-column is-layout-flow wp-block-column-is-layout-flow\"><\/div>\n<\/div>\n\n\n\n<h2 class=\"wp-block-heading\">Aktions-Code erhalten:<\/h2>\n\n\n<link rel='stylesheet' id='formidable-css' href='https:\/\/wellbeingtourism.com\/app\/plugins\/formidable\/css\/formidableforms.css?ver=3101057' type='text\/css' media='all' \/>\n<div class=\"frm_forms  with_frm_style frm_style_formidable-style\" id=\"frm_form_13_container\" data-token=\"4ab3d3020df9a9ce97317638957a3037\">\n<form enctype=\"multipart\/form-data\" method=\"post\" class=\"frm-show-form \" id=\"form_promo-code\" data-token=\"4ab3d3020df9a9ce97317638957a3037\">\n<div class=\"frm_form_fields \">\n<fieldset>\n<legend class=\"frm_screen_reader\">Promo Code<\/legend>\r\n\r\n<div class=\"frm_fields_container\">\n<input type=\"hidden\" name=\"frm_action\" value=\"create\" \/>\n<input type=\"hidden\" name=\"form_id\" value=\"13\" \/>\n<input type=\"hidden\" name=\"frm_hide_fields_13\" id=\"frm_hide_fields_13\" value=\"\" \/>\n<input type=\"hidden\" name=\"form_key\" value=\"promo-code\" \/>\n<input type=\"hidden\" name=\"item_meta[0]\" value=\"\" \/>\n<input type=\"hidden\" id=\"frm_submit_entry_13\" name=\"frm_submit_entry_13\" value=\"95f78df43d\" \/><input type=\"hidden\" name=\"_wp_http_referer\" value=\"\/de\/wp-json\/wp\/v2\/pages\/38289\" \/><div id=\"frm_field_916_container\" class=\"frm_form_field form-field  frm_required_field frm_top_container frm_full\">\r\n    <label for=\"field_29yf4d27aa4fbef41\" id=\"field_29yf4d27aa4fbef41_label\" class=\"frm_primary_label\">Email\r\n        <span class=\"frm_required\" aria-hidden=\"true\">*<\/span>\r\n    <\/label>\r\n    <input type=\"email\" id=\"field_29yf4d27aa4fbef41\" name=\"item_meta[916]\" value=\"\"  data-reqmsg=\"Email cannot be blank.\" aria-required=\"true\" data-invmsg=\"Please enter a valid email address\" aria-invalid=\"false\"  \/>\r\n    \r\n    \r\n<\/div>\n<div id=\"frm_field_923_container\" class=\"frm_form_field form-field  frm_required_field frm_top_container frm12 frm_first\">\r\n    <label for=\"field_hzed1\" id=\"field_hzed1_label\" class=\"frm_primary_label\">Origin Country \r\n        <span class=\"frm_required\" aria-hidden=\"true\">*<\/span>\r\n    <\/label>\r\n    <input type=\"text\" id=\"field_hzed1\" name=\"item_meta[923]\" value=\"\"  data-reqmsg=\"Origin Country  cannot be blank.\" aria-required=\"true\" data-invmsg=\"Text is invalid\" aria-invalid=\"false\"  \/>\r\n    \r\n    \r\n<\/div>\n<div id=\"frm_field_922_container\" class=\"frm_form_field form-field  frm_required_field frm_top_container frm12 frm_first\">\r\n    <label for=\"field_ld1us\" id=\"field_ld1us_label\" class=\"frm_primary_label\">Destination country\r\n        <span class=\"frm_required\" aria-hidden=\"true\">*<\/span>\r\n    <\/label>\r\n    \t\t<select name=\"item_meta[922]\" id=\"field_ld1us\"  placeholder=\"-\" data-reqmsg=\"Destination country cannot be blank.\" aria-required=\"true\" data-invmsg=\"Destination country is invalid\" aria-invalid=\"false\"  >\n\t\t<option  class=\"frm-select-placeholder\" value=\"\" data-placeholder=\"true\">&#8211;<\/option><option  value=\"Germany\">Germany<\/option><option  value=\"Poland\">Poland<\/option><option  value=\"Lithuania\">Lithuania<\/option>\t<\/select>\n\t\r\n    \r\n    \r\n<\/div>\n\t<input type=\"hidden\" name=\"item_key\" value=\"\" \/>\n\t\t\t<div id=\"frm_field_1293_container\">\n\t\t\t<label for=\"field_blf5m\" >\n\t\t\t\tIf you are human, leave this field blank.\t\t\t<\/label>\n\t\t\t<input  id=\"field_blf5m\" type=\"text\" class=\"frm_form_field form-field frm_verify\" name=\"item_meta[1293]\" value=\"\"  \/>\n\t\t<\/div>\n\t\t<div class=\"frm_submit\">\r\n\r\n<button class=\"frm_button_submit\" type=\"submit\"  >Submit<\/button>\r\n\r\n<\/div><\/div>\n<\/fieldset>\n<\/div>\n\n<\/form>\n<\/div>\n\n<\/div>\n\n\n\n<div style=\"height:100px\" aria-hidden=\"true\" class=\"wp-block-spacer\"><\/div>\n\n\n<div class=\"wp-bootstrap-blocks-row row\">\n\t\n\n<div class=\"col-12\">\n\t\t\t\t<\/div>\n\n<\/div>\n\n\n\n<p><\/p>\n","protected":false},"excerpt":{"rendered":"","protected":false},"author":6,"featured_media":0,"parent":0,"menu_order":2,"comment_status":"closed","ping_status":"closed","template":"","meta":{"_acf_changed":false,"footnotes":""},"class_list":["post-38289","page","type-page","status-publish","hentry"],"acf":[],"yoast_head":"<!-- This site is optimized with the Yoast SEO plugin v27.1.1 - https:\/\/yoast.com\/product\/yoast-seo-wordpress\/ -->\n<title>Promo-Code Unternehmen in Deutschland - Wellbeing<\/title>\n<meta name=\"robots\" content=\"index, follow, max-snippet:-1, max-image-preview:large, max-video-preview:-1\" \/>\n<link rel=\"canonical\" href=\"https:\/\/wellbeingtourism.com\/de\/promo-code-companies-in-germany\/\" \/>\n<meta property=\"og:locale\" content=\"de_DE\" \/>\n<meta property=\"og:type\" content=\"article\" \/>\n<meta property=\"og:title\" content=\"Promo-Code Unternehmen in Deutschland - Wellbeing\" \/>\n<meta property=\"og:url\" content=\"https:\/\/wellbeingtourism.com\/de\/promo-code-companies-in-germany\/\" \/>\n<meta property=\"og:site_name\" content=\"Wellbeing\" \/>\n<meta property=\"article:modified_time\" content=\"2023-01-26T15:23:21+00:00\" \/>\n<meta property=\"og:image\" content=\"https:\/\/wellbeingtourism.com\/app\/uploads\/2021\/05\/vogelparkregion-recknitztal-title-1.jpg\" \/>\n<meta name=\"twitter:card\" content=\"summary_large_image\" \/>\n<script type=\"application\/ld+json\" class=\"yoast-schema-graph\">{\"@context\":\"https:\/\/schema.org\",\"@graph\":[{\"@type\":\"WebPage\",\"@id\":\"https:\/\/wellbeingtourism.com\/de\/promo-code-companies-in-germany\/\",\"url\":\"https:\/\/wellbeingtourism.com\/de\/promo-code-companies-in-germany\/\",\"name\":\"Promo-Code Unternehmen in Deutschland - Wellbeing\",\"isPartOf\":{\"@id\":\"https:\/\/wellbeingtourism.com\/#website\"},\"primaryImageOfPage\":{\"@id\":\"https:\/\/wellbeingtourism.com\/de\/promo-code-companies-in-germany\/#primaryimage\"},\"image\":{\"@id\":\"https:\/\/wellbeingtourism.com\/de\/promo-code-companies-in-germany\/#primaryimage\"},\"thumbnailUrl\":\"https:\/\/wellbeingtourism.com\/app\/uploads\/2021\/05\/vogelparkregion-recknitztal-title-1.jpg\",\"datePublished\":\"2023-01-23T10:17:25+00:00\",\"dateModified\":\"2023-01-26T15:23:21+00:00\",\"breadcrumb\":{\"@id\":\"https:\/\/wellbeingtourism.com\/de\/promo-code-companies-in-germany\/#breadcrumb\"},\"inLanguage\":\"de-DE\",\"potentialAction\":[{\"@type\":\"ReadAction\",\"target\":[\"https:\/\/wellbeingtourism.com\/de\/promo-code-companies-in-germany\/\"]}]},{\"@type\":\"ImageObject\",\"inLanguage\":\"de-DE\",\"@id\":\"https:\/\/wellbeingtourism.com\/de\/promo-code-companies-in-germany\/#primaryimage\",\"url\":\"https:\/\/wellbeingtourism.com\/app\/uploads\/2021\/05\/vogelparkregion-recknitztal-title-1.jpg\",\"contentUrl\":\"https:\/\/wellbeingtourism.com\/app\/uploads\/2021\/05\/vogelparkregion-recknitztal-title-1.jpg\"},{\"@type\":\"BreadcrumbList\",\"@id\":\"https:\/\/wellbeingtourism.com\/de\/promo-code-companies-in-germany\/#breadcrumb\",\"itemListElement\":[{\"@type\":\"ListItem\",\"position\":1,\"name\":\"Home\",\"item\":\"https:\/\/wellbeingtourism.com\/de\/\"},{\"@type\":\"ListItem\",\"position\":2,\"name\":\"Promo-Code Unternehmen in Deutschland\"}]},{\"@type\":\"WebSite\",\"@id\":\"https:\/\/wellbeingtourism.com\/#website\",\"url\":\"https:\/\/wellbeingtourism.com\/\",\"name\":\"Wellbeing\",\"description\":\"Discover our places &amp; hosts\",\"potentialAction\":[{\"@type\":\"SearchAction\",\"target\":{\"@type\":\"EntryPoint\",\"urlTemplate\":\"https:\/\/wellbeingtourism.com\/?s={search_term_string}\"},\"query-input\":{\"@type\":\"PropertyValueSpecification\",\"valueRequired\":true,\"valueName\":\"search_term_string\"}}],\"inLanguage\":\"de-DE\"}]}<\/script>\n<!-- \/ Yoast SEO plugin. -->","yoast_head_json":{"title":"Promo-Code Unternehmen in Deutschland - Wellbeing","robots":{"index":"index","follow":"follow","max-snippet":"max-snippet:-1","max-image-preview":"max-image-preview:large","max-video-preview":"max-video-preview:-1"},"canonical":"https:\/\/wellbeingtourism.com\/de\/promo-code-companies-in-germany\/","og_locale":"de_DE","og_type":"article","og_title":"Promo-Code Unternehmen in Deutschland - Wellbeing","og_url":"https:\/\/wellbeingtourism.com\/de\/promo-code-companies-in-germany\/","og_site_name":"Wellbeing","article_modified_time":"2023-01-26T15:23:21+00:00","og_image":[{"url":"https:\/\/wellbeingtourism.com\/app\/uploads\/2021\/05\/vogelparkregion-recknitztal-title-1.jpg","type":"","width":"","height":""}],"twitter_card":"summary_large_image","schema":{"@context":"https:\/\/schema.org","@graph":[{"@type":"WebPage","@id":"https:\/\/wellbeingtourism.com\/de\/promo-code-companies-in-germany\/","url":"https:\/\/wellbeingtourism.com\/de\/promo-code-companies-in-germany\/","name":"Promo-Code Unternehmen in Deutschland - Wellbeing","isPartOf":{"@id":"https:\/\/wellbeingtourism.com\/#website"},"primaryImageOfPage":{"@id":"https:\/\/wellbeingtourism.com\/de\/promo-code-companies-in-germany\/#primaryimage"},"image":{"@id":"https:\/\/wellbeingtourism.com\/de\/promo-code-companies-in-germany\/#primaryimage"},"thumbnailUrl":"https:\/\/wellbeingtourism.com\/app\/uploads\/2021\/05\/vogelparkregion-recknitztal-title-1.jpg","datePublished":"2023-01-23T10:17:25+00:00","dateModified":"2023-01-26T15:23:21+00:00","breadcrumb":{"@id":"https:\/\/wellbeingtourism.com\/de\/promo-code-companies-in-germany\/#breadcrumb"},"inLanguage":"de-DE","potentialAction":[{"@type":"ReadAction","target":["https:\/\/wellbeingtourism.com\/de\/promo-code-companies-in-germany\/"]}]},{"@type":"ImageObject","inLanguage":"de-DE","@id":"https:\/\/wellbeingtourism.com\/de\/promo-code-companies-in-germany\/#primaryimage","url":"https:\/\/wellbeingtourism.com\/app\/uploads\/2021\/05\/vogelparkregion-recknitztal-title-1.jpg","contentUrl":"https:\/\/wellbeingtourism.com\/app\/uploads\/2021\/05\/vogelparkregion-recknitztal-title-1.jpg"},{"@type":"BreadcrumbList","@id":"https:\/\/wellbeingtourism.com\/de\/promo-code-companies-in-germany\/#breadcrumb","itemListElement":[{"@type":"ListItem","position":1,"name":"Home","item":"https:\/\/wellbeingtourism.com\/de\/"},{"@type":"ListItem","position":2,"name":"Promo-Code Unternehmen in Deutschland"}]},{"@type":"WebSite","@id":"https:\/\/wellbeingtourism.com\/#website","url":"https:\/\/wellbeingtourism.com\/","name":"Wellbeing","description":"Discover our places &amp; hosts","potentialAction":[{"@type":"SearchAction","target":{"@type":"EntryPoint","urlTemplate":"https:\/\/wellbeingtourism.com\/?s={search_term_string}"},"query-input":{"@type":"PropertyValueSpecification","valueRequired":true,"valueName":"search_term_string"}}],"inLanguage":"de-DE"}]}},"_links":{"self":[{"href":"https:\/\/wellbeingtourism.com\/de\/wp-json\/wp\/v2\/pages\/38289","targetHints":{"allow":["GET"]}}],"collection":[{"href":"https:\/\/wellbeingtourism.com\/de\/wp-json\/wp\/v2\/pages"}],"about":[{"href":"https:\/\/wellbeingtourism.com\/de\/wp-json\/wp\/v2\/types\/page"}],"author":[{"embeddable":true,"href":"https:\/\/wellbeingtourism.com\/de\/wp-json\/wp\/v2\/users\/6"}],"replies":[{"embeddable":true,"href":"https:\/\/wellbeingtourism.com\/de\/wp-json\/wp\/v2\/comments?post=38289"}],"version-history":[{"count":6,"href":"https:\/\/wellbeingtourism.com\/de\/wp-json\/wp\/v2\/pages\/38289\/revisions"}],"predecessor-version":[{"id":38517,"href":"https:\/\/wellbeingtourism.com\/de\/wp-json\/wp\/v2\/pages\/38289\/revisions\/38517"}],"wp:attachment":[{"href":"https:\/\/wellbeingtourism.com\/de\/wp-json\/wp\/v2\/media?parent=38289"}],"curies":[{"name":"wp","href":"https:\/\/api.w.org\/{rel}","templated":true}]}}