{"id":27469,"date":"2022-05-25T13:39:12","date_gmt":"2022-05-25T13:39:12","guid":{"rendered":"https:\/\/wellbeingtourism.com\/?page_id=27469"},"modified":"2022-05-31T06:41:52","modified_gmt":"2022-05-31T06:41:52","slug":"impressum","status":"publish","type":"page","link":"https:\/\/wellbeingtourism.com\/de\/impressum\/","title":{"rendered":"Impressum"},"content":{"rendered":"\n<div style=\"height:42px\" aria-hidden=\"true\" class=\"wp-block-spacer\"><\/div>\n\n\n<div class=\"wp-bootstrap-blocks-container container mb-2\">\n\t\n\n<h3 class=\"wp-block-heading\">Angaben gem\u00e4\u00df \u00a7 5 TMG:<\/h3>\n\n\n\n<p>Linnaeus University&nbsp;<br>351 95 V\u00e4xj\u00f6&nbsp;<br>Schweden<\/p>\n\n\n\n<h3 class=\"wp-block-heading\">Vertreten durch:<\/h3>\n\n\n\n<p>Linnaeus University&nbsp;<\/p>\n\n\n\n<h3 class=\"wp-block-heading\">Kontakt:<\/h3>\n\n\n\n<p>Telefon: 0772-28 80 00<br>E-Mail: <strong><a href=\"mailto:wellbeing@lnu.se\">wellbeing@lnu.se<\/a><\/strong> <\/p>\n\n\n\n<h3 class=\"wp-block-heading\">Registereintrag:<\/h3>\n\n\n\n<p>Linnaeus-Universit\u00e4t <br>Organisationsnummer:  202100-6271&nbsp;<\/p>\n\n\n\n<h3 class=\"wp-block-heading\">Verantwortlich f\u00fcr den Inhalt nach \u00a7 55 Abs. 2 RStV:<\/h3>\n\n\n\n<p>Linnaeus University&nbsp;<br>351 95 V\u00e4xj\u00f6&nbsp;<br>Schweden<\/p>\n\n\n\n<h3 class=\"wp-block-heading\">Umsatzsteuer:<\/h3>\n\n\n\n<p>Umsatzsteuer-Identifikationsnummer gem\u00e4\u00df \u00a727 a Umsatzsteuergesetz:<br>SE202100627101<\/p>\n\n\n\n<h3 class=\"wp-block-heading\">Haftungsausschluss<\/h3>\n\n\n\n<p>Der Inhalt dieser Webseite liegt in der alleinigen Verantwortung der Autoren und spiegelt in keiner Weise die Ansichten der Europ\u00e4ischen Union, der Verwaltungsbeh\u00f6rde oder des Gemeinsamen Sekretariats des Interreg South Baltic Programme 2014-2020 wider.<\/p>\n\n\n\n<h3 class=\"wp-block-heading\">Zust\u00e4ndiger Herausgeber<\/h3>\n\n\n\n<p>Diese Website ist mit der Initiative f\u00fcr nachhaltigen Tourismus von SB WELL verbunden. wellbeingturism@gmail.com<br>Die Website ist Eigentum der Linnaeus-Universit\u00e4t www.lnu.se und wird von Partnern der Linnaeus-Universit\u00e4t, der Bezirksverwaltung Kalmar und Energikontor Sydost AB verwaltet. Die Inhalte unserer Seiten wurden mit gr\u00f6\u00dfter Sorgfalt erstellt. F\u00fcr die Richtigkeit, Vollst\u00e4ndigkeit und Aktualit\u00e4t der Inhalte k\u00f6nnen wir jedoch keine Gew\u00e4hr \u00fcbernehmen.<\/p>\n\n\n\n<h3 class=\"wp-block-heading\">Informationen \u00fcber verlinkte Seiten<\/h3>\n\n\n\n<p>Der Inhalt unserer Website enth\u00e4lt Links zu anderen Websites. F\u00fcr alle diese Links gilt: Wir haben keinerlei Einfluss auf die Gestaltung und die Inhalte der gelinkten Seiten. Aus diesem Grund weisen wir ausdr\u00fccklich darauf hin, dass wir keine Verantwortung f\u00fcr den Inhalt der gelinkten Seiten auf allen Teilen unserer Website einschlie\u00dflich aller darunter liegenden Seiten \u00fcbernehmen. Diese Erkl\u00e4rung gilt f\u00fcr alle auf dieser Website angezeigten Links, Banner und Suchmaschinen und alle Inhalte der Seiten, zu denen Links, Banner und Suchmaschinen auf dieser Website f\u00fchren.<\/p>\n\n\n\n<h3 class=\"wp-block-heading\">Eingetragene Marken und Urheberrechte<\/h3>\n\n\n\n<p>Der Inhalt und die Struktur der SB WELL-Websites sowie die auf der Website erscheinenden Texte, Bilder, Grafiken, Dateien usw. unterliegen dem Urheberrecht und anderen Gesetzen zum Schutz des geistigen Eigentums. Die Weitergabe, Ver\u00e4nderung, gewerbliche Nutzung oder jegliche Form der Nutzung auf anderen Websites oder in anderen Medien ist nicht gestattet.<\/p>\n\n\n\n<hr class=\"wp-block-separator\"\/>\n\n<\/div>\n\n\n\n<div style=\"height:42px\" aria-hidden=\"true\" class=\"wp-block-spacer\"><\/div>\n","protected":false},"excerpt":{"rendered":"","protected":false},"author":6,"featured_media":9175,"parent":0,"menu_order":147,"comment_status":"closed","ping_status":"closed","template":"about-us-template.php","meta":{"_acf_changed":false,"footnotes":""},"class_list":["post-27469","page","type-page","status-publish","has-post-thumbnail","hentry"],"acf":[],"yoast_head":"<!-- This site is optimized with the Yoast SEO plugin v27.1.1 - https:\/\/yoast.com\/product\/yoast-seo-wordpress\/ -->\n<title>Impressum - Wellbeing<\/title>\n<meta name=\"robots\" content=\"index, follow, max-snippet:-1, max-image-preview:large, max-video-preview:-1\" \/>\n<link rel=\"canonical\" href=\"https:\/\/wellbeingtourism.com\/de\/impressum\/\" \/>\n<meta property=\"og:locale\" content=\"de_DE\" \/>\n<meta property=\"og:type\" content=\"article\" \/>\n<meta property=\"og:title\" content=\"Impressum - Wellbeing\" \/>\n<meta property=\"og:url\" content=\"https:\/\/wellbeingtourism.com\/de\/impressum\/\" \/>\n<meta property=\"og:site_name\" content=\"Wellbeing\" \/>\n<meta property=\"article:modified_time\" content=\"2022-05-31T06:41:52+00:00\" \/>\n<meta property=\"og:image\" content=\"https:\/\/wellbeingtourism.com\/app\/uploads\/2021\/06\/image-30.png\" \/>\n\t<meta property=\"og:image:width\" content=\"1440\" \/>\n\t<meta property=\"og:image:height\" content=\"308\" \/>\n\t<meta property=\"og:image:type\" content=\"image\/png\" \/>\n<meta name=\"twitter:card\" content=\"summary_large_image\" \/>\n<meta name=\"twitter:label1\" content=\"Est. reading time\" \/>\n\t<meta name=\"twitter:data1\" content=\"2 minutes\" \/>\n<script type=\"application\/ld+json\" class=\"yoast-schema-graph\">{\"@context\":\"https:\/\/schema.org\",\"@graph\":[{\"@type\":\"WebPage\",\"@id\":\"https:\/\/wellbeingtourism.com\/de\/impressum\/\",\"url\":\"https:\/\/wellbeingtourism.com\/de\/impressum\/\",\"name\":\"Impressum - Wellbeing\",\"isPartOf\":{\"@id\":\"https:\/\/wellbeingtourism.com\/#website\"},\"primaryImageOfPage\":{\"@id\":\"https:\/\/wellbeingtourism.com\/de\/impressum\/#primaryimage\"},\"image\":{\"@id\":\"https:\/\/wellbeingtourism.com\/de\/impressum\/#primaryimage\"},\"thumbnailUrl\":\"https:\/\/wellbeingtourism.com\/app\/uploads\/2021\/06\/image-30.png\",\"datePublished\":\"2022-05-25T13:39:12+00:00\",\"dateModified\":\"2022-05-31T06:41:52+00:00\",\"breadcrumb\":{\"@id\":\"https:\/\/wellbeingtourism.com\/de\/impressum\/#breadcrumb\"},\"inLanguage\":\"de-DE\",\"potentialAction\":[{\"@type\":\"ReadAction\",\"target\":[\"https:\/\/wellbeingtourism.com\/de\/impressum\/\"]}]},{\"@type\":\"ImageObject\",\"inLanguage\":\"de-DE\",\"@id\":\"https:\/\/wellbeingtourism.com\/de\/impressum\/#primaryimage\",\"url\":\"https:\/\/wellbeingtourism.com\/app\/uploads\/2021\/06\/image-30.png\",\"contentUrl\":\"https:\/\/wellbeingtourism.com\/app\/uploads\/2021\/06\/image-30.png\",\"width\":1440,\"height\":308},{\"@type\":\"BreadcrumbList\",\"@id\":\"https:\/\/wellbeingtourism.com\/de\/impressum\/#breadcrumb\",\"itemListElement\":[{\"@type\":\"ListItem\",\"position\":1,\"name\":\"Home\",\"item\":\"https:\/\/wellbeingtourism.com\/de\/\"},{\"@type\":\"ListItem\",\"position\":2,\"name\":\"Impressum\"}]},{\"@type\":\"WebSite\",\"@id\":\"https:\/\/wellbeingtourism.com\/#website\",\"url\":\"https:\/\/wellbeingtourism.com\/\",\"name\":\"Wellbeing\",\"description\":\"Discover our places &amp; hosts\",\"potentialAction\":[{\"@type\":\"SearchAction\",\"target\":{\"@type\":\"EntryPoint\",\"urlTemplate\":\"https:\/\/wellbeingtourism.com\/?s={search_term_string}\"},\"query-input\":{\"@type\":\"PropertyValueSpecification\",\"valueRequired\":true,\"valueName\":\"search_term_string\"}}],\"inLanguage\":\"de-DE\"}]}<\/script>\n<!-- \/ Yoast SEO plugin. -->","yoast_head_json":{"title":"Impressum - Wellbeing","robots":{"index":"index","follow":"follow","max-snippet":"max-snippet:-1","max-image-preview":"max-image-preview:large","max-video-preview":"max-video-preview:-1"},"canonical":"https:\/\/wellbeingtourism.com\/de\/impressum\/","og_locale":"de_DE","og_type":"article","og_title":"Impressum - Wellbeing","og_url":"https:\/\/wellbeingtourism.com\/de\/impressum\/","og_site_name":"Wellbeing","article_modified_time":"2022-05-31T06:41:52+00:00","og_image":[{"width":1440,"height":308,"url":"https:\/\/wellbeingtourism.com\/app\/uploads\/2021\/06\/image-30.png","type":"image\/png"}],"twitter_card":"summary_large_image","twitter_misc":{"Est. reading time":"2 minutes"},"schema":{"@context":"https:\/\/schema.org","@graph":[{"@type":"WebPage","@id":"https:\/\/wellbeingtourism.com\/de\/impressum\/","url":"https:\/\/wellbeingtourism.com\/de\/impressum\/","name":"Impressum - Wellbeing","isPartOf":{"@id":"https:\/\/wellbeingtourism.com\/#website"},"primaryImageOfPage":{"@id":"https:\/\/wellbeingtourism.com\/de\/impressum\/#primaryimage"},"image":{"@id":"https:\/\/wellbeingtourism.com\/de\/impressum\/#primaryimage"},"thumbnailUrl":"https:\/\/wellbeingtourism.com\/app\/uploads\/2021\/06\/image-30.png","datePublished":"2022-05-25T13:39:12+00:00","dateModified":"2022-05-31T06:41:52+00:00","breadcrumb":{"@id":"https:\/\/wellbeingtourism.com\/de\/impressum\/#breadcrumb"},"inLanguage":"de-DE","potentialAction":[{"@type":"ReadAction","target":["https:\/\/wellbeingtourism.com\/de\/impressum\/"]}]},{"@type":"ImageObject","inLanguage":"de-DE","@id":"https:\/\/wellbeingtourism.com\/de\/impressum\/#primaryimage","url":"https:\/\/wellbeingtourism.com\/app\/uploads\/2021\/06\/image-30.png","contentUrl":"https:\/\/wellbeingtourism.com\/app\/uploads\/2021\/06\/image-30.png","width":1440,"height":308},{"@type":"BreadcrumbList","@id":"https:\/\/wellbeingtourism.com\/de\/impressum\/#breadcrumb","itemListElement":[{"@type":"ListItem","position":1,"name":"Home","item":"https:\/\/wellbeingtourism.com\/de\/"},{"@type":"ListItem","position":2,"name":"Impressum"}]},{"@type":"WebSite","@id":"https:\/\/wellbeingtourism.com\/#website","url":"https:\/\/wellbeingtourism.com\/","name":"Wellbeing","description":"Discover our places &amp; hosts","potentialAction":[{"@type":"SearchAction","target":{"@type":"EntryPoint","urlTemplate":"https:\/\/wellbeingtourism.com\/?s={search_term_string}"},"query-input":{"@type":"PropertyValueSpecification","valueRequired":true,"valueName":"search_term_string"}}],"inLanguage":"de-DE"}]}},"_links":{"self":[{"href":"https:\/\/wellbeingtourism.com\/de\/wp-json\/wp\/v2\/pages\/27469","targetHints":{"allow":["GET"]}}],"collection":[{"href":"https:\/\/wellbeingtourism.com\/de\/wp-json\/wp\/v2\/pages"}],"about":[{"href":"https:\/\/wellbeingtourism.com\/de\/wp-json\/wp\/v2\/types\/page"}],"author":[{"embeddable":true,"href":"https:\/\/wellbeingtourism.com\/de\/wp-json\/wp\/v2\/users\/6"}],"replies":[{"embeddable":true,"href":"https:\/\/wellbeingtourism.com\/de\/wp-json\/wp\/v2\/comments?post=27469"}],"version-history":[{"count":3,"href":"https:\/\/wellbeingtourism.com\/de\/wp-json\/wp\/v2\/pages\/27469\/revisions"}],"predecessor-version":[{"id":27558,"href":"https:\/\/wellbeingtourism.com\/de\/wp-json\/wp\/v2\/pages\/27469\/revisions\/27558"}],"wp:featuredmedia":[{"embeddable":true,"href":"https:\/\/wellbeingtourism.com\/de\/wp-json\/wp\/v2\/media\/9175"}],"wp:attachment":[{"href":"https:\/\/wellbeingtourism.com\/de\/wp-json\/wp\/v2\/media?parent=27469"}],"curies":[{"name":"wp","href":"https:\/\/api.w.org\/{rel}","templated":true}]}}