{"id":24638,"date":"2022-03-17T11:10:36","date_gmt":"2022-03-17T11:10:36","guid":{"rendered":"https:\/\/wellbeingtourism.com\/?page_id=24638"},"modified":"2022-12-14T13:26:29","modified_gmt":"2022-12-14T13:26:29","slug":"for-wellbeing-hosts","status":"publish","type":"page","link":"https:\/\/wellbeingtourism.com\/de\/for-wellbeing-hosts\/","title":{"rendered":"F\u00fcr Wohlf\u00fchl-Gastgeber*in"},"content":{"rendered":"<div class=\"slide-image-and-text\">\r\n<div class=\"slide-images\">\r\n            <div id=\"slider-topblock_5fdb79bd9c528\" class=\"slider-top\">\r\n            <div class=\"header-image\">\r\n                <img src='https:\/\/wellbeingtourism.com\/app\/uploads\/2020\/12\/image-29-1-1.png' alt='Slide Image'>                <div class=\"container\">\r\n                    <div class=\"slider-text\">\r\n                        <div class=\"small-text\"><h1>#HomeOfWellbeing<\/h1>\n<p>Wellbeing Gastgeber sind aufmerksam, freundlich, f\u00fcrsorglich, ehrlich und fr\u00f6hlich.<\/p>\n<p>Wohlf\u00fchltourismus ist ein nachhaltiger Tourismus, der Harmonie und Gleichgewicht f\u00fcr K\u00f6rper, Geist und Seele erm\u00f6glicht. Wenn Sie unsere Werte des Wohlbefindens teilen, k\u00f6nnen Sie eine Wohlf\u00fchladresse sein. Wenn Sie ein Restaurant, ein Hotel, ein Spa, ein Fitnessstudio oder ein anderes Unternehmen f\u00fchren, wenn Ihnen die Umwelt am Herzen liegt, wenn Sie sich f\u00fcr eine florierende lokale Gemeinschaft einsetzen und dar\u00fcber nachdenken, wie Sie zum Wohlergehen anderer beitragen k\u00f6nnen, dann sind Sie Teil der Marke. Home of Wellbeing bist auch DU.<\/p>\n<p><em><strong>Gemeinsam k\u00f6nnen wir etwas bewirken.<br \/>\n<\/strong><\/em><\/p>\n<p>&nbsp;<\/p>\n<\/div>\r\n                    <\/div>\r\n                <\/div>\r\n            <\/div> \r\n        <\/div>\r\n\r\n   <\/div>\r\n<img decoding=\"async\" class=\"lotus-bottom\" src=\"https:\/\/wellbeingtourism.com\/app\/themes\/wellbeing\/images\/Lotus.png\">\r\n<\/div>\n\n\n<div style=\"height:100px\" aria-hidden=\"true\" class=\"wp-block-spacer\"><\/div>\n\n\n<div class=\"wp-bootstrap-blocks-container container mb-2\">\n\t\n\n<div style=\"height:30px\" aria-hidden=\"true\" class=\"wp-block-spacer\"><\/div>\n\n\n\n<h4 class=\"wp-block-heading\" id=\"wohlfuhlunternehmen-und-gastgeber-in\">Wohlf\u00fchlunternehmen und &#8211; Gastgeber*in<\/h4>\n\n\n\n<h5 class=\"wp-block-heading\" id=\"wohlfuhltourismusunternehmen-sind-diejenigen-die-darauf-abzielen-ihre-aktivitaten-im-einklang-mit-den-beteiligten-akteuren-und-mit-rucksicht-auf-die-naturliche-umwelt-durchzufuhren-wohlfuhlunternehmen-sind-ehrlich-in-ihrer-tatigkeit-sind-sich-bewusst-wie-sich-ihre-aktivitaten-auf-die-community-und-die-naturliche-umwelt-auswirken-sowie-auf-die-hauptanliegen-der-gesellschaft-in-der-sie-tatig-sind-und-kummern-sich-sowohl-um-gaste-als-auch-um-mitarbeiter-wahrend-sie-eine-freundliche-und-frohliche-einstellung-bewahren\">Wohlf\u00fchltourismusunternehmen sind diejenigen, die darauf abzielen, ihre Aktivit\u00e4ten im Einklang mit den beteiligten Akteuren und mit R\u00fccksicht auf die nat\u00fcrliche Umwelt durchzuf\u00fchren. Wohlf\u00fchlunternehmen sind ehrlich in ihrer T\u00e4tigkeit, sind sich bewusst, wie sich ihre Aktivit\u00e4ten auf die Community und die nat\u00fcrliche Umwelt auswirken, sowie auf die Hauptanliegen der Gesellschaft, in der sie t\u00e4tig sind, und k\u00fcmmern sich sowohl um G\u00e4ste als auch um Mitarbeiter, w\u00e4hrend sie eine freundliche und fr\u00f6hliche Einstellung bewahren.&nbsp;<\/h5>\n\n\n\n<div style=\"height:33px\" aria-hidden=\"true\" class=\"wp-block-spacer\"><\/div>\n\n\n\n<h4 class=\"wp-block-heading\" id=\"mehr-lernen-reise-antreten\">Mehr lernen &#8211; Reise antreten<\/h4>\n\n\n\n<h5 class=\"wp-block-heading\" id=\"lesen-sie-unsere-broschuren-sehen-sie-sich-unsere-filme-an-und-finden-sie-tipps-und-lernkarten-um-ihr-geschaft-und-ihr-wissen-auszubauen-bauen-sie-ihre-fahigkeiten-aus-und-fuhren-sie-innovationen-und-anderungen-durch-oder-nehmen-sie-einfach-anpassungen-und-verbesserungen-vor\">Lesen Sie unsere Brosch\u00fcren, sehen Sie sich unsere Filme an und finden Sie Tipps und Lernkarten, um Ihr Gesch\u00e4ft und Ihr Wissen auszubauen. Bauen Sie Ihre F\u00e4higkeiten aus und f\u00fchren Sie Innovationen und \u00c4nderungen durch oder nehmen Sie einfach Anpassungen und Verbesserungen vor.<\/h5>\n\n\n\n<div style=\"height:25px\" aria-hidden=\"true\" class=\"wp-block-spacer\"><\/div>\n\n\n\n<h4 class=\"wp-block-heading\" id=\"die-wichtigkeit-wissen-zu-teilen\">Die Wichtigkeit, Wissen zu teilen<\/h4>\n\n\n\n<h5 class=\"wp-block-heading\" id=\"arbeiten-sie-zusammen-und-bauen-sie-kollektives-wissen-auf-wachsen-sie-zusammen-indem-sie-teilen-und-von-anderen-lernen-teilen-sie-also-in-sozialen-medien-in-ihren-lokalen-netzwerken-unter-ihren-lieferanten-und-mit-ihren-gasten-und-mitarbeitern\">Arbeiten Sie zusammen und bauen Sie kollektives Wissen auf. Wachsen Sie zusammen, indem Sie teilen und von anderen lernen. Teilen Sie also in sozialen Medien, in Ihren lokalen Netzwerken, unter Ihren Lieferanten und mit Ihren G\u00e4sten und Mitarbeitern.<\/h5>\n\n<\/div>\n","protected":false},"excerpt":{"rendered":"","protected":false},"author":1,"featured_media":0,"parent":0,"menu_order":253,"comment_status":"closed","ping_status":"closed","template":"template-wellbeing-company.php","meta":{"_acf_changed":false,"footnotes":""},"class_list":["post-24638","page","type-page","status-publish","hentry"],"acf":[],"yoast_head":"<!-- This site is optimized with the Yoast SEO plugin v27.1.1 - https:\/\/yoast.com\/product\/yoast-seo-wordpress\/ -->\n<title>F\u00fcr Wohlf\u00fchl-Gastgeber*in - Wellbeing<\/title>\n<meta name=\"robots\" content=\"index, follow, max-snippet:-1, max-image-preview:large, max-video-preview:-1\" \/>\n<link rel=\"canonical\" href=\"https:\/\/wellbeingtourism.com\/de\/for-wellbeing-hosts\/\" \/>\n<meta property=\"og:locale\" content=\"de_DE\" \/>\n<meta property=\"og:type\" content=\"article\" \/>\n<meta property=\"og:title\" content=\"F\u00fcr Wohlf\u00fchl-Gastgeber*in - Wellbeing\" \/>\n<meta property=\"og:url\" content=\"https:\/\/wellbeingtourism.com\/de\/for-wellbeing-hosts\/\" \/>\n<meta property=\"og:site_name\" content=\"Wellbeing\" \/>\n<meta property=\"article:modified_time\" content=\"2022-12-14T13:26:29+00:00\" \/>\n<meta name=\"twitter:card\" content=\"summary_large_image\" \/>\n<meta name=\"twitter:label1\" content=\"Est. reading time\" \/>\n\t<meta name=\"twitter:data1\" content=\"1 minute\" \/>\n<script type=\"application\/ld+json\" class=\"yoast-schema-graph\">{\"@context\":\"https:\/\/schema.org\",\"@graph\":[{\"@type\":\"WebPage\",\"@id\":\"https:\/\/wellbeingtourism.com\/de\/for-wellbeing-hosts\/\",\"url\":\"https:\/\/wellbeingtourism.com\/de\/for-wellbeing-hosts\/\",\"name\":\"F\u00fcr Wohlf\u00fchl-Gastgeber*in - Wellbeing\",\"isPartOf\":{\"@id\":\"https:\/\/wellbeingtourism.com\/#website\"},\"datePublished\":\"2022-03-17T11:10:36+00:00\",\"dateModified\":\"2022-12-14T13:26:29+00:00\",\"breadcrumb\":{\"@id\":\"https:\/\/wellbeingtourism.com\/de\/for-wellbeing-hosts\/#breadcrumb\"},\"inLanguage\":\"de-DE\",\"potentialAction\":[{\"@type\":\"ReadAction\",\"target\":[\"https:\/\/wellbeingtourism.com\/de\/for-wellbeing-hosts\/\"]}]},{\"@type\":\"BreadcrumbList\",\"@id\":\"https:\/\/wellbeingtourism.com\/de\/for-wellbeing-hosts\/#breadcrumb\",\"itemListElement\":[{\"@type\":\"ListItem\",\"position\":1,\"name\":\"Home\",\"item\":\"https:\/\/wellbeingtourism.com\/de\/\"},{\"@type\":\"ListItem\",\"position\":2,\"name\":\"F\u00fcr Wohlf\u00fchl-Gastgeber*in\"}]},{\"@type\":\"WebSite\",\"@id\":\"https:\/\/wellbeingtourism.com\/#website\",\"url\":\"https:\/\/wellbeingtourism.com\/\",\"name\":\"Wellbeing\",\"description\":\"Discover our places &amp; hosts\",\"potentialAction\":[{\"@type\":\"SearchAction\",\"target\":{\"@type\":\"EntryPoint\",\"urlTemplate\":\"https:\/\/wellbeingtourism.com\/?s={search_term_string}\"},\"query-input\":{\"@type\":\"PropertyValueSpecification\",\"valueRequired\":true,\"valueName\":\"search_term_string\"}}],\"inLanguage\":\"de-DE\"}]}<\/script>\n<!-- \/ Yoast SEO plugin. -->","yoast_head_json":{"title":"F\u00fcr Wohlf\u00fchl-Gastgeber*in - Wellbeing","robots":{"index":"index","follow":"follow","max-snippet":"max-snippet:-1","max-image-preview":"max-image-preview:large","max-video-preview":"max-video-preview:-1"},"canonical":"https:\/\/wellbeingtourism.com\/de\/for-wellbeing-hosts\/","og_locale":"de_DE","og_type":"article","og_title":"F\u00fcr Wohlf\u00fchl-Gastgeber*in - Wellbeing","og_url":"https:\/\/wellbeingtourism.com\/de\/for-wellbeing-hosts\/","og_site_name":"Wellbeing","article_modified_time":"2022-12-14T13:26:29+00:00","twitter_card":"summary_large_image","twitter_misc":{"Est. reading time":"1 minute"},"schema":{"@context":"https:\/\/schema.org","@graph":[{"@type":"WebPage","@id":"https:\/\/wellbeingtourism.com\/de\/for-wellbeing-hosts\/","url":"https:\/\/wellbeingtourism.com\/de\/for-wellbeing-hosts\/","name":"F\u00fcr Wohlf\u00fchl-Gastgeber*in - Wellbeing","isPartOf":{"@id":"https:\/\/wellbeingtourism.com\/#website"},"datePublished":"2022-03-17T11:10:36+00:00","dateModified":"2022-12-14T13:26:29+00:00","breadcrumb":{"@id":"https:\/\/wellbeingtourism.com\/de\/for-wellbeing-hosts\/#breadcrumb"},"inLanguage":"de-DE","potentialAction":[{"@type":"ReadAction","target":["https:\/\/wellbeingtourism.com\/de\/for-wellbeing-hosts\/"]}]},{"@type":"BreadcrumbList","@id":"https:\/\/wellbeingtourism.com\/de\/for-wellbeing-hosts\/#breadcrumb","itemListElement":[{"@type":"ListItem","position":1,"name":"Home","item":"https:\/\/wellbeingtourism.com\/de\/"},{"@type":"ListItem","position":2,"name":"F\u00fcr Wohlf\u00fchl-Gastgeber*in"}]},{"@type":"WebSite","@id":"https:\/\/wellbeingtourism.com\/#website","url":"https:\/\/wellbeingtourism.com\/","name":"Wellbeing","description":"Discover our places &amp; hosts","potentialAction":[{"@type":"SearchAction","target":{"@type":"EntryPoint","urlTemplate":"https:\/\/wellbeingtourism.com\/?s={search_term_string}"},"query-input":{"@type":"PropertyValueSpecification","valueRequired":true,"valueName":"search_term_string"}}],"inLanguage":"de-DE"}]}},"_links":{"self":[{"href":"https:\/\/wellbeingtourism.com\/de\/wp-json\/wp\/v2\/pages\/24638","targetHints":{"allow":["GET"]}}],"collection":[{"href":"https:\/\/wellbeingtourism.com\/de\/wp-json\/wp\/v2\/pages"}],"about":[{"href":"https:\/\/wellbeingtourism.com\/de\/wp-json\/wp\/v2\/types\/page"}],"author":[{"embeddable":true,"href":"https:\/\/wellbeingtourism.com\/de\/wp-json\/wp\/v2\/users\/1"}],"replies":[{"embeddable":true,"href":"https:\/\/wellbeingtourism.com\/de\/wp-json\/wp\/v2\/comments?post=24638"}],"version-history":[{"count":10,"href":"https:\/\/wellbeingtourism.com\/de\/wp-json\/wp\/v2\/pages\/24638\/revisions"}],"predecessor-version":[{"id":37191,"href":"https:\/\/wellbeingtourism.com\/de\/wp-json\/wp\/v2\/pages\/24638\/revisions\/37191"}],"wp:attachment":[{"href":"https:\/\/wellbeingtourism.com\/de\/wp-json\/wp\/v2\/media?parent=24638"}],"curies":[{"name":"wp","href":"https:\/\/api.w.org\/{rel}","templated":true}]}}