{"id":11630,"date":"2020-12-15T12:29:30","date_gmt":"2020-12-15T12:29:30","guid":{"rendered":"https:\/\/wellbeingtourism.com\/routes\/"},"modified":"2023-07-04T14:15:55","modified_gmt":"2023-07-04T14:15:55","slug":"routes","status":"publish","type":"page","link":"https:\/\/wellbeingtourism.com\/de\/routes\/","title":{"rendered":"Wohlf\u00fchlrouten"},"content":{"rendered":"<div class=\"slide-image-and-text\">\r\n<div class=\"slide-images\">\r\n            <div id=\"slider-topblock_907050b7a10207e44ac19d1b22e64134\" class=\"slider-top\">\r\n            <div class=\"header-image\">\r\n                <img src='https:\/\/wellbeingtourism.com\/app\/uploads\/2020\/12\/image-30-1.png' alt='Slide Image'>                <div class=\"container\">\r\n                    <div class=\"slider-text\">\r\n                        <div class=\"small-text\"><h1>#Wohlf\u00fchlUrlaub<\/h1>\n<p>Der S\u00fcdliche Ostseeraum hat eine wundersch\u00f6ne und gro\u00dfartige Natur sowie ein reiches Kulturerbe, das nur darauf wartet, w\u00e4hrend Ihres n\u00e4chsten Urlaubs, Wochenendes oder Ausflugs erkundet zu werden. Wellbeing tut K\u00f6rper, Geist, Seele, Umwelt, Gesellschaft und Wirtschaft gut \u2013 f\u00fcr Sie und alle anderen auch!<\/p>\n<\/div>\r\n                    <\/div>\r\n                <\/div>\r\n            <\/div> \r\n        <\/div>\r\n\r\n   <\/div>\r\n<img decoding=\"async\" class=\"lotus-bottom\" src=\"https:\/\/wellbeingtourism.com\/app\/themes\/wellbeing\/images\/Lotus.png\">\r\n<\/div>\n\n<div class=\"tours-order\">\r\n    <!-- <img decoding=\"async\" class=\"lotus-top\" src=\"app\/themes\/wellbeing\/images\/Lotus.png\"> -->\r\n            <div class=\"places-title\"><h2>Begeben Sie sich auf eine Wohlf\u00fchl-Tour!<\/h2><\/div>\r\n                <div class=\"places-description\">Entdecken Sie Ihr Wohlf\u00fchlziel. Beim Reisen geht es um Erfahrungen, Erholung, Genuss, das Gef\u00fchl von Harmonie, Gl\u00fcck, Begeisterung. Und w\u00e4hrend man sich dabei wohl f\u00fchlt, kann man auch Gutes tun.<br \/>\r\n<br \/>\r\nRund um die S\u00fcdliche Ostseeregion finden Sie mehrere ausgewiesene Routen, die Ihnen Wohlbefinden f\u00fcr K\u00f6rper, Geist und Seele bringen. Diese Routen sind speziell entworfen und bestehen aus Points of Interest, Unternehmen und anderen sehenswerten Wohlf\u00fchlorten, f\u00fcr die die umgebende Natur und ihre Biodiversit\u00e4t sowie die Menschen und Gemeinden in der N\u00e4he von gro\u00dfer Bedeutung sind.<br \/>\r\n<br \/>\r\nDiese sorgf\u00e4ltig ausgew\u00e4hlten Routen sollen Sie dazu inspirieren, authentische Wohlf\u00fchlangebote m\u00f6glichst nachhaltig zu erleben. Lassen Sie sich von unseren Routen beeindrucken, finden Sie Ihren Favoriten und stellen Sie Ihre ganz eigenen Touren zu unseren einladenden Gastgebern und wundersch\u00f6nen Orten zusammen.<\/div>\r\n            <div class=\"container\">\r\n        \r\n            <div class=\"row\">\r\n                                                                                 \r\n                            <div class=\"col-md-6 p-2\">\r\n                                                        <div class=\"places-holder-post\">\r\n                                    <a class=\"show-hover-excerpt\" href=\"https:\/\/wellbeingtourism.com\/de\/route\/mills-exploration-tour\/\">\r\n                                        <img loading=\"lazy\" decoding=\"async\" width=\"700\" height=\"500\" src=\"https:\/\/wellbeingtourism.com\/app\/uploads\/2021\/04\/IMG_8184-700x500.jpg\" class=\"attachment-home_page_thumb_route size-home_page_thumb_route wp-post-image\" alt=\"\" \/>                                        <div class=\"content-places-holder\">\r\n                                                                                            <h3>M\u00fchlen-Entdecker-Route<\/h3>\r\n                                                                                                                                    <p class=\"display-hover\">\r\n                                                <span class=\"show-excerpt\">Route: Die M\u00fchlen-Entdeckertour- entdecken Sie die Vielfalt der M\u00fchlen in der Vogelparkregion Recknitztal.<\/span>\r\n                                            <\/p>\r\n                                                                                        <span class=\"arrow-go-places lnr lnr-chevron-right\"><\/span>\r\n\r\n                                            \r\n                                        <\/div>\r\n                                    <\/a>\r\n                                <\/div>\r\n                            <\/div>\r\n                                                                                                     \r\n                            <div class=\"col-md-6 p-2\">\r\n                                                        <div class=\"places-holder-post\">\r\n                                    <a class=\"show-hover-excerpt\" href=\"https:\/\/wellbeingtourism.com\/de\/route\/discovering-the-historic-salt-road\/\">\r\n                                        <img loading=\"lazy\" decoding=\"async\" width=\"700\" height=\"500\" src=\"https:\/\/wellbeingtourism.com\/app\/uploads\/2021\/11\/IMG_7826-700x500.jpg\" class=\"attachment-home_page_thumb_route size-home_page_thumb_route wp-post-image\" alt=\"\" \/>                                        <div class=\"content-places-holder\">\r\n                                                                                            <h3>Die historische Salzstra\u00dfe<\/h3>\r\n                                                                                                                                    <p class=\"display-hover\">\r\n                                                <span class=\"show-excerpt\">Die Route: Entdecken Sie die historische Salzstra\u00dfe in der Vogelparkregion Recknitztal.<\/span>\r\n                                            <\/p>\r\n                                                                                        <span class=\"arrow-go-places lnr lnr-chevron-right\"><\/span>\r\n\r\n                                            \r\n                                        <\/div>\r\n                                    <\/a>\r\n                                <\/div>\r\n                            <\/div>\r\n                                                                                                     \r\n                            <div class=\"col-md-6 p-2\">\r\n                                                        <div class=\"places-holder-post\">\r\n                                    <a class=\"show-hover-excerpt\" href=\"https:\/\/wellbeingtourism.com\/de\/route\/sustainable-tour-in-gdansk\/\">\r\n                                        <img loading=\"lazy\" decoding=\"async\" width=\"700\" height=\"500\" src=\"https:\/\/wellbeingtourism.com\/app\/uploads\/2021\/11\/pexels-julia-volk-5273641-700x500.jpg\" class=\"attachment-home_page_thumb_route size-home_page_thumb_route wp-post-image\" alt=\"\" \/>                                        <div class=\"content-places-holder\">\r\n                                                                                            <h3>Zr\u00f3wnowa\u017cona wycieczka po Gda\u0144sku<\/h3>\r\n                                                                                                                                    <p class=\"display-hover\">\r\n                                                <span class=\"show-excerpt\">Route: Machen Sie eine nachhaltige Tour in Danzig, der Hauptstadt der Woiwodschaft.<\/span>\r\n                                            <\/p>\r\n                                                                                        <span class=\"arrow-go-places lnr lnr-chevron-right\"><\/span>\r\n\r\n                                            \r\n                                        <\/div>\r\n                                    <\/a>\r\n                                <\/div>\r\n                            <\/div>\r\n                                                                                                     \r\n                            <div class=\"col-md-6 p-2\">\r\n                                                        <div class=\"places-holder-post\">\r\n                                    <a class=\"show-hover-excerpt\" href=\"https:\/\/wellbeingtourism.com\/de\/route\/seaside-wellbeing-rendezvous-in-the-lithuanian-winter\/\">\r\n                                        <img loading=\"lazy\" decoding=\"async\" width=\"700\" height=\"500\" src=\"https:\/\/wellbeingtourism.com\/app\/uploads\/2021\/11\/maudynes-sniege-700x500.webp\" class=\"attachment-home_page_thumb_route size-home_page_thumb_route wp-post-image\" alt=\"\" \/>                                        <div class=\"content-places-holder\">\r\n                                                                                            <h3>Darniojo sveikatingumo pasimatymai paj\u016bryje lietuvi\u0161k\u0105j\u0105 \u017eiem\u0105<\/h3>\r\n                                                                                                                                    <p class=\"display-hover\">\r\n                                                <span class=\"show-excerpt\">Route: Die Wintersaison an der litauischen K\u00fcste bietet wunderbare M\u00f6glichkeiten zum Wohlf\u00fchlen.<\/span>\r\n                                            <\/p>\r\n                                                                                        <span class=\"arrow-go-places lnr lnr-chevron-right\"><\/span>\r\n\r\n                                            \r\n                                        <\/div>\r\n                                    <\/a>\r\n                                <\/div>\r\n                            <\/div>\r\n                                                                                                     \r\n                            <div class=\"col-md-6 p-2\">\r\n                                                        <div class=\"places-holder-post\">\r\n                                    <a class=\"show-hover-excerpt\" href=\"https:\/\/wellbeingtourism.com\/de\/route\/wellbeing-experiences-of-the-lithuanian-indian-summer\/\">\r\n                                        <img loading=\"lazy\" decoding=\"async\" width=\"700\" height=\"500\" src=\"https:\/\/wellbeingtourism.com\/app\/uploads\/2021\/11\/Neringos-papludimiai-rudeni-2-700x500.jpg\" class=\"attachment-home_page_thumb_route size-home_page_thumb_route wp-post-image\" alt=\"\" \/>                                        <div class=\"content-places-holder\">\r\n                                                                                            <h3>Darniojo sveikatingumo potyriai lietuvi\u0161k\u0105j\u012f auksin\u012f paj\u016brio ruden\u012f<\/h3>\r\n                                                                                                                                    <p class=\"display-hover\">\r\n                                                <span class=\"show-excerpt\">Route: Wohlf\u00fchlerlebnisse im litauischen Indian Summer.<\/span>\r\n                                            <\/p>\r\n                                                                                        <span class=\"arrow-go-places lnr lnr-chevron-right\"><\/span>\r\n\r\n                                            \r\n                                        <\/div>\r\n                                    <\/a>\r\n                                <\/div>\r\n                            <\/div>\r\n                                                                                                     \r\n                            <div class=\"col-md-6 p-2\">\r\n                                                        <div class=\"places-holder-post\">\r\n                                    <a class=\"show-hover-excerpt\" href=\"https:\/\/wellbeingtourism.com\/de\/route\/ett-wellbeing-aventyr-upptack-sodra-oland\/\">\r\n                                        <img loading=\"lazy\" decoding=\"async\" width=\"700\" height=\"500\" src=\"https:\/\/wellbeingtourism.com\/app\/uploads\/2021\/12\/Olandruttbild-700x500.jpg\" class=\"attachment-home_page_thumb_route size-home_page_thumb_route wp-post-image\" alt=\"\u00d6lands turismorganisation\" \/>                                        <div class=\"content-places-holder\">\r\n                                                                                            <h3>Ett wellbeing \u00e4ventyr &#8211; uppt\u00e4ck S\u00f6dra \u00d6land<\/h3>\r\n                                                                                                                                    <p class=\"display-hover\">\r\n                                                <span class=\"show-excerpt\">Ein Abenteuer zum Wohlf\u00fchlen &#8211; entdecken Sie Orte und Landschaften in S\u00fcd-\u00d6land<\/span>\r\n                                            <\/p>\r\n                                                                                        <span class=\"arrow-go-places lnr lnr-chevron-right\"><\/span>\r\n\r\n                                            \r\n                                        <\/div>\r\n                                    <\/a>\r\n                                <\/div>\r\n                            <\/div>\r\n                                                                                                     \r\n                            <div class=\"col-md-6 p-2\">\r\n                                                        <div class=\"places-holder-post\">\r\n                                    <a class=\"show-hover-excerpt\" href=\"https:\/\/wellbeingtourism.com\/de\/route\/beauty-of-nature\/\">\r\n                                        <img loading=\"lazy\" decoding=\"async\" width=\"700\" height=\"500\" src=\"https:\/\/wellbeingtourism.com\/app\/uploads\/2021\/11\/Depositphotos_7705845_XL-700x500.jpg\" class=\"attachment-home_page_thumb_route size-home_page_thumb_route wp-post-image\" alt=\"\" \/>                                        <div class=\"content-places-holder\">\r\n                                                                                            <h3>Pi\u0119kno przyrody<\/h3>\r\n                                                                                                                                    <p class=\"display-hover\">\r\n                                                <span class=\"show-excerpt\">Route: Str\u00e4nde, Natur und multikulturelle Sch\u00e4tze auf der Insel Sobieszewo und rund um die Vistula Lagoon.\r\n<\/span>\r\n                                            <\/p>\r\n                                                                                        <span class=\"arrow-go-places lnr lnr-chevron-right\"><\/span>\r\n\r\n                                            \r\n                                        <\/div>\r\n                                    <\/a>\r\n                                <\/div>\r\n                            <\/div>\r\n                                                                                                     \r\n                            <div class=\"col-md-6 p-2\">\r\n                                                        <div class=\"places-holder-post\">\r\n                                    <a class=\"show-hover-excerpt\" href=\"https:\/\/wellbeingtourism.com\/de\/route\/kashubian\/\">\r\n                                        <img loading=\"lazy\" decoding=\"async\" width=\"700\" height=\"500\" src=\"https:\/\/wellbeingtourism.com\/app\/uploads\/2021\/11\/DSC01156-700x500.jpg\" class=\"attachment-home_page_thumb_route size-home_page_thumb_route wp-post-image\" alt=\"\" \/>                                        <div class=\"content-places-holder\">\r\n                                                                                            <h3>Kaszubski spok\u00f3j<\/h3>\r\n                                                                                                                                    <p class=\"display-hover\">\r\n                                                <span class=\"show-excerpt\">Route: Die kaschubische Route der Gelassenheit &#8211; lassen Sie sich von der charakteristischen Landschaft und der au\u00dfergew\u00f6hnlichen Sch\u00f6nheit verzaubern.<\/span>\r\n                                            <\/p>\r\n                                                                                        <span class=\"arrow-go-places lnr lnr-chevron-right\"><\/span>\r\n\r\n                                            \r\n                                        <\/div>\r\n                                    <\/a>\r\n                                <\/div>\r\n                            <\/div>\r\n                                                                                                     \r\n                            <div class=\"col-md-6 p-2\">\r\n                                                        <div class=\"places-holder-post\">\r\n                                    <a class=\"show-hover-excerpt\" href=\"https:\/\/wellbeingtourism.com\/de\/route\/wellbeing-i-naturen\/\">\r\n                                        <img loading=\"lazy\" decoding=\"async\" width=\"700\" height=\"500\" src=\"https:\/\/wellbeingtourism.com\/app\/uploads\/2020\/12\/ADayAtALake_Swe_PP7_JoannaKohnen2019-07-20-7-700x500.jpg\" class=\"attachment-home_page_thumb_route size-home_page_thumb_route wp-post-image\" alt=\"\" \/>                                        <div class=\"content-places-holder\">\r\n                                                                                            <h3>Wellbeingrutt f\u00f6r sinne, kropp och sj\u00e4l.<\/h3>\r\n                                                                                                                                    <p class=\"display-hover\">\r\n                                                <span class=\"show-excerpt\">Route: Erleben Sie \u00fcppige W\u00e4lder und atemberaubende K\u00fcstenlandschaften auf eigene Faust oder zusammen mit unseren aufmerksamen Wellness-Gastgebern. <\/span>\r\n                                            <\/p>\r\n                                                                                        <span class=\"arrow-go-places lnr lnr-chevron-right\"><\/span>\r\n\r\n                                            \r\n                                        <\/div>\r\n                                    <\/a>\r\n                                <\/div>\r\n                            <\/div>\r\n                                                                                                     \r\n                            <div class=\"col-md-6 p-2\">\r\n                                                        <div class=\"places-holder-post\">\r\n                                    <a class=\"show-hover-excerpt\" href=\"https:\/\/wellbeingtourism.com\/de\/route\/ostseekuesten-wohlfuehl-route\/\">\r\n                                        <img loading=\"lazy\" decoding=\"async\" width=\"700\" height=\"500\" src=\"https:\/\/wellbeingtourism.com\/app\/uploads\/2021\/11\/Jonines-Nidoje-2021-11-1-700x500.jpg\" class=\"attachment-home_page_thumb_route size-home_page_thumb_route wp-post-image\" alt=\"\" \/>                                        <div class=\"content-places-holder\">\r\n                                                                                            <h3>Darniojo sveikatingumo turizmo mar\u0161rutas Baltijos paj\u016bryje ir Kur\u0161i\u0173 pamaryje<\/h3>\r\n                                                                                                                                    <p class=\"display-hover\">\r\n                                                <span class=\"show-excerpt\">Route: Finden Sie Ihren inneren Einklang entlang der Wohlf\u00fchlroute an der Ostseek\u00fcste.<\/span>\r\n                                            <\/p>\r\n                                                                                        <span class=\"arrow-go-places lnr lnr-chevron-right\"><\/span>\r\n\r\n                                            \r\n                                        <\/div>\r\n                                    <\/a>\r\n                                <\/div>\r\n                            <\/div>\r\n                                                <\/div>\r\n                            <a class=\"classic-url-forest-blue\" href=\"\/de\/discover-places?_sft_routes=peace-of-mind-de,sustainable-idealist-de,curious-explores-de\" target=\"_self\">Orte entdecken<\/a>\r\n                \r\n    <\/div>\r\n<\/div>\r\n","protected":false},"excerpt":{"rendered":"","protected":false},"author":1,"featured_media":0,"parent":0,"menu_order":190,"comment_status":"closed","ping_status":"closed","template":"","meta":{"_acf_changed":false,"footnotes":""},"class_list":["post-11630","page","type-page","status-publish","hentry"],"acf":[],"yoast_head":"<!-- This site is optimized with the Yoast SEO plugin v27.1.1 - https:\/\/yoast.com\/product\/yoast-seo-wordpress\/ -->\n<title>Wohlf\u00fchlrouten - Wellbeing<\/title>\n<meta name=\"robots\" content=\"index, follow, max-snippet:-1, max-image-preview:large, max-video-preview:-1\" \/>\n<link rel=\"canonical\" href=\"https:\/\/wellbeingtourism.com\/de\/routes\/\" \/>\n<meta property=\"og:locale\" content=\"de_DE\" \/>\n<meta property=\"og:type\" content=\"article\" \/>\n<meta property=\"og:title\" content=\"Wohlf\u00fchlrouten - Wellbeing\" \/>\n<meta property=\"og:url\" content=\"https:\/\/wellbeingtourism.com\/de\/routes\/\" \/>\n<meta property=\"og:site_name\" content=\"Wellbeing\" \/>\n<meta property=\"article:modified_time\" content=\"2023-07-04T14:15:55+00:00\" \/>\n<meta name=\"twitter:card\" content=\"summary_large_image\" \/>\n<script type=\"application\/ld+json\" class=\"yoast-schema-graph\">{\"@context\":\"https:\/\/schema.org\",\"@graph\":[{\"@type\":\"WebPage\",\"@id\":\"https:\/\/wellbeingtourism.com\/de\/routes\/\",\"url\":\"https:\/\/wellbeingtourism.com\/de\/routes\/\",\"name\":\"Wohlf\u00fchlrouten - Wellbeing\",\"isPartOf\":{\"@id\":\"https:\/\/wellbeingtourism.com\/#website\"},\"datePublished\":\"2020-12-15T12:29:30+00:00\",\"dateModified\":\"2023-07-04T14:15:55+00:00\",\"breadcrumb\":{\"@id\":\"https:\/\/wellbeingtourism.com\/de\/routes\/#breadcrumb\"},\"inLanguage\":\"de-DE\",\"potentialAction\":[{\"@type\":\"ReadAction\",\"target\":[\"https:\/\/wellbeingtourism.com\/de\/routes\/\"]}]},{\"@type\":\"BreadcrumbList\",\"@id\":\"https:\/\/wellbeingtourism.com\/de\/routes\/#breadcrumb\",\"itemListElement\":[{\"@type\":\"ListItem\",\"position\":1,\"name\":\"Home\",\"item\":\"https:\/\/wellbeingtourism.com\/de\/\"},{\"@type\":\"ListItem\",\"position\":2,\"name\":\"Wohlf\u00fchlrouten\"}]},{\"@type\":\"WebSite\",\"@id\":\"https:\/\/wellbeingtourism.com\/#website\",\"url\":\"https:\/\/wellbeingtourism.com\/\",\"name\":\"Wellbeing\",\"description\":\"Discover our places &amp; hosts\",\"potentialAction\":[{\"@type\":\"SearchAction\",\"target\":{\"@type\":\"EntryPoint\",\"urlTemplate\":\"https:\/\/wellbeingtourism.com\/?s={search_term_string}\"},\"query-input\":{\"@type\":\"PropertyValueSpecification\",\"valueRequired\":true,\"valueName\":\"search_term_string\"}}],\"inLanguage\":\"de-DE\"}]}<\/script>\n<!-- \/ Yoast SEO plugin. -->","yoast_head_json":{"title":"Wohlf\u00fchlrouten - Wellbeing","robots":{"index":"index","follow":"follow","max-snippet":"max-snippet:-1","max-image-preview":"max-image-preview:large","max-video-preview":"max-video-preview:-1"},"canonical":"https:\/\/wellbeingtourism.com\/de\/routes\/","og_locale":"de_DE","og_type":"article","og_title":"Wohlf\u00fchlrouten - Wellbeing","og_url":"https:\/\/wellbeingtourism.com\/de\/routes\/","og_site_name":"Wellbeing","article_modified_time":"2023-07-04T14:15:55+00:00","twitter_card":"summary_large_image","schema":{"@context":"https:\/\/schema.org","@graph":[{"@type":"WebPage","@id":"https:\/\/wellbeingtourism.com\/de\/routes\/","url":"https:\/\/wellbeingtourism.com\/de\/routes\/","name":"Wohlf\u00fchlrouten - Wellbeing","isPartOf":{"@id":"https:\/\/wellbeingtourism.com\/#website"},"datePublished":"2020-12-15T12:29:30+00:00","dateModified":"2023-07-04T14:15:55+00:00","breadcrumb":{"@id":"https:\/\/wellbeingtourism.com\/de\/routes\/#breadcrumb"},"inLanguage":"de-DE","potentialAction":[{"@type":"ReadAction","target":["https:\/\/wellbeingtourism.com\/de\/routes\/"]}]},{"@type":"BreadcrumbList","@id":"https:\/\/wellbeingtourism.com\/de\/routes\/#breadcrumb","itemListElement":[{"@type":"ListItem","position":1,"name":"Home","item":"https:\/\/wellbeingtourism.com\/de\/"},{"@type":"ListItem","position":2,"name":"Wohlf\u00fchlrouten"}]},{"@type":"WebSite","@id":"https:\/\/wellbeingtourism.com\/#website","url":"https:\/\/wellbeingtourism.com\/","name":"Wellbeing","description":"Discover our places &amp; hosts","potentialAction":[{"@type":"SearchAction","target":{"@type":"EntryPoint","urlTemplate":"https:\/\/wellbeingtourism.com\/?s={search_term_string}"},"query-input":{"@type":"PropertyValueSpecification","valueRequired":true,"valueName":"search_term_string"}}],"inLanguage":"de-DE"}]}},"_links":{"self":[{"href":"https:\/\/wellbeingtourism.com\/de\/wp-json\/wp\/v2\/pages\/11630","targetHints":{"allow":["GET"]}}],"collection":[{"href":"https:\/\/wellbeingtourism.com\/de\/wp-json\/wp\/v2\/pages"}],"about":[{"href":"https:\/\/wellbeingtourism.com\/de\/wp-json\/wp\/v2\/types\/page"}],"author":[{"embeddable":true,"href":"https:\/\/wellbeingtourism.com\/de\/wp-json\/wp\/v2\/users\/1"}],"replies":[{"embeddable":true,"href":"https:\/\/wellbeingtourism.com\/de\/wp-json\/wp\/v2\/comments?post=11630"}],"version-history":[{"count":32,"href":"https:\/\/wellbeingtourism.com\/de\/wp-json\/wp\/v2\/pages\/11630\/revisions"}],"predecessor-version":[{"id":39765,"href":"https:\/\/wellbeingtourism.com\/de\/wp-json\/wp\/v2\/pages\/11630\/revisions\/39765"}],"wp:attachment":[{"href":"https:\/\/wellbeingtourism.com\/de\/wp-json\/wp\/v2\/media?parent=11630"}],"curies":[{"name":"wp","href":"https:\/\/api.w.org\/{rel}","templated":true}]}}