{"id":11615,"date":"2020-12-15T12:30:09","date_gmt":"2020-12-15T12:30:09","guid":{"rendered":"https:\/\/wellbeingtourism.com\/regions\/"},"modified":"2022-10-04T13:26:12","modified_gmt":"2022-10-04T13:26:12","slug":"regions","status":"publish","type":"page","link":"https:\/\/wellbeingtourism.com\/de\/regions\/","title":{"rendered":"Unsere Regionen"},"content":{"rendered":"<div class=\"slide-image-and-text\">\r\n<div class=\"slide-images\">\r\n            <div id=\"slider-topblock_5fdb513422b6b\" class=\"slider-top\">\r\n            <div class=\"header-image\">\r\n                <img src='https:\/\/wellbeingtourism.com\/app\/uploads\/2020\/12\/image-29-2.png' alt='Slide Image'>                <div class=\"container\">\r\n                    <div class=\"slider-text\">\r\n                        <div class=\"small-text\"><h1>#S\u00fcdlicherOstseeraum<\/h1>\n<p>Der S\u00fcdliche Ostseeraum hat eine wundersch\u00f6ne und gro\u00dfartige Natur sowie ein reiches Kulturerbe, das nur darauf wartet, w\u00e4hrend Ihres n\u00e4chsten Urlaubs, Wochenendes oder Ausflugs erkundet zu werden. Wellbeing tut K\u00f6rper, Geist, Seele, Umwelt, Gesellschaft und Wirtschaft gut \u2013 f\u00fcr Sie und alle anderen auch!<\/p>\n<\/div>\r\n                    <\/div>\r\n                <\/div>\r\n            <\/div> \r\n        <\/div>\r\n\r\n   <\/div>\r\n<img decoding=\"async\" class=\"lotus-bottom\" src=\"https:\/\/wellbeingtourism.com\/app\/themes\/wellbeing\/images\/Lotus.png\">\r\n<\/div>\n\n\n<div class=\"wp-block-group has-background\" style=\"background-color:#f3ece9\"><div class=\"wp-block-group__inner-container is-layout-flow wp-block-group-is-layout-flow\"><div class=\"wp-bootstrap-blocks-container container-fluid mb-0 p-0\">\n\t\n\n<div style=\"height:55px\" aria-hidden=\"true\" class=\"wp-block-spacer\"><\/div>\n\n\n\n<h2 class=\"has-text-align-center wp-block-heading\" id=\"geniessen-sie-unsere-region\">Genie\u00dfen Sie unsere Region<\/h2>\n\n\n<div class=\"wp-bootstrap-blocks-container container mb-2\">\n\t\n\n<p class=\"has-text-align-center col-md-8 mx-auto has-medium-font-size\">Haben Sie schon einmal die sch\u00f6nen Regionen um die S\u00fcdliche Ostsee herum erkundet?<br>Erleben Sie faszinierende Str\u00e4nde, bezaubernde W\u00e4lder, stille Orte, dunkle Himmel mit leuchtenden Sternen \u2013 die Natur und ihre biologische Vielfalt ist magisch. Unsere Wohlf\u00fchl-Gastgeber*innen sind ehrlich, bewusst, f\u00fcrsorglich, freundlich und fr\u00f6hlich und bieten Ihnen einen einladenden Aufenthalt und sogar mehr als nur eine gute Nachtruhe. Ihnen werden auch nahrhafte Speisen basierend auf regionaler und \u00f6kologischer Produkte, selbsthergestellter Getr\u00e4nke und handwerklicher Lebensmittel serviert. Genie\u00dfen Sie die saisonalen Sorten, schmecken und riechen Sie die k\u00f6stlichen Aromen aus der einzigartigen K\u00fcche jeder Region.<\/p>\n\n\n\n<div style=\"height:13px\" aria-hidden=\"true\" class=\"wp-block-spacer\"><\/div>\n\n\n\n<blockquote class=\"wp-block-quote has-text-align-center is-style-large is-layout-flow wp-block-quote-is-layout-flow\"><p><em><em><em><em>Beim Reisen geht es um Erlebnisse, Erholung, Genuss, sich in Balance und Harmonie f\u00fchlen,<\/em><\/em><\/em><\/em><br><em><em> <em><em>Freude, Spannung und w\u00e4hrend Sie sich gut f\u00fchlen, k\u00f6nnen Sie auch Gutes tun.<\/em><\/em><\/em><\/em><\/p><p><\/p><\/blockquote>\n\n\n\n<div style=\"height:2px\" aria-hidden=\"true\" class=\"wp-block-spacer\"><\/div>\n\n\n\n<hr class=\"wp-block-separator has-text-color has-background has-luminous-vivid-orange-background-color has-luminous-vivid-orange-color\"\/>\n\n\n\n<p><\/p>\n\n\n\n<div style=\"height:35px\" aria-hidden=\"true\" class=\"wp-block-spacer\"><\/div>\n\n\n\n<h4 class=\"has-text-align-center wp-block-heading\" id=\"haben-sie-das-gewusst\">Haben Sie das gewusst?<\/h4>\n\n\n\n<h5 class=\"has-text-align-center wp-block-heading\" id=\"der-ostseeraum-besteht-aus-schweden-danemark-finnland-litauen-lettland-und-estland-sowie-die-kustengebiete-russlands-deutschlands-und-polens-der-sudliche-ostseeraum-besteht-aus-ausgewahlten-kustenteilen-von-schweden-danemark-litauen-deutschland-und-polen\">Der <strong>Ostseeraum<\/strong> besteht aus Schweden, D\u00e4nemark, Finnland, Litauen, Lettland,<br>und Estland sowie die K\u00fcstengebiete Russlands, Deutschlands und Polens.<br>Der <strong>S\u00fcdliche Ostseeraum<\/strong> besteht aus ausgew\u00e4hlten K\u00fcstenteilen von Schweden, D\u00e4nemark, Litauen, Deutschland und Polen.<\/h5>\n\n\n\n<div style=\"height:26px\" aria-hidden=\"true\" class=\"wp-block-spacer\"><\/div>\n\n\n\n<p><\/p>\n\n<\/div>\n\n\n\n<div style=\"height:12px\" aria-hidden=\"true\" class=\"wp-block-spacer\"><\/div>\n\n\n\n<div class=\"wp-block-group has-background\" style=\"background-color:#c1c7c4\"><div class=\"wp-block-group__inner-container is-layout-flow wp-block-group-is-layout-flow\"><div class=\"wp-bootstrap-blocks-row row g-0\">\n\t\n\n<div class=\"col-12 col-md-6 large-padding align-col-center\">\n\t\t\t<div class=\"p-3\">\n\t\t\t\n\n<h3 class=\"wp-block-heading\" id=\"schweden\">Schweden<\/h3>\n\n\n\n<p style=\"font-size:22px\">Landkreis Kalmar ist ein #homeofwellbeing. Hier finden Sie UNESCO-Welterbest\u00e4tten, fantastische Str\u00e4nde, wundersch\u00f6ne Landschaften, Wildtiere, Stille, Harmonie, Sonnenunterg\u00e4nge, Outdoor-Aktivit\u00e4ten, Kunst \u2013 und Sie werden #sichselbstfinden!<\/p>\n\n\n\n<div class=\"wp-block-buttons is-layout-flex wp-block-buttons-is-layout-flex\">\n<div class=\"wp-block-button\"><a class=\"wp-block-button__link has-white-color has-text-color has-background\" href=\"https:\/\/wellbeingtourism.com\/de\/country\/sweden\/\" style=\"background-color:#dc6016\">Orte entdecken<\/a><\/div>\n<\/div>\n\n\t\t<\/div>\n\t<\/div>\n\n\n\n<div class=\"col-12 col-md-6\">\n\t\t\t\n\n<figure class=\"wp-block-image size-full is-style-default\"><img loading=\"lazy\" decoding=\"async\" width=\"720\" height=\"462\" src=\"http:\/\/wellbeingtourism.com\/app\/uploads\/2021\/12\/Smaland-1.jpg\" alt=\"\" class=\"wp-image-6503\" srcset=\"https:\/\/wellbeingtourism.com\/app\/uploads\/2021\/12\/Smaland-1.jpg 720w, https:\/\/wellbeingtourism.com\/app\/uploads\/2021\/12\/Smaland-1-300x193.jpg 300w\" sizes=\"auto, (max-width: 720px) 100vw, 720px\" \/><\/figure>\n\n\t<\/div>\n\n<\/div>\n<\/div><\/div>\n\n\n\n<div style=\"height:10px\" aria-hidden=\"true\" class=\"wp-block-spacer\"><\/div>\n\n\n\n<div class=\"wp-block-group has-background\" style=\"background-color:#e2dad8\"><div class=\"wp-block-group__inner-container is-layout-flow wp-block-group-is-layout-flow\"><div class=\"wp-bootstrap-blocks-row row g-0\">\n\t\n\n<div class=\"col-12 col-md-6 large-padding align-col-center\">\n\t\t\t<div class=\"p-3\">\n\t\t\t\n\n<h3 class=\"wp-block-heading\" id=\"danemark\">D\u00e4nemark<\/h3>\n\n\n\n<p style=\"font-size:22px\">Die Region Zealand besteht nur aus Inseln und hat 1.860 km unber\u00fchrte K\u00fcste und eine bezaubernde Landschaft. Hier k\u00f6nnen Sie eine F\u00fclle hochwertiger Angebote erleben oder einfach nur ein ruhiger Ort finden, Wo Sie sich entspannen k\u00f6nnen, die Aussicht genie\u00dfen und die frische Luft einatmen.<\/p>\n\n\n\n<div class=\"wp-block-buttons is-layout-flex wp-block-buttons-is-layout-flex\">\n<div class=\"wp-block-button\"><a class=\"wp-block-button__link has-white-color has-text-color has-background\" href=\"https:\/\/wellbeingtourism.com\/de\/country\/denmark\/\" style=\"background-color:#dc6016\">Orte entdecken<\/a><\/div>\n<\/div>\n\n\t\t<\/div>\n\t<\/div>\n\n\n\n<div class=\"col-12 col-md-6\">\n\t\t\t\n\n<figure class=\"wp-block-image size-full\"><img loading=\"lazy\" decoding=\"async\" width=\"2508\" height=\"1672\" src=\"https:\/\/wellbeingtourism.com\/app\/uploads\/2021\/12\/DK_sunset-bikes-Panorama-Stege-3_4MP.jpg\" alt=\"\" class=\"wp-image-7801\" srcset=\"https:\/\/wellbeingtourism.com\/app\/uploads\/2021\/12\/DK_sunset-bikes-Panorama-Stege-3_4MP.jpg 2508w, https:\/\/wellbeingtourism.com\/app\/uploads\/2021\/12\/DK_sunset-bikes-Panorama-Stege-3_4MP-300x200.jpg 300w, https:\/\/wellbeingtourism.com\/app\/uploads\/2021\/12\/DK_sunset-bikes-Panorama-Stege-3_4MP-1024x683.jpg 1024w, https:\/\/wellbeingtourism.com\/app\/uploads\/2021\/12\/DK_sunset-bikes-Panorama-Stege-3_4MP-768x512.jpg 768w, https:\/\/wellbeingtourism.com\/app\/uploads\/2021\/12\/DK_sunset-bikes-Panorama-Stege-3_4MP-1536x1024.jpg 1536w, https:\/\/wellbeingtourism.com\/app\/uploads\/2021\/12\/DK_sunset-bikes-Panorama-Stege-3_4MP-2048x1365.jpg 2048w\" sizes=\"auto, (max-width: 2508px) 100vw, 2508px\" \/><\/figure>\n\n\t<\/div>\n\n<\/div>\n<\/div><\/div>\n\n\n\n<div style=\"height:10px\" aria-hidden=\"true\" class=\"wp-block-spacer\"><\/div>\n\n\n\n<div class=\"wp-block-group has-background\" style=\"background-color:#d5c4be\"><div class=\"wp-block-group__inner-container is-layout-flow wp-block-group-is-layout-flow\"><div class=\"wp-bootstrap-blocks-row row g-0\">\n\t\n\n<div class=\"col-12 col-md-6 large-padding align-col-center\">\n\t\t\t<div class=\"p-3\">\n\t\t\t\n\n<h3 class=\"wp-block-heading\" id=\"polen\">Polen<\/h3>\n\n\n\n<p style=\"font-size:22px\">Die polnische K\u00fcste l\u00e4dt Sie in das Home of #Wellbeing der Ostsee ein. Unber\u00fchrte Natur, wundersch\u00f6ne Landschaften, einzigartige K\u00fcche, hochwertige Dienstleistungen und unvergessliche Erlebnisse sind alles, was Sie zum Entspannen brauchen. Lassen Sie es sich gut gehen!<\/p>\n\n\n\n<div class=\"wp-block-buttons is-layout-flex wp-block-buttons-is-layout-flex\">\n<div class=\"wp-block-button\"><a class=\"wp-block-button__link has-white-color has-text-color has-background\" href=\"https:\/\/wellbeingtourism.com\/de\/country\/poland\/\" style=\"background-color:#dc6016\">Orte entdecken<\/a><\/div>\n<\/div>\n\n\t\t<\/div>\n\t<\/div>\n\n\n\n<div class=\"col-12 col-md-6\">\n\t\t\t\n\n<figure class=\"wp-block-image size-full\"><img loading=\"lazy\" decoding=\"async\" width=\"720\" height=\"462\" src=\"https:\/\/wellbeingtourism.com\/app\/uploads\/2021\/04\/Region-poland.jpg\" alt=\"Poland\" class=\"wp-image-2121\" srcset=\"https:\/\/wellbeingtourism.com\/app\/uploads\/2021\/04\/Region-poland.jpg 720w, https:\/\/wellbeingtourism.com\/app\/uploads\/2021\/04\/Region-poland-300x193.jpg 300w\" sizes=\"auto, (max-width: 720px) 100vw, 720px\" \/><\/figure>\n\n\n\n<p><\/p>\n\n\t<\/div>\n\n<\/div>\n<\/div><\/div>\n\n\n\n<div style=\"height:10px\" aria-hidden=\"true\" class=\"wp-block-spacer\"><\/div>\n\n\n\n<div class=\"wp-block-group has-background\" style=\"background-color:#f9e9cc\"><div class=\"wp-block-group__inner-container is-layout-flow wp-block-group-is-layout-flow\"><div class=\"wp-bootstrap-blocks-row row g-0\">\n\t\n\n<div class=\"col-12 col-md-6 large-padding align-col-center\">\n\t\t\t<div class=\"p-3\">\n\t\t\t\n\n<h3 class=\"wp-block-heading\" id=\"deutschland\">Deutschland<\/h3>\n\n\n\n<p style=\"font-size:22px\">Die Vogelparkregion Recknitztal l\u00e4dt Sie zu abwechslungsreichen ruhigen Outdoor-Aktivit\u00e4ten in einer ruhigen und unber\u00fchrten Natur ein. Erholen Sie sich beim Erkunden der alten Gutsh\u00e4user und G\u00e4rten und probieren Sie die regionalen handgemachten Spezialit\u00e4ten im #homeofwellbeing.<\/p>\n\n\n\n<div class=\"wp-block-buttons is-layout-flex wp-block-buttons-is-layout-flex\">\n<div class=\"wp-block-button\"><a class=\"wp-block-button__link has-white-color has-text-color has-background\" href=\"https:\/\/wellbeingtourism.com\/de\/country\/germany\/\" style=\"background-color:#dc6016\">Orte entdecken<\/a><\/div>\n<\/div>\n\n\t\t<\/div>\n\t<\/div>\n\n\n\n<div class=\"col-12 col-md-6\">\n\t\t\t\n\n<figure class=\"wp-block-image size-full\"><img loading=\"lazy\" decoding=\"async\" width=\"980\" height=\"653\" src=\"https:\/\/wellbeingtourism.com\/app\/uploads\/2021\/05\/vogelparkregion-recknitztal-title.jpg\" alt=\"\" class=\"wp-image-2851\" srcset=\"https:\/\/wellbeingtourism.com\/app\/uploads\/2021\/05\/vogelparkregion-recknitztal-title.jpg 980w, https:\/\/wellbeingtourism.com\/app\/uploads\/2021\/05\/vogelparkregion-recknitztal-title-300x200.jpg 300w, https:\/\/wellbeingtourism.com\/app\/uploads\/2021\/05\/vogelparkregion-recknitztal-title-768x512.jpg 768w\" sizes=\"auto, (max-width: 980px) 100vw, 980px\" \/><\/figure>\n\n\n\n<p><\/p>\n\n\t<\/div>\n\n<\/div>\n<\/div><\/div>\n\n\n\n<div style=\"height:10px\" aria-hidden=\"true\" class=\"wp-block-spacer\"><\/div>\n\n\n\n<div class=\"wp-block-group has-background\" style=\"background-color:#d6d2d3\"><div class=\"wp-block-group__inner-container is-layout-flow wp-block-group-is-layout-flow\"><div class=\"wp-bootstrap-blocks-row row g-0\">\n\t\n\n<div class=\"col-12 col-md-6 large-padding align-col-center\">\n\t\t\t<div class=\"p-3\">\n\t\t\t\n\n<h3 class=\"wp-block-heading\" id=\"litauen\">Litauen<\/h3>\n\n\n\n<p style=\"font-size:22px\">Die Wellnesskraft Westlitauens entsteht aus nat\u00fcrlichen Str\u00e4nden, Fl\u00fcssen, Seen, W\u00e4ldern, Parks und wird durch das kulturelle Erbe, freundliche Menschen, eine Vielzahl harmonisierender Aktivit\u00e4ten, Dienstleistungen und Orte gest\u00e4rkt.<\/p>\n\n\n\n<div class=\"wp-block-buttons is-layout-flex wp-block-buttons-is-layout-flex\">\n<div class=\"wp-block-button\"><a class=\"wp-block-button__link has-white-color has-text-color has-background\" href=\"https:\/\/wellbeingtourism.com\/de\/country\/lithuania\/\" style=\"background-color:#dc6016\">Orte entdecken<\/a><\/div>\n<\/div>\n\n\t\t<\/div>\n\t<\/div>\n\n\n\n<div class=\"col-12 col-md-6\">\n\t\t\t\n\n<figure class=\"wp-block-image size-full\"><img loading=\"lazy\" decoding=\"async\" width=\"720\" height=\"462\" src=\"http:\/\/wellbeingtourism.com\/app\/uploads\/2021\/12\/Lt.jpg\" alt=\"\" class=\"wp-image-6508\" srcset=\"https:\/\/wellbeingtourism.com\/app\/uploads\/2021\/12\/Lt.jpg 720w, https:\/\/wellbeingtourism.com\/app\/uploads\/2021\/12\/Lt-300x193.jpg 300w\" sizes=\"auto, (max-width: 720px) 100vw, 720px\" \/><\/figure>\n\n\t<\/div>\n\n<\/div>\n<\/div><\/div>\n\n\n\n<p><\/p>\n\n<\/div>\n<\/div><\/div>\n","protected":false},"excerpt":{"rendered":"","protected":false},"author":1,"featured_media":0,"parent":0,"menu_order":184,"comment_status":"closed","ping_status":"closed","template":"","meta":{"_acf_changed":false,"footnotes":""},"class_list":["post-11615","page","type-page","status-publish","hentry"],"acf":[],"yoast_head":"<!-- This site is optimized with the Yoast SEO plugin v27.1.1 - https:\/\/yoast.com\/product\/yoast-seo-wordpress\/ -->\n<title>Unsere Regionen - Wellbeing<\/title>\n<meta name=\"robots\" content=\"index, follow, max-snippet:-1, max-image-preview:large, max-video-preview:-1\" \/>\n<link rel=\"canonical\" href=\"https:\/\/wellbeingtourism.com\/de\/regions\/\" \/>\n<meta property=\"og:locale\" content=\"de_DE\" \/>\n<meta property=\"og:type\" content=\"article\" \/>\n<meta property=\"og:title\" content=\"Unsere Regionen - Wellbeing\" \/>\n<meta property=\"og:url\" content=\"https:\/\/wellbeingtourism.com\/de\/regions\/\" \/>\n<meta property=\"og:site_name\" content=\"Wellbeing\" \/>\n<meta property=\"article:modified_time\" content=\"2022-10-04T13:26:12+00:00\" \/>\n<meta property=\"og:image\" content=\"http:\/\/wellbeingtourism.com\/app\/uploads\/2021\/12\/Smaland-1.jpg\" \/>\n<meta name=\"twitter:card\" content=\"summary_large_image\" \/>\n<meta name=\"twitter:label1\" content=\"Est. reading time\" \/>\n\t<meta name=\"twitter:data1\" content=\"3 minutes\" \/>\n<script type=\"application\/ld+json\" class=\"yoast-schema-graph\">{\"@context\":\"https:\/\/schema.org\",\"@graph\":[{\"@type\":\"WebPage\",\"@id\":\"https:\/\/wellbeingtourism.com\/de\/regions\/\",\"url\":\"https:\/\/wellbeingtourism.com\/de\/regions\/\",\"name\":\"Unsere Regionen - Wellbeing\",\"isPartOf\":{\"@id\":\"https:\/\/wellbeingtourism.com\/#website\"},\"primaryImageOfPage\":{\"@id\":\"https:\/\/wellbeingtourism.com\/de\/regions\/#primaryimage\"},\"image\":{\"@id\":\"https:\/\/wellbeingtourism.com\/de\/regions\/#primaryimage\"},\"thumbnailUrl\":\"http:\/\/wellbeingtourism.com\/app\/uploads\/2021\/12\/Smaland-1.jpg\",\"datePublished\":\"2020-12-15T12:30:09+00:00\",\"dateModified\":\"2022-10-04T13:26:12+00:00\",\"breadcrumb\":{\"@id\":\"https:\/\/wellbeingtourism.com\/de\/regions\/#breadcrumb\"},\"inLanguage\":\"de-DE\",\"potentialAction\":[{\"@type\":\"ReadAction\",\"target\":[\"https:\/\/wellbeingtourism.com\/de\/regions\/\"]}]},{\"@type\":\"ImageObject\",\"inLanguage\":\"de-DE\",\"@id\":\"https:\/\/wellbeingtourism.com\/de\/regions\/#primaryimage\",\"url\":\"http:\/\/wellbeingtourism.com\/app\/uploads\/2021\/12\/Smaland-1.jpg\",\"contentUrl\":\"http:\/\/wellbeingtourism.com\/app\/uploads\/2021\/12\/Smaland-1.jpg\"},{\"@type\":\"BreadcrumbList\",\"@id\":\"https:\/\/wellbeingtourism.com\/de\/regions\/#breadcrumb\",\"itemListElement\":[{\"@type\":\"ListItem\",\"position\":1,\"name\":\"Home\",\"item\":\"https:\/\/wellbeingtourism.com\/de\/\"},{\"@type\":\"ListItem\",\"position\":2,\"name\":\"Unsere Regionen\"}]},{\"@type\":\"WebSite\",\"@id\":\"https:\/\/wellbeingtourism.com\/#website\",\"url\":\"https:\/\/wellbeingtourism.com\/\",\"name\":\"Wellbeing\",\"description\":\"Discover our places &amp; hosts\",\"potentialAction\":[{\"@type\":\"SearchAction\",\"target\":{\"@type\":\"EntryPoint\",\"urlTemplate\":\"https:\/\/wellbeingtourism.com\/?s={search_term_string}\"},\"query-input\":{\"@type\":\"PropertyValueSpecification\",\"valueRequired\":true,\"valueName\":\"search_term_string\"}}],\"inLanguage\":\"de-DE\"}]}<\/script>\n<!-- \/ Yoast SEO plugin. -->","yoast_head_json":{"title":"Unsere Regionen - Wellbeing","robots":{"index":"index","follow":"follow","max-snippet":"max-snippet:-1","max-image-preview":"max-image-preview:large","max-video-preview":"max-video-preview:-1"},"canonical":"https:\/\/wellbeingtourism.com\/de\/regions\/","og_locale":"de_DE","og_type":"article","og_title":"Unsere Regionen - Wellbeing","og_url":"https:\/\/wellbeingtourism.com\/de\/regions\/","og_site_name":"Wellbeing","article_modified_time":"2022-10-04T13:26:12+00:00","og_image":[{"url":"http:\/\/wellbeingtourism.com\/app\/uploads\/2021\/12\/Smaland-1.jpg","type":"","width":"","height":""}],"twitter_card":"summary_large_image","twitter_misc":{"Est. reading time":"3 minutes"},"schema":{"@context":"https:\/\/schema.org","@graph":[{"@type":"WebPage","@id":"https:\/\/wellbeingtourism.com\/de\/regions\/","url":"https:\/\/wellbeingtourism.com\/de\/regions\/","name":"Unsere Regionen - Wellbeing","isPartOf":{"@id":"https:\/\/wellbeingtourism.com\/#website"},"primaryImageOfPage":{"@id":"https:\/\/wellbeingtourism.com\/de\/regions\/#primaryimage"},"image":{"@id":"https:\/\/wellbeingtourism.com\/de\/regions\/#primaryimage"},"thumbnailUrl":"http:\/\/wellbeingtourism.com\/app\/uploads\/2021\/12\/Smaland-1.jpg","datePublished":"2020-12-15T12:30:09+00:00","dateModified":"2022-10-04T13:26:12+00:00","breadcrumb":{"@id":"https:\/\/wellbeingtourism.com\/de\/regions\/#breadcrumb"},"inLanguage":"de-DE","potentialAction":[{"@type":"ReadAction","target":["https:\/\/wellbeingtourism.com\/de\/regions\/"]}]},{"@type":"ImageObject","inLanguage":"de-DE","@id":"https:\/\/wellbeingtourism.com\/de\/regions\/#primaryimage","url":"http:\/\/wellbeingtourism.com\/app\/uploads\/2021\/12\/Smaland-1.jpg","contentUrl":"http:\/\/wellbeingtourism.com\/app\/uploads\/2021\/12\/Smaland-1.jpg"},{"@type":"BreadcrumbList","@id":"https:\/\/wellbeingtourism.com\/de\/regions\/#breadcrumb","itemListElement":[{"@type":"ListItem","position":1,"name":"Home","item":"https:\/\/wellbeingtourism.com\/de\/"},{"@type":"ListItem","position":2,"name":"Unsere Regionen"}]},{"@type":"WebSite","@id":"https:\/\/wellbeingtourism.com\/#website","url":"https:\/\/wellbeingtourism.com\/","name":"Wellbeing","description":"Discover our places &amp; hosts","potentialAction":[{"@type":"SearchAction","target":{"@type":"EntryPoint","urlTemplate":"https:\/\/wellbeingtourism.com\/?s={search_term_string}"},"query-input":{"@type":"PropertyValueSpecification","valueRequired":true,"valueName":"search_term_string"}}],"inLanguage":"de-DE"}]}},"_links":{"self":[{"href":"https:\/\/wellbeingtourism.com\/de\/wp-json\/wp\/v2\/pages\/11615","targetHints":{"allow":["GET"]}}],"collection":[{"href":"https:\/\/wellbeingtourism.com\/de\/wp-json\/wp\/v2\/pages"}],"about":[{"href":"https:\/\/wellbeingtourism.com\/de\/wp-json\/wp\/v2\/types\/page"}],"author":[{"embeddable":true,"href":"https:\/\/wellbeingtourism.com\/de\/wp-json\/wp\/v2\/users\/1"}],"replies":[{"embeddable":true,"href":"https:\/\/wellbeingtourism.com\/de\/wp-json\/wp\/v2\/comments?post=11615"}],"version-history":[{"count":18,"href":"https:\/\/wellbeingtourism.com\/de\/wp-json\/wp\/v2\/pages\/11615\/revisions"}],"predecessor-version":[{"id":35608,"href":"https:\/\/wellbeingtourism.com\/de\/wp-json\/wp\/v2\/pages\/11615\/revisions\/35608"}],"wp:attachment":[{"href":"https:\/\/wellbeingtourism.com\/de\/wp-json\/wp\/v2\/media?parent=11615"}],"curies":[{"name":"wp","href":"https:\/\/api.w.org\/{rel}","templated":true}]}}