{"id":11485,"date":"2021-03-02T12:18:03","date_gmt":"2021-03-02T12:18:03","guid":{"rendered":"https:\/\/wellbeingtourism.com\/about-the-webpage\/"},"modified":"2022-05-25T08:12:52","modified_gmt":"2022-05-25T08:12:52","slug":"about-the-webpage","status":"publish","type":"page","link":"https:\/\/wellbeingtourism.com\/de\/about-the-webpage\/","title":{"rendered":"Datenschutz"},"content":{"rendered":"\n<div style=\"height:42px\" aria-hidden=\"true\" class=\"wp-block-spacer\"><\/div>\n\n\n<div class=\"wp-bootstrap-blocks-container container mb-2\">\n\t\n\n<h3 class=\"wp-block-heading\" id=\"datenschutz-wie-wir-ihre-personlichen-daten-verarbeiten\">Wie wir Ihre pers\u00f6nlichen Daten verarbeiten<\/h3>\n\n\n\n<p><strong>ALLGEMEINES<\/strong><\/p>\n\n\n\n<p>Diese Website www.wellbeingtourism.com wird von der Linnaeus-Universit\u00e4t im Rahmen des EU-finanzierten Projekts SB WELL und der Organisation Wellbeing International betrieben. F\u00fcr alle personenbezogenen Daten, die im Zusammenhang mit dieser Website verarbeitet werden, ist die Linnaeus-Universit\u00e4t verantwortlich, und sie werden in \u00dcbereinstimmung mit den Angaben in dieser Datenschutzrichtlinie und ihren Verweisen behandelt.<\/p>\n\n\n\n<p>F\u00fcr uns ist es wichtig, dass Sie sich bei allen Kontakten mit uns sicher f\u00fchlen. In dieser Datenschutzerkl\u00e4rung k\u00f6nnen Sie nachlesen, wie die Linnaeus-Universit\u00e4t \u00fcber Wellbeing International mit Ihren personenbezogenen Daten umgeht und welche Rechte Sie in diesem Zusammenhang haben.<\/p>\n\n\n\n<p>Diese Informationen betreffen Sie:<\/p>\n\n\n\n<p>\u2022 Ist ein Gast\/Kunde bei uns<\/p>\n\n\n\n<p>\u2022 Verwendet unsere Marke HomeofWellbeing<\/p>\n\n\n\n<p>\u2022 ist ein Projektmitglied \/ Mitglied von Wellbeing International&nbsp;<\/p>\n\n\n\n<p>\u2022 Besucht unsere Website und \/ oder unsere Plattformen in den sozialen Medien&nbsp;<\/p>\n\n\n\n<p>\u2022 Meldet sich f\u00fcr einen unserer Newsletters an<\/p>\n\n\n\n<p>\u2022 Teilnahme an unseren Wettbewerben, Marketingaktivit\u00e4ten oder Kundenumfragen&nbsp;<\/p>\n\n\n\n<p>\u2022 an einer unserer Aktivit\u00e4ten, Kurse oder Seminare teilnimmt<\/p>\n\n\n\n<p>\u2022 mit uns auf andere Weise kommuniziert, zum Beispiel \u00fcber den Kundendienst&nbsp;<\/p>\n\n\n\n<p>\u2022 unsere Anwendungen oder Programme nutzt&nbsp;<\/p>\n\n\n\n<p>Wir stellen sicher, dass die von uns verarbeiteten personenbezogenen Daten auf sichere Art und Weise und in \u00dcbereinstimmung mit der Datenschutzverordnung (GDPR) gespeichert und verarbeitet werden.<\/p>\n\n\n\n<p>Damit Sie wissen, wie wir mit Ihren pers\u00f6nlichen Daten umgehen, ist es wichtig, dass Sie diesen Text lesen. Wenn Sie Fragen zum Umgang mit Ihren pers\u00f6nlichen Daten haben, k\u00f6nnen Sie sich gerne an uns wenden. Die Kontaktinformationen finden Sie unten.<\/p>\n\n\n\n<p><strong>2. WAS SIND PERSONENBEZOGENE DATEN?<\/strong><\/p>\n\n\n\n<p>Alle Informationen, die direkt oder indirekt mit Ihnen in Verbindung gebracht werden k\u00f6nnen, gelten als personenbezogene Daten. Bilder (Fotos) und Tonaufnahmen von Personen k\u00f6nnen ebenfalls zu den personenbezogenen Daten gez\u00e4hlt werden, auch wenn keine Namen genannt werden. Verschl\u00fcsselte Informationen und verschiedene Arten von elektronischen Identit\u00e4ten, wie IP-Nummern, gelten als personenbezogene Daten, wenn sie mit nat\u00fcrlichen Personen in Verbindung gebracht werden k\u00f6nnen.<\/p>\n\n\n\n<p><strong>3. WIE GEHEN WIR MIT PERSONENBEZOGENEN DATEN UM?<\/strong><\/p>\n\n\n\n<p>Wir verarbeiten Ihre personenbezogenen Daten nur, wenn wir eine Rechtsgrundlage daf\u00fcr haben. In der allgemeinen Richtlinie der Linnaeus-Universit\u00e4t f\u00fcr die Verarbeitung personenbezogener Daten k\u00f6nnen Sie mehr \u00fcber unsere Bewertung der Rechtsgrundlage lesen. Wir verarbeiten personenbezogene Daten in erster Linie, um unsere Verpflichtungen Ihnen gegen\u00fcber als Mitglied, Gast, Franchisenehmer und\/oder zur Erf\u00fcllung anderer Verpflichtungen f\u00fcr Sie zu erf\u00fcllen. Unser Ausgangspunkt ist, nicht mehr personenbezogene Daten zu verarbeiten, als f\u00fcr den jeweiligen Zweck erforderlich sind, und wir bem\u00fchen uns stets, die am wenigsten datenschutzsensiblen Daten zu verwenden. Wenn Sie uns personenbezogene Daten \u00fcber andere Personen zur Verf\u00fcgung stellen, sind Sie daf\u00fcr verantwortlich, dass die Linnaeus-Universit\u00e4t auch diese personenbezogenen Daten in \u00dcbereinstimmung mit dieser Datenschutzrichtlinie verarbeitet. Beispielsweise k\u00f6nnen Sie bei der Registrierung oder Bewertung eines Unternehmens Informationen \u00fcber sich selbst und \/ oder eine andere Person angeben. Ihre personenbezogenen Daten werden mit modernen Informationstechnologien verarbeitet, und wir verwenden sie manchmal z. B. f\u00fcr Analysen, Segmentierung, Profilerstellung, Marketing und Direktmarketing auf digitalem Wege oder per Post. Einige personenbezogene Daten k\u00f6nnen au\u00dferhalb der EU-Grenzen gespeichert werden.<\/p>\n\n\n\n<p><strong>4. WIE LANGE WERDEN MEINE PERS\u00d6NLICHEN DATEN GESPEICHERT?&nbsp;<\/strong><\/p>\n\n\n\n<p>Wir speichern Ihre personenbezogenen Daten nur so lange, wie wir es f\u00fcr notwendig erachten, um den Zweck zu erf\u00fcllen, zu dem wir sie erhoben haben, oder solange wir sie nach dem Gesetz speichern m\u00fcssen. Danach werden Ihre Daten gel\u00f6scht, oder wir de-identifizieren Ihre personenbezogenen Daten, so dass sie nicht mehr mit Ihnen in Verbindung gebracht werden k\u00f6nnen. Wir haben interne Routinen, um dies zu gew\u00e4hrleisten.<\/p>\n\n\n\n<p><strong>5. GEBEN WIR IHRE PERS\u00d6NLICHEN DATEN AN DRITTE WEITER?&nbsp;<\/strong><\/p>\n\n\n\n<p>Wir gehen davon aus, dass Ihre personenbezogenen Daten nicht an Dritte weitergegeben werden sollten, es sei denn, dies ist zur Erf\u00fcllung unserer vertraglichen oder gesetzlichen Verpflichtungen erforderlich. In den F\u00e4llen, in denen wir personenbezogene Daten an Dritte weitergeben, erstellen wir Vertraulichkeitsvereinbarungen\/Assistentenvertr\u00e4ge und stellen sicher, dass die personenbezogenen Daten auf sichere Weise verarbeitet werden.<\/p>\n\n\n\n<p><strong>6. WIE SCH\u00dcTZEN WIR IHRE PERS\u00d6NLICHEN DATEN?<\/strong><\/p>\n\n\n\n<p>Ihre Privatsph\u00e4re ist uns wichtig, und deshalb legen wir Wert auf Sicherheit. Wir ergreifen Ma\u00dfnahmen zum Schutz Ihrer pers\u00f6nlichen Daten und arbeiten kontinuierlich an der Informationssicherheit. Bei Wellbeing International haben wir \u00fcber Lnu Richtlinien f\u00fcr die sichere \u00dcbermittlung Ihrer Daten und Routinen, die sicherstellen, dass unsere Mitarbeiter nur Zugang zu den Informationen haben, die sie f\u00fcr ihre Arbeit ben\u00f6tigen. Wir arbeiten st\u00e4ndig daran, unsere Systeme zu aktualisieren, damit wir Ereignisse protokollieren und Daten ohne Durchsuchbarkeit archivieren k\u00f6nnen, wenn Ihre pers\u00f6nlichen Daten f\u00fcr einen l\u00e4ngeren Zeitraum aufbewahrt werden m\u00fcssen, zum Beispiel gem\u00e4\u00df dem Rechnungslegungsgesetz.<\/p>\n\n\n\n<p><strong>7. MEINE RECHTE&nbsp;<\/strong><\/p>\n\n\n\n<p>Sobald Ihre pers\u00f6nlichen Daten in einem Register eingetragen sind, erhalten Sie automatisch bestimmte Rechte. Kurz gesagt bedeutet dies, dass Sie als registrierter Nutzer die M\u00f6glichkeit haben m\u00fcssen, Informationen dar\u00fcber zu erhalten, wann und wie Ihre personenbezogenen Daten verarbeitet werden, und dass Sie das Recht haben, Ihre Daten zu kontrollieren. So haben Sie unter anderem in bestimmten F\u00e4llen das Recht, Ihre Daten berichtigen, l\u00f6schen und sperren zu lassen und Ausz\u00fcge aus Ihren registrierten personenbezogenen Daten zu erhalten. Diese Rechte ergeben sich aus der Datenschutzgesetzgebung. Wenn Sie eines Ihrer Rechte aus\u00fcben m\u00f6chten, wenden Sie sich bitte per E-Mail an uns (siehe Kontaktinformationen unten).<\/p>\n\n\n\n<p>\u2022 Zugang zu Ihren pers\u00f6nlichen Daten. Sie haben das Recht, eine Best\u00e4tigung dar\u00fcber zu erhalten, ob wir Ihre personenbezogenen Daten verarbeiten, sowie einen Auszug dar\u00fcber, welche Daten wir verarbeiten. Sie haben das Recht, einmal pro Zw\u00f6lfmonatszeitraum einen Auszug zu erhalten.<\/p>\n\n\n\n<p>\u2022 Antrag auf Berichtigung. Sie haben das Recht, unrichtige Informationen korrigieren zu lassen.<\/p>\n\n\n\n<p>\u2022 Antrag auf L\u00f6schung. Sie haben das Recht, Ihre Daten unter bestimmten Umst\u00e4nden l\u00f6schen zu lassen.<\/p>\n\n\n\n<p>\u2022 Widerspruch gegen die Verarbeitung auf der Grundlage unseres berechtigten Interesses und gegen die Verarbeitung f\u00fcr Direktmarketing. Sie haben das Recht, gegen die Art und Weise, wie wir Ihre personenbezogenen Daten verarbeiten, Widerspruch einzulegen oder die Verarbeitung einzuschr\u00e4nken.<\/p>\n\n\n\n<p>Wenn Sie mehr \u00fcber die Datenschutzgesetze und Ihre Rechte erfahren m\u00f6chten, k\u00f6nnen Sie hier mehr lesen:&nbsp;<a href=\"https:\/\/www.bsi.bund.de\/\">https:\/\/www.bsi.bund.de\/<\/a><\/p>\n\n\n\n<p>Wenn Sie der Meinung sind, dass unsere Verarbeitung Ihrer personenbezogenen Daten nicht im Einklang mit den Datenschutzgesetzen erfolgt, m\u00f6chten wir Sie bitten, sich an uns zu wenden. Sie haben auch das Recht, sich bei der Datenschutzbeh\u00f6rde zu beschweren, die die Aufsichtsbeh\u00f6rde ist.<\/p>\n\n\n\n<p><strong>8. WIE LEHNE ICH SOFORTMARKETING AB?<\/strong><\/p>\n\n\n\n<p>Wellbeing International (und das SB WELL-Projekt) k\u00f6nnen Ihre E-Mail-Adresse f\u00fcr Direktmarketing verwenden, wenn Sie angeben, dass Sie dies w\u00fcnschen. Wenn Sie nicht m\u00f6chten, dass wir Ihre E-Mail-Adresse f\u00fcr Direktmarketing verwenden, nachdem Sie dem urspr\u00fcnglich zugestimmt haben, k\u00f6nnen Sie die Zusendung \u00fcber den in den E-Mails enthaltenen Link stoppen. Bitte beachten Sie, dass auch Newsletter zum Direktmarketing geh\u00f6ren.<\/p>\n\n\n\n<p><strong>9. KONTAKTINFORMATIONEN<\/strong><\/p>\n\n\n\n<p>Die Linnaeus-Universit\u00e4t 202100-6271 ist f\u00fcr die Verarbeitung Ihrer personenbezogenen Daten verantwortlich. Wenn Sie weitere Informationen \u00fcber den Umgang mit Ihren personenbezogenen Daten w\u00fcnschen oder Ihre Rechte aus\u00fcben m\u00f6chten, wenden Sie sich an uns:<\/p>\n\n\n\n<p>Linnaeus University&nbsp;<br>351 95 V\u00e4xj\u00f6&nbsp;<\/p>\n\n\n\n<p>E-mail:&nbsp;<a href=\"mailto:dataskyddsombud@lnu.se\">dataskyddsombud@lnu.se<\/a><br>Phone: 0772-28 80 00<\/p>\n\n\n\n<hr class=\"wp-block-separator\"\/>\n\n<\/div>\n\n\n\n<div style=\"height:42px\" aria-hidden=\"true\" class=\"wp-block-spacer\"><\/div>\n","protected":false},"excerpt":{"rendered":"","protected":false},"author":1,"featured_media":9175,"parent":0,"menu_order":142,"comment_status":"closed","ping_status":"closed","template":"about-us-template.php","meta":{"_acf_changed":false,"footnotes":""},"class_list":["post-11485","page","type-page","status-publish","has-post-thumbnail","hentry"],"acf":[],"yoast_head":"<!-- This site is optimized with the Yoast SEO plugin v27.1.1 - https:\/\/yoast.com\/product\/yoast-seo-wordpress\/ -->\n<title>Datenschutz - Wellbeing<\/title>\n<meta name=\"robots\" content=\"index, follow, max-snippet:-1, max-image-preview:large, max-video-preview:-1\" \/>\n<link rel=\"canonical\" href=\"https:\/\/wellbeingtourism.com\/de\/about-the-webpage\/\" \/>\n<meta property=\"og:locale\" content=\"de_DE\" \/>\n<meta property=\"og:type\" content=\"article\" \/>\n<meta property=\"og:title\" content=\"Datenschutz - Wellbeing\" \/>\n<meta property=\"og:url\" content=\"https:\/\/wellbeingtourism.com\/de\/about-the-webpage\/\" \/>\n<meta property=\"og:site_name\" content=\"Wellbeing\" \/>\n<meta property=\"article:modified_time\" content=\"2022-05-25T08:12:52+00:00\" \/>\n<meta property=\"og:image\" content=\"https:\/\/wellbeingtourism.com\/app\/uploads\/2021\/06\/image-30.png\" \/>\n\t<meta property=\"og:image:width\" content=\"1440\" \/>\n\t<meta property=\"og:image:height\" content=\"308\" \/>\n\t<meta property=\"og:image:type\" content=\"image\/png\" \/>\n<meta name=\"twitter:card\" content=\"summary_large_image\" \/>\n<meta name=\"twitter:label1\" content=\"Est. reading time\" \/>\n\t<meta name=\"twitter:data1\" content=\"5 minutes\" \/>\n<script type=\"application\/ld+json\" class=\"yoast-schema-graph\">{\"@context\":\"https:\/\/schema.org\",\"@graph\":[{\"@type\":\"WebPage\",\"@id\":\"https:\/\/wellbeingtourism.com\/de\/about-the-webpage\/\",\"url\":\"https:\/\/wellbeingtourism.com\/de\/about-the-webpage\/\",\"name\":\"Datenschutz - Wellbeing\",\"isPartOf\":{\"@id\":\"https:\/\/wellbeingtourism.com\/#website\"},\"primaryImageOfPage\":{\"@id\":\"https:\/\/wellbeingtourism.com\/de\/about-the-webpage\/#primaryimage\"},\"image\":{\"@id\":\"https:\/\/wellbeingtourism.com\/de\/about-the-webpage\/#primaryimage\"},\"thumbnailUrl\":\"https:\/\/wellbeingtourism.com\/app\/uploads\/2021\/06\/image-30.png\",\"datePublished\":\"2021-03-02T12:18:03+00:00\",\"dateModified\":\"2022-05-25T08:12:52+00:00\",\"breadcrumb\":{\"@id\":\"https:\/\/wellbeingtourism.com\/de\/about-the-webpage\/#breadcrumb\"},\"inLanguage\":\"de-DE\",\"potentialAction\":[{\"@type\":\"ReadAction\",\"target\":[\"https:\/\/wellbeingtourism.com\/de\/about-the-webpage\/\"]}]},{\"@type\":\"ImageObject\",\"inLanguage\":\"de-DE\",\"@id\":\"https:\/\/wellbeingtourism.com\/de\/about-the-webpage\/#primaryimage\",\"url\":\"https:\/\/wellbeingtourism.com\/app\/uploads\/2021\/06\/image-30.png\",\"contentUrl\":\"https:\/\/wellbeingtourism.com\/app\/uploads\/2021\/06\/image-30.png\",\"width\":1440,\"height\":308},{\"@type\":\"BreadcrumbList\",\"@id\":\"https:\/\/wellbeingtourism.com\/de\/about-the-webpage\/#breadcrumb\",\"itemListElement\":[{\"@type\":\"ListItem\",\"position\":1,\"name\":\"Home\",\"item\":\"https:\/\/wellbeingtourism.com\/de\/\"},{\"@type\":\"ListItem\",\"position\":2,\"name\":\"Datenschutz\"}]},{\"@type\":\"WebSite\",\"@id\":\"https:\/\/wellbeingtourism.com\/#website\",\"url\":\"https:\/\/wellbeingtourism.com\/\",\"name\":\"Wellbeing\",\"description\":\"Discover our places &amp; hosts\",\"potentialAction\":[{\"@type\":\"SearchAction\",\"target\":{\"@type\":\"EntryPoint\",\"urlTemplate\":\"https:\/\/wellbeingtourism.com\/?s={search_term_string}\"},\"query-input\":{\"@type\":\"PropertyValueSpecification\",\"valueRequired\":true,\"valueName\":\"search_term_string\"}}],\"inLanguage\":\"de-DE\"}]}<\/script>\n<!-- \/ Yoast SEO plugin. -->","yoast_head_json":{"title":"Datenschutz - Wellbeing","robots":{"index":"index","follow":"follow","max-snippet":"max-snippet:-1","max-image-preview":"max-image-preview:large","max-video-preview":"max-video-preview:-1"},"canonical":"https:\/\/wellbeingtourism.com\/de\/about-the-webpage\/","og_locale":"de_DE","og_type":"article","og_title":"Datenschutz - Wellbeing","og_url":"https:\/\/wellbeingtourism.com\/de\/about-the-webpage\/","og_site_name":"Wellbeing","article_modified_time":"2022-05-25T08:12:52+00:00","og_image":[{"width":1440,"height":308,"url":"https:\/\/wellbeingtourism.com\/app\/uploads\/2021\/06\/image-30.png","type":"image\/png"}],"twitter_card":"summary_large_image","twitter_misc":{"Est. reading time":"5 minutes"},"schema":{"@context":"https:\/\/schema.org","@graph":[{"@type":"WebPage","@id":"https:\/\/wellbeingtourism.com\/de\/about-the-webpage\/","url":"https:\/\/wellbeingtourism.com\/de\/about-the-webpage\/","name":"Datenschutz - Wellbeing","isPartOf":{"@id":"https:\/\/wellbeingtourism.com\/#website"},"primaryImageOfPage":{"@id":"https:\/\/wellbeingtourism.com\/de\/about-the-webpage\/#primaryimage"},"image":{"@id":"https:\/\/wellbeingtourism.com\/de\/about-the-webpage\/#primaryimage"},"thumbnailUrl":"https:\/\/wellbeingtourism.com\/app\/uploads\/2021\/06\/image-30.png","datePublished":"2021-03-02T12:18:03+00:00","dateModified":"2022-05-25T08:12:52+00:00","breadcrumb":{"@id":"https:\/\/wellbeingtourism.com\/de\/about-the-webpage\/#breadcrumb"},"inLanguage":"de-DE","potentialAction":[{"@type":"ReadAction","target":["https:\/\/wellbeingtourism.com\/de\/about-the-webpage\/"]}]},{"@type":"ImageObject","inLanguage":"de-DE","@id":"https:\/\/wellbeingtourism.com\/de\/about-the-webpage\/#primaryimage","url":"https:\/\/wellbeingtourism.com\/app\/uploads\/2021\/06\/image-30.png","contentUrl":"https:\/\/wellbeingtourism.com\/app\/uploads\/2021\/06\/image-30.png","width":1440,"height":308},{"@type":"BreadcrumbList","@id":"https:\/\/wellbeingtourism.com\/de\/about-the-webpage\/#breadcrumb","itemListElement":[{"@type":"ListItem","position":1,"name":"Home","item":"https:\/\/wellbeingtourism.com\/de\/"},{"@type":"ListItem","position":2,"name":"Datenschutz"}]},{"@type":"WebSite","@id":"https:\/\/wellbeingtourism.com\/#website","url":"https:\/\/wellbeingtourism.com\/","name":"Wellbeing","description":"Discover our places &amp; hosts","potentialAction":[{"@type":"SearchAction","target":{"@type":"EntryPoint","urlTemplate":"https:\/\/wellbeingtourism.com\/?s={search_term_string}"},"query-input":{"@type":"PropertyValueSpecification","valueRequired":true,"valueName":"search_term_string"}}],"inLanguage":"de-DE"}]}},"_links":{"self":[{"href":"https:\/\/wellbeingtourism.com\/de\/wp-json\/wp\/v2\/pages\/11485","targetHints":{"allow":["GET"]}}],"collection":[{"href":"https:\/\/wellbeingtourism.com\/de\/wp-json\/wp\/v2\/pages"}],"about":[{"href":"https:\/\/wellbeingtourism.com\/de\/wp-json\/wp\/v2\/types\/page"}],"author":[{"embeddable":true,"href":"https:\/\/wellbeingtourism.com\/de\/wp-json\/wp\/v2\/users\/1"}],"replies":[{"embeddable":true,"href":"https:\/\/wellbeingtourism.com\/de\/wp-json\/wp\/v2\/comments?post=11485"}],"version-history":[{"count":8,"href":"https:\/\/wellbeingtourism.com\/de\/wp-json\/wp\/v2\/pages\/11485\/revisions"}],"predecessor-version":[{"id":27468,"href":"https:\/\/wellbeingtourism.com\/de\/wp-json\/wp\/v2\/pages\/11485\/revisions\/27468"}],"wp:featuredmedia":[{"embeddable":true,"href":"https:\/\/wellbeingtourism.com\/de\/wp-json\/wp\/v2\/media\/9175"}],"wp:attachment":[{"href":"https:\/\/wellbeingtourism.com\/de\/wp-json\/wp\/v2\/media?parent=11485"}],"curies":[{"name":"wp","href":"https:\/\/api.w.org\/{rel}","templated":true}]}}