{"id":11480,"date":"2021-03-02T12:18:20","date_gmt":"2021-03-02T12:18:20","guid":{"rendered":"https:\/\/wellbeingtourism.com\/contact-the-webmaster\/"},"modified":"2022-05-25T11:13:52","modified_gmt":"2022-05-25T11:13:52","slug":"contact-the-webmaster","status":"publish","type":"page","link":"https:\/\/wellbeingtourism.com\/de\/contact-the-webmaster\/","title":{"rendered":"Kontaktieren Sie uns"},"content":{"rendered":"<div class=\"wp-bootstrap-blocks-container container mb-2\">\n\t\n\n<h2 class=\"wp-block-heading\"><\/h2>\n\n\n\n<p><\/p>\n\n\n\n<p><\/p>\n\n\n\n<p><\/p>\n\n\n\n<h2 class=\"wp-block-heading\">Herausgeber und Kontakt <\/h2>\n\n\n\n<p><strong>Herausgeber<\/strong>: Linnaeus University | 351 95 V\u00e4xj\u00f6\u00a0 | Schweden <\/p>\n\n\n\n<p><strong>Kontakt<\/strong>:<strong>&nbsp;<a href=\"mailto:wellbeing@lnu.se\">wellbeing@lnu.se<\/a><\/strong><\/p>\n\n\n<link rel='stylesheet' id='formidable-css' href='https:\/\/wellbeingtourism.com\/app\/plugins\/formidable\/css\/formidableforms.css?ver=3101057' type='text\/css' media='all' \/>\n<div class=\"frm_forms  with_frm_style frm_style_formidable-style\" id=\"frm_form_10_container\" >\n<form enctype=\"multipart\/form-data\" method=\"post\" class=\"frm-show-form \" id=\"form_contact-form60a2f9ff9c\" >\n<div class=\"frm_form_fields \">\n<fieldset>\n<legend class=\"frm_screen_reader\">Webmaster Contact<\/legend>\r\n\r\n<div class=\"frm_fields_container\">\n<input type=\"hidden\" name=\"frm_action\" value=\"create\" \/>\n<input type=\"hidden\" name=\"form_id\" value=\"10\" \/>\n<input type=\"hidden\" name=\"frm_hide_fields_10\" id=\"frm_hide_fields_10\" value=\"\" \/>\n<input type=\"hidden\" name=\"form_key\" value=\"contact-form60a2f9ff9c\" \/>\n<input type=\"hidden\" name=\"item_meta[0]\" value=\"\" \/>\n<input type=\"hidden\" id=\"frm_submit_entry_10\" name=\"frm_submit_entry_10\" value=\"fffdeb8389\" \/><input type=\"hidden\" name=\"_wp_http_referer\" value=\"\/de\/wp-json\/wp\/v2\/pages\/11480\" \/><input type=\"hidden\" id=\"field_hhxs5\" name=\"item_meta[855]\" value=\"de\"  data-frmval=\"de\"  \/><div id=\"frm_field_838_container\" class=\"frm_form_field  frm12 frm_first frm_html_container form-field\">\n<h3>Feedback zum Webmaster <\/h3>\n<p>Vielen Dank, dass Sie sich die Zeit genommen haben, uns Ihr Feedback zu geben oder Probleme zu melden, die Sie auf unserer Website entgegnet sind. Sind Sie auf einer unserer Webseiten auf ein technisches Problem gesto\u00dfen? Oder haben Sie eine Anmerkung\/Anregung zu dieser Website? Teilen Sie dies bitte unserem Webmaster mit, indem Sie das untenstehende Formular ausf\u00fcllen. Ihre Informationen helfen uns, die Website weiter zu verbessern. Dieses Formular ist nur f\u00fcr Ihr Feedback zu dieser Website gedacht.<\/p><\/div>\n<div id=\"frm_field_847_container\" class=\"frm_form_field  frm12 frm_first frm_html_container form-field\">\n<h4> Informationsart <\/h4>\n<p> <i> K\u00f6nnen wir etwas verbessern? Sind unsere Inhalte veraltet? Haben Sie Schwierigkeiten, auf Informationen auf unserer Website aufgrund eines Hindernis zuzugreifen? Haben Sie technische Probleme mit dieser Website, wie z.B. defekte Links oder Fehlermeldungen? Informieren Sie uns bitte.<\/i> <\/p>\n<p>Haben Sie technische Probleme wie defekte Links oder Fehlermeldungen erlebt? Bitte teilen Sie Ihre Erfahrungen und lassen Sie es uns wissen.<\/p><\/div>\n<div id=\"frm_field_839_container\" class=\"frm_form_field form-field  frm_top_container vertical_radio\">\r\n    <div  id=\"field_dvnn3_label\" class=\"frm_primary_label\">\r\n        <span class=\"frm_required\" aria-hidden=\"true\"><\/span>\r\n    <\/div>\r\n    <div class=\"frm_opt_container\" aria-labelledby=\"field_dvnn3_label\" role=\"group\">\t\t<div class=\"frm_checkbox\" id=\"frm_checkbox_839-0\">\t\t\t<label  for=\"field_dvnn3-0\">\n\t\t\t<input type=\"checkbox\" name=\"item_meta[839][]\" id=\"field_dvnn3-0\" value=\"Verbesserungsvorschl\u00e4ge\"  data-invmsg=\"This field is invalid\"   \/> Verbesserungsvorschl\u00e4ge<\/label><\/div>\n\t\t<div class=\"frm_checkbox\" id=\"frm_checkbox_839-1\">\t\t\t<label  for=\"field_dvnn3-1\">\n\t\t\t<input type=\"checkbox\" name=\"item_meta[839][]\" id=\"field_dvnn3-1\" value=\"Zugang\"  data-invmsg=\"This field is invalid\"   \/> Zugang<\/label><\/div>\n\t\t<div class=\"frm_checkbox\" id=\"frm_checkbox_839-2\">\t\t\t<label  for=\"field_dvnn3-2\">\n\t\t\t<input type=\"checkbox\" name=\"item_meta[839][]\" id=\"field_dvnn3-2\" value=\"Probleme mit der Webseite\"  data-invmsg=\"This field is invalid\"   \/> Probleme mit der Webseite<\/label><\/div>\n\t\t<div class=\"frm_checkbox\" id=\"frm_checkbox_839-3\">\t\t\t<label  for=\"field_dvnn3-3\">\n\t\t\t<input type=\"checkbox\" name=\"item_meta[839][]\" id=\"field_dvnn3-3\" value=\"Probleme mit der Seite &quot;Anmeldung&quot;\"  data-invmsg=\"This field is invalid\"   \/> Probleme mit der Seite &#8220;Anmeldung&#8221;<\/label><\/div>\n\t\t<div class=\"frm_checkbox\" id=\"frm_checkbox_839-4\">\t\t\t<label  for=\"field_dvnn3-4\">\n\t\t\t<input type=\"checkbox\" name=\"item_meta[839][]\" id=\"field_dvnn3-4\" value=\"Probleme mit der Seite &quot;Mein Konto&quot;\"  data-invmsg=\"This field is invalid\"   \/> Probleme mit der Seite &#8220;Mein Konto&#8221;<\/label><\/div>\n<\/div>\r\n    \r\n    \r\n<\/div>\n<div id=\"frm_field_840_container\" class=\"frm_form_field  frm12 frm_first frm_html_container form-field\">\n<h4>Probleme mit dem URL?  <span style=\"color:#dc6016;\">*<\/span><\/h4>\n<p> <i>Geben Sie die URL (Webadresse) der Website oder des Materials an, auf das Sie zugreifen wollten, kopieren Sie sie und f\u00fcgen Sie sie in Ihrem Browser ein, Beispiel:: <\/i> <img decoding=\"async\" src=\"\/app\/uploads\/2021\/12\/field.png\"><\/div>\n<div id=\"frm_field_841_container\" class=\"frm_form_field form-field  frm_top_container frm12 frm_first\">\r\n    <label for=\"field_m3vjf\" id=\"field_m3vjf_label\" class=\"frm_primary_label\">Webseite\/URL\r\n        <span class=\"frm_required\" aria-hidden=\"true\"><\/span>\r\n    <\/label>\r\n    <input type=\"url\" id=\"field_m3vjf\" name=\"item_meta[841]\" value=\"\"  data-invmsg=\"Website\/URL is invalid\" aria-invalid=\"false\"   aria-describedby=\"frm_desc_field_m3vjf\"\/>\r\n    <div class=\"frm_description\" id=\"frm_desc_field_m3vjf\">*Bitte kopieren und f\u00fcgen Sie die URL der Seite ein, auf der das Problem aufgetreten ist. Haben Sie Verbesserungsvorschl\u00e4ge f\u00fcr dieses Feld?<\/div>\r\n    \r\n<\/div>\n<div id=\"frm_field_842_container\" class=\"frm_form_field  frm12 frm_first frm_html_container form-field\">\n<h4>Ihr Anliegen beschreiben<\/h4>\n<p> Bitte beschreiben Sie uns Ihr Anliegen oder Teilen Sie uns Ihre Verbesserungsvorschl\u00e4ge mit <span style=\"color:#dc6016;\">Max. 1000 Zeichen<\/span><\/div>\n<div id=\"frm_field_846_container\" class=\"frm_form_field form-field  frm_top_container\">\r\n    <label for=\"field_w8jn9\" id=\"field_w8jn9_label\" class=\"frm_primary_label\">\r\n        <span class=\"frm_required\" aria-hidden=\"true\"><\/span>\r\n    <\/label>\r\n    <textarea name=\"item_meta[846]\" id=\"field_w8jn9\" rows=\"5\"  data-invmsg=\"This field is invalid\" aria-invalid=\"false\"   aria-describedby=\"frm_desc_field_w8jn9\"><\/textarea>\r\n    <div class=\"frm_description\" id=\"frm_desc_field_w8jn9\"><i> Bitte Seien Sie so pr\u00e4zise wie m\u00f6glich<\/i><\/div>\r\n    \r\n<\/div>\n<div id=\"frm_field_848_container\" class=\"frm_form_field  frm12 frm_first frm_html_container form-field\">\n<h4>Haftungsausschluss<\/h4>\n<p> Wenn Sie die Informationen im obigen Formular hinterlassen, werden keine personenbezogenen Daten erhoben oder gespeichert. Geben Sie also bitte nicht Ihren Namen, Ihre Telefonnummer oder E-Mail-Adresse oder andere pers\u00f6nliche Daten an, wenn Sie Informationen in \u201eIhr Anliegen beschreiben\u201c eingeben. Sie erhalten kein Feedback zu dieser E-Mail, aber wir werden Probleme und Herausforderungen, die f\u00fcr Sie als Besucher unserer Website eine schlechte Erfahrung verusacht haben, pr\u00fcfen und beheben. Wenn Sie pers\u00f6nliche Unterst\u00fctzung bei \u201eAnmelden\u201c oder \u201eMein Konto\u201c ben\u00f6tigen, wenden Sie sich an das Wohlf\u00fchl-Team in Ihrer Region. Kontaktinformationen finden <a href='\/de\/about-us\/'> Sie hier.<\/a><\/div>\n<div id=\"frm_field_1280_container\" class=\"frm_form_field form-field  frm_none_container\">\n    <label for=\"g-recaptcha-response\" id=\"field_um47y_label\" class=\"frm_primary_label\">Captcha\n        <span class=\"frm_required\" aria-hidden=\"true\"><\/span>\n    <\/label>\n    <div  id=\"field_um47y\" class=\"frm-g-recaptcha\" data-sitekey=\"6LfYsNAeAAAAAOyY9aSbK6GLxKIe5ukPWwgBvUvN\" data-size=\"normal\" data-theme=\"light\"><\/div>\n    \n    \n<\/div>\n<div id=\"frm_field_1292_container\" class=\"frm_form_field form-field \">\n\t<div class=\"frm_submit\">\r\n\r\n<button class=\"frm_button_submit\" type=\"submit\"  >Submit<\/button>\r\n\r\n<\/div>\n<\/div>\n\t<input type=\"hidden\" name=\"item_key\" value=\"\" \/>\n\t\t\t<div id=\"frm_field_1293_container\">\n\t\t\t<label for=\"field_23lej\" >\n\t\t\t\tIf you are human, leave this field blank.\t\t\t<\/label>\n\t\t\t<input  id=\"field_23lej\" type=\"text\" class=\"frm_form_field form-field frm_verify\" name=\"item_meta[1293]\" value=\"\"  \/>\n\t\t<\/div>\n\t\t<\/div>\n<\/fieldset>\n<\/div>\n\n<\/form>\n<\/div>\n\n<\/div>\n","protected":false},"excerpt":{"rendered":"","protected":false},"author":1,"featured_media":9175,"parent":0,"menu_order":130,"comment_status":"closed","ping_status":"closed","template":"about-us-template.php","meta":{"_acf_changed":false,"footnotes":""},"class_list":["post-11480","page","type-page","status-publish","has-post-thumbnail","hentry"],"acf":[],"yoast_head":"<!-- This site is optimized with the Yoast SEO plugin v27.1.1 - https:\/\/yoast.com\/product\/yoast-seo-wordpress\/ -->\n<title>Kontaktieren Sie uns - Wellbeing<\/title>\n<meta name=\"robots\" content=\"index, follow, max-snippet:-1, max-image-preview:large, max-video-preview:-1\" \/>\n<link rel=\"canonical\" href=\"https:\/\/wellbeingtourism.com\/de\/contact-the-webmaster\/\" \/>\n<meta property=\"og:locale\" content=\"de_DE\" \/>\n<meta property=\"og:type\" content=\"article\" \/>\n<meta property=\"og:title\" content=\"Kontaktieren Sie uns - Wellbeing\" \/>\n<meta property=\"og:url\" content=\"https:\/\/wellbeingtourism.com\/de\/contact-the-webmaster\/\" \/>\n<meta property=\"og:site_name\" content=\"Wellbeing\" \/>\n<meta property=\"article:modified_time\" content=\"2022-05-25T11:13:52+00:00\" \/>\n<meta property=\"og:image\" content=\"https:\/\/wellbeingtourism.com\/app\/uploads\/2021\/06\/image-30.png\" \/>\n\t<meta property=\"og:image:width\" content=\"1440\" \/>\n\t<meta property=\"og:image:height\" content=\"308\" \/>\n\t<meta property=\"og:image:type\" content=\"image\/png\" \/>\n<meta name=\"twitter:card\" content=\"summary_large_image\" \/>\n<meta name=\"twitter:label1\" content=\"Est. reading time\" \/>\n\t<meta name=\"twitter:data1\" content=\"1 minute\" \/>\n<script type=\"application\/ld+json\" class=\"yoast-schema-graph\">{\"@context\":\"https:\/\/schema.org\",\"@graph\":[{\"@type\":\"WebPage\",\"@id\":\"https:\/\/wellbeingtourism.com\/de\/contact-the-webmaster\/\",\"url\":\"https:\/\/wellbeingtourism.com\/de\/contact-the-webmaster\/\",\"name\":\"Kontaktieren Sie uns - Wellbeing\",\"isPartOf\":{\"@id\":\"https:\/\/wellbeingtourism.com\/#website\"},\"primaryImageOfPage\":{\"@id\":\"https:\/\/wellbeingtourism.com\/de\/contact-the-webmaster\/#primaryimage\"},\"image\":{\"@id\":\"https:\/\/wellbeingtourism.com\/de\/contact-the-webmaster\/#primaryimage\"},\"thumbnailUrl\":\"https:\/\/wellbeingtourism.com\/app\/uploads\/2021\/06\/image-30.png\",\"datePublished\":\"2021-03-02T12:18:20+00:00\",\"dateModified\":\"2022-05-25T11:13:52+00:00\",\"breadcrumb\":{\"@id\":\"https:\/\/wellbeingtourism.com\/de\/contact-the-webmaster\/#breadcrumb\"},\"inLanguage\":\"de-DE\",\"potentialAction\":[{\"@type\":\"ReadAction\",\"target\":[\"https:\/\/wellbeingtourism.com\/de\/contact-the-webmaster\/\"]}]},{\"@type\":\"ImageObject\",\"inLanguage\":\"de-DE\",\"@id\":\"https:\/\/wellbeingtourism.com\/de\/contact-the-webmaster\/#primaryimage\",\"url\":\"https:\/\/wellbeingtourism.com\/app\/uploads\/2021\/06\/image-30.png\",\"contentUrl\":\"https:\/\/wellbeingtourism.com\/app\/uploads\/2021\/06\/image-30.png\",\"width\":1440,\"height\":308},{\"@type\":\"BreadcrumbList\",\"@id\":\"https:\/\/wellbeingtourism.com\/de\/contact-the-webmaster\/#breadcrumb\",\"itemListElement\":[{\"@type\":\"ListItem\",\"position\":1,\"name\":\"Home\",\"item\":\"https:\/\/wellbeingtourism.com\/de\/\"},{\"@type\":\"ListItem\",\"position\":2,\"name\":\"Kontaktieren Sie uns\"}]},{\"@type\":\"WebSite\",\"@id\":\"https:\/\/wellbeingtourism.com\/#website\",\"url\":\"https:\/\/wellbeingtourism.com\/\",\"name\":\"Wellbeing\",\"description\":\"Discover our places &amp; hosts\",\"potentialAction\":[{\"@type\":\"SearchAction\",\"target\":{\"@type\":\"EntryPoint\",\"urlTemplate\":\"https:\/\/wellbeingtourism.com\/?s={search_term_string}\"},\"query-input\":{\"@type\":\"PropertyValueSpecification\",\"valueRequired\":true,\"valueName\":\"search_term_string\"}}],\"inLanguage\":\"de-DE\"}]}<\/script>\n<!-- \/ Yoast SEO plugin. -->","yoast_head_json":{"title":"Kontaktieren Sie uns - Wellbeing","robots":{"index":"index","follow":"follow","max-snippet":"max-snippet:-1","max-image-preview":"max-image-preview:large","max-video-preview":"max-video-preview:-1"},"canonical":"https:\/\/wellbeingtourism.com\/de\/contact-the-webmaster\/","og_locale":"de_DE","og_type":"article","og_title":"Kontaktieren Sie uns - Wellbeing","og_url":"https:\/\/wellbeingtourism.com\/de\/contact-the-webmaster\/","og_site_name":"Wellbeing","article_modified_time":"2022-05-25T11:13:52+00:00","og_image":[{"width":1440,"height":308,"url":"https:\/\/wellbeingtourism.com\/app\/uploads\/2021\/06\/image-30.png","type":"image\/png"}],"twitter_card":"summary_large_image","twitter_misc":{"Est. reading time":"1 minute"},"schema":{"@context":"https:\/\/schema.org","@graph":[{"@type":"WebPage","@id":"https:\/\/wellbeingtourism.com\/de\/contact-the-webmaster\/","url":"https:\/\/wellbeingtourism.com\/de\/contact-the-webmaster\/","name":"Kontaktieren Sie uns - Wellbeing","isPartOf":{"@id":"https:\/\/wellbeingtourism.com\/#website"},"primaryImageOfPage":{"@id":"https:\/\/wellbeingtourism.com\/de\/contact-the-webmaster\/#primaryimage"},"image":{"@id":"https:\/\/wellbeingtourism.com\/de\/contact-the-webmaster\/#primaryimage"},"thumbnailUrl":"https:\/\/wellbeingtourism.com\/app\/uploads\/2021\/06\/image-30.png","datePublished":"2021-03-02T12:18:20+00:00","dateModified":"2022-05-25T11:13:52+00:00","breadcrumb":{"@id":"https:\/\/wellbeingtourism.com\/de\/contact-the-webmaster\/#breadcrumb"},"inLanguage":"de-DE","potentialAction":[{"@type":"ReadAction","target":["https:\/\/wellbeingtourism.com\/de\/contact-the-webmaster\/"]}]},{"@type":"ImageObject","inLanguage":"de-DE","@id":"https:\/\/wellbeingtourism.com\/de\/contact-the-webmaster\/#primaryimage","url":"https:\/\/wellbeingtourism.com\/app\/uploads\/2021\/06\/image-30.png","contentUrl":"https:\/\/wellbeingtourism.com\/app\/uploads\/2021\/06\/image-30.png","width":1440,"height":308},{"@type":"BreadcrumbList","@id":"https:\/\/wellbeingtourism.com\/de\/contact-the-webmaster\/#breadcrumb","itemListElement":[{"@type":"ListItem","position":1,"name":"Home","item":"https:\/\/wellbeingtourism.com\/de\/"},{"@type":"ListItem","position":2,"name":"Kontaktieren Sie uns"}]},{"@type":"WebSite","@id":"https:\/\/wellbeingtourism.com\/#website","url":"https:\/\/wellbeingtourism.com\/","name":"Wellbeing","description":"Discover our places &amp; hosts","potentialAction":[{"@type":"SearchAction","target":{"@type":"EntryPoint","urlTemplate":"https:\/\/wellbeingtourism.com\/?s={search_term_string}"},"query-input":{"@type":"PropertyValueSpecification","valueRequired":true,"valueName":"search_term_string"}}],"inLanguage":"de-DE"}]}},"_links":{"self":[{"href":"https:\/\/wellbeingtourism.com\/de\/wp-json\/wp\/v2\/pages\/11480","targetHints":{"allow":["GET"]}}],"collection":[{"href":"https:\/\/wellbeingtourism.com\/de\/wp-json\/wp\/v2\/pages"}],"about":[{"href":"https:\/\/wellbeingtourism.com\/de\/wp-json\/wp\/v2\/types\/page"}],"author":[{"embeddable":true,"href":"https:\/\/wellbeingtourism.com\/de\/wp-json\/wp\/v2\/users\/1"}],"replies":[{"embeddable":true,"href":"https:\/\/wellbeingtourism.com\/de\/wp-json\/wp\/v2\/comments?post=11480"}],"version-history":[{"count":14,"href":"https:\/\/wellbeingtourism.com\/de\/wp-json\/wp\/v2\/pages\/11480\/revisions"}],"predecessor-version":[{"id":27491,"href":"https:\/\/wellbeingtourism.com\/de\/wp-json\/wp\/v2\/pages\/11480\/revisions\/27491"}],"wp:featuredmedia":[{"embeddable":true,"href":"https:\/\/wellbeingtourism.com\/de\/wp-json\/wp\/v2\/media\/9175"}],"wp:attachment":[{"href":"https:\/\/wellbeingtourism.com\/de\/wp-json\/wp\/v2\/media?parent=11480"}],"curies":[{"name":"wp","href":"https:\/\/api.w.org\/{rel}","templated":true}]}}