{"id":11097,"date":"2021-05-15T08:16:45","date_gmt":"2021-05-15T08:16:45","guid":{"rendered":"https:\/\/wellbeingtourism.com\/register\/"},"modified":"2022-04-26T15:01:09","modified_gmt":"2022-04-26T15:01:09","slug":"register","status":"publish","type":"page","link":"https:\/\/wellbeingtourism.com\/de\/register\/","title":{"rendered":"Registrierung f\u00fcr Wohlf\u00fchlunternehmen"},"content":{"rendered":"\n<h2 class=\"wp-block-heading\">Registrieren Sie sich und erstellen Sie ein kostenloses Konto <\/h2>\n\n\n\n<p><br><\/p>\n\n\n\n<p>Wir freuen uns, dass Sie Teil der Wellbeing-Community werden m\u00f6chten. Geben Sie die Details in das Formular ein, um loszulegen.<\/p>\n\n\n\n<p>Wenn Sie sich bewerten und auf dem Wohlf\u00fchlatlas platzieren lassen m\u00f6chten, geben Sie alle Informationen zu Ihrem Unternehmen ein.<\/p>\n\n\n\n<p>Ihr Konto ist absolut sicher, wir speichern weder Passw\u00f6rter noch Benutzernamen in unseren Datenbanken ab.<\/p>\n\n\n\n<p><span style=\"color: #dc6016;\">* Pflichtpfeld<\/span><\/p>\n\n\n<link rel='stylesheet' id='formidable-css' href='https:\/\/wellbeingtourism.com\/app\/plugins\/formidable\/css\/formidableforms.css?ver=3101057' type='text\/css' media='all' \/>\n<div class=\"frm_forms  with_frm_style frm_style_formidable-style\" id=\"frm_form_4_container\" >\n<form enctype=\"multipart\/form-data\" method=\"post\" class=\"frm-show-form \" id=\"form_registrationform\" >\n<div class=\"frm_form_fields \">\n<fieldset>\n<legend class=\"frm_screen_reader\">Registration Form<\/legend>\r\n\r\n<div class=\"frm_fields_container\">\n<input type=\"hidden\" name=\"frm_action\" value=\"create\" \/>\n<input type=\"hidden\" name=\"form_id\" value=\"4\" \/>\n<input type=\"hidden\" name=\"frm_hide_fields_4\" id=\"frm_hide_fields_4\" value=\"\" \/>\n<input type=\"hidden\" name=\"form_key\" value=\"registrationform\" \/>\n<input type=\"hidden\" name=\"item_meta[0]\" value=\"\" \/>\n<input type=\"hidden\" id=\"frm_submit_entry_4\" name=\"frm_submit_entry_4\" value=\"e2dd34be7f\" \/><input type=\"hidden\" name=\"_wp_http_referer\" value=\"\/de\/wp-json\/wp\/v2\/pages\/11097\" \/><input type=\"hidden\" id=\"field_oyq4a\" name=\"item_meta[857]\" value=\"de\"  data-frmval=\"de\"  \/><div id=\"frm_field_862_container\" class=\"frm_form_field form-field  frm_top_container\">\r\n    <label for=\"field_7jxj0\" id=\"field_7jxj0_label\" class=\"frm_primary_label\">Status\r\n        <span class=\"frm_required\" aria-hidden=\"true\"><\/span>\r\n    <\/label>\r\n    \t\t<select name=\"item_meta[862]\" id=\"field_7jxj0\"  data-frmval=\"draft\" data-invmsg=\"Status is invalid\" aria-invalid=\"false\"  >\n\t\t<option  value=\"draft\" selected='selected'>Draft<\/option><option  value=\"pending\">Pending Review<\/option><option  value=\"private\">Private<\/option><option  value=\"publish\">Published<\/option><option  value=\"future\">Scheduled<\/option>\t<\/select>\n\t\r\n    <div class=\"frm_description\" id=\"frm_desc_field_7jxj0\">Only visible to admin and used for the company business status.<\/div>\r\n    \r\n<\/div>\n<div id=\"frm_field_51_container\" class=\"frm_form_field form-field  frm_required_field frm_top_container\">\r\n    <label for=\"field_hi7ah\" id=\"field_hi7ah_label\" class=\"frm_primary_label\"><b>Kontoname<\/b> (Ihr Firmenname)\r\n        <span class=\"frm_required\" aria-hidden=\"true\">*<\/span>\r\n    <\/label>\r\n    <input type=\"text\" id=\"field_hi7ah\" name=\"item_meta[51]\" value=\"\"  data-reqmsg=\"Kontoname ist erforderlich\" aria-required=\"true\" data-invmsg=\"Text is invalid\" aria-invalid=\"false\"  \/>\r\n    \r\n    \r\n<\/div>\n<div id=\"frm_field_53_container\" class=\"frm_form_field form-field  frm_required_field frm_top_container\">\r\n    <label for=\"field_atx8t\" id=\"field_atx8t_label\" class=\"frm_primary_label\"><b>Legen Sie ein Passwort fest<\/b> (mindestens 8 Zeichen)\r\n        <span class=\"frm_required\" aria-hidden=\"true\">*<\/span>\r\n    <\/label>\r\n   <label class=\"frm_primary_label confirm-pass\"><b>Confirm password<\/b><\/label>\r\n    <input type=\"text\" id=\"field_atx8t\" name=\"item_meta[53]\" value=\"\"  data-reqmsg=\"Passwort wird ben\u00f6tigt\" aria-required=\"true\" data-invmsg=\"Password is invalid\" aria-invalid=\"false\"  \/>\r\n    \r\n<\/div>\n<div id=\"frm_field_54_container\" class=\"frm_form_field form-field  frm_required_field frm_top_container\">\r\n    <label for=\"field_yzlxc\" id=\"field_yzlxc_label\" class=\"frm_primary_label\"><b>Ansprechpartner<\/b> (Name) \r\n        <span class=\"frm_required\" aria-hidden=\"true\">*<\/span>\r\n    <\/label>\r\n    <input type=\"text\" id=\"field_yzlxc\" name=\"item_meta[54]\" value=\"\"  data-reqmsg=\"Ansprechpartner erforderlich\" aria-required=\"true\" data-invmsg=\"Text is invalid\" aria-invalid=\"false\"  \/>\r\n    \r\n    \r\n<\/div>\n<div id=\"frm_field_56_container\" class=\"frm_form_field form-field  frm_required_field frm_top_container\">\r\n    <label for=\"field_o78om\" id=\"field_o78om_label\" class=\"frm_primary_label\"><b>Interne E-Mail Adresse<\/b>\r\n        <span class=\"frm_required\" aria-hidden=\"true\">*<\/span>\r\n    <\/label>\r\n    <input type=\"email\" id=\"field_o78om\" name=\"item_meta[56]\" value=\"\"  data-reqmsg=\"Diese E-Mail ist erforderlich\" aria-required=\"true\" data-invmsg=\"Email is invalid\" aria-invalid=\"false\"   aria-describedby=\"frm_desc_field_o78om\"\/>\r\n    <div class=\"frm_description\" id=\"frm_desc_field_o78om\">Newsletter und Informationen \u00fcber die Website<\/div>\r\n    \r\n<\/div>\n<div id=\"frm_field_58_container\" class=\"frm_form_field form-field  frm_required_field frm_top_container\">\r\n    <label for=\"field_e3go3\" id=\"field_e3go3_label\" class=\"frm_primary_label\"><b>Beschreiben Sie Ihr Unternehmen<\/b>\r\n        <span class=\"frm_required\" aria-hidden=\"true\">*<\/span>\r\n    <\/label>\r\n    <textarea name=\"item_meta[58]\" id=\"field_e3go3\" rows=\"5\"  data-reqmsg=\"Dieses Feld wird ben\u00f6tigt\" aria-required=\"true\" data-invmsg=\"&lt;b&gt;Beschreiben Sie Ihr Unternehmen&lt;\/b&gt; is invalid\" maxlength=\"400\" aria-invalid=\"false\"   aria-describedby=\"frm_desc_field_e3go3\"><\/textarea>\r\n    <div class=\"frm_description\" id=\"frm_desc_field_e3go3\">Maximal 400 Zeichen<\/div>\r\n    \r\n<\/div>\n<div id=\"frm_field_60_container\" class=\"frm_form_field form-field  frm_top_container take-a-chance vertical_radio\">\r\n    <div  id=\"field_ro5zj_label\" class=\"frm_primary_label\"><h4>Nutzen Sie die Gelegenheit, Ihr Unternehmen zu bewerten<\/h4>\r\n        <span class=\"frm_required\" aria-hidden=\"true\"><\/span>\r\n    <\/div>\r\n    <div class=\"frm_opt_container\" aria-labelledby=\"field_ro5zj_label\" role=\"radiogroup\">\t\t<div class=\"frm_radio\" id=\"frm_radio_60-0\">\t\t\t<label  for=\"field_ro5zj-0\">\n\t\t\t\t\t<input type=\"radio\" name=\"item_meta[60]\" id=\"field_ro5zj-0\" value=\"Ja\"\n\t\t data-invmsg=\"&lt;h4&gt;Nutzen Sie die Gelegenheit, Ihr Unternehmen zu bewerten&lt;\/h4&gt; is invalid\"   \/> Ja<\/label><\/div>\n\t\t<div class=\"frm_radio\" id=\"frm_radio_60-1\">\t\t\t<label  for=\"field_ro5zj-1\">\n\t\t\t\t\t<input type=\"radio\" name=\"item_meta[60]\" id=\"field_ro5zj-1\" value=\"Nein\"\n\t\t data-invmsg=\"&lt;h4&gt;Nutzen Sie die Gelegenheit, Ihr Unternehmen zu bewerten&lt;\/h4&gt; is invalid\"   \/> Nein<\/label><\/div>\n<\/div>\r\n    <div class=\"frm_description\" id=\"frm_desc_field_ro5zj\">Durch das Hinzuf\u00fcgen Ihrer Adresse und zus\u00e4tzlichen Informationen k\u00f6nnen Sie Ihr Unternehmen bewerten und im Wohlf\u00fchlatlas eintragen lassen und Besucher an Ihren Standort locken.<\/div>\r\n    \r\n<\/div>\n<div id=\"frm_field_61_container\" class=\"frm_form_field  more-info-reg frm_html_container form-field\">\n<h3>Mehr Informationen<\/h3>\n<p>Diese Informationen werden verwendet, wenn Ihr Unternehmen im Wellbeing-Atlas angezeigt wird.<\/p><\/div>\n<div class=\"address-destination-holder\">\r\n<div id=\"frm_field_73_container\" class=\"frm_form_field form-field  frm_top_container frm12\">\r\n    <label for=\"field_autocomplete\" id=\"field_autocomplete_label\" class=\"frm_primary_label\">Adresse (Standort)\r\n        <span class=\"frm_required\" aria-hidden=\"true\"><\/span>\r\n    <\/label>\r\n    <input type=\"text\" id=\"field_autocomplete\" name=\"item_meta[73]\" value=\"\"  style=\"width:100%\" placeholder=\"Stra\u00dfe\" data-invmsg=\"Text is invalid\" class=\"auto_width\" aria-invalid=\"false\"  \/>\r\n    \r\n    \r\n<\/div>\n<div id=\"frm_field_75_container\" class=\"frm_form_field form-field  frm_top_container frm12\">\r\n    <label for=\"field_street_number\" id=\"field_street_number_label\" class=\"frm_primary_label\">\r\n        <span class=\"frm_required\" aria-hidden=\"true\"><\/span>\r\n    <\/label>\r\n    <input type=\"text\" id=\"field_street_number\" name=\"item_meta[75]\" value=\"\"  style=\"width:100%\" placeholder=\"Weitere Informationen\" data-invmsg=\"Text is invalid\" class=\"auto_width\" aria-invalid=\"false\"  \/>\r\n    \r\n    \r\n<\/div>\n<input type=\"hidden\" id=\"field_route\" name=\"item_meta[82]\" value=\"\"    \/><div id=\"frm_field_80_container\" class=\"frm_form_field form-field  frm_top_container frm_two_thirds\">\r\n    <label for=\"field_locality\" id=\"field_locality_label\" class=\"frm_primary_label\">\r\n        <span class=\"frm_required\" aria-hidden=\"true\"><\/span>\r\n    <\/label>\r\n    <input type=\"text\" id=\"field_locality\" name=\"item_meta[80]\" value=\"\"  placeholder=\"Stadt\" data-invmsg=\"Text is invalid\" aria-invalid=\"false\"  \/>\r\n    \r\n    \r\n<\/div>\n<div id=\"frm_field_78_container\" class=\"frm_form_field form-field  frm_top_container frm_third\">\r\n    <label for=\"field_postal_code\" id=\"field_postal_code_label\" class=\"frm_primary_label\">\r\n        <span class=\"frm_required\" aria-hidden=\"true\"><\/span>\r\n    <\/label>\r\n    <input type=\"text\" id=\"field_postal_code\" name=\"item_meta[78]\" value=\"\"  placeholder=\"Postleitzahl\" data-invmsg=\"Text is invalid\" aria-invalid=\"false\"  \/>\r\n    \r\n    \r\n<\/div>\n<input type=\"hidden\" id=\"field_administrative_area_level_1\" name=\"item_meta[79]\" value=\"\"    \/><div id=\"frm_field_76_container\" class=\"frm_form_field form-field  frm_top_container frm12\">\r\n    <label for=\"field_country\" id=\"field_country_label\" class=\"frm_primary_label\">\r\n        <span class=\"frm_required\" aria-hidden=\"true\"><\/span>\r\n    <\/label>\r\n    <input type=\"text\" id=\"field_country\" name=\"item_meta[76]\" value=\"\"  placeholder=\"Land\" data-invmsg=\"Text is invalid\" aria-invalid=\"false\"  \/>\r\n    \r\n    \r\n<\/div>\r\n<\/div>\n<div id=\"frm_field_63_container\" class=\"frm_form_field  with-orange-bg frm_html_container form-field\">Momentan ist der Atlas regional begrenzt. Wir k\u00f6nnen Ihr Unternehmen m\u00f6glicherweise noch nicht auf der Karte anzeigen. Sie k\u00f6nnen die Informationen immer noch eingeben und wir werden hart daran arbeiten, Ihre Region dem Atlas hinzuzuf\u00fcgen.<\/div>\n<div id=\"frm_field_64_container\" class=\"frm_form_field form-field  frm_top_container\">\r\n    <label for=\"field_lvjhd\" id=\"field_lvjhd_label\" class=\"frm_primary_label\">E-Mail-Adresse des Unternehmens\r\n        <span class=\"frm_required\" aria-hidden=\"true\"><\/span>\r\n    <\/label>\r\n    <input type=\"email\" id=\"field_lvjhd\" name=\"item_meta[64]\" value=\"\"  data-invmsg=\"Email is invalid\" aria-invalid=\"false\"   aria-describedby=\"frm_desc_field_lvjhd\"\/>\r\n    <div class=\"frm_description\" id=\"frm_desc_field_lvjhd\">E-Mail-Adresse, die auf der Website f\u00fcr die Buchung usw. verwendet wird.<\/div>\r\n    \r\n<\/div>\n<div id=\"frm_field_65_container\" class=\"frm_form_field form-field  frm_top_container\">\r\n    <label for=\"field_sxkbo\" id=\"field_sxkbo_label\" class=\"frm_primary_label\">Telefonnummer\r\n        <span class=\"frm_required\" aria-hidden=\"true\"><\/span>\r\n    <\/label>\r\n    <input type=\"tel\" id=\"field_sxkbo\" name=\"item_meta[65]\" value=\"\"  data-invmsg=\"Phone is invalid\" aria-invalid=\"false\" pattern=\"((\\+\\d{1,3}(-|.| )?\\(?\\d\\)?(-| |.)?\\d{1,5})|(\\(?\\d{2,6}\\)?))(-|.| )?(\\d{3,4})(-|.| )?(\\d{4})(( x| ext)\\d{1,5}){0,1}$\"   aria-describedby=\"frm_desc_field_sxkbo\"\/>\r\n    <div class=\"frm_description\" id=\"frm_desc_field_sxkbo\">Telefonnummer, die auf der Website f\u00fcr die Buchung usw.<\/div>\r\n    \r\n<\/div>\n<div id=\"frm_field_66_container\" class=\"frm_form_field form-field  frm_top_container\">\r\n    <label for=\"field_mdkcl\" id=\"field_mdkcl_label\" class=\"frm_primary_label\">Telefonnummer\r\n        <span class=\"frm_required\" aria-hidden=\"true\"><\/span>\r\n    <\/label>\r\n    <input type=\"tel\" id=\"field_mdkcl\" name=\"item_meta[66]\" value=\"\"  data-invmsg=\"Phone is invalid\" aria-invalid=\"false\" pattern=\"((\\+\\d{1,3}(-|.| )?\\(?\\d\\)?(-| |.)?\\d{1,5})|(\\(?\\d{2,6}\\)?))(-|.| )?(\\d{3,4})(-|.| )?(\\d{4})(( x| ext)\\d{1,5}){0,1}$\"   aria-describedby=\"frm_desc_field_mdkcl\"\/>\r\n    <div class=\"frm_description\" id=\"frm_desc_field_mdkcl\">Alternative Telefonnummer<\/div>\r\n    \r\n<\/div>\n<div id=\"frm_field_67_container\" class=\"frm_form_field form-field  frm_top_container\">\r\n    <label for=\"field_popun\" id=\"field_popun_label\" class=\"frm_primary_label\">Website\r\n        <span class=\"frm_required\" aria-hidden=\"true\"><\/span>\r\n    <\/label>\r\n    <input type=\"url\" id=\"field_popun\" name=\"item_meta[67]\" value=\"\"  placeholder=\"https:\/\/\" data-invmsg=\"Website\/URL is invalid\" aria-invalid=\"false\"  \/>\r\n    \r\n    \r\n<\/div>\n<div id=\"frm_field_69_container\" class=\"frm_form_field form-field  frm_required_field frm_top_container transparent-bg-without-padding vertical_radio\">\r\n    <div  id=\"field_wdxrd_label\" class=\"frm_primary_label\">\r\n        <span class=\"frm_required\" aria-hidden=\"true\">*<\/span>\r\n    <\/div>\r\n    <div class=\"frm_opt_container\" aria-labelledby=\"field_wdxrd_label\" role=\"group\">\t\t<div class=\"frm_checkbox\" id=\"frm_checkbox_69-0\">\t\t\t<label  for=\"field_wdxrd-0\">\n\t\t\t<input type=\"checkbox\" name=\"item_meta[69][]\" id=\"field_wdxrd-0\" value=\"Ich stimme den &lt;a href=&quot;\/de\/terms-conditions\/&quot;&gt; Nutzungsbedingungen&lt;\/a&gt; dieser Seite zu\"  data-reqmsg=\"Dieses Feld wird ben\u00f6tigt\" data-invmsg=\"This field is invalid\"   aria-required=\"true\"  \/> Ich stimme den <a href=\"\/de\/terms-conditions\/\"> Nutzungsbedingungen<\/a> dieser Seite zu<\/label><\/div>\n\t\t<div class=\"frm_checkbox\" id=\"frm_checkbox_69-1\">\t\t\t<label  for=\"field_wdxrd-1\">\n\t\t\t<input type=\"checkbox\" name=\"item_meta[69][]\" id=\"field_wdxrd-1\" value=\"F\u00fcgen Sie mich zum Newsletter hinzu\"  data-reqmsg=\"Dieses Feld wird ben\u00f6tigt\" data-invmsg=\"This field is invalid\"   \/> F\u00fcgen Sie mich zum Newsletter hinzu<\/label><\/div>\n<\/div>\r\n    \r\n    \r\n<\/div>\n<input type=\"hidden\" name=\"item_meta[71]\" id=\"field_r1omc\" value=\"\" data-frmval=\"\"\/>\n\t<input type=\"hidden\" name=\"item_key\" value=\"\" \/>\n\t\t\t<div id=\"frm_field_1293_container\">\n\t\t\t<label for=\"field_w38ir\" >\n\t\t\t\tIf you are human, leave this field blank.\t\t\t<\/label>\n\t\t\t<input  id=\"field_w38ir\" type=\"text\" class=\"frm_form_field form-field frm_verify\" name=\"item_meta[1293]\" value=\"\"  \/>\n\t\t<\/div>\n\t\t<input type=\"hidden\" name=\"frm_register[email]\" value=\"56\"\/><input type=\"hidden\" name=\"frm_register[username]\" value=\"51\"\/><input type=\"hidden\" name=\"frm_register[password]\" value=\"53\"\/><input type=\"hidden\" name=\"frm_register[subsite_title]\" value=\"username\"\/><input type=\"hidden\" name=\"frm_register[subsite_domain]\" value=\"blog_title\"\/><script>\r\n      \/\/ This example displays an address form, using the autocomplete feature\r\n      \/\/ of the Google Places API to help users fill in the information.\r\n \r\n      \/\/ This example requires the Places library. Include the libraries=places\r\n      \/\/ parameter when you first load the API. For example:\r\n      \/\/ <script src=\"https:\/\/maps.googleapis.com\/maps\/api\/js?key=YOUR_API_KEY&#038;libraries=places\">\r\n \r\n      var placeSearch, autocomplete;\r\n      var componentForm = {\r\n        street_number: 'short_name',\r\n        route: 'long_name',\r\n        locality: 'long_name',\r\n        administrative_area_level_1: 'short_name',\r\n        country: 'long_name',\r\n        postal_code: 'short_name'\r\n      };\r\n \r\n      function initAutocomplete() {\r\n        \/\/ Create the autocomplete object, restricting the search to geographical\r\n        \/\/ location types.\r\n        autocomplete = new google.maps.places.Autocomplete(\r\n            \/** @type {!HTMLInputElement} *\/(document.getElementById('field_autocomplete'))\r\n            );\r\n \r\n        \/\/ When the user selects an address from the dropdown, populate the address\r\n        \/\/ fields in the form.\r\n        autocomplete.addListener('place_changed', fillInAddress);\r\n      }\r\n \r\n      function fillInAddress() {\r\n        \/\/ Get the place details from the autocomplete object.\r\n        var place = autocomplete.getPlace();\r\n \r\n        \/\/ Get each component of the address from the place details\r\n        \/\/ and fill the corresponding field on the form.\r\n        for (var i = 0; i < place.address_components.length; i++) {\r\n          var addressType = place.address_components[i].types[0];\r\n          if (componentForm[addressType]) {\r\n            var val = place.address_components[i][componentForm[addressType]];\r\n            document.getElementById('field_' + addressType).value = val;\r\n          }\r\n        }\r\n      }\r\n \r\n      \/\/ Bias the autocomplete object to the user's geographical location,\r\n      \/\/ as supplied by the browser's 'navigator.geolocation' object.\r\n      function geolocate() {\r\n        if (navigator.geolocation) {\r\n          navigator.geolocation.getCurrentPosition(function(position) {\r\n            var geolocation = {\r\n              lat: position.coords.latitude,\r\n              lng: position.coords.longitude\r\n            };\r\n            var circle = new google.maps.Circle({\r\n              center: geolocation,\r\n              radius: position.coords.accuracy\r\n            });\r\n            autocomplete.setBounds(circle.getBounds());\r\n          });\r\n        }\r\n      }\r\n    <\/script>\r\n    <script src=\"https:\/\/maps.googleapis.com\/maps\/api\/js?key=AIzaSyBBtK1X-MkBkth3WoNEK9iIsLIBq9g7awI&#038;libraries=places&#038;callback=initAutocomplete\" async defer><\/script><div class=\"frm_submit\">\r\n\r\n<button class=\"frm_button_submit\" type=\"submit\"  >Best\u00e4tigen und fortfahren<\/button>\r\n\r\n<\/div><\/div>\n<\/fieldset>\n<\/div>\n\n<\/form>\n<\/div>\n","protected":false},"excerpt":{"rendered":"<p>Registrieren Sie sich und erstellen Sie ein kostenloses Konto Wir freuen uns, dass Sie Teil der Wellbeing-Community werden m\u00f6chten. Geben Sie die Details in das Formular ein, um loszulegen. Wenn Sie sich bewerten und auf dem Wohlf\u00fchlatlas platzieren lassen m\u00f6chten, geben Sie alle Informationen zu Ihrem Unternehmen ein. Ihr Konto ist absolut sicher, wir speichern [&hellip;]<\/p>\n","protected":false},"author":1,"featured_media":9667,"parent":0,"menu_order":113,"comment_status":"closed","ping_status":"closed","template":"register-template.php","meta":{"_acf_changed":false,"footnotes":""},"class_list":["post-11097","page","type-page","status-publish","has-post-thumbnail","hentry"],"acf":[],"yoast_head":"<!-- This site is optimized with the Yoast SEO plugin v27.1.1 - https:\/\/yoast.com\/product\/yoast-seo-wordpress\/ -->\n<title>Registrierung f\u00fcr Wohlf\u00fchlunternehmen - Wellbeing<\/title>\n<meta name=\"robots\" content=\"index, follow, max-snippet:-1, max-image-preview:large, max-video-preview:-1\" \/>\n<link rel=\"canonical\" href=\"https:\/\/wellbeingtourism.com\/de\/register\/\" \/>\n<meta property=\"og:locale\" content=\"de_DE\" \/>\n<meta property=\"og:type\" content=\"article\" \/>\n<meta property=\"og:title\" content=\"Registrierung f\u00fcr Wohlf\u00fchlunternehmen - Wellbeing\" \/>\n<meta property=\"og:description\" content=\"Registrieren Sie sich und erstellen Sie ein kostenloses Konto Wir freuen uns, dass Sie Teil der Wellbeing-Community werden m\u00f6chten. Geben Sie die Details in das Formular ein, um loszulegen. Wenn Sie sich bewerten und auf dem Wohlf\u00fchlatlas platzieren lassen m\u00f6chten, geben Sie alle Informationen zu Ihrem Unternehmen ein. Ihr Konto ist absolut sicher, wir speichern [&hellip;]\" \/>\n<meta property=\"og:url\" content=\"https:\/\/wellbeingtourism.com\/de\/register\/\" \/>\n<meta property=\"og:site_name\" content=\"Wellbeing\" \/>\n<meta property=\"article:modified_time\" content=\"2022-04-26T15:01:09+00:00\" \/>\n<meta property=\"og:image\" content=\"https:\/\/wellbeingtourism.com\/app\/uploads\/2021\/07\/image-31.png\" \/>\n\t<meta property=\"og:image:width\" content=\"1440\" \/>\n\t<meta property=\"og:image:height\" content=\"308\" \/>\n\t<meta property=\"og:image:type\" content=\"image\/png\" \/>\n<meta name=\"twitter:card\" content=\"summary_large_image\" \/>\n<meta name=\"twitter:label1\" content=\"Est. reading time\" \/>\n\t<meta name=\"twitter:data1\" content=\"1 minute\" \/>\n<script type=\"application\/ld+json\" class=\"yoast-schema-graph\">{\"@context\":\"https:\/\/schema.org\",\"@graph\":[{\"@type\":\"WebPage\",\"@id\":\"https:\/\/wellbeingtourism.com\/de\/register\/\",\"url\":\"https:\/\/wellbeingtourism.com\/de\/register\/\",\"name\":\"Registrierung f\u00fcr Wohlf\u00fchlunternehmen - Wellbeing\",\"isPartOf\":{\"@id\":\"https:\/\/wellbeingtourism.com\/#website\"},\"primaryImageOfPage\":{\"@id\":\"https:\/\/wellbeingtourism.com\/de\/register\/#primaryimage\"},\"image\":{\"@id\":\"https:\/\/wellbeingtourism.com\/de\/register\/#primaryimage\"},\"thumbnailUrl\":\"https:\/\/wellbeingtourism.com\/app\/uploads\/2021\/07\/image-31.png\",\"datePublished\":\"2021-05-15T08:16:45+00:00\",\"dateModified\":\"2022-04-26T15:01:09+00:00\",\"breadcrumb\":{\"@id\":\"https:\/\/wellbeingtourism.com\/de\/register\/#breadcrumb\"},\"inLanguage\":\"de-DE\",\"potentialAction\":[{\"@type\":\"ReadAction\",\"target\":[\"https:\/\/wellbeingtourism.com\/de\/register\/\"]}]},{\"@type\":\"ImageObject\",\"inLanguage\":\"de-DE\",\"@id\":\"https:\/\/wellbeingtourism.com\/de\/register\/#primaryimage\",\"url\":\"https:\/\/wellbeingtourism.com\/app\/uploads\/2021\/07\/image-31.png\",\"contentUrl\":\"https:\/\/wellbeingtourism.com\/app\/uploads\/2021\/07\/image-31.png\",\"width\":1440,\"height\":308},{\"@type\":\"BreadcrumbList\",\"@id\":\"https:\/\/wellbeingtourism.com\/de\/register\/#breadcrumb\",\"itemListElement\":[{\"@type\":\"ListItem\",\"position\":1,\"name\":\"Home\",\"item\":\"https:\/\/wellbeingtourism.com\/de\/\"},{\"@type\":\"ListItem\",\"position\":2,\"name\":\"Registrierung f\u00fcr Wohlf\u00fchlunternehmen\"}]},{\"@type\":\"WebSite\",\"@id\":\"https:\/\/wellbeingtourism.com\/#website\",\"url\":\"https:\/\/wellbeingtourism.com\/\",\"name\":\"Wellbeing\",\"description\":\"Discover our places &amp; hosts\",\"potentialAction\":[{\"@type\":\"SearchAction\",\"target\":{\"@type\":\"EntryPoint\",\"urlTemplate\":\"https:\/\/wellbeingtourism.com\/?s={search_term_string}\"},\"query-input\":{\"@type\":\"PropertyValueSpecification\",\"valueRequired\":true,\"valueName\":\"search_term_string\"}}],\"inLanguage\":\"de-DE\"}]}<\/script>\n<!-- \/ Yoast SEO plugin. -->","yoast_head_json":{"title":"Registrierung f\u00fcr Wohlf\u00fchlunternehmen - Wellbeing","robots":{"index":"index","follow":"follow","max-snippet":"max-snippet:-1","max-image-preview":"max-image-preview:large","max-video-preview":"max-video-preview:-1"},"canonical":"https:\/\/wellbeingtourism.com\/de\/register\/","og_locale":"de_DE","og_type":"article","og_title":"Registrierung f\u00fcr Wohlf\u00fchlunternehmen - Wellbeing","og_description":"Registrieren Sie sich und erstellen Sie ein kostenloses Konto Wir freuen uns, dass Sie Teil der Wellbeing-Community werden m\u00f6chten. Geben Sie die Details in das Formular ein, um loszulegen. Wenn Sie sich bewerten und auf dem Wohlf\u00fchlatlas platzieren lassen m\u00f6chten, geben Sie alle Informationen zu Ihrem Unternehmen ein. Ihr Konto ist absolut sicher, wir speichern [&hellip;]","og_url":"https:\/\/wellbeingtourism.com\/de\/register\/","og_site_name":"Wellbeing","article_modified_time":"2022-04-26T15:01:09+00:00","og_image":[{"width":1440,"height":308,"url":"https:\/\/wellbeingtourism.com\/app\/uploads\/2021\/07\/image-31.png","type":"image\/png"}],"twitter_card":"summary_large_image","twitter_misc":{"Est. reading time":"1 minute"},"schema":{"@context":"https:\/\/schema.org","@graph":[{"@type":"WebPage","@id":"https:\/\/wellbeingtourism.com\/de\/register\/","url":"https:\/\/wellbeingtourism.com\/de\/register\/","name":"Registrierung f\u00fcr Wohlf\u00fchlunternehmen - Wellbeing","isPartOf":{"@id":"https:\/\/wellbeingtourism.com\/#website"},"primaryImageOfPage":{"@id":"https:\/\/wellbeingtourism.com\/de\/register\/#primaryimage"},"image":{"@id":"https:\/\/wellbeingtourism.com\/de\/register\/#primaryimage"},"thumbnailUrl":"https:\/\/wellbeingtourism.com\/app\/uploads\/2021\/07\/image-31.png","datePublished":"2021-05-15T08:16:45+00:00","dateModified":"2022-04-26T15:01:09+00:00","breadcrumb":{"@id":"https:\/\/wellbeingtourism.com\/de\/register\/#breadcrumb"},"inLanguage":"de-DE","potentialAction":[{"@type":"ReadAction","target":["https:\/\/wellbeingtourism.com\/de\/register\/"]}]},{"@type":"ImageObject","inLanguage":"de-DE","@id":"https:\/\/wellbeingtourism.com\/de\/register\/#primaryimage","url":"https:\/\/wellbeingtourism.com\/app\/uploads\/2021\/07\/image-31.png","contentUrl":"https:\/\/wellbeingtourism.com\/app\/uploads\/2021\/07\/image-31.png","width":1440,"height":308},{"@type":"BreadcrumbList","@id":"https:\/\/wellbeingtourism.com\/de\/register\/#breadcrumb","itemListElement":[{"@type":"ListItem","position":1,"name":"Home","item":"https:\/\/wellbeingtourism.com\/de\/"},{"@type":"ListItem","position":2,"name":"Registrierung f\u00fcr Wohlf\u00fchlunternehmen"}]},{"@type":"WebSite","@id":"https:\/\/wellbeingtourism.com\/#website","url":"https:\/\/wellbeingtourism.com\/","name":"Wellbeing","description":"Discover our places &amp; hosts","potentialAction":[{"@type":"SearchAction","target":{"@type":"EntryPoint","urlTemplate":"https:\/\/wellbeingtourism.com\/?s={search_term_string}"},"query-input":{"@type":"PropertyValueSpecification","valueRequired":true,"valueName":"search_term_string"}}],"inLanguage":"de-DE"}]}},"_links":{"self":[{"href":"https:\/\/wellbeingtourism.com\/de\/wp-json\/wp\/v2\/pages\/11097","targetHints":{"allow":["GET"]}}],"collection":[{"href":"https:\/\/wellbeingtourism.com\/de\/wp-json\/wp\/v2\/pages"}],"about":[{"href":"https:\/\/wellbeingtourism.com\/de\/wp-json\/wp\/v2\/types\/page"}],"author":[{"embeddable":true,"href":"https:\/\/wellbeingtourism.com\/de\/wp-json\/wp\/v2\/users\/1"}],"replies":[{"embeddable":true,"href":"https:\/\/wellbeingtourism.com\/de\/wp-json\/wp\/v2\/comments?post=11097"}],"version-history":[{"count":3,"href":"https:\/\/wellbeingtourism.com\/de\/wp-json\/wp\/v2\/pages\/11097\/revisions"}],"predecessor-version":[{"id":26806,"href":"https:\/\/wellbeingtourism.com\/de\/wp-json\/wp\/v2\/pages\/11097\/revisions\/26806"}],"wp:featuredmedia":[{"embeddable":true,"href":"https:\/\/wellbeingtourism.com\/de\/wp-json\/wp\/v2\/media\/9667"}],"wp:attachment":[{"href":"https:\/\/wellbeingtourism.com\/de\/wp-json\/wp\/v2\/media?parent=11097"}],"curies":[{"name":"wp","href":"https:\/\/api.w.org\/{rel}","templated":true}]}}