{"id":11629,"date":"2020-12-15T12:29:30","date_gmt":"2020-12-15T12:29:30","guid":{"rendered":"https:\/\/wellbeingtourism.com\/routes\/"},"modified":"2022-08-22T13:35:06","modified_gmt":"2022-08-22T13:35:06","slug":"routes","status":"publish","type":"page","link":"https:\/\/wellbeingtourism.com\/da\/routes\/","title":{"rendered":"Wellbeing routes"},"content":{"rendered":"<div class=\"slide-image-and-text\">\r\n<div class=\"slide-images\">\r\n            <div id=\"slider-topblock_5fedae181ea23\" class=\"slider-top\">\r\n            <div class=\"header-image\">\r\n                <img src='https:\/\/wellbeingtourism.com\/app\/uploads\/2020\/12\/image-30-1.png' alt='Slide Image'>                <div class=\"container\">\r\n                    <div class=\"slider-text\">\r\n                        <div class=\"small-text\"><h1>#WellbeingVacation<\/h1>\n<p>The South Baltic Region have a beautiful and magnificent nature and it is rich of cultural heritage just waiting to be explored during your next vacation, weekend or trip. Wellbeing is well doing for body, mind, soul, environment, society and for the economy &#8211; for you as well for all others!<\/p>\n<\/div>\r\n                    <\/div>\r\n                <\/div>\r\n            <\/div> \r\n        <\/div>\r\n\r\n   <\/div>\r\n<img decoding=\"async\" class=\"lotus-bottom\" src=\"https:\/\/wellbeingtourism.com\/app\/themes\/wellbeing\/images\/Lotus.png\">\r\n<\/div>\n\n<div class=\"tours-order\">\r\n    <!-- <img decoding=\"async\" class=\"lotus-top\" src=\"app\/themes\/wellbeing\/images\/Lotus.png\"> -->\r\n            <div class=\"places-title\"><h2>Take a wellbeing tour <\/h2><\/div>\r\n                <div class=\"places-description\">Explore your wellbeing destination. Traveling is about experiences, recovery, enjoyment, feeling harmony, happiness, excitement and whilst feeling good you can also be doing good. <br \/>\r\n<br \/>\r\nAround the South Baltic Region, you will find several designated routes that bring you wellbeing for the body, mind, and soul. These routes are specially designed and composed of points of interest, companies, and other seeworthy wellbeing places that take great care and consideration of the surrounding nature and its biodiversity, as well as for the people and communities nearby. <br \/>\r\n<br \/>\r\nThese carefully selected routes are meant to inspire you to experience honest wellbeing offers as sustainable possible. Indulge in our routes, find your favourite, and build your very own tours with our welcoming hosts and beautiful places.<\/div>\r\n            <div class=\"container\">\r\n        \r\n            <div class=\"row\">\r\n                                                                                 \r\n                            <div class=\"col-md-6 p-2\">\r\n                                                        <div class=\"places-holder-post\">\r\n                                    <a class=\"show-hover-excerpt\" href=\"https:\/\/wellbeingtourism.com\/da\/route\/wellbeing-i-naturen\/\">\r\n                                        <img loading=\"lazy\" decoding=\"async\" width=\"700\" height=\"500\" src=\"https:\/\/wellbeingtourism.com\/app\/uploads\/2020\/12\/ADayAtALake_Swe_PP7_JoannaKohnen2019-07-20-7-700x500.jpg\" class=\"attachment-home_page_thumb_route size-home_page_thumb_route wp-post-image\" alt=\"\" \/>                                        <div class=\"content-places-holder\">\r\n                                                                                            <h3>Wellbeing route for body, mind &#038; soul<\/h3>\r\n                                                                                                                                    <p class=\"display-hover\">\r\n                                                <span class=\"show-excerpt\">Route: Experience lush forests and mind-opening coastal landscapes on your own or together with our considerate wellbeing hosts. <\/span>\r\n                                            <\/p>\r\n                                                                                        <span class=\"arrow-go-places lnr lnr-chevron-right\"><\/span>\r\n\r\n                                            \r\n                                        <\/div>\r\n                                    <\/a>\r\n                                <\/div>\r\n                            <\/div>\r\n                                                                                                     \r\n                            <div class=\"col-md-6 p-2\">\r\n                                                        <div class=\"places-holder-post\">\r\n                                    <a class=\"show-hover-excerpt\" href=\"https:\/\/wellbeingtourism.com\/da\/route\/mills-discovery-route\/\">\r\n                                        <img loading=\"lazy\" decoding=\"async\" width=\"700\" height=\"500\" src=\"https:\/\/wellbeingtourism.com\/app\/uploads\/2021\/04\/IMG_8184-700x500.jpg\" class=\"attachment-home_page_thumb_route size-home_page_thumb_route wp-post-image\" alt=\"\" \/>                                        <div class=\"content-places-holder\">\r\n                                                                                            <h3>M\u00fchlen-Entdecker-Tour<\/h3>\r\n                                                                                                                                    <p class=\"display-hover\">\r\n                                                <span class=\"show-excerpt\">Route: The mill&#8217;s exploration route- explore the variety of mills in the Vogelparkregion Recknitztal.<\/span>\r\n                                            <\/p>\r\n                                                                                        <span class=\"arrow-go-places lnr lnr-chevron-right\"><\/span>\r\n\r\n                                            \r\n                                        <\/div>\r\n                                    <\/a>\r\n                                <\/div>\r\n                            <\/div>\r\n                                                                                                     \r\n                            <div class=\"col-md-6 p-2\">\r\n                                                        <div class=\"places-holder-post\">\r\n                                    <a class=\"show-hover-excerpt\" href=\"https:\/\/wellbeingtourism.com\/da\/route\/wellbeing-experiences-of-the-lithuanian-indian-summer\/\">\r\n                                        <img loading=\"lazy\" decoding=\"async\" width=\"700\" height=\"500\" src=\"https:\/\/wellbeingtourism.com\/app\/uploads\/2021\/11\/Neringos-papludimiai-rudeni-2-700x500.jpg\" class=\"attachment-home_page_thumb_route size-home_page_thumb_route wp-post-image\" alt=\"\" \/>                                        <div class=\"content-places-holder\">\r\n                                                                                            <h3>Wellbeing Experiences of the Lithuanian Indian Summer<\/h3>\r\n                                                                                                                                    <p class=\"display-hover\">\r\n                                                <span class=\"show-excerpt\">Route: Wellbeing Experiences of the Lithuanian Indian Summer.<\/span>\r\n                                            <\/p>\r\n                                                                                        <span class=\"arrow-go-places lnr lnr-chevron-right\"><\/span>\r\n\r\n                                            \r\n                                        <\/div>\r\n                                    <\/a>\r\n                                <\/div>\r\n                            <\/div>\r\n                                                                                                     \r\n                            <div class=\"col-md-6 p-2\">\r\n                                                        <div class=\"places-holder-post\">\r\n                                    <a class=\"show-hover-excerpt\" href=\"https:\/\/wellbeingtourism.com\/da\/route\/kashubian\/\">\r\n                                        <img loading=\"lazy\" decoding=\"async\" width=\"700\" height=\"500\" src=\"https:\/\/wellbeingtourism.com\/app\/uploads\/2021\/11\/DSC01156-700x500.jpg\" class=\"attachment-home_page_thumb_route size-home_page_thumb_route wp-post-image\" alt=\"\" \/>                                        <div class=\"content-places-holder\">\r\n                                                                                            <h3>Kaszubski spok\u00f3j<\/h3>\r\n                                                                                                                                    <p class=\"display-hover\">\r\n                                                <span class=\"show-excerpt\">Route: The Kashubian peace of mind route- be mesmerized by the characteristic landscape and exceptional beauty.<\/span>\r\n                                            <\/p>\r\n                                                                                        <span class=\"arrow-go-places lnr lnr-chevron-right\"><\/span>\r\n\r\n                                            \r\n                                        <\/div>\r\n                                    <\/a>\r\n                                <\/div>\r\n                            <\/div>\r\n                                                                                                     \r\n                            <div class=\"col-md-6 p-2\">\r\n                                                        <div class=\"places-holder-post\">\r\n                                    <a class=\"show-hover-excerpt\" href=\"https:\/\/wellbeingtourism.com\/da\/route\/discovering-the-historic-salt-road\/\">\r\n                                        <img loading=\"lazy\" decoding=\"async\" width=\"700\" height=\"500\" src=\"https:\/\/wellbeingtourism.com\/app\/uploads\/2021\/11\/IMG_7826-700x500.jpg\" class=\"attachment-home_page_thumb_route size-home_page_thumb_route wp-post-image\" alt=\"\" \/>                                        <div class=\"content-places-holder\">\r\n                                                                                            <h3>Die historische Salzstra\u00dfe<\/h3>\r\n                                                                                                                                    <p class=\"display-hover\">\r\n                                                <span class=\"show-excerpt\">Route: Discovering the historic salt road in Vogelparkregion Recknitztal.<\/span>\r\n                                            <\/p>\r\n                                                                                        <span class=\"arrow-go-places lnr lnr-chevron-right\"><\/span>\r\n\r\n                                            \r\n                                        <\/div>\r\n                                    <\/a>\r\n                                <\/div>\r\n                            <\/div>\r\n                                                                                                     \r\n                            <div class=\"col-md-6 p-2\">\r\n                                                        <div class=\"places-holder-post\">\r\n                                    <a class=\"show-hover-excerpt\" href=\"https:\/\/wellbeingtourism.com\/da\/route\/seaside-wellbeing-rendezvous-in-the-lithuanian-winter\/\">\r\n                                        <img loading=\"lazy\" decoding=\"async\" width=\"700\" height=\"500\" src=\"https:\/\/wellbeingtourism.com\/app\/uploads\/2021\/11\/maudynes-sniege-700x500.webp\" class=\"attachment-home_page_thumb_route size-home_page_thumb_route wp-post-image\" alt=\"\" \/>                                        <div class=\"content-places-holder\">\r\n                                                                                            <h3>Seaside wellbeing rendezvous in the Lithuanian winter<\/h3>\r\n                                                                                                                                    <p class=\"display-hover\">\r\n                                                <span class=\"show-excerpt\">Route: The winter season on the Lithuanian seaside offers serendipitous wellbeing opportunities.<\/span>\r\n                                            <\/p>\r\n                                                                                        <span class=\"arrow-go-places lnr lnr-chevron-right\"><\/span>\r\n\r\n                                            \r\n                                        <\/div>\r\n                                    <\/a>\r\n                                <\/div>\r\n                            <\/div>\r\n                                                                                                     \r\n                            <div class=\"col-md-6 p-2\">\r\n                                                        <div class=\"places-holder-post\">\r\n                                    <a class=\"show-hover-excerpt\" href=\"https:\/\/wellbeingtourism.com\/da\/route\/baltic-coastal-wellbeing-route\/\">\r\n                                        <img loading=\"lazy\" decoding=\"async\" width=\"700\" height=\"500\" src=\"https:\/\/wellbeingtourism.com\/app\/uploads\/2021\/11\/Jonines-Nidoje-2021-11-1-700x500.jpg\" class=\"attachment-home_page_thumb_route size-home_page_thumb_route wp-post-image\" alt=\"\" \/>                                        <div class=\"content-places-holder\">\r\n                                                                                            <h3>Darniojo sveikatingumo turizmo mar\u0161rutas Baltijos paj\u016bryje ir Kur\u0161i\u0173 pamaryje<\/h3>\r\n                                                                                                                                    <p class=\"display-hover\">\r\n                                                <span class=\"show-excerpt\">Route: Find your peace of mind along the Baltic coastal wellbeing route.<\/span>\r\n                                            <\/p>\r\n                                                                                        <span class=\"arrow-go-places lnr lnr-chevron-right\"><\/span>\r\n\r\n                                            \r\n                                        <\/div>\r\n                                    <\/a>\r\n                                <\/div>\r\n                            <\/div>\r\n                                                                                                     \r\n                            <div class=\"col-md-6 p-2\">\r\n                                                        <div class=\"places-holder-post\">\r\n                                    <a class=\"show-hover-excerpt\" href=\"https:\/\/wellbeingtourism.com\/da\/route\/beauty-of-nature\/\">\r\n                                        <img loading=\"lazy\" decoding=\"async\" width=\"700\" height=\"500\" src=\"https:\/\/wellbeingtourism.com\/app\/uploads\/2021\/11\/Depositphotos_7705845_XL-700x500.jpg\" class=\"attachment-home_page_thumb_route size-home_page_thumb_route wp-post-image\" alt=\"\" \/>                                        <div class=\"content-places-holder\">\r\n                                                                                            <h3>Pi\u0119kno przyrody<\/h3>\r\n                                                                                                                                    <p class=\"display-hover\">\r\n                                                <span class=\"show-excerpt\">Route: Beaches, nature, and multicultural treasures on Sobieszewo Island and around the Vistula Lagoon.<\/span>\r\n                                            <\/p>\r\n                                                                                        <span class=\"arrow-go-places lnr lnr-chevron-right\"><\/span>\r\n\r\n                                            \r\n                                        <\/div>\r\n                                    <\/a>\r\n                                <\/div>\r\n                            <\/div>\r\n                                                                                                     \r\n                            <div class=\"col-md-6 p-2\">\r\n                                                        <div class=\"places-holder-post\">\r\n                                    <a class=\"show-hover-excerpt\" href=\"https:\/\/wellbeingtourism.com\/da\/route\/sustainable-tour-in-gdansk\/\">\r\n                                        <img loading=\"lazy\" decoding=\"async\" width=\"700\" height=\"500\" src=\"https:\/\/wellbeingtourism.com\/app\/uploads\/2021\/11\/pexels-julia-volk-5273641-700x500.jpg\" class=\"attachment-home_page_thumb_route size-home_page_thumb_route wp-post-image\" alt=\"\" \/>                                        <div class=\"content-places-holder\">\r\n                                                                                            <h3>Zr\u00f3wnowa\u017cona wycieczka po Gda\u0144sku<\/h3>\r\n                                                                                                                                    <p class=\"display-hover\">\r\n                                                <span class=\"show-excerpt\">Route: Take a sustainable tour in Gdansk &#8211; the capital of the voivodeship.<\/span>\r\n                                            <\/p>\r\n                                                                                        <span class=\"arrow-go-places lnr lnr-chevron-right\"><\/span>\r\n\r\n                                            \r\n                                        <\/div>\r\n                                    <\/a>\r\n                                <\/div>\r\n                            <\/div>\r\n                                                                                                     \r\n                            <div class=\"col-md-6 p-2\">\r\n                                                        <div class=\"places-holder-post\">\r\n                                    <a class=\"show-hover-excerpt\" href=\"https:\/\/wellbeingtourism.com\/da\/route\/ett-wellbeing-aventyr-upptack-sodra-oland\/\">\r\n                                        <img loading=\"lazy\" decoding=\"async\" width=\"700\" height=\"500\" src=\"https:\/\/wellbeingtourism.com\/app\/uploads\/2021\/12\/Olandruttbild-700x500.jpg\" class=\"attachment-home_page_thumb_route size-home_page_thumb_route wp-post-image\" alt=\"\u00d6lands turismorganisation\" \/>                                        <div class=\"content-places-holder\">\r\n                                                                                            <h3>A wellbeing adventure on Southern \u00d6land<\/h3>\r\n                                                                                                                                    <p class=\"display-hover\">\r\n                                                <span class=\"show-excerpt\">A Wellbeing adventure \u2013 discover places and landscape of Southern \u00d6land<\/span>\r\n                                            <\/p>\r\n                                                                                        <span class=\"arrow-go-places lnr lnr-chevron-right\"><\/span>\r\n\r\n                                            \r\n                                        <\/div>\r\n                                    <\/a>\r\n                                <\/div>\r\n                            <\/div>\r\n                                                <\/div>\r\n                            <a class=\"classic-url-forest-blue\" href=\"\/discover-places?_sft_routes=curious-explores,peace-of-mind,sustainable-idealist\" target=\"_self\">Discover places<\/a>\r\n                \r\n    <\/div>\r\n<\/div>\r\n","protected":false},"excerpt":{"rendered":"","protected":false},"author":1,"featured_media":0,"parent":0,"menu_order":189,"comment_status":"closed","ping_status":"closed","template":"","meta":{"_acf_changed":false,"footnotes":""},"class_list":["post-11629","page","type-page","status-publish","hentry"],"acf":[],"yoast_head":"<!-- This site is optimized with the Yoast SEO plugin v27.1.1 - https:\/\/yoast.com\/product\/yoast-seo-wordpress\/ -->\n<title>Wellbeing routes - Wellbeing<\/title>\n<meta name=\"robots\" content=\"index, follow, max-snippet:-1, max-image-preview:large, max-video-preview:-1\" \/>\n<link rel=\"canonical\" href=\"https:\/\/wellbeingtourism.com\/da\/routes\/\" \/>\n<meta property=\"og:locale\" content=\"da_DK\" \/>\n<meta property=\"og:type\" content=\"article\" \/>\n<meta property=\"og:title\" content=\"Wellbeing routes - Wellbeing\" \/>\n<meta property=\"og:url\" content=\"https:\/\/wellbeingtourism.com\/da\/routes\/\" \/>\n<meta property=\"og:site_name\" content=\"Wellbeing\" \/>\n<meta property=\"article:modified_time\" content=\"2022-08-22T13:35:06+00:00\" \/>\n<meta name=\"twitter:card\" content=\"summary_large_image\" \/>\n<script type=\"application\/ld+json\" class=\"yoast-schema-graph\">{\"@context\":\"https:\/\/schema.org\",\"@graph\":[{\"@type\":\"WebPage\",\"@id\":\"https:\/\/wellbeingtourism.com\/da\/routes\/\",\"url\":\"https:\/\/wellbeingtourism.com\/da\/routes\/\",\"name\":\"Wellbeing routes - Wellbeing\",\"isPartOf\":{\"@id\":\"https:\/\/wellbeingtourism.com\/#website\"},\"datePublished\":\"2020-12-15T12:29:30+00:00\",\"dateModified\":\"2022-08-22T13:35:06+00:00\",\"breadcrumb\":{\"@id\":\"https:\/\/wellbeingtourism.com\/da\/routes\/#breadcrumb\"},\"inLanguage\":\"da-DK\",\"potentialAction\":[{\"@type\":\"ReadAction\",\"target\":[\"https:\/\/wellbeingtourism.com\/da\/routes\/\"]}]},{\"@type\":\"BreadcrumbList\",\"@id\":\"https:\/\/wellbeingtourism.com\/da\/routes\/#breadcrumb\",\"itemListElement\":[{\"@type\":\"ListItem\",\"position\":1,\"name\":\"Home\",\"item\":\"https:\/\/wellbeingtourism.com\/da\/\"},{\"@type\":\"ListItem\",\"position\":2,\"name\":\"Wellbeing routes\"}]},{\"@type\":\"WebSite\",\"@id\":\"https:\/\/wellbeingtourism.com\/#website\",\"url\":\"https:\/\/wellbeingtourism.com\/\",\"name\":\"Wellbeing\",\"description\":\"Discover our places &amp; hosts\",\"potentialAction\":[{\"@type\":\"SearchAction\",\"target\":{\"@type\":\"EntryPoint\",\"urlTemplate\":\"https:\/\/wellbeingtourism.com\/?s={search_term_string}\"},\"query-input\":{\"@type\":\"PropertyValueSpecification\",\"valueRequired\":true,\"valueName\":\"search_term_string\"}}],\"inLanguage\":\"da-DK\"}]}<\/script>\n<!-- \/ Yoast SEO plugin. -->","yoast_head_json":{"title":"Wellbeing routes - Wellbeing","robots":{"index":"index","follow":"follow","max-snippet":"max-snippet:-1","max-image-preview":"max-image-preview:large","max-video-preview":"max-video-preview:-1"},"canonical":"https:\/\/wellbeingtourism.com\/da\/routes\/","og_locale":"da_DK","og_type":"article","og_title":"Wellbeing routes - Wellbeing","og_url":"https:\/\/wellbeingtourism.com\/da\/routes\/","og_site_name":"Wellbeing","article_modified_time":"2022-08-22T13:35:06+00:00","twitter_card":"summary_large_image","schema":{"@context":"https:\/\/schema.org","@graph":[{"@type":"WebPage","@id":"https:\/\/wellbeingtourism.com\/da\/routes\/","url":"https:\/\/wellbeingtourism.com\/da\/routes\/","name":"Wellbeing routes - Wellbeing","isPartOf":{"@id":"https:\/\/wellbeingtourism.com\/#website"},"datePublished":"2020-12-15T12:29:30+00:00","dateModified":"2022-08-22T13:35:06+00:00","breadcrumb":{"@id":"https:\/\/wellbeingtourism.com\/da\/routes\/#breadcrumb"},"inLanguage":"da-DK","potentialAction":[{"@type":"ReadAction","target":["https:\/\/wellbeingtourism.com\/da\/routes\/"]}]},{"@type":"BreadcrumbList","@id":"https:\/\/wellbeingtourism.com\/da\/routes\/#breadcrumb","itemListElement":[{"@type":"ListItem","position":1,"name":"Home","item":"https:\/\/wellbeingtourism.com\/da\/"},{"@type":"ListItem","position":2,"name":"Wellbeing routes"}]},{"@type":"WebSite","@id":"https:\/\/wellbeingtourism.com\/#website","url":"https:\/\/wellbeingtourism.com\/","name":"Wellbeing","description":"Discover our places &amp; hosts","potentialAction":[{"@type":"SearchAction","target":{"@type":"EntryPoint","urlTemplate":"https:\/\/wellbeingtourism.com\/?s={search_term_string}"},"query-input":{"@type":"PropertyValueSpecification","valueRequired":true,"valueName":"search_term_string"}}],"inLanguage":"da-DK"}]}},"_links":{"self":[{"href":"https:\/\/wellbeingtourism.com\/da\/wp-json\/wp\/v2\/pages\/11629","targetHints":{"allow":["GET"]}}],"collection":[{"href":"https:\/\/wellbeingtourism.com\/da\/wp-json\/wp\/v2\/pages"}],"about":[{"href":"https:\/\/wellbeingtourism.com\/da\/wp-json\/wp\/v2\/types\/page"}],"author":[{"embeddable":true,"href":"https:\/\/wellbeingtourism.com\/da\/wp-json\/wp\/v2\/users\/1"}],"replies":[{"embeddable":true,"href":"https:\/\/wellbeingtourism.com\/da\/wp-json\/wp\/v2\/comments?post=11629"}],"version-history":[{"count":2,"href":"https:\/\/wellbeingtourism.com\/da\/wp-json\/wp\/v2\/pages\/11629\/revisions"}],"predecessor-version":[{"id":28991,"href":"https:\/\/wellbeingtourism.com\/da\/wp-json\/wp\/v2\/pages\/11629\/revisions\/28991"}],"wp:attachment":[{"href":"https:\/\/wellbeingtourism.com\/da\/wp-json\/wp\/v2\/media?parent=11629"}],"curies":[{"name":"wp","href":"https:\/\/api.w.org\/{rel}","templated":true}]}}